{"id":35,"date":"2016-08-19T07:45:04","date_gmt":"2016-08-19T06:45:04","guid":{"rendered":"https:\/\/edurec.ge.ch\/site\/cfpt-electronique\/?page_id=35"},"modified":"2023-01-04T13:43:31","modified_gmt":"2023-01-04T12:43:31","slug":"electronicien-electronicienne-cfc-maturite-professionnelle-4-ans","status":"publish","type":"page","link":"https:\/\/edurec.ge.ch\/site\/cfpt-electronique\/lecole-delectronique-3\/electronicien-electronicienne-cfc-maturite-professionnelle-4-ans\/","title":{"rendered":"Electronicienne et \u00e9lectronicien CFC + Maturit\u00e9 professionnelle (4 ans)"},"content":{"rendered":"<h3 id=\"viewlet-above-content-body\"><a href=\"http:\/\/hepia.hesge.ch\/\" target=\"_blank\" rel=\"noopener\"><span style=\"color: #0000ff\"><b><i>-&gt; C\u2019est la voie id\u00e9ale pour celui ou celle\u00a0 qui veut devenir ing\u00e9nieur-e<\/i><\/b><\/span><\/a><\/h3>\n<div id=\"content-core\">\n<div id=\"parent-fieldname-text-7eac1f91-3b79-4c7d-a928-1db255c497c2\" class=\"\">\n<p>Cette formation permet de poursuivre directement des \u00e9tudes dans une Haute \u00e9cole pour devenir ing\u00e9nieur-e. Les cours sont am\u00e9nag\u00e9s pour permettre de suivre conjointement les cours de maturit\u00e9 professionnelle et les cours techniques et de pratique.<\/p>\n<h3><strong style=\"font-family: 'Fjalla One'\">Les points cl\u00e9s de la formation de base (1\u00e8re et 2\u00e8me ann\u00e9e)<\/strong><\/h3>\n<div id=\"parent-fieldname-description\" class=\"documentDescription\">\n<p>La technique de construction et d&rsquo;assemblage de circuits \u00e9lectroniques<\/p>\n<ul>\n<li>L&rsquo;identification des composants<\/li>\n<li>La confection de pi\u00e8ces m\u00e9caniques<\/li>\n<li>Les techniques de mesures<\/li>\n<li>Les bases de l\u2019\u00e9lectronique analogique et num\u00e9rique<\/li>\n<li>La programmation de microcontr\u00f4leurs<\/li>\n<li>La fabrication d\u2019un robot<\/li>\n<li>\u2026..<\/li>\n<\/ul>\n<\/div>\n<div id=\"content-core\">\n<div id=\"parent-fieldname-text-52c89020-b633-4a1d-bc5d-491e9773e21f\" class=\"\">\n<h3><strong>Approfondissement des connaissances (3\u00e8me et 4\u00e8me ann\u00e9e)<\/strong><\/h3>\n<ul>\n<li>Le travail par projets, individuels ou en \u00e9quipe<\/li>\n<li>La r\u00e9alisation compl\u00e8te d\u2019un dispositif \u00e9lectronique\n<ul>\n<li>L&rsquo;\u00e9laboration du sch\u00e9ma \u00e9lectronique<\/li>\n<li>La conception des circuits imprim\u00e9s<\/li>\n<li>La fabrication des pi\u00e8ces m\u00e9caniques<\/li>\n<li>La programmation de microcontr\u00f4leurs<\/li>\n<li>Mise en route du prototype<\/li>\n<\/ul>\n<\/li>\n<li>L&rsquo;am\u00e9lioration du robot \u00ab\u00a0\u00e9cole\u00a0\u00bb<\/li>\n<li>\u2026..<\/li>\n<\/ul>\n<p><strong><a href=\"https:\/\/edurec.ge.ch\/site\/cfpt-electronique\/wp-content\/uploads\/sites\/113\/2017\/03\/Mini_robot_IMG_0339.jpg\" data-rel=\"lightbox-image-0\" data-rl_title=\"\" data-rl_caption=\"\" title=\"\"><img loading=\"lazy\" decoding=\"async\" class=\"alignnone size-medium wp-image-277\" src=\"https:\/\/edurec.ge.ch\/site\/cfpt-electronique\/wp-content\/uploads\/sites\/113\/2017\/03\/Mini_robot_IMG_0339-300x278.jpg\" alt=\"\" width=\"300\" height=\"278\" srcset=\"https:\/\/edurec.ge.ch\/site\/cfpt-electronique\/wp-content\/uploads\/sites\/113\/2017\/03\/Mini_robot_IMG_0339-300x278.jpg 300w, https:\/\/edurec.ge.ch\/site\/cfpt-electronique\/wp-content\/uploads\/sites\/113\/2017\/03\/Mini_robot_IMG_0339-270x250.jpg 270w, https:\/\/edurec.ge.ch\/site\/cfpt-electronique\/wp-content\/uploads\/sites\/113\/2017\/03\/Mini_robot_IMG_0339.jpg 432w\" sizes=\"auto, (max-width: 300px) 100vw, 300px\" \/><\/a><\/strong><\/p>\n<p><strong>Dans la vie professionnelle :<\/strong><\/p>\n<ul>\n<li>R\u00e9alisation de prototypes<\/li>\n<li>D\u00e9pannage et maintenance de syst\u00e8mes \u00e9lectroniques<\/li>\n<li>Objets connect\u00e9s et intelligents<\/li>\n<li>Adaptation d\u2019\u00e9quipements existants<\/li>\n<li>Tests et contr\u00f4les de qualit\u00e9<\/li>\n<li>Montage de circuits imprim\u00e9s<\/li>\n<li>Programmation de syst\u00e8mes \u00e9lectroniques<\/li>\n<\/ul>\n<p><strong>Domaines: <\/strong><\/p>\n<ul>\n<li>Industriel, Scientifique, M\u00e9dical, Services<\/li>\n<li>Energie,\u00a0Mesures,\u00a0B\u00e2timent,\u00a0Transport<\/li>\n<li>Recherche, Militaire<\/li>\n<\/ul>\n<\/div>\n<\/div>\n<p>&nbsp;<\/p>\n<p>Cette formation est certifi\u00e9e par un Certificat F\u00e9d\u00e9ral de Capacit\u00e9 d\u2019\u00e9lectronicien-ne CFC et de maturit\u00e9 professionnelle technique qui donne la possibilit\u00e9 de rentrer dans la vie professionnelle. ou de poursuivre directement des \u00e9tudes dans une Haute Ecole pour devenir ing\u00e9nieur-e.<\/p>\n<p><a href=\"https:\/\/www.orientation.ch\/dyn\/show\/2886?lang=fr&amp;id=31179#\"><i><b><span style=\"color: #3366ff\">Compl\u00e9ments &#8211; Descriptions d\u00e9taill\u00e9es &#8211; Conditions d&rsquo;admission<\/span><\/b><\/i><\/a><\/p>\n<p><b>Documentation:<i><br \/>\n<\/i><\/b><\/p>\n<ul class=\"navTree navTreeLevel2\">\n<li class=\"navTreeItem visualNoMarker section-cursus-electronique-et-maturite\"><span style=\"color: #3366ff\"><strong><a style=\"color: #3366ff\" href=\"https:\/\/www.find-your-future.ch\/fr\/apprentissage\/apprentissage\/choix-professionnel\/portraits-professionnels\/profils\/electronicien\/\">-&gt; Association professionnelle Swissmem <em>(find your future.ch)<\/em><\/a><\/strong><\/span><\/li>\n<li><strong><span style=\"color: #3366ff\"><a style=\"color: #3366ff\" href=\"https:\/\/wwwfind-your-futurech-e994b24.s3-eu-central-1.amazonaws.com\/Berufsflyer_Elektroniker_f.pdf\">-&gt; Profil professionnelle<\/a><\/span><\/strong><span class=\"state-external contenttype-file\"><strong><span style=\"color: #3366ff\"><br \/>\n<\/span><\/strong><\/span><\/li>\n<li class=\"navTreeItem visualNoMarker section-plaquette-electronicien-ne-en-multimedia\"><span class=\"state-external tile\"><strong><span style=\"color: #3366ff\"><a style=\"color: #3366ff\" href=\"https:\/\/edurec.ge.ch\/site\/cfpt-electronique\/wp-content\/uploads\/sites\/113\/2023\/01\/Flyer-EE2018-V-2023.pdf\" target=\"_blank\" rel=\"noopener\">-&gt; Plaquette \u00e9cole d&rsquo;\u00e9lectronique<\/a><\/span><\/strong><\/span><\/li>\n<li class=\"navTreeItem visualNoMarker section-plaquette-electronicien-ne-en-multimedia\"><strong><span style=\"color: #3366ff\">-&gt;<\/span><\/strong> <span style=\"color: #3366ff\"><strong><a style=\"color: #3366ff\" href=\"https:\/\/edurec.ge.ch\/site\/cfpt-electronique\/stages-en-electronique\/\" target=\"_blank\" rel=\"noopener\">S<span class=\"state-internal contenttype-file\">tage<\/span><\/a><\/strong><\/span><\/li>\n<\/ul>\n<\/div>\n<\/div>\n","protected":false},"excerpt":{"rendered":"<p>-&gt; C\u2019est la voie id\u00e9ale pour celui ou celle\u00a0 qui veut devenir ing\u00e9nieur-e Cette formation permet de poursuivre directement des \u00e9tudes dans une Haute \u00e9cole pour devenir ing\u00e9nieur-e. Les cours sont am\u00e9nag\u00e9s pour permettre de suivre conjointement les cours de maturit\u00e9 professionnelle et les cours techniques et de pratique. Les points cl\u00e9s de la formation [&hellip;]<\/p>\n","protected":false},"author":1345,"featured_media":0,"parent":889,"menu_order":4,"comment_status":"closed","ping_status":"closed","template":"","meta":{"footnotes":""},"class_list":["post-35","page","type-page","status-publish","czr-hentry"],"yoast_head":"<!-- This site is optimized with the Yoast SEO plugin v26.4 - https:\/\/yoast.com\/wordpress\/plugins\/seo\/ -->\n<title>Electronicienne et \u00e9lectronicien CFC + Maturit\u00e9 professionnelle (4 ans) - CFPT \u00c9lectronique<\/title>\n<meta name=\"robots\" content=\"index, follow, max-snippet:-1, max-image-preview:large, max-video-preview:-1\" \/>\n<link rel=\"canonical\" href=\"https:\/\/edurec.ge.ch\/site\/cfpt-electronique\/lecole-delectronique-3\/electronicien-electronicienne-cfc-maturite-professionnelle-4-ans\/\" \/>\n<meta property=\"og:locale\" content=\"fr_FR\" \/>\n<meta property=\"og:type\" content=\"article\" \/>\n<meta property=\"og:title\" content=\"Electronicienne et \u00e9lectronicien CFC + Maturit\u00e9 professionnelle (4 ans) - CFPT \u00c9lectronique\" \/>\n<meta property=\"og:description\" content=\"-&gt; C\u2019est la voie id\u00e9ale pour celui ou celle\u00a0 qui veut devenir ing\u00e9nieur-e Cette formation permet de poursuivre directement des \u00e9tudes dans une Haute \u00e9cole pour devenir ing\u00e9nieur-e. Les cours sont am\u00e9nag\u00e9s pour permettre de suivre conjointement les cours de maturit\u00e9 professionnelle et les cours techniques et de pratique. Les points cl\u00e9s de la formation [&hellip;]\" \/>\n<meta property=\"og:url\" content=\"https:\/\/edurec.ge.ch\/site\/cfpt-electronique\/lecole-delectronique-3\/electronicien-electronicienne-cfc-maturite-professionnelle-4-ans\/\" \/>\n<meta property=\"og:site_name\" content=\"CFPT \u00c9lectronique\" \/>\n<meta property=\"article:modified_time\" content=\"2023-01-04T12:43:31+00:00\" \/>\n<meta property=\"og:image\" content=\"https:\/\/edurec.ge.ch\/site\/cfpt-electronique\/wp-content\/uploads\/sites\/113\/2017\/03\/Mini_robot_IMG_0339-300x278.jpg\" \/>\n<meta name=\"twitter:card\" content=\"summary_large_image\" \/>\n<meta name=\"twitter:label1\" content=\"Dur\u00e9e de lecture estim\u00e9e\" \/>\n\t<meta name=\"twitter:data1\" content=\"2 minutes\" \/>\n<script type=\"application\/ld+json\" class=\"yoast-schema-graph\">{\"@context\":\"https:\/\/schema.org\",\"@graph\":[{\"@type\":\"WebPage\",\"@id\":\"https:\/\/edurec.ge.ch\/site\/cfpt-electronique\/lecole-delectronique-3\/electronicien-electronicienne-cfc-maturite-professionnelle-4-ans\/\",\"url\":\"https:\/\/edurec.ge.ch\/site\/cfpt-electronique\/lecole-delectronique-3\/electronicien-electronicienne-cfc-maturite-professionnelle-4-ans\/\",\"name\":\"Electronicienne et \u00e9lectronicien CFC + Maturit\u00e9 professionnelle (4 ans) - CFPT \u00c9lectronique\",\"isPartOf\":{\"@id\":\"https:\/\/edurec.ge.ch\/site\/cfpt-electronique\/#website\"},\"primaryImageOfPage\":{\"@id\":\"https:\/\/edurec.ge.ch\/site\/cfpt-electronique\/lecole-delectronique-3\/electronicien-electronicienne-cfc-maturite-professionnelle-4-ans\/#primaryimage\"},\"image\":{\"@id\":\"https:\/\/edurec.ge.ch\/site\/cfpt-electronique\/lecole-delectronique-3\/electronicien-electronicienne-cfc-maturite-professionnelle-4-ans\/#primaryimage\"},\"thumbnailUrl\":\"https:\/\/edurec.ge.ch\/site\/cfpt-electronique\/wp-content\/uploads\/sites\/113\/2017\/03\/Mini_robot_IMG_0339-300x278.jpg\",\"datePublished\":\"2016-08-19T06:45:04+00:00\",\"dateModified\":\"2023-01-04T12:43:31+00:00\",\"breadcrumb\":{\"@id\":\"https:\/\/edurec.ge.ch\/site\/cfpt-electronique\/lecole-delectronique-3\/electronicien-electronicienne-cfc-maturite-professionnelle-4-ans\/#breadcrumb\"},\"inLanguage\":\"fr-FR\",\"potentialAction\":[{\"@type\":\"ReadAction\",\"target\":[\"https:\/\/edurec.ge.ch\/site\/cfpt-electronique\/lecole-delectronique-3\/electronicien-electronicienne-cfc-maturite-professionnelle-4-ans\/\"]}]},{\"@type\":\"ImageObject\",\"inLanguage\":\"fr-FR\",\"@id\":\"https:\/\/edurec.ge.ch\/site\/cfpt-electronique\/lecole-delectronique-3\/electronicien-electronicienne-cfc-maturite-professionnelle-4-ans\/#primaryimage\",\"url\":\"https:\/\/edurec.ge.ch\/site\/cfpt-electronique\/wp-content\/uploads\/sites\/113\/2017\/03\/Mini_robot_IMG_0339.jpg\",\"contentUrl\":\"https:\/\/edurec.ge.ch\/site\/cfpt-electronique\/wp-content\/uploads\/sites\/113\/2017\/03\/Mini_robot_IMG_0339.jpg\",\"width\":432,\"height\":400},{\"@type\":\"BreadcrumbList\",\"@id\":\"https:\/\/edurec.ge.ch\/site\/cfpt-electronique\/lecole-delectronique-3\/electronicien-electronicienne-cfc-maturite-professionnelle-4-ans\/#breadcrumb\",\"itemListElement\":[{\"@type\":\"ListItem\",\"position\":1,\"name\":\"Accueil\",\"item\":\"https:\/\/edurec.ge.ch\/site\/cfpt-electronique\/\"},{\"@type\":\"ListItem\",\"position\":2,\"name\":\"Nos stages de d\u00e9couverte &#8211; Offre de formation\",\"item\":\"https:\/\/edurec.ge.ch\/site\/cfpt-electronique\/lecole-delectronique-3\/\"},{\"@type\":\"ListItem\",\"position\":3,\"name\":\"Electronicienne et \u00e9lectronicien CFC + Maturit\u00e9 professionnelle (4 ans)\"}]},{\"@type\":\"WebSite\",\"@id\":\"https:\/\/edurec.ge.ch\/site\/cfpt-electronique\/#website\",\"url\":\"https:\/\/edurec.ge.ch\/site\/cfpt-electronique\/\",\"name\":\"CFPT \u00c9lectronique\",\"description\":\"Les formations en \u00e9lectronique\",\"potentialAction\":[{\"@type\":\"SearchAction\",\"target\":{\"@type\":\"EntryPoint\",\"urlTemplate\":\"https:\/\/edurec.ge.ch\/site\/cfpt-electronique\/?s={search_term_string}\"},\"query-input\":{\"@type\":\"PropertyValueSpecification\",\"valueRequired\":true,\"valueName\":\"search_term_string\"}}],\"inLanguage\":\"fr-FR\"}]}<\/script>\n<!-- \/ Yoast SEO plugin. -->","yoast_head_json":{"title":"Electronicienne et \u00e9lectronicien CFC + Maturit\u00e9 professionnelle (4 ans) - CFPT \u00c9lectronique","robots":{"index":"index","follow":"follow","max-snippet":"max-snippet:-1","max-image-preview":"max-image-preview:large","max-video-preview":"max-video-preview:-1"},"canonical":"https:\/\/edurec.ge.ch\/site\/cfpt-electronique\/lecole-delectronique-3\/electronicien-electronicienne-cfc-maturite-professionnelle-4-ans\/","og_locale":"fr_FR","og_type":"article","og_title":"Electronicienne et \u00e9lectronicien CFC + Maturit\u00e9 professionnelle (4 ans) - CFPT \u00c9lectronique","og_description":"-&gt; C\u2019est la voie id\u00e9ale pour celui ou celle\u00a0 qui veut devenir ing\u00e9nieur-e Cette formation permet de poursuivre directement des \u00e9tudes dans une Haute \u00e9cole pour devenir ing\u00e9nieur-e. Les cours sont am\u00e9nag\u00e9s pour permettre de suivre conjointement les cours de maturit\u00e9 professionnelle et les cours techniques et de pratique. Les points cl\u00e9s de la formation [&hellip;]","og_url":"https:\/\/edurec.ge.ch\/site\/cfpt-electronique\/lecole-delectronique-3\/electronicien-electronicienne-cfc-maturite-professionnelle-4-ans\/","og_site_name":"CFPT \u00c9lectronique","article_modified_time":"2023-01-04T12:43:31+00:00","og_image":[{"url":"https:\/\/edurec.ge.ch\/site\/cfpt-electronique\/wp-content\/uploads\/sites\/113\/2017\/03\/Mini_robot_IMG_0339-300x278.jpg","type":"","width":"","height":""}],"twitter_card":"summary_large_image","twitter_misc":{"Dur\u00e9e de lecture estim\u00e9e":"2 minutes"},"schema":{"@context":"https:\/\/schema.org","@graph":[{"@type":"WebPage","@id":"https:\/\/edurec.ge.ch\/site\/cfpt-electronique\/lecole-delectronique-3\/electronicien-electronicienne-cfc-maturite-professionnelle-4-ans\/","url":"https:\/\/edurec.ge.ch\/site\/cfpt-electronique\/lecole-delectronique-3\/electronicien-electronicienne-cfc-maturite-professionnelle-4-ans\/","name":"Electronicienne et \u00e9lectronicien CFC + Maturit\u00e9 professionnelle (4 ans) - CFPT \u00c9lectronique","isPartOf":{"@id":"https:\/\/edurec.ge.ch\/site\/cfpt-electronique\/#website"},"primaryImageOfPage":{"@id":"https:\/\/edurec.ge.ch\/site\/cfpt-electronique\/lecole-delectronique-3\/electronicien-electronicienne-cfc-maturite-professionnelle-4-ans\/#primaryimage"},"image":{"@id":"https:\/\/edurec.ge.ch\/site\/cfpt-electronique\/lecole-delectronique-3\/electronicien-electronicienne-cfc-maturite-professionnelle-4-ans\/#primaryimage"},"thumbnailUrl":"https:\/\/edurec.ge.ch\/site\/cfpt-electronique\/wp-content\/uploads\/sites\/113\/2017\/03\/Mini_robot_IMG_0339-300x278.jpg","datePublished":"2016-08-19T06:45:04+00:00","dateModified":"2023-01-04T12:43:31+00:00","breadcrumb":{"@id":"https:\/\/edurec.ge.ch\/site\/cfpt-electronique\/lecole-delectronique-3\/electronicien-electronicienne-cfc-maturite-professionnelle-4-ans\/#breadcrumb"},"inLanguage":"fr-FR","potentialAction":[{"@type":"ReadAction","target":["https:\/\/edurec.ge.ch\/site\/cfpt-electronique\/lecole-delectronique-3\/electronicien-electronicienne-cfc-maturite-professionnelle-4-ans\/"]}]},{"@type":"ImageObject","inLanguage":"fr-FR","@id":"https:\/\/edurec.ge.ch\/site\/cfpt-electronique\/lecole-delectronique-3\/electronicien-electronicienne-cfc-maturite-professionnelle-4-ans\/#primaryimage","url":"https:\/\/edurec.ge.ch\/site\/cfpt-electronique\/wp-content\/uploads\/sites\/113\/2017\/03\/Mini_robot_IMG_0339.jpg","contentUrl":"https:\/\/edurec.ge.ch\/site\/cfpt-electronique\/wp-content\/uploads\/sites\/113\/2017\/03\/Mini_robot_IMG_0339.jpg","width":432,"height":400},{"@type":"BreadcrumbList","@id":"https:\/\/edurec.ge.ch\/site\/cfpt-electronique\/lecole-delectronique-3\/electronicien-electronicienne-cfc-maturite-professionnelle-4-ans\/#breadcrumb","itemListElement":[{"@type":"ListItem","position":1,"name":"Accueil","item":"https:\/\/edurec.ge.ch\/site\/cfpt-electronique\/"},{"@type":"ListItem","position":2,"name":"Nos stages de d\u00e9couverte &#8211; Offre de formation","item":"https:\/\/edurec.ge.ch\/site\/cfpt-electronique\/lecole-delectronique-3\/"},{"@type":"ListItem","position":3,"name":"Electronicienne et \u00e9lectronicien CFC + Maturit\u00e9 professionnelle (4 ans)"}]},{"@type":"WebSite","@id":"https:\/\/edurec.ge.ch\/site\/cfpt-electronique\/#website","url":"https:\/\/edurec.ge.ch\/site\/cfpt-electronique\/","name":"CFPT \u00c9lectronique","description":"Les formations en \u00e9lectronique","potentialAction":[{"@type":"SearchAction","target":{"@type":"EntryPoint","urlTemplate":"https:\/\/edurec.ge.ch\/site\/cfpt-electronique\/?s={search_term_string}"},"query-input":{"@type":"PropertyValueSpecification","valueRequired":true,"valueName":"search_term_string"}}],"inLanguage":"fr-FR"}]}},"_links":{"self":[{"href":"https:\/\/edurec.ge.ch\/site\/cfpt-electronique\/wp-json\/wp\/v2\/pages\/35","targetHints":{"allow":["GET"]}}],"collection":[{"href":"https:\/\/edurec.ge.ch\/site\/cfpt-electronique\/wp-json\/wp\/v2\/pages"}],"about":[{"href":"https:\/\/edurec.ge.ch\/site\/cfpt-electronique\/wp-json\/wp\/v2\/types\/page"}],"author":[{"embeddable":true,"href":"https:\/\/edurec.ge.ch\/site\/cfpt-electronique\/wp-json\/wp\/v2\/users\/1345"}],"replies":[{"embeddable":true,"href":"https:\/\/edurec.ge.ch\/site\/cfpt-electronique\/wp-json\/wp\/v2\/comments?post=35"}],"version-history":[{"count":16,"href":"https:\/\/edurec.ge.ch\/site\/cfpt-electronique\/wp-json\/wp\/v2\/pages\/35\/revisions"}],"predecessor-version":[{"id":4310,"href":"https:\/\/edurec.ge.ch\/site\/cfpt-electronique\/wp-json\/wp\/v2\/pages\/35\/revisions\/4310"}],"up":[{"embeddable":true,"href":"https:\/\/edurec.ge.ch\/site\/cfpt-electronique\/wp-json\/wp\/v2\/pages\/889"}],"wp:attachment":[{"href":"https:\/\/edurec.ge.ch\/site\/cfpt-electronique\/wp-json\/wp\/v2\/media?parent=35"}],"curies":[{"name":"wp","href":"https:\/\/api.w.org\/{rel}","templated":true}]}}