{"id":347,"date":"2017-03-14T17:20:15","date_gmt":"2017-03-14T16:20:15","guid":{"rendered":"https:\/\/edurec.ge.ch\/site\/cfpt-electronique\/?page_id=347"},"modified":"2023-01-04T12:23:21","modified_gmt":"2023-01-04T11:23:21","slug":"nous-contacter","status":"publish","type":"page","link":"https:\/\/edurec.ge.ch\/site\/cfpt-electronique\/nous-contacter\/","title":{"rendered":"Nous contacter &#8211; Nous situer"},"content":{"rendered":"<div id=\"pl-347\"  class=\"panel-layout\" ><div id=\"pg-347-0\"  class=\"panel-grid panel-no-style\" ><div id=\"pgc-347-0-0\"  class=\"panel-grid-cell\" ><div id=\"panel-347-0-0-0\" class=\"so-panel widget panel-first-child panel-last-child\" data-index=\"0\" ><\/div><\/div><\/div><div id=\"pg-347-1\"  class=\"panel-grid panel-no-style\" ><div id=\"pgc-347-1-0\"  class=\"panel-grid-cell\" ><div id=\"panel-347-1-0-0\" class=\"so-panel widget widget_sow-editor panel-first-child panel-last-child\" data-index=\"1\" ><div\n\t\t\t\n\t\t\tclass=\"so-widget-sow-editor so-widget-sow-editor-base\"\n\t\t\t\n\t\t>\n<div class=\"siteorigin-widget-tinymce textwidget\">\n\t<h2 id=\"parent-fieldname-title\" class=\"documentFirstHeading\"><a href=\"https:\/\/map.geo.admin.ch\/?topic=swisstopo&amp;zoom=11&amp;bgLayer=ch.swisstopo.pixelkarte-farbe&amp;lang=fr&amp;layers=ch.bav.haltestellen-oev&amp;E=2497621.91&amp;N=1116380.59\"><img loading=\"lazy\" decoding=\"async\" class=\"wp-image-350 size-medium alignleft\" src=\"https:\/\/edurec.ge.ch\/site\/cfpt-electronique\/wp-content\/uploads\/sites\/113\/2017\/03\/carte_situation_EE_CFPT_site-208x300.jpg\" alt=\"carte_situation_EE_CFPT_site\" width=\"208\" height=\"300\" srcset=\"https:\/\/edurec.ge.ch\/site\/cfpt-electronique\/wp-content\/uploads\/sites\/113\/2017\/03\/carte_situation_EE_CFPT_site-208x300.jpg 208w, https:\/\/edurec.ge.ch\/site\/cfpt-electronique\/wp-content\/uploads\/sites\/113\/2017\/03\/carte_situation_EE_CFPT_site.jpg 227w\" sizes=\"auto, (max-width: 208px) 100vw, 208px\" \/><\/a><\/h2>\n<p><strong>\u00a0<\/strong><\/p>\n<\/div>\n<\/div><\/div><\/div><div id=\"pgc-347-1-1\"  class=\"panel-grid-cell\" ><div id=\"panel-347-1-1-0\" class=\"so-panel widget panel-first-child panel-last-child\" data-index=\"2\" ><\/div><\/div><div id=\"pgc-347-1-2\"  class=\"panel-grid-cell\" ><div id=\"panel-347-1-2-0\" class=\"so-panel widget panel-first-child panel-last-child\" data-index=\"3\" ><\/div><\/div><\/div><\/div>","protected":false},"excerpt":{"rendered":"<p>Ecole d&rsquo;\u00e9lectronique \u00a0 Adresse de l&rsquo;\u00e9cole:\u00a0 \u00a0\u00a0 Ecole d&rsquo;\u00e9lectronique Route du Pont Butin 43 Case postale 548 1213 Petit-Lancy 1 T\u00e9l\u00e9phone +41 22 38 88 727 (de 8h15 \u00e0 11h30 et de 14h00 \u00e0 16h00) Nous sommes ferm\u00e9s durant les vacances scolaires et les jours f\u00e9ri\u00e9s. Email : \u00a0cfpt.electronique@edurec.ge.ch Acc\u00e8s livraison &#8211;&gt; depuis le chemin [&hellip;]<\/p>\n","protected":false},"author":1337,"featured_media":0,"parent":0,"menu_order":14,"comment_status":"closed","ping_status":"closed","template":"","meta":{"footnotes":""},"class_list":["post-347","page","type-page","status-publish","czr-hentry"],"yoast_head":"<!-- This site is optimized with the Yoast SEO plugin v26.4 - https:\/\/yoast.com\/wordpress\/plugins\/seo\/ -->\n<title>Nous contacter - Nous situer - CFPT \u00c9lectronique<\/title>\n<meta name=\"robots\" content=\"index, follow, max-snippet:-1, max-image-preview:large, max-video-preview:-1\" \/>\n<link rel=\"canonical\" href=\"https:\/\/edurec.ge.ch\/site\/cfpt-electronique\/nous-contacter\/\" \/>\n<meta property=\"og:locale\" content=\"fr_FR\" \/>\n<meta property=\"og:type\" content=\"article\" \/>\n<meta property=\"og:title\" content=\"Nous contacter - Nous situer - CFPT \u00c9lectronique\" \/>\n<meta property=\"og:description\" content=\"Ecole d&#039;\u00e9lectronique \u00a0 Adresse de l&#039;\u00e9cole:\u00a0 \u00a0\u00a0 Ecole d&#039;\u00e9lectronique Route du Pont Butin 43 Case postale 548 1213 Petit-Lancy 1 T\u00e9l\u00e9phone +41 22 38 88 727 (de 8h15 \u00e0 11h30 et de 14h00 \u00e0 16h00) Nous sommes ferm\u00e9s durant les vacances scolaires et les jours f\u00e9ri\u00e9s. Email : \u00a0cfpt.electronique@edurec.ge.ch Acc\u00e8s livraison --&gt; depuis le chemin [&hellip;]\" \/>\n<meta property=\"og:url\" content=\"https:\/\/edurec.ge.ch\/site\/cfpt-electronique\/nous-contacter\/\" \/>\n<meta property=\"og:site_name\" content=\"CFPT \u00c9lectronique\" \/>\n<meta property=\"article:modified_time\" content=\"2023-01-04T11:23:21+00:00\" \/>\n<meta property=\"og:image\" content=\"https:\/\/edurec.ge.ch\/site\/cfpt-electronique\/wp-content\/uploads\/sites\/113\/2017\/03\/carte_situation_EE_CFPT_site-208x300.jpg\" \/>\n<meta name=\"twitter:card\" content=\"summary_large_image\" \/>\n<script type=\"application\/ld+json\" class=\"yoast-schema-graph\">{\"@context\":\"https:\/\/schema.org\",\"@graph\":[{\"@type\":\"WebPage\",\"@id\":\"https:\/\/edurec.ge.ch\/site\/cfpt-electronique\/nous-contacter\/\",\"url\":\"https:\/\/edurec.ge.ch\/site\/cfpt-electronique\/nous-contacter\/\",\"name\":\"Nous contacter - Nous situer - CFPT \u00c9lectronique\",\"isPartOf\":{\"@id\":\"https:\/\/edurec.ge.ch\/site\/cfpt-electronique\/#website\"},\"primaryImageOfPage\":{\"@id\":\"https:\/\/edurec.ge.ch\/site\/cfpt-electronique\/nous-contacter\/#primaryimage\"},\"image\":{\"@id\":\"https:\/\/edurec.ge.ch\/site\/cfpt-electronique\/nous-contacter\/#primaryimage\"},\"thumbnailUrl\":\"https:\/\/edurec.ge.ch\/site\/cfpt-electronique\/wp-content\/uploads\/sites\/113\/2017\/03\/carte_situation_EE_CFPT_site-208x300.jpg\",\"datePublished\":\"2017-03-14T16:20:15+00:00\",\"dateModified\":\"2023-01-04T11:23:21+00:00\",\"breadcrumb\":{\"@id\":\"https:\/\/edurec.ge.ch\/site\/cfpt-electronique\/nous-contacter\/#breadcrumb\"},\"inLanguage\":\"fr-FR\",\"potentialAction\":[{\"@type\":\"ReadAction\",\"target\":[\"https:\/\/edurec.ge.ch\/site\/cfpt-electronique\/nous-contacter\/\"]}]},{\"@type\":\"ImageObject\",\"inLanguage\":\"fr-FR\",\"@id\":\"https:\/\/edurec.ge.ch\/site\/cfpt-electronique\/nous-contacter\/#primaryimage\",\"url\":\"https:\/\/edurec.ge.ch\/site\/cfpt-electronique\/wp-content\/uploads\/sites\/113\/2017\/03\/carte_situation_EE_CFPT_site.jpg\",\"contentUrl\":\"https:\/\/edurec.ge.ch\/site\/cfpt-electronique\/wp-content\/uploads\/sites\/113\/2017\/03\/carte_situation_EE_CFPT_site.jpg\",\"width\":227,\"height\":328},{\"@type\":\"BreadcrumbList\",\"@id\":\"https:\/\/edurec.ge.ch\/site\/cfpt-electronique\/nous-contacter\/#breadcrumb\",\"itemListElement\":[{\"@type\":\"ListItem\",\"position\":1,\"name\":\"Accueil\",\"item\":\"https:\/\/edurec.ge.ch\/site\/cfpt-electronique\/\"},{\"@type\":\"ListItem\",\"position\":2,\"name\":\"Nous contacter &#8211; Nous situer\"}]},{\"@type\":\"WebSite\",\"@id\":\"https:\/\/edurec.ge.ch\/site\/cfpt-electronique\/#website\",\"url\":\"https:\/\/edurec.ge.ch\/site\/cfpt-electronique\/\",\"name\":\"CFPT \u00c9lectronique\",\"description\":\"Les formations en \u00e9lectronique\",\"potentialAction\":[{\"@type\":\"SearchAction\",\"target\":{\"@type\":\"EntryPoint\",\"urlTemplate\":\"https:\/\/edurec.ge.ch\/site\/cfpt-electronique\/?s={search_term_string}\"},\"query-input\":{\"@type\":\"PropertyValueSpecification\",\"valueRequired\":true,\"valueName\":\"search_term_string\"}}],\"inLanguage\":\"fr-FR\"}]}<\/script>\n<!-- \/ Yoast SEO plugin. -->","yoast_head_json":{"title":"Nous contacter - Nous situer - CFPT \u00c9lectronique","robots":{"index":"index","follow":"follow","max-snippet":"max-snippet:-1","max-image-preview":"max-image-preview:large","max-video-preview":"max-video-preview:-1"},"canonical":"https:\/\/edurec.ge.ch\/site\/cfpt-electronique\/nous-contacter\/","og_locale":"fr_FR","og_type":"article","og_title":"Nous contacter - Nous situer - CFPT \u00c9lectronique","og_description":"Ecole d'\u00e9lectronique \u00a0 Adresse de l'\u00e9cole:\u00a0 \u00a0\u00a0 Ecole d'\u00e9lectronique Route du Pont Butin 43 Case postale 548 1213 Petit-Lancy 1 T\u00e9l\u00e9phone +41 22 38 88 727 (de 8h15 \u00e0 11h30 et de 14h00 \u00e0 16h00) Nous sommes ferm\u00e9s durant les vacances scolaires et les jours f\u00e9ri\u00e9s. Email : \u00a0cfpt.electronique@edurec.ge.ch Acc\u00e8s livraison --&gt; depuis le chemin [&hellip;]","og_url":"https:\/\/edurec.ge.ch\/site\/cfpt-electronique\/nous-contacter\/","og_site_name":"CFPT \u00c9lectronique","article_modified_time":"2023-01-04T11:23:21+00:00","og_image":[{"url":"https:\/\/edurec.ge.ch\/site\/cfpt-electronique\/wp-content\/uploads\/sites\/113\/2017\/03\/carte_situation_EE_CFPT_site-208x300.jpg","type":"","width":"","height":""}],"twitter_card":"summary_large_image","schema":{"@context":"https:\/\/schema.org","@graph":[{"@type":"WebPage","@id":"https:\/\/edurec.ge.ch\/site\/cfpt-electronique\/nous-contacter\/","url":"https:\/\/edurec.ge.ch\/site\/cfpt-electronique\/nous-contacter\/","name":"Nous contacter - Nous situer - CFPT \u00c9lectronique","isPartOf":{"@id":"https:\/\/edurec.ge.ch\/site\/cfpt-electronique\/#website"},"primaryImageOfPage":{"@id":"https:\/\/edurec.ge.ch\/site\/cfpt-electronique\/nous-contacter\/#primaryimage"},"image":{"@id":"https:\/\/edurec.ge.ch\/site\/cfpt-electronique\/nous-contacter\/#primaryimage"},"thumbnailUrl":"https:\/\/edurec.ge.ch\/site\/cfpt-electronique\/wp-content\/uploads\/sites\/113\/2017\/03\/carte_situation_EE_CFPT_site-208x300.jpg","datePublished":"2017-03-14T16:20:15+00:00","dateModified":"2023-01-04T11:23:21+00:00","breadcrumb":{"@id":"https:\/\/edurec.ge.ch\/site\/cfpt-electronique\/nous-contacter\/#breadcrumb"},"inLanguage":"fr-FR","potentialAction":[{"@type":"ReadAction","target":["https:\/\/edurec.ge.ch\/site\/cfpt-electronique\/nous-contacter\/"]}]},{"@type":"ImageObject","inLanguage":"fr-FR","@id":"https:\/\/edurec.ge.ch\/site\/cfpt-electronique\/nous-contacter\/#primaryimage","url":"https:\/\/edurec.ge.ch\/site\/cfpt-electronique\/wp-content\/uploads\/sites\/113\/2017\/03\/carte_situation_EE_CFPT_site.jpg","contentUrl":"https:\/\/edurec.ge.ch\/site\/cfpt-electronique\/wp-content\/uploads\/sites\/113\/2017\/03\/carte_situation_EE_CFPT_site.jpg","width":227,"height":328},{"@type":"BreadcrumbList","@id":"https:\/\/edurec.ge.ch\/site\/cfpt-electronique\/nous-contacter\/#breadcrumb","itemListElement":[{"@type":"ListItem","position":1,"name":"Accueil","item":"https:\/\/edurec.ge.ch\/site\/cfpt-electronique\/"},{"@type":"ListItem","position":2,"name":"Nous contacter &#8211; Nous situer"}]},{"@type":"WebSite","@id":"https:\/\/edurec.ge.ch\/site\/cfpt-electronique\/#website","url":"https:\/\/edurec.ge.ch\/site\/cfpt-electronique\/","name":"CFPT \u00c9lectronique","description":"Les formations en \u00e9lectronique","potentialAction":[{"@type":"SearchAction","target":{"@type":"EntryPoint","urlTemplate":"https:\/\/edurec.ge.ch\/site\/cfpt-electronique\/?s={search_term_string}"},"query-input":{"@type":"PropertyValueSpecification","valueRequired":true,"valueName":"search_term_string"}}],"inLanguage":"fr-FR"}]}},"_links":{"self":[{"href":"https:\/\/edurec.ge.ch\/site\/cfpt-electronique\/wp-json\/wp\/v2\/pages\/347","targetHints":{"allow":["GET"]}}],"collection":[{"href":"https:\/\/edurec.ge.ch\/site\/cfpt-electronique\/wp-json\/wp\/v2\/pages"}],"about":[{"href":"https:\/\/edurec.ge.ch\/site\/cfpt-electronique\/wp-json\/wp\/v2\/types\/page"}],"author":[{"embeddable":true,"href":"https:\/\/edurec.ge.ch\/site\/cfpt-electronique\/wp-json\/wp\/v2\/users\/1337"}],"replies":[{"embeddable":true,"href":"https:\/\/edurec.ge.ch\/site\/cfpt-electronique\/wp-json\/wp\/v2\/comments?post=347"}],"version-history":[{"count":21,"href":"https:\/\/edurec.ge.ch\/site\/cfpt-electronique\/wp-json\/wp\/v2\/pages\/347\/revisions"}],"predecessor-version":[{"id":4306,"href":"https:\/\/edurec.ge.ch\/site\/cfpt-electronique\/wp-json\/wp\/v2\/pages\/347\/revisions\/4306"}],"wp:attachment":[{"href":"https:\/\/edurec.ge.ch\/site\/cfpt-electronique\/wp-json\/wp\/v2\/media?parent=347"}],"curies":[{"name":"wp","href":"https:\/\/api.w.org\/{rel}","templated":true}]}}