{"id":68,"date":"2016-02-26T10:29:20","date_gmt":"2016-02-26T09:29:20","guid":{"rendered":"https:\/\/edurec.ge.ch\/site\/cfpt-cedoc\/?page_id=68"},"modified":"2022-10-12T10:10:42","modified_gmt":"2022-10-12T08:10:42","slug":"notre-catalogue","status":"publish","type":"page","link":"https:\/\/edurec.ge.ch\/site\/cfpt-cedoc\/notre-catalogue\/","title":{"rendered":"Le r\u00e9seau BiblioDIP"},"content":{"rendered":"<p>&nbsp;<\/p>\n<h3><a href=\"https:\/\/edurec.ge.ch\/site\/cfpt-cedoc\/wp-content\/uploads\/sites\/119\/2018\/03\/BiblioDip.png\" data-rel=\"lightbox-image-0\" data-rl_title=\"\" data-rl_caption=\"\" title=\"\"><img loading=\"lazy\" decoding=\"async\" class=\"size-medium wp-image-439 alignleft\" src=\"https:\/\/edurec.ge.ch\/site\/cfpt-cedoc\/wp-content\/uploads\/sites\/119\/2018\/03\/BiblioDip-300x173.png\" alt=\"\" width=\"300\" height=\"173\" srcset=\"https:\/\/edurec.ge.ch\/site\/cfpt-cedoc\/wp-content\/uploads\/sites\/119\/2018\/03\/BiblioDip-300x173.png 300w, https:\/\/edurec.ge.ch\/site\/cfpt-cedoc\/wp-content\/uploads\/sites\/119\/2018\/03\/BiblioDip.png 417w\" sizes=\"auto, (max-width: 300px) 100vw, 300px\" \/><\/a><span style=\"color: #f2166e\">Pr\u00e9sentation du catalogue<br \/>\n<\/span><\/h3>\n<p>Le centre de documentation poss\u00e8de <span style=\"color: #f2166e\"><strong>plus de 12\u2019500 documents<\/strong><span style=\"color: #000000\">. <\/span><\/span>Pour les identifier et les localiser, il suffit d\u2019interroger le <span style=\"color: #f2166e\"><strong>catalogue BiblioDIP<\/strong><\/span>, \u00e0 partir des ordinateurs \u00e0 votre disposition ou depuis chez vous, via :<\/p>\n<div class=\"entry-content\">\n<p style=\"text-align: left\"><span style=\"color: #316cc4\"><strong><a style=\"color: #316cc4\" href=\"http:\/\/ge.ch\/edufloraopac\" target=\"_blank\" rel=\"noopener\">http:\/\/ge.ch\/edufloraopac<\/a><\/strong><\/span><\/p>\n<\/div>\n<p>Le catalogue BiblioDIP <strong><span style=\"color: #f2166e\">rassemble les collections des biblioth\u00e8que scolaires genevoises<\/span><\/strong> du cycle d\u2019orientation et du post-obligatoire.<\/p>\n<p>Vous voulez tout savoir sur le r\u00e9seau BiblioDip, rendez-vous sur le site :<\/p>\n<p style=\"text-align: left\"><span style=\"color: #316cc4\"><strong><a style=\"color: #316cc4\" href=\"https:\/\/edurec.ge.ch\/sem\/usages\/outils\/tout-savoir-sur-le-reseau-des-bibliotheques-scolaires-du-dip-2481\" target=\"_blank\" rel=\"noopener\">Tout savoir sur le r\u00e9seau des biblioth\u00e8ques du DIP<\/a><\/strong><\/span><\/p>\n<p>La consultation du catalogue vous permet de savoir:<\/p>\n<ul>\n<li style=\"list-style-type: none\">\n<ul>\n<li>Si la biblioth\u00e8que du CFPT ou une autre biblioth\u00e8que du r\u00e9seau poss\u00e8de le document que vous cherchez.<\/li>\n<li>Dans quel rayon il se trouve.<\/li>\n<li>Si un document peut \u00eatre consult\u00e9 sur place ou emprunt\u00e9.<\/li>\n<li>S\u2019il est actuellement disponible, sinon dans quel d\u00e9lai il le sera.<\/li>\n<\/ul>\n<\/li>\n<\/ul>\n<div class=\"entry-content\">\n<h3><span style=\"color: #f2166e\">Acc\u00e8s authentifi\u00e9 au catalogue BiblioDIP<\/span><\/h3>\n<p>Le catalogue BiblioDIP vous offre la possibilit\u00e9 d&rsquo;acc\u00e9der \u00e0 un <strong><span style=\"color: #f2166e\">espace personnel<\/span><\/strong> \u00e0 partir de la page d&rsquo;accueil du catalogue. Pour cela,\u00a0 il vous faut un acc\u00e8s EEL.<\/p>\n<p>L&rsquo;acc\u00e8s authentifi\u00e9 vous permet notamment de :<\/p>\n<ul>\n<li>Visualiser vos donn\u00e9es personnelles<\/li>\n<li>V\u00e9rifier l&rsquo;\u00e9tat des documents emprunt\u00e9s<\/li>\n<li>Demander une prolongation<\/li>\n<li>R\u00e9server un document<\/li>\n<li>Rechercher un document<\/li>\n<li>Consulter l&rsquo;historique de vos recherches<\/li>\n<li>Proposer de nouvelles acquisitions et suivre l&rsquo;\u00e9tat de vos propositions d&rsquo;achat<\/li>\n<li>Vous abonner aux flux RSS et aux listes de diffusion aliment\u00e9s par les biblioth\u00e9caires<\/li>\n<\/ul>\n<h3><span style=\"color: #f2166e\">Aide \u00e0 la recherche<br \/>\n<\/span><\/h3>\n<\/div>\n<div class=\"entry-content\">\n<p><strong> <a style=\"color: #316cc4\" href=\"https:\/\/edurec.ge.ch\/site\/cfpt-cedoc\/wp-content\/uploads\/sites\/119\/2018\/05\/Devenez-un-e-pro-de-la-recherche-dans-Bibliodip.pdf\">Devenez un-e pro de la recherche dans Bibliodip<\/a><\/strong><\/p>\n<p><strong> <a style=\"color: #316cc4\" href=\"https:\/\/edurec.ge.ch\/site\/cfpt-cedoc\/wp-content\/uploads\/sites\/119\/2018\/08\/savoir-lire-une-notice.pdf\">Savoir-lire-une-notice<\/a><\/strong><\/p>\n<\/div>\n<p>&nbsp;<\/p>\n","protected":false},"excerpt":{"rendered":"<p>&nbsp; Pr\u00e9sentation du catalogue Le centre de documentation poss\u00e8de plus de 12\u2019500 documents. Pour les identifier et les localiser, il suffit d\u2019interroger le catalogue BiblioDIP, \u00e0 partir des ordinateurs \u00e0 votre disposition ou depuis chez vous, via : http:\/\/ge.ch\/edufloraopac Le catalogue BiblioDIP rassemble les collections des biblioth\u00e8que scolaires genevoises du cycle d\u2019orientation et du post-obligatoire. [&hellip;]<\/p>\n","protected":false},"author":1221,"featured_media":439,"parent":0,"menu_order":0,"comment_status":"closed","ping_status":"closed","template":"","meta":{"footnotes":""},"class_list":["post-68","page","type-page","status-publish","has-post-thumbnail","czr-hentry"],"yoast_head":"<!-- This site is optimized with the Yoast SEO plugin v26.4 - https:\/\/yoast.com\/wordpress\/plugins\/seo\/ -->\n<title>Le r\u00e9seau BiblioDIP - CFPT Cedoc<\/title>\n<meta name=\"robots\" content=\"index, follow, max-snippet:-1, max-image-preview:large, max-video-preview:-1\" \/>\n<link rel=\"canonical\" href=\"https:\/\/edurec.ge.ch\/site\/cfpt-cedoc\/notre-catalogue\/\" \/>\n<meta property=\"og:locale\" content=\"fr_FR\" \/>\n<meta property=\"og:type\" content=\"article\" \/>\n<meta property=\"og:title\" content=\"Le r\u00e9seau BiblioDIP - CFPT Cedoc\" \/>\n<meta property=\"og:description\" content=\"&nbsp; Pr\u00e9sentation du catalogue Le centre de documentation poss\u00e8de plus de 12\u2019500 documents. Pour les identifier et les localiser, il suffit d\u2019interroger le catalogue BiblioDIP, \u00e0 partir des ordinateurs \u00e0 votre disposition ou depuis chez vous, via : http:\/\/ge.ch\/edufloraopac Le catalogue BiblioDIP rassemble les collections des biblioth\u00e8que scolaires genevoises du cycle d\u2019orientation et du post-obligatoire. [&hellip;]\" \/>\n<meta property=\"og:url\" content=\"https:\/\/edurec.ge.ch\/site\/cfpt-cedoc\/notre-catalogue\/\" \/>\n<meta property=\"og:site_name\" content=\"CFPT Cedoc\" \/>\n<meta property=\"article:modified_time\" content=\"2022-10-12T08:10:42+00:00\" \/>\n<meta property=\"og:image\" content=\"https:\/\/edurec.ge.ch\/site\/cfpt-cedoc\/wp-content\/uploads\/sites\/119\/2018\/03\/BiblioDip.png\" \/>\n\t<meta property=\"og:image:width\" content=\"417\" \/>\n\t<meta property=\"og:image:height\" content=\"241\" \/>\n\t<meta property=\"og:image:type\" content=\"image\/png\" \/>\n<meta name=\"twitter:card\" content=\"summary_large_image\" \/>\n<meta name=\"twitter:label1\" content=\"Dur\u00e9e de lecture estim\u00e9e\" \/>\n\t<meta name=\"twitter:data1\" content=\"2 minutes\" \/>\n<script type=\"application\/ld+json\" class=\"yoast-schema-graph\">{\"@context\":\"https:\/\/schema.org\",\"@graph\":[{\"@type\":\"WebPage\",\"@id\":\"https:\/\/edurec.ge.ch\/site\/cfpt-cedoc\/notre-catalogue\/\",\"url\":\"https:\/\/edurec.ge.ch\/site\/cfpt-cedoc\/notre-catalogue\/\",\"name\":\"Le r\u00e9seau BiblioDIP - CFPT Cedoc\",\"isPartOf\":{\"@id\":\"https:\/\/edurec.ge.ch\/site\/cfpt-cedoc\/#website\"},\"primaryImageOfPage\":{\"@id\":\"https:\/\/edurec.ge.ch\/site\/cfpt-cedoc\/notre-catalogue\/#primaryimage\"},\"image\":{\"@id\":\"https:\/\/edurec.ge.ch\/site\/cfpt-cedoc\/notre-catalogue\/#primaryimage\"},\"thumbnailUrl\":\"https:\/\/edurec.ge.ch\/site\/cfpt-cedoc\/wp-content\/uploads\/sites\/119\/2018\/03\/BiblioDip.png\",\"datePublished\":\"2016-02-26T09:29:20+00:00\",\"dateModified\":\"2022-10-12T08:10:42+00:00\",\"breadcrumb\":{\"@id\":\"https:\/\/edurec.ge.ch\/site\/cfpt-cedoc\/notre-catalogue\/#breadcrumb\"},\"inLanguage\":\"fr-FR\",\"potentialAction\":[{\"@type\":\"ReadAction\",\"target\":[\"https:\/\/edurec.ge.ch\/site\/cfpt-cedoc\/notre-catalogue\/\"]}]},{\"@type\":\"ImageObject\",\"inLanguage\":\"fr-FR\",\"@id\":\"https:\/\/edurec.ge.ch\/site\/cfpt-cedoc\/notre-catalogue\/#primaryimage\",\"url\":\"https:\/\/edurec.ge.ch\/site\/cfpt-cedoc\/wp-content\/uploads\/sites\/119\/2018\/03\/BiblioDip.png\",\"contentUrl\":\"https:\/\/edurec.ge.ch\/site\/cfpt-cedoc\/wp-content\/uploads\/sites\/119\/2018\/03\/BiblioDip.png\",\"width\":417,\"height\":241},{\"@type\":\"BreadcrumbList\",\"@id\":\"https:\/\/edurec.ge.ch\/site\/cfpt-cedoc\/notre-catalogue\/#breadcrumb\",\"itemListElement\":[{\"@type\":\"ListItem\",\"position\":1,\"name\":\"Accueil\",\"item\":\"https:\/\/edurec.ge.ch\/site\/cfpt-cedoc\/\"},{\"@type\":\"ListItem\",\"position\":2,\"name\":\"Le r\u00e9seau BiblioDIP\"}]},{\"@type\":\"WebSite\",\"@id\":\"https:\/\/edurec.ge.ch\/site\/cfpt-cedoc\/#website\",\"url\":\"https:\/\/edurec.ge.ch\/site\/cfpt-cedoc\/\",\"name\":\"CFPT Cedoc\",\"description\":\"Toutes les informations pratiques du CEDOC du CFPT\",\"potentialAction\":[{\"@type\":\"SearchAction\",\"target\":{\"@type\":\"EntryPoint\",\"urlTemplate\":\"https:\/\/edurec.ge.ch\/site\/cfpt-cedoc\/?s={search_term_string}\"},\"query-input\":{\"@type\":\"PropertyValueSpecification\",\"valueRequired\":true,\"valueName\":\"search_term_string\"}}],\"inLanguage\":\"fr-FR\"}]}<\/script>\n<!-- \/ Yoast SEO plugin. -->","yoast_head_json":{"title":"Le r\u00e9seau BiblioDIP - CFPT Cedoc","robots":{"index":"index","follow":"follow","max-snippet":"max-snippet:-1","max-image-preview":"max-image-preview:large","max-video-preview":"max-video-preview:-1"},"canonical":"https:\/\/edurec.ge.ch\/site\/cfpt-cedoc\/notre-catalogue\/","og_locale":"fr_FR","og_type":"article","og_title":"Le r\u00e9seau BiblioDIP - CFPT Cedoc","og_description":"&nbsp; Pr\u00e9sentation du catalogue Le centre de documentation poss\u00e8de plus de 12\u2019500 documents. Pour les identifier et les localiser, il suffit d\u2019interroger le catalogue BiblioDIP, \u00e0 partir des ordinateurs \u00e0 votre disposition ou depuis chez vous, via : http:\/\/ge.ch\/edufloraopac Le catalogue BiblioDIP rassemble les collections des biblioth\u00e8que scolaires genevoises du cycle d\u2019orientation et du post-obligatoire. [&hellip;]","og_url":"https:\/\/edurec.ge.ch\/site\/cfpt-cedoc\/notre-catalogue\/","og_site_name":"CFPT Cedoc","article_modified_time":"2022-10-12T08:10:42+00:00","og_image":[{"width":417,"height":241,"url":"https:\/\/edurec.ge.ch\/site\/cfpt-cedoc\/wp-content\/uploads\/sites\/119\/2018\/03\/BiblioDip.png","type":"image\/png"}],"twitter_card":"summary_large_image","twitter_misc":{"Dur\u00e9e de lecture estim\u00e9e":"2 minutes"},"schema":{"@context":"https:\/\/schema.org","@graph":[{"@type":"WebPage","@id":"https:\/\/edurec.ge.ch\/site\/cfpt-cedoc\/notre-catalogue\/","url":"https:\/\/edurec.ge.ch\/site\/cfpt-cedoc\/notre-catalogue\/","name":"Le r\u00e9seau BiblioDIP - CFPT Cedoc","isPartOf":{"@id":"https:\/\/edurec.ge.ch\/site\/cfpt-cedoc\/#website"},"primaryImageOfPage":{"@id":"https:\/\/edurec.ge.ch\/site\/cfpt-cedoc\/notre-catalogue\/#primaryimage"},"image":{"@id":"https:\/\/edurec.ge.ch\/site\/cfpt-cedoc\/notre-catalogue\/#primaryimage"},"thumbnailUrl":"https:\/\/edurec.ge.ch\/site\/cfpt-cedoc\/wp-content\/uploads\/sites\/119\/2018\/03\/BiblioDip.png","datePublished":"2016-02-26T09:29:20+00:00","dateModified":"2022-10-12T08:10:42+00:00","breadcrumb":{"@id":"https:\/\/edurec.ge.ch\/site\/cfpt-cedoc\/notre-catalogue\/#breadcrumb"},"inLanguage":"fr-FR","potentialAction":[{"@type":"ReadAction","target":["https:\/\/edurec.ge.ch\/site\/cfpt-cedoc\/notre-catalogue\/"]}]},{"@type":"ImageObject","inLanguage":"fr-FR","@id":"https:\/\/edurec.ge.ch\/site\/cfpt-cedoc\/notre-catalogue\/#primaryimage","url":"https:\/\/edurec.ge.ch\/site\/cfpt-cedoc\/wp-content\/uploads\/sites\/119\/2018\/03\/BiblioDip.png","contentUrl":"https:\/\/edurec.ge.ch\/site\/cfpt-cedoc\/wp-content\/uploads\/sites\/119\/2018\/03\/BiblioDip.png","width":417,"height":241},{"@type":"BreadcrumbList","@id":"https:\/\/edurec.ge.ch\/site\/cfpt-cedoc\/notre-catalogue\/#breadcrumb","itemListElement":[{"@type":"ListItem","position":1,"name":"Accueil","item":"https:\/\/edurec.ge.ch\/site\/cfpt-cedoc\/"},{"@type":"ListItem","position":2,"name":"Le r\u00e9seau BiblioDIP"}]},{"@type":"WebSite","@id":"https:\/\/edurec.ge.ch\/site\/cfpt-cedoc\/#website","url":"https:\/\/edurec.ge.ch\/site\/cfpt-cedoc\/","name":"CFPT Cedoc","description":"Toutes les informations pratiques du CEDOC du CFPT","potentialAction":[{"@type":"SearchAction","target":{"@type":"EntryPoint","urlTemplate":"https:\/\/edurec.ge.ch\/site\/cfpt-cedoc\/?s={search_term_string}"},"query-input":{"@type":"PropertyValueSpecification","valueRequired":true,"valueName":"search_term_string"}}],"inLanguage":"fr-FR"}]}},"_links":{"self":[{"href":"https:\/\/edurec.ge.ch\/site\/cfpt-cedoc\/wp-json\/wp\/v2\/pages\/68","targetHints":{"allow":["GET"]}}],"collection":[{"href":"https:\/\/edurec.ge.ch\/site\/cfpt-cedoc\/wp-json\/wp\/v2\/pages"}],"about":[{"href":"https:\/\/edurec.ge.ch\/site\/cfpt-cedoc\/wp-json\/wp\/v2\/types\/page"}],"author":[{"embeddable":true,"href":"https:\/\/edurec.ge.ch\/site\/cfpt-cedoc\/wp-json\/wp\/v2\/users\/1221"}],"replies":[{"embeddable":true,"href":"https:\/\/edurec.ge.ch\/site\/cfpt-cedoc\/wp-json\/wp\/v2\/comments?post=68"}],"version-history":[{"count":50,"href":"https:\/\/edurec.ge.ch\/site\/cfpt-cedoc\/wp-json\/wp\/v2\/pages\/68\/revisions"}],"predecessor-version":[{"id":1985,"href":"https:\/\/edurec.ge.ch\/site\/cfpt-cedoc\/wp-json\/wp\/v2\/pages\/68\/revisions\/1985"}],"wp:featuredmedia":[{"embeddable":true,"href":"https:\/\/edurec.ge.ch\/site\/cfpt-cedoc\/wp-json\/wp\/v2\/media\/439"}],"wp:attachment":[{"href":"https:\/\/edurec.ge.ch\/site\/cfpt-cedoc\/wp-json\/wp\/v2\/media?parent=68"}],"curies":[{"name":"wp","href":"https:\/\/api.w.org\/{rel}","templated":true}]}}