{"id":57,"date":"2016-02-26T10:17:30","date_gmt":"2016-02-26T09:17:30","guid":{"rendered":"https:\/\/edurec.ge.ch\/site\/cfpt-cedoc\/?page_id=57"},"modified":"2025-04-02T14:53:03","modified_gmt":"2025-04-02T12:53:03","slug":"services","status":"publish","type":"page","link":"https:\/\/edurec.ge.ch\/site\/cfpt-cedoc\/services\/","title":{"rendered":"Services"},"content":{"rendered":"<div id=\"pl-57\"  class=\"panel-layout\" ><div id=\"pg-57-0\"  class=\"panel-grid panel-no-style\" ><div id=\"pgc-57-0-0\"  class=\"panel-grid-cell\" ><div id=\"panel-57-0-0-0\" class=\"so-panel widget widget_sow-editor panel-first-child panel-last-child\" data-index=\"0\" ><div\n\t\t\t\n\t\t\tclass=\"so-widget-sow-editor so-widget-sow-editor-base\"\n\t\t\t\n\t\t>\n<div class=\"siteorigin-widget-tinymce textwidget\">\n\t<p>&nbsp;<\/p>\n<header class=\"entry-header\">\n<h3 class=\"entry-title\"><span style=\"color: #f2166e\"><strong>Propositions d'achats et bo\u00eete \u00e0 id\u00e9es<br \/>\n<\/strong><\/span><\/h3>\n<\/header>\n<div class=\"entry-content\">Vous souhaitez recommander un roman, une bande dessin\u00e9e ou un film que vous avez aim\u00e9 ? Avoir la chance d\u2019en d\u00e9couvrir de nouveaux ? Faites une proposition d\u2019achat aux biblioth\u00e9caires ! Pour cela envoyez-leur un courriel ou passez les voir au centre de documentation. Une bo\u00eete \u00e0 id\u00e9e est aussi \u00e0 votre disposition dans la biblioth\u00e8que.<\/div>\n<p>Le plus rapide reste cependant d'utiliser notre<span style=\"color: #3366ff\"> <strong><a style=\"color: #3366ff\" href=\"https:\/\/edurec.ge.ch\/site\/cfpt-cedoc\/?page_id=2441&amp;preview=true\">formulaire de demande d'acquisition<\/a><\/strong><\/span> !<\/p>\n<div class=\"entry-content\">\n<h3><strong><span style=\"color: #f2166e\">Visites du centre de documentation, ateliers de comp\u00e9tences informationnelles et ateliers de m\u00e9diation culturelle<\/span><br \/>\n<\/strong><\/h3>\n<p>Un atelier de comp\u00e9tences informationnelles, d'une dur\u00e9e de 45 minutes, est pr\u00e9par\u00e9 pour\u00a0 les classes de 1\u00e8re ann\u00e9e. Les enseignant-e-s de culture g\u00e9n\u00e9rale doivent inscrire leur(s) classe(s) aupr\u00e8s des biblioth\u00e9caires.<\/p>\n<p>Un atelier, d'une dur\u00e9e variable, est propos\u00e9 aux classes en ann\u00e9e de TPA. Une r\u00e9servation aupr\u00e8s des biblioth\u00e9caires est n\u00e9cessaire.<\/p>\n<p>Retrouvez les diff\u00e9rents outils pr\u00e9sent\u00e9s lors des ateliers sur la page<span style=\"color: #3366ff\"> <strong><a style=\"color: #3366ff\" href=\"https:\/\/edurec.ge.ch\/site\/cfpt-cedoc\/aides-pour-recherche\/\" target=\"_blank\" rel=\"noopener\">Aides pour la recherche<\/a><\/strong><\/span><\/p>\n<p>Le centre de documentation propose aussi des ateliers de m\u00e9diation culturelle : venez avec votre classe participer \u00e0 un proc\u00e8s fictif sous forme de jeu de r\u00f4le. Vous trouverez un description sur la page <span style=\"color: #3366ff\"><strong><a style=\"color: #3366ff\" href=\"https:\/\/edurec.ge.ch\/site\/cfpt-cedoc\/ateliers\/\">Ateliers<\/a><\/strong><\/span><\/p>\n<h3><span style=\"color: #f2166e\"><strong>Internet et mat\u00e9riel informatique<\/strong><\/span><\/h3>\n<p>16 PC sont \u00e0 votre disposition. L\u2019utilisation d\u2019Internet est r\u00e9serv\u00e9e, en premier lieu,\u00a0 au travail personnel et \u00e0 la recherche documentaire.<\/p>\n<p style=\"text-align: center\"><strong><span style=\"color: #ff0000\">Les jeux vid\u00e9o ne sont pas autoris\u00e9s<\/span>.<\/strong><\/p>\n<p>Sont aussi disponibles : une imprimante, et un mopieur.<\/p>\n<h3><span style=\"color: #f2166e\"><strong>Encyclopaedia Universalis<\/strong><\/span><\/h3>\n<p>Accessible librement depuis tous les postes de l'\u00e9cole : <span style=\"color: #3366ff\"><strong><a style=\"color: #3366ff\" href=\"http:\/\/www.universalis-edu.com\/\">http:\/\/www.universalis-edu.com\/<\/a><\/strong><\/span><\/p>\n<p><a href=\"https:\/\/www.youtube.com\/watch?v=SRU4NsR-1yg\" data-rel=\"lightbox-video-0\">Rechercher dans Encyclopedia Universalis - YouTube<\/a><\/p>\n<\/div>\n<h3><span style=\"color: #f2166e\"><strong>EUROPRESSE<\/strong><\/span><\/h3>\n<p>Accessible avec votre compte EEL :<\/p>\n<p><a href=\"https:\/\/ledepot.eduge.ch\/europresse\">https:\/\/ledepot.eduge.ch\/europresse<\/a><\/p>\n<p>&nbsp;<\/p>\n<\/div>\n<\/div><\/div><\/div><\/div><\/div>","protected":false},"excerpt":{"rendered":"<p>&nbsp; Propositions d&rsquo;achats et bo\u00eete \u00e0 id\u00e9es Vous souhaitez recommander un roman, une bande dessin\u00e9e ou un film que vous avez aim\u00e9 ? Avoir la chance d\u2019en d\u00e9couvrir de nouveaux ? Faites une proposition d\u2019achat aux biblioth\u00e9caires ! Pour cela envoyez-leur un courriel ou passez les voir au centre de documentation. Une bo\u00eete \u00e0 id\u00e9e [&hellip;]<\/p>\n","protected":false},"author":1221,"featured_media":0,"parent":0,"menu_order":0,"comment_status":"closed","ping_status":"closed","template":"","meta":{"footnotes":""},"class_list":["post-57","page","type-page","status-publish","czr-hentry"],"yoast_head":"<!-- This site is optimized with the Yoast SEO plugin v26.4 - https:\/\/yoast.com\/wordpress\/plugins\/seo\/ -->\n<title>Services - CFPT Cedoc<\/title>\n<meta name=\"robots\" content=\"index, follow, max-snippet:-1, max-image-preview:large, max-video-preview:-1\" \/>\n<link rel=\"canonical\" href=\"https:\/\/edurec.ge.ch\/site\/cfpt-cedoc\/services\/\" \/>\n<meta property=\"og:locale\" content=\"fr_FR\" \/>\n<meta property=\"og:type\" content=\"article\" \/>\n<meta property=\"og:title\" content=\"Services - CFPT Cedoc\" \/>\n<meta property=\"og:description\" content=\"&nbsp; Propositions d&#039;achats et bo\u00eete \u00e0 id\u00e9es Vous souhaitez recommander un roman, une bande dessin\u00e9e ou un film que vous avez aim\u00e9 ? Avoir la chance d\u2019en d\u00e9couvrir de nouveaux ? Faites une proposition d\u2019achat aux biblioth\u00e9caires ! Pour cela envoyez-leur un courriel ou passez les voir au centre de documentation. Une bo\u00eete \u00e0 id\u00e9e [&hellip;]\" \/>\n<meta property=\"og:url\" content=\"https:\/\/edurec.ge.ch\/site\/cfpt-cedoc\/services\/\" \/>\n<meta property=\"og:site_name\" content=\"CFPT Cedoc\" \/>\n<meta property=\"article:modified_time\" content=\"2025-04-02T12:53:03+00:00\" \/>\n<meta name=\"twitter:card\" content=\"summary_large_image\" \/>\n<meta name=\"twitter:label1\" content=\"Dur\u00e9e de lecture estim\u00e9e\" \/>\n\t<meta name=\"twitter:data1\" content=\"2 minutes\" \/>\n<script type=\"application\/ld+json\" class=\"yoast-schema-graph\">{\"@context\":\"https:\/\/schema.org\",\"@graph\":[{\"@type\":\"WebPage\",\"@id\":\"https:\/\/edurec.ge.ch\/site\/cfpt-cedoc\/services\/\",\"url\":\"https:\/\/edurec.ge.ch\/site\/cfpt-cedoc\/services\/\",\"name\":\"Services - CFPT Cedoc\",\"isPartOf\":{\"@id\":\"https:\/\/edurec.ge.ch\/site\/cfpt-cedoc\/#website\"},\"datePublished\":\"2016-02-26T09:17:30+00:00\",\"dateModified\":\"2025-04-02T12:53:03+00:00\",\"breadcrumb\":{\"@id\":\"https:\/\/edurec.ge.ch\/site\/cfpt-cedoc\/services\/#breadcrumb\"},\"inLanguage\":\"fr-FR\",\"potentialAction\":[{\"@type\":\"ReadAction\",\"target\":[\"https:\/\/edurec.ge.ch\/site\/cfpt-cedoc\/services\/\"]}]},{\"@type\":\"BreadcrumbList\",\"@id\":\"https:\/\/edurec.ge.ch\/site\/cfpt-cedoc\/services\/#breadcrumb\",\"itemListElement\":[{\"@type\":\"ListItem\",\"position\":1,\"name\":\"Accueil\",\"item\":\"https:\/\/edurec.ge.ch\/site\/cfpt-cedoc\/\"},{\"@type\":\"ListItem\",\"position\":2,\"name\":\"Services\"}]},{\"@type\":\"WebSite\",\"@id\":\"https:\/\/edurec.ge.ch\/site\/cfpt-cedoc\/#website\",\"url\":\"https:\/\/edurec.ge.ch\/site\/cfpt-cedoc\/\",\"name\":\"CFPT Cedoc\",\"description\":\"Toutes les informations pratiques du CEDOC du CFPT\",\"potentialAction\":[{\"@type\":\"SearchAction\",\"target\":{\"@type\":\"EntryPoint\",\"urlTemplate\":\"https:\/\/edurec.ge.ch\/site\/cfpt-cedoc\/?s={search_term_string}\"},\"query-input\":{\"@type\":\"PropertyValueSpecification\",\"valueRequired\":true,\"valueName\":\"search_term_string\"}}],\"inLanguage\":\"fr-FR\"}]}<\/script>\n<!-- \/ Yoast SEO plugin. -->","yoast_head_json":{"title":"Services - CFPT Cedoc","robots":{"index":"index","follow":"follow","max-snippet":"max-snippet:-1","max-image-preview":"max-image-preview:large","max-video-preview":"max-video-preview:-1"},"canonical":"https:\/\/edurec.ge.ch\/site\/cfpt-cedoc\/services\/","og_locale":"fr_FR","og_type":"article","og_title":"Services - CFPT Cedoc","og_description":"&nbsp; Propositions d'achats et bo\u00eete \u00e0 id\u00e9es Vous souhaitez recommander un roman, une bande dessin\u00e9e ou un film que vous avez aim\u00e9 ? Avoir la chance d\u2019en d\u00e9couvrir de nouveaux ? Faites une proposition d\u2019achat aux biblioth\u00e9caires ! Pour cela envoyez-leur un courriel ou passez les voir au centre de documentation. Une bo\u00eete \u00e0 id\u00e9e [&hellip;]","og_url":"https:\/\/edurec.ge.ch\/site\/cfpt-cedoc\/services\/","og_site_name":"CFPT Cedoc","article_modified_time":"2025-04-02T12:53:03+00:00","twitter_card":"summary_large_image","twitter_misc":{"Dur\u00e9e de lecture estim\u00e9e":"2 minutes"},"schema":{"@context":"https:\/\/schema.org","@graph":[{"@type":"WebPage","@id":"https:\/\/edurec.ge.ch\/site\/cfpt-cedoc\/services\/","url":"https:\/\/edurec.ge.ch\/site\/cfpt-cedoc\/services\/","name":"Services - CFPT Cedoc","isPartOf":{"@id":"https:\/\/edurec.ge.ch\/site\/cfpt-cedoc\/#website"},"datePublished":"2016-02-26T09:17:30+00:00","dateModified":"2025-04-02T12:53:03+00:00","breadcrumb":{"@id":"https:\/\/edurec.ge.ch\/site\/cfpt-cedoc\/services\/#breadcrumb"},"inLanguage":"fr-FR","potentialAction":[{"@type":"ReadAction","target":["https:\/\/edurec.ge.ch\/site\/cfpt-cedoc\/services\/"]}]},{"@type":"BreadcrumbList","@id":"https:\/\/edurec.ge.ch\/site\/cfpt-cedoc\/services\/#breadcrumb","itemListElement":[{"@type":"ListItem","position":1,"name":"Accueil","item":"https:\/\/edurec.ge.ch\/site\/cfpt-cedoc\/"},{"@type":"ListItem","position":2,"name":"Services"}]},{"@type":"WebSite","@id":"https:\/\/edurec.ge.ch\/site\/cfpt-cedoc\/#website","url":"https:\/\/edurec.ge.ch\/site\/cfpt-cedoc\/","name":"CFPT Cedoc","description":"Toutes les informations pratiques du CEDOC du CFPT","potentialAction":[{"@type":"SearchAction","target":{"@type":"EntryPoint","urlTemplate":"https:\/\/edurec.ge.ch\/site\/cfpt-cedoc\/?s={search_term_string}"},"query-input":{"@type":"PropertyValueSpecification","valueRequired":true,"valueName":"search_term_string"}}],"inLanguage":"fr-FR"}]}},"_links":{"self":[{"href":"https:\/\/edurec.ge.ch\/site\/cfpt-cedoc\/wp-json\/wp\/v2\/pages\/57","targetHints":{"allow":["GET"]}}],"collection":[{"href":"https:\/\/edurec.ge.ch\/site\/cfpt-cedoc\/wp-json\/wp\/v2\/pages"}],"about":[{"href":"https:\/\/edurec.ge.ch\/site\/cfpt-cedoc\/wp-json\/wp\/v2\/types\/page"}],"author":[{"embeddable":true,"href":"https:\/\/edurec.ge.ch\/site\/cfpt-cedoc\/wp-json\/wp\/v2\/users\/1221"}],"replies":[{"embeddable":true,"href":"https:\/\/edurec.ge.ch\/site\/cfpt-cedoc\/wp-json\/wp\/v2\/comments?post=57"}],"version-history":[{"count":48,"href":"https:\/\/edurec.ge.ch\/site\/cfpt-cedoc\/wp-json\/wp\/v2\/pages\/57\/revisions"}],"predecessor-version":[{"id":2493,"href":"https:\/\/edurec.ge.ch\/site\/cfpt-cedoc\/wp-json\/wp\/v2\/pages\/57\/revisions\/2493"}],"wp:attachment":[{"href":"https:\/\/edurec.ge.ch\/site\/cfpt-cedoc\/wp-json\/wp\/v2\/media?parent=57"}],"curies":[{"name":"wp","href":"https:\/\/api.w.org\/{rel}","templated":true}]}}