{"id":54,"date":"2016-02-26T10:13:47","date_gmt":"2016-02-26T09:13:47","guid":{"rendered":"https:\/\/edurec.ge.ch\/site\/cfpt-cedoc\/?page_id=54"},"modified":"2019-03-08T16:37:19","modified_gmt":"2019-03-08T14:37:19","slug":"pret-et-services","status":"publish","type":"page","link":"https:\/\/edurec.ge.ch\/site\/cfpt-cedoc\/pret-et-services\/","title":{"rendered":"Conditions de pr\u00eat"},"content":{"rendered":"<h3><a href=\"https:\/\/edurec.ge.ch\/site\/cfpt-cedoc\/wp-content\/uploads\/sites\/119\/2016\/02\/book_club_logo.jpg\" data-rel=\"lightbox-image-0\" data-rl_title=\"\" data-rl_caption=\"\" title=\"\"><img loading=\"lazy\" decoding=\"async\" class=\"alignnone  wp-image-55\" src=\"https:\/\/edurec.ge.ch\/site\/cfpt-cedoc\/wp-content\/uploads\/sites\/119\/2016\/02\/book_club_logo-300x187.jpg\" alt=\"book_club_logo\" width=\"191\" height=\"119\" srcset=\"https:\/\/edurec.ge.ch\/site\/cfpt-cedoc\/wp-content\/uploads\/sites\/119\/2016\/02\/book_club_logo-300x187.jpg 300w, https:\/\/edurec.ge.ch\/site\/cfpt-cedoc\/wp-content\/uploads\/sites\/119\/2016\/02\/book_club_logo.jpg 650w\" sizes=\"auto, (max-width: 191px) 100vw, 191px\" \/><\/a><\/h3>\n<h3><span style=\"color: #f2166e\"><strong>Emprunts<\/strong><\/span><\/h3>\n<p>Vous pouvez emprunter 6 documents \u00e0 la fois, tous supports confondus, dont 2 DVD au maximum.<br \/>\nLa dur\u00e9e de pr\u00eat est de 28 jours pour les romans et les documentaires, de 7 jours pour les DVD, BD et revues.<\/p>\n<h3><span style=\"color: #f2166e\"><strong>Prolongations<\/strong><\/span><\/h3>\n<p>Vous pouvez prolonger vos documents jusqu\u2019\u00e0 trois fois, \u00e0 condition qu\u2019ils ne soient pas d\u00e9j\u00e0 r\u00e9serv\u00e9s par d\u2019autres lecteurs.<\/p>\n<h3><span style=\"color: #f2166e\"><strong>Retours<\/strong><\/span><\/h3>\n<p>Le retour des documents se fait, de pr\u00e9f\u00e9rence, en pr\u00e9sence des biblioth\u00e9caires, mais une boite est \u00e0 votre disposition \u00e0 l&rsquo;ext\u00e9rieur de la biblioth\u00e8que pour les d\u00e9p\u00f4ts en dehors des heures d&rsquo;ouvertures.<\/p>\n<h3><span style=\"color: #f2166e\"><strong>R\u00e9servations<\/strong><\/span><\/h3>\n<p>Vous avez la possibilit\u00e9 de r\u00e9server des documents en vous adressant aux biblioth\u00e9caires. Les ouvrages vous seront mis de c\u00f4t\u00e9 pour une p\u00e9riode limit\u00e9e.<\/p>\n<h3><span style=\"color: #f2166e\"><strong>Retards<\/strong><\/span><\/h3>\n<p>En cas de retard dans le retour des ouvrages, vous recevrez une lettre de relance.<\/p>\n<h3><span style=\"color: #f2166e\"><strong>Pertes ou dommages<\/strong><\/span><\/h3>\n<p>Vous \u00eates responsable des documents que vous empruntez. Tout ouvrage perdu ou d\u00e9t\u00e9rior\u00e9 sera remplac\u00e9 \u00e0 vos frais.<\/p>\n","protected":false},"excerpt":{"rendered":"<p>Emprunts Vous pouvez emprunter 6 documents \u00e0 la fois, tous supports confondus, dont 2 DVD au maximum. La dur\u00e9e de pr\u00eat est de 28 jours pour les romans et les documentaires, de 7 jours pour les DVD, BD et revues. Prolongations Vous pouvez prolonger vos documents jusqu\u2019\u00e0 trois fois, \u00e0 condition qu\u2019ils ne soient pas [&hellip;]<\/p>\n","protected":false},"author":1221,"featured_media":0,"parent":0,"menu_order":0,"comment_status":"closed","ping_status":"closed","template":"","meta":{"footnotes":""},"class_list":["post-54","page","type-page","status-publish","czr-hentry"],"yoast_head":"<!-- This site is optimized with the Yoast SEO plugin v26.4 - https:\/\/yoast.com\/wordpress\/plugins\/seo\/ -->\n<title>Conditions de pr\u00eat - CFPT Cedoc<\/title>\n<meta name=\"robots\" content=\"index, follow, max-snippet:-1, max-image-preview:large, max-video-preview:-1\" \/>\n<link rel=\"canonical\" href=\"https:\/\/edurec.ge.ch\/site\/cfpt-cedoc\/pret-et-services\/\" \/>\n<meta property=\"og:locale\" content=\"fr_FR\" \/>\n<meta property=\"og:type\" content=\"article\" \/>\n<meta property=\"og:title\" content=\"Conditions de pr\u00eat - CFPT Cedoc\" \/>\n<meta property=\"og:description\" content=\"Emprunts Vous pouvez emprunter 6 documents \u00e0 la fois, tous supports confondus, dont 2 DVD au maximum. La dur\u00e9e de pr\u00eat est de 28 jours pour les romans et les documentaires, de 7 jours pour les DVD, BD et revues. Prolongations Vous pouvez prolonger vos documents jusqu\u2019\u00e0 trois fois, \u00e0 condition qu\u2019ils ne soient pas [&hellip;]\" \/>\n<meta property=\"og:url\" content=\"https:\/\/edurec.ge.ch\/site\/cfpt-cedoc\/pret-et-services\/\" \/>\n<meta property=\"og:site_name\" content=\"CFPT Cedoc\" \/>\n<meta property=\"article:modified_time\" content=\"2019-03-08T14:37:19+00:00\" \/>\n<meta property=\"og:image\" content=\"https:\/\/edurec.ge.ch\/site\/cfpt-cedoc\/wp-content\/uploads\/sites\/119\/2016\/02\/book_club_logo-300x187.jpg\" \/>\n<meta name=\"twitter:card\" content=\"summary_large_image\" \/>\n<meta name=\"twitter:label1\" content=\"Dur\u00e9e de lecture estim\u00e9e\" \/>\n\t<meta name=\"twitter:data1\" content=\"1 minute\" \/>\n<script type=\"application\/ld+json\" class=\"yoast-schema-graph\">{\"@context\":\"https:\/\/schema.org\",\"@graph\":[{\"@type\":\"WebPage\",\"@id\":\"https:\/\/edurec.ge.ch\/site\/cfpt-cedoc\/pret-et-services\/\",\"url\":\"https:\/\/edurec.ge.ch\/site\/cfpt-cedoc\/pret-et-services\/\",\"name\":\"Conditions de pr\u00eat - CFPT Cedoc\",\"isPartOf\":{\"@id\":\"https:\/\/edurec.ge.ch\/site\/cfpt-cedoc\/#website\"},\"primaryImageOfPage\":{\"@id\":\"https:\/\/edurec.ge.ch\/site\/cfpt-cedoc\/pret-et-services\/#primaryimage\"},\"image\":{\"@id\":\"https:\/\/edurec.ge.ch\/site\/cfpt-cedoc\/pret-et-services\/#primaryimage\"},\"thumbnailUrl\":\"https:\/\/edurec.ge.ch\/site\/cfpt-cedoc\/wp-content\/uploads\/sites\/119\/2016\/02\/book_club_logo-300x187.jpg\",\"datePublished\":\"2016-02-26T09:13:47+00:00\",\"dateModified\":\"2019-03-08T14:37:19+00:00\",\"breadcrumb\":{\"@id\":\"https:\/\/edurec.ge.ch\/site\/cfpt-cedoc\/pret-et-services\/#breadcrumb\"},\"inLanguage\":\"fr-FR\",\"potentialAction\":[{\"@type\":\"ReadAction\",\"target\":[\"https:\/\/edurec.ge.ch\/site\/cfpt-cedoc\/pret-et-services\/\"]}]},{\"@type\":\"ImageObject\",\"inLanguage\":\"fr-FR\",\"@id\":\"https:\/\/edurec.ge.ch\/site\/cfpt-cedoc\/pret-et-services\/#primaryimage\",\"url\":\"https:\/\/edurec.ge.ch\/site\/cfpt-cedoc\/wp-content\/uploads\/sites\/119\/2016\/02\/book_club_logo.jpg\",\"contentUrl\":\"https:\/\/edurec.ge.ch\/site\/cfpt-cedoc\/wp-content\/uploads\/sites\/119\/2016\/02\/book_club_logo.jpg\",\"width\":650,\"height\":406},{\"@type\":\"BreadcrumbList\",\"@id\":\"https:\/\/edurec.ge.ch\/site\/cfpt-cedoc\/pret-et-services\/#breadcrumb\",\"itemListElement\":[{\"@type\":\"ListItem\",\"position\":1,\"name\":\"Accueil\",\"item\":\"https:\/\/edurec.ge.ch\/site\/cfpt-cedoc\/\"},{\"@type\":\"ListItem\",\"position\":2,\"name\":\"Conditions de pr\u00eat\"}]},{\"@type\":\"WebSite\",\"@id\":\"https:\/\/edurec.ge.ch\/site\/cfpt-cedoc\/#website\",\"url\":\"https:\/\/edurec.ge.ch\/site\/cfpt-cedoc\/\",\"name\":\"CFPT Cedoc\",\"description\":\"Toutes les informations pratiques du CEDOC du CFPT\",\"potentialAction\":[{\"@type\":\"SearchAction\",\"target\":{\"@type\":\"EntryPoint\",\"urlTemplate\":\"https:\/\/edurec.ge.ch\/site\/cfpt-cedoc\/?s={search_term_string}\"},\"query-input\":{\"@type\":\"PropertyValueSpecification\",\"valueRequired\":true,\"valueName\":\"search_term_string\"}}],\"inLanguage\":\"fr-FR\"}]}<\/script>\n<!-- \/ Yoast SEO plugin. -->","yoast_head_json":{"title":"Conditions de pr\u00eat - CFPT Cedoc","robots":{"index":"index","follow":"follow","max-snippet":"max-snippet:-1","max-image-preview":"max-image-preview:large","max-video-preview":"max-video-preview:-1"},"canonical":"https:\/\/edurec.ge.ch\/site\/cfpt-cedoc\/pret-et-services\/","og_locale":"fr_FR","og_type":"article","og_title":"Conditions de pr\u00eat - CFPT Cedoc","og_description":"Emprunts Vous pouvez emprunter 6 documents \u00e0 la fois, tous supports confondus, dont 2 DVD au maximum. La dur\u00e9e de pr\u00eat est de 28 jours pour les romans et les documentaires, de 7 jours pour les DVD, BD et revues. Prolongations Vous pouvez prolonger vos documents jusqu\u2019\u00e0 trois fois, \u00e0 condition qu\u2019ils ne soient pas [&hellip;]","og_url":"https:\/\/edurec.ge.ch\/site\/cfpt-cedoc\/pret-et-services\/","og_site_name":"CFPT Cedoc","article_modified_time":"2019-03-08T14:37:19+00:00","og_image":[{"url":"https:\/\/edurec.ge.ch\/site\/cfpt-cedoc\/wp-content\/uploads\/sites\/119\/2016\/02\/book_club_logo-300x187.jpg","type":"","width":"","height":""}],"twitter_card":"summary_large_image","twitter_misc":{"Dur\u00e9e de lecture estim\u00e9e":"1 minute"},"schema":{"@context":"https:\/\/schema.org","@graph":[{"@type":"WebPage","@id":"https:\/\/edurec.ge.ch\/site\/cfpt-cedoc\/pret-et-services\/","url":"https:\/\/edurec.ge.ch\/site\/cfpt-cedoc\/pret-et-services\/","name":"Conditions de pr\u00eat - CFPT Cedoc","isPartOf":{"@id":"https:\/\/edurec.ge.ch\/site\/cfpt-cedoc\/#website"},"primaryImageOfPage":{"@id":"https:\/\/edurec.ge.ch\/site\/cfpt-cedoc\/pret-et-services\/#primaryimage"},"image":{"@id":"https:\/\/edurec.ge.ch\/site\/cfpt-cedoc\/pret-et-services\/#primaryimage"},"thumbnailUrl":"https:\/\/edurec.ge.ch\/site\/cfpt-cedoc\/wp-content\/uploads\/sites\/119\/2016\/02\/book_club_logo-300x187.jpg","datePublished":"2016-02-26T09:13:47+00:00","dateModified":"2019-03-08T14:37:19+00:00","breadcrumb":{"@id":"https:\/\/edurec.ge.ch\/site\/cfpt-cedoc\/pret-et-services\/#breadcrumb"},"inLanguage":"fr-FR","potentialAction":[{"@type":"ReadAction","target":["https:\/\/edurec.ge.ch\/site\/cfpt-cedoc\/pret-et-services\/"]}]},{"@type":"ImageObject","inLanguage":"fr-FR","@id":"https:\/\/edurec.ge.ch\/site\/cfpt-cedoc\/pret-et-services\/#primaryimage","url":"https:\/\/edurec.ge.ch\/site\/cfpt-cedoc\/wp-content\/uploads\/sites\/119\/2016\/02\/book_club_logo.jpg","contentUrl":"https:\/\/edurec.ge.ch\/site\/cfpt-cedoc\/wp-content\/uploads\/sites\/119\/2016\/02\/book_club_logo.jpg","width":650,"height":406},{"@type":"BreadcrumbList","@id":"https:\/\/edurec.ge.ch\/site\/cfpt-cedoc\/pret-et-services\/#breadcrumb","itemListElement":[{"@type":"ListItem","position":1,"name":"Accueil","item":"https:\/\/edurec.ge.ch\/site\/cfpt-cedoc\/"},{"@type":"ListItem","position":2,"name":"Conditions de pr\u00eat"}]},{"@type":"WebSite","@id":"https:\/\/edurec.ge.ch\/site\/cfpt-cedoc\/#website","url":"https:\/\/edurec.ge.ch\/site\/cfpt-cedoc\/","name":"CFPT Cedoc","description":"Toutes les informations pratiques du CEDOC du CFPT","potentialAction":[{"@type":"SearchAction","target":{"@type":"EntryPoint","urlTemplate":"https:\/\/edurec.ge.ch\/site\/cfpt-cedoc\/?s={search_term_string}"},"query-input":{"@type":"PropertyValueSpecification","valueRequired":true,"valueName":"search_term_string"}}],"inLanguage":"fr-FR"}]}},"_links":{"self":[{"href":"https:\/\/edurec.ge.ch\/site\/cfpt-cedoc\/wp-json\/wp\/v2\/pages\/54","targetHints":{"allow":["GET"]}}],"collection":[{"href":"https:\/\/edurec.ge.ch\/site\/cfpt-cedoc\/wp-json\/wp\/v2\/pages"}],"about":[{"href":"https:\/\/edurec.ge.ch\/site\/cfpt-cedoc\/wp-json\/wp\/v2\/types\/page"}],"author":[{"embeddable":true,"href":"https:\/\/edurec.ge.ch\/site\/cfpt-cedoc\/wp-json\/wp\/v2\/users\/1221"}],"replies":[{"embeddable":true,"href":"https:\/\/edurec.ge.ch\/site\/cfpt-cedoc\/wp-json\/wp\/v2\/comments?post=54"}],"version-history":[{"count":11,"href":"https:\/\/edurec.ge.ch\/site\/cfpt-cedoc\/wp-json\/wp\/v2\/pages\/54\/revisions"}],"predecessor-version":[{"id":776,"href":"https:\/\/edurec.ge.ch\/site\/cfpt-cedoc\/wp-json\/wp\/v2\/pages\/54\/revisions\/776"}],"wp:attachment":[{"href":"https:\/\/edurec.ge.ch\/site\/cfpt-cedoc\/wp-json\/wp\/v2\/media?parent=54"}],"curies":[{"name":"wp","href":"https:\/\/api.w.org\/{rel}","templated":true}]}}