{"id":2054,"date":"2023-03-02T14:05:40","date_gmt":"2023-03-02T12:05:40","guid":{"rendered":"https:\/\/edurec.ge.ch\/site\/cfpt-cedoc\/?page_id=2054"},"modified":"2025-03-12T17:11:22","modified_gmt":"2025-03-12T15:11:22","slug":"revues","status":"publish","type":"page","link":"https:\/\/edurec.ge.ch\/site\/cfpt-cedoc\/informations-pratiques-3\/revues\/","title":{"rendered":"Revues"},"content":{"rendered":"<h3><\/h3>\n<p><a href=\"https:\/\/edurec.ge.ch\/site\/cfpt-cedoc\/wp-content\/uploads\/sites\/119\/2023\/03\/REVUES.png\" data-rel=\"lightbox-image-0\" data-rl_title=\"\" data-rl_caption=\"\" title=\"\"><img loading=\"lazy\" decoding=\"async\" class=\"aligncenter wp-image-2061 size-large\" src=\"https:\/\/edurec.ge.ch\/site\/cfpt-cedoc\/wp-content\/uploads\/sites\/119\/2023\/03\/REVUES-1024x625.png\" alt=\"\" width=\"1024\" height=\"625\" srcset=\"https:\/\/edurec.ge.ch\/site\/cfpt-cedoc\/wp-content\/uploads\/sites\/119\/2023\/03\/REVUES-1024x625.png 1024w, https:\/\/edurec.ge.ch\/site\/cfpt-cedoc\/wp-content\/uploads\/sites\/119\/2023\/03\/REVUES-300x183.png 300w, https:\/\/edurec.ge.ch\/site\/cfpt-cedoc\/wp-content\/uploads\/sites\/119\/2023\/03\/REVUES-768x469.png 768w, https:\/\/edurec.ge.ch\/site\/cfpt-cedoc\/wp-content\/uploads\/sites\/119\/2023\/03\/REVUES-1536x938.png 1536w, https:\/\/edurec.ge.ch\/site\/cfpt-cedoc\/wp-content\/uploads\/sites\/119\/2023\/03\/REVUES-2048x1251.png 2048w\" sizes=\"auto, (max-width: 1024px) 100vw, 1024px\" \/><\/a><\/p>\n<p>La m\u00e9diath\u00e8que est abonn\u00e9e \u00e0 de nombreuses revues. Vous pouvez les<span style=\"color: #0000ff\"><strong> consulter sur place<\/strong><\/span> ou les<span style=\"color: #0000ff\"><strong> emprunter<\/strong><\/span> pour une semaine.<br \/>\nElles sont class\u00e9es par ordre alphab\u00e9tique, mais des codes de couleur sp\u00e9cifient les grands th\u00e8mes.<\/p>\n<p><a href=\"https:\/\/edurec.ge.ch\/site\/cfpt-cedoc\/wp-content\/uploads\/sites\/119\/2023\/03\/REVUES_SUJETS.png\" data-rel=\"lightbox-image-1\" data-rl_title=\"\" data-rl_caption=\"\" title=\"\"><img loading=\"lazy\" decoding=\"async\" class=\"alignnone size-medium wp-image-2067\" src=\"https:\/\/edurec.ge.ch\/site\/cfpt-cedoc\/wp-content\/uploads\/sites\/119\/2023\/03\/REVUES_SUJETS-127x300.png\" alt=\"\" width=\"127\" height=\"300\" srcset=\"https:\/\/edurec.ge.ch\/site\/cfpt-cedoc\/wp-content\/uploads\/sites\/119\/2023\/03\/REVUES_SUJETS-127x300.png 127w, https:\/\/edurec.ge.ch\/site\/cfpt-cedoc\/wp-content\/uploads\/sites\/119\/2023\/03\/REVUES_SUJETS-435x1024.png 435w, https:\/\/edurec.ge.ch\/site\/cfpt-cedoc\/wp-content\/uploads\/sites\/119\/2023\/03\/REVUES_SUJETS-768x1807.png 768w, https:\/\/edurec.ge.ch\/site\/cfpt-cedoc\/wp-content\/uploads\/sites\/119\/2023\/03\/REVUES_SUJETS-653x1536.png 653w, https:\/\/edurec.ge.ch\/site\/cfpt-cedoc\/wp-content\/uploads\/sites\/119\/2023\/03\/REVUES_SUJETS-870x2048.png 870w, https:\/\/edurec.ge.ch\/site\/cfpt-cedoc\/wp-content\/uploads\/sites\/119\/2023\/03\/REVUES_SUJETS.png 1561w\" sizes=\"auto, (max-width: 127px) 100vw, 127px\" \/><\/a><span style=\"color: #0000ff\"><strong><a style=\"color: #0000ff\" href=\"https:\/\/edurec.ge.ch\/site\/cfpt-cedoc\/wp-content\/uploads\/sites\/119\/2025\/03\/Liste-revues-mars-2025-de-A-a-Z.pdf\">Liste revues mars 2025 (de A \u00e0 Z)<\/a><\/strong><\/span><\/p>\n<p>Les enseignant.e.s peuvent aussi s&rsquo;inscrire sur les<span style=\"color: #0000ff\"> <strong>listes de circulation<\/strong><\/span>. Merci de vous adresser aux biblioth\u00e9caires.<\/p>\n","protected":false},"excerpt":{"rendered":"<p>La m\u00e9diath\u00e8que est abonn\u00e9e \u00e0 de nombreuses revues. Vous pouvez les consulter sur place ou les emprunter pour une semaine. Elles sont class\u00e9es par ordre alphab\u00e9tique, mais des codes de couleur sp\u00e9cifient les grands th\u00e8mes. Liste revues mars 2025 (de A \u00e0 Z) Les enseignant.e.s peuvent aussi s&rsquo;inscrire sur les listes de circulation. Merci de [&hellip;]<\/p>\n","protected":false},"author":3617,"featured_media":2061,"parent":171,"menu_order":0,"comment_status":"closed","ping_status":"closed","template":"","meta":{"footnotes":""},"class_list":["post-2054","page","type-page","status-publish","has-post-thumbnail","czr-hentry"],"yoast_head":"<!-- This site is optimized with the Yoast SEO plugin v26.4 - https:\/\/yoast.com\/wordpress\/plugins\/seo\/ -->\n<title>Revues - CFPT Cedoc<\/title>\n<meta name=\"robots\" content=\"index, follow, max-snippet:-1, max-image-preview:large, max-video-preview:-1\" \/>\n<link rel=\"canonical\" href=\"https:\/\/edurec.ge.ch\/site\/cfpt-cedoc\/informations-pratiques-3\/revues\/\" \/>\n<meta property=\"og:locale\" content=\"fr_FR\" \/>\n<meta property=\"og:type\" content=\"article\" \/>\n<meta property=\"og:title\" content=\"Revues - CFPT Cedoc\" \/>\n<meta property=\"og:description\" content=\"La m\u00e9diath\u00e8que est abonn\u00e9e \u00e0 de nombreuses revues. Vous pouvez les consulter sur place ou les emprunter pour une semaine. Elles sont class\u00e9es par ordre alphab\u00e9tique, mais des codes de couleur sp\u00e9cifient les grands th\u00e8mes. Liste revues mars 2025 (de A \u00e0 Z) Les enseignant.e.s peuvent aussi s&rsquo;inscrire sur les listes de circulation. Merci de [&hellip;]\" \/>\n<meta property=\"og:url\" content=\"https:\/\/edurec.ge.ch\/site\/cfpt-cedoc\/informations-pratiques-3\/revues\/\" \/>\n<meta property=\"og:site_name\" content=\"CFPT Cedoc\" \/>\n<meta property=\"article:modified_time\" content=\"2025-03-12T15:11:22+00:00\" \/>\n<meta property=\"og:image\" content=\"https:\/\/edurec.ge.ch\/site\/cfpt-cedoc\/wp-content\/uploads\/sites\/119\/2023\/03\/REVUES-1024x625.png\" \/>\n\t<meta property=\"og:image:width\" content=\"1024\" \/>\n\t<meta property=\"og:image:height\" content=\"625\" \/>\n\t<meta property=\"og:image:type\" content=\"image\/png\" \/>\n<meta name=\"twitter:card\" content=\"summary_large_image\" \/>\n<meta name=\"twitter:label1\" content=\"Dur\u00e9e de lecture estim\u00e9e\" \/>\n\t<meta name=\"twitter:data1\" content=\"1 minute\" \/>\n<script type=\"application\/ld+json\" class=\"yoast-schema-graph\">{\"@context\":\"https:\/\/schema.org\",\"@graph\":[{\"@type\":\"WebPage\",\"@id\":\"https:\/\/edurec.ge.ch\/site\/cfpt-cedoc\/informations-pratiques-3\/revues\/\",\"url\":\"https:\/\/edurec.ge.ch\/site\/cfpt-cedoc\/informations-pratiques-3\/revues\/\",\"name\":\"Revues - CFPT Cedoc\",\"isPartOf\":{\"@id\":\"https:\/\/edurec.ge.ch\/site\/cfpt-cedoc\/#website\"},\"primaryImageOfPage\":{\"@id\":\"https:\/\/edurec.ge.ch\/site\/cfpt-cedoc\/informations-pratiques-3\/revues\/#primaryimage\"},\"image\":{\"@id\":\"https:\/\/edurec.ge.ch\/site\/cfpt-cedoc\/informations-pratiques-3\/revues\/#primaryimage\"},\"thumbnailUrl\":\"https:\/\/edurec.ge.ch\/site\/cfpt-cedoc\/wp-content\/uploads\/sites\/119\/2023\/03\/REVUES.png\",\"datePublished\":\"2023-03-02T12:05:40+00:00\",\"dateModified\":\"2025-03-12T15:11:22+00:00\",\"breadcrumb\":{\"@id\":\"https:\/\/edurec.ge.ch\/site\/cfpt-cedoc\/informations-pratiques-3\/revues\/#breadcrumb\"},\"inLanguage\":\"fr-FR\",\"potentialAction\":[{\"@type\":\"ReadAction\",\"target\":[\"https:\/\/edurec.ge.ch\/site\/cfpt-cedoc\/informations-pratiques-3\/revues\/\"]}]},{\"@type\":\"ImageObject\",\"inLanguage\":\"fr-FR\",\"@id\":\"https:\/\/edurec.ge.ch\/site\/cfpt-cedoc\/informations-pratiques-3\/revues\/#primaryimage\",\"url\":\"https:\/\/edurec.ge.ch\/site\/cfpt-cedoc\/wp-content\/uploads\/sites\/119\/2023\/03\/REVUES.png\",\"contentUrl\":\"https:\/\/edurec.ge.ch\/site\/cfpt-cedoc\/wp-content\/uploads\/sites\/119\/2023\/03\/REVUES.png\",\"width\":3945,\"height\":2409},{\"@type\":\"BreadcrumbList\",\"@id\":\"https:\/\/edurec.ge.ch\/site\/cfpt-cedoc\/informations-pratiques-3\/revues\/#breadcrumb\",\"itemListElement\":[{\"@type\":\"ListItem\",\"position\":1,\"name\":\"Accueil\",\"item\":\"https:\/\/edurec.ge.ch\/site\/cfpt-cedoc\/\"},{\"@type\":\"ListItem\",\"position\":2,\"name\":\"Informations pratiques\",\"item\":\"https:\/\/edurec.ge.ch\/site\/cfpt-cedoc\/informations-pratiques-3\/\"},{\"@type\":\"ListItem\",\"position\":3,\"name\":\"Revues\"}]},{\"@type\":\"WebSite\",\"@id\":\"https:\/\/edurec.ge.ch\/site\/cfpt-cedoc\/#website\",\"url\":\"https:\/\/edurec.ge.ch\/site\/cfpt-cedoc\/\",\"name\":\"CFPT Cedoc\",\"description\":\"Toutes les informations pratiques du CEDOC du CFPT\",\"potentialAction\":[{\"@type\":\"SearchAction\",\"target\":{\"@type\":\"EntryPoint\",\"urlTemplate\":\"https:\/\/edurec.ge.ch\/site\/cfpt-cedoc\/?s={search_term_string}\"},\"query-input\":{\"@type\":\"PropertyValueSpecification\",\"valueRequired\":true,\"valueName\":\"search_term_string\"}}],\"inLanguage\":\"fr-FR\"}]}<\/script>\n<!-- \/ Yoast SEO plugin. -->","yoast_head_json":{"title":"Revues - CFPT Cedoc","robots":{"index":"index","follow":"follow","max-snippet":"max-snippet:-1","max-image-preview":"max-image-preview:large","max-video-preview":"max-video-preview:-1"},"canonical":"https:\/\/edurec.ge.ch\/site\/cfpt-cedoc\/informations-pratiques-3\/revues\/","og_locale":"fr_FR","og_type":"article","og_title":"Revues - CFPT Cedoc","og_description":"La m\u00e9diath\u00e8que est abonn\u00e9e \u00e0 de nombreuses revues. Vous pouvez les consulter sur place ou les emprunter pour une semaine. Elles sont class\u00e9es par ordre alphab\u00e9tique, mais des codes de couleur sp\u00e9cifient les grands th\u00e8mes. Liste revues mars 2025 (de A \u00e0 Z) Les enseignant.e.s peuvent aussi s&rsquo;inscrire sur les listes de circulation. Merci de [&hellip;]","og_url":"https:\/\/edurec.ge.ch\/site\/cfpt-cedoc\/informations-pratiques-3\/revues\/","og_site_name":"CFPT Cedoc","article_modified_time":"2025-03-12T15:11:22+00:00","og_image":[{"width":1024,"height":625,"url":"https:\/\/edurec.ge.ch\/site\/cfpt-cedoc\/wp-content\/uploads\/sites\/119\/2023\/03\/REVUES-1024x625.png","type":"image\/png"}],"twitter_card":"summary_large_image","twitter_misc":{"Dur\u00e9e de lecture estim\u00e9e":"1 minute"},"schema":{"@context":"https:\/\/schema.org","@graph":[{"@type":"WebPage","@id":"https:\/\/edurec.ge.ch\/site\/cfpt-cedoc\/informations-pratiques-3\/revues\/","url":"https:\/\/edurec.ge.ch\/site\/cfpt-cedoc\/informations-pratiques-3\/revues\/","name":"Revues - CFPT Cedoc","isPartOf":{"@id":"https:\/\/edurec.ge.ch\/site\/cfpt-cedoc\/#website"},"primaryImageOfPage":{"@id":"https:\/\/edurec.ge.ch\/site\/cfpt-cedoc\/informations-pratiques-3\/revues\/#primaryimage"},"image":{"@id":"https:\/\/edurec.ge.ch\/site\/cfpt-cedoc\/informations-pratiques-3\/revues\/#primaryimage"},"thumbnailUrl":"https:\/\/edurec.ge.ch\/site\/cfpt-cedoc\/wp-content\/uploads\/sites\/119\/2023\/03\/REVUES.png","datePublished":"2023-03-02T12:05:40+00:00","dateModified":"2025-03-12T15:11:22+00:00","breadcrumb":{"@id":"https:\/\/edurec.ge.ch\/site\/cfpt-cedoc\/informations-pratiques-3\/revues\/#breadcrumb"},"inLanguage":"fr-FR","potentialAction":[{"@type":"ReadAction","target":["https:\/\/edurec.ge.ch\/site\/cfpt-cedoc\/informations-pratiques-3\/revues\/"]}]},{"@type":"ImageObject","inLanguage":"fr-FR","@id":"https:\/\/edurec.ge.ch\/site\/cfpt-cedoc\/informations-pratiques-3\/revues\/#primaryimage","url":"https:\/\/edurec.ge.ch\/site\/cfpt-cedoc\/wp-content\/uploads\/sites\/119\/2023\/03\/REVUES.png","contentUrl":"https:\/\/edurec.ge.ch\/site\/cfpt-cedoc\/wp-content\/uploads\/sites\/119\/2023\/03\/REVUES.png","width":3945,"height":2409},{"@type":"BreadcrumbList","@id":"https:\/\/edurec.ge.ch\/site\/cfpt-cedoc\/informations-pratiques-3\/revues\/#breadcrumb","itemListElement":[{"@type":"ListItem","position":1,"name":"Accueil","item":"https:\/\/edurec.ge.ch\/site\/cfpt-cedoc\/"},{"@type":"ListItem","position":2,"name":"Informations pratiques","item":"https:\/\/edurec.ge.ch\/site\/cfpt-cedoc\/informations-pratiques-3\/"},{"@type":"ListItem","position":3,"name":"Revues"}]},{"@type":"WebSite","@id":"https:\/\/edurec.ge.ch\/site\/cfpt-cedoc\/#website","url":"https:\/\/edurec.ge.ch\/site\/cfpt-cedoc\/","name":"CFPT Cedoc","description":"Toutes les informations pratiques du CEDOC du CFPT","potentialAction":[{"@type":"SearchAction","target":{"@type":"EntryPoint","urlTemplate":"https:\/\/edurec.ge.ch\/site\/cfpt-cedoc\/?s={search_term_string}"},"query-input":{"@type":"PropertyValueSpecification","valueRequired":true,"valueName":"search_term_string"}}],"inLanguage":"fr-FR"}]}},"_links":{"self":[{"href":"https:\/\/edurec.ge.ch\/site\/cfpt-cedoc\/wp-json\/wp\/v2\/pages\/2054","targetHints":{"allow":["GET"]}}],"collection":[{"href":"https:\/\/edurec.ge.ch\/site\/cfpt-cedoc\/wp-json\/wp\/v2\/pages"}],"about":[{"href":"https:\/\/edurec.ge.ch\/site\/cfpt-cedoc\/wp-json\/wp\/v2\/types\/page"}],"author":[{"embeddable":true,"href":"https:\/\/edurec.ge.ch\/site\/cfpt-cedoc\/wp-json\/wp\/v2\/users\/3617"}],"replies":[{"embeddable":true,"href":"https:\/\/edurec.ge.ch\/site\/cfpt-cedoc\/wp-json\/wp\/v2\/comments?post=2054"}],"version-history":[{"count":22,"href":"https:\/\/edurec.ge.ch\/site\/cfpt-cedoc\/wp-json\/wp\/v2\/pages\/2054\/revisions"}],"predecessor-version":[{"id":2412,"href":"https:\/\/edurec.ge.ch\/site\/cfpt-cedoc\/wp-json\/wp\/v2\/pages\/2054\/revisions\/2412"}],"up":[{"embeddable":true,"href":"https:\/\/edurec.ge.ch\/site\/cfpt-cedoc\/wp-json\/wp\/v2\/pages\/171"}],"wp:featuredmedia":[{"embeddable":true,"href":"https:\/\/edurec.ge.ch\/site\/cfpt-cedoc\/wp-json\/wp\/v2\/media\/2061"}],"wp:attachment":[{"href":"https:\/\/edurec.ge.ch\/site\/cfpt-cedoc\/wp-json\/wp\/v2\/media?parent=2054"}],"curies":[{"name":"wp","href":"https:\/\/api.w.org\/{rel}","templated":true}]}}