{"id":1826,"date":"2022-02-01T15:45:41","date_gmt":"2022-02-01T13:45:41","guid":{"rendered":"https:\/\/edurec.ge.ch\/site\/cfpt-cedoc\/?page_id=1826"},"modified":"2023-10-20T14:27:31","modified_gmt":"2023-10-20T12:27:31","slug":"fake-escape-news","status":"publish","type":"page","link":"https:\/\/edurec.ge.ch\/site\/cfpt-cedoc\/ateliers\/fake-escape-news\/","title":{"rendered":"Fake escape news"},"content":{"rendered":"<p><a href=\"https:\/\/edurec.ge.ch\/site\/cfpt-cedoc\/wp-content\/uploads\/sites\/119\/2022\/02\/canva-atelier-fake-news.png\" data-rel=\"lightbox-image-0\" data-rl_title=\"\" data-rl_caption=\"\" title=\"\"><img loading=\"lazy\" decoding=\"async\" class=\"aligncenter wp-image-1814 size-thumbnail\" src=\"https:\/\/edurec.ge.ch\/site\/cfpt-cedoc\/wp-content\/uploads\/sites\/119\/2022\/02\/canva-atelier-fake-news-150x150.png\" alt=\"\" width=\"150\" height=\"150\" srcset=\"https:\/\/edurec.ge.ch\/site\/cfpt-cedoc\/wp-content\/uploads\/sites\/119\/2022\/02\/canva-atelier-fake-news-150x150.png 150w, https:\/\/edurec.ge.ch\/site\/cfpt-cedoc\/wp-content\/uploads\/sites\/119\/2022\/02\/canva-atelier-fake-news-300x300.png 300w, https:\/\/edurec.ge.ch\/site\/cfpt-cedoc\/wp-content\/uploads\/sites\/119\/2022\/02\/canva-atelier-fake-news-768x768.png 768w, https:\/\/edurec.ge.ch\/site\/cfpt-cedoc\/wp-content\/uploads\/sites\/119\/2022\/02\/canva-atelier-fake-news-1024x1024.png 1024w, https:\/\/edurec.ge.ch\/site\/cfpt-cedoc\/wp-content\/uploads\/sites\/119\/2022\/02\/canva-atelier-fake-news-510x510.png 510w, https:\/\/edurec.ge.ch\/site\/cfpt-cedoc\/wp-content\/uploads\/sites\/119\/2022\/02\/canva-atelier-fake-news.png 1080w\" sizes=\"auto, (max-width: 150px) 100vw, 150px\" \/><\/a><\/p>\n<p>Si vous souhaitez inscrire votre classe \u00e0 cet <strong>escape game<\/strong>, merci de prendre contact avec les biblioth\u00e9caires.<\/p>\n<p><strong><span style=\"color: #ff00ff\">Fake escape news<\/span><\/strong><\/p>\n<p><strong>Sc\u00e9nario<\/strong> : vous \u00eates un journaliste ind\u00e9pendant, vous devez absolument \u00e9crire un article sur d&rsquo;ici \u00e0 demain soir. Le probl\u00e8me, c&rsquo;est que vous n&rsquo;avez aucun sujet en t\u00eate et que vous ne savez pas comment d\u00e9m\u00ealer les vraies infos des fausses.<\/p>\n<p>Pour pouvoir \u00eatre publi\u00e9, vous aurez aussi besoin d&rsquo;une accr\u00e9ditation. Vous vous rendez donc \u00e0 la biblioth\u00e8que.<\/p>\n<p><strong>D\u00e9roulement<\/strong> : Les participants doivent retrouver 5 sujets cach\u00e9s dans la biblioth\u00e8que, dont un seul est une info v\u00e9ritable. En parall\u00e8le 4 astuces qui les aident \u00e0 d\u00e9m\u00ealer le vrai du faux sont aussi \u00e0 d\u00e9couvrir. Pour y arriver, ils devront montrer leurs capacit\u00e9s de logique et de rapidit\u00e9.<\/p>\n<p>Nombres de participant.e.s : 9 \u00e0 18<br \/>\nPr\u00e9requis : <strong>visite de la biblioth\u00e8que. A partir du deuxi\u00e8me semestre de formation.<\/strong><\/p>\n<p><span style=\"color: #ff0000\"><strong>A PARTIR DU MOIS DE NOVEMBRE<\/strong><\/span><\/p>\n<p>Dur\u00e9e : 90 minutes<\/p>\n<p><span style=\"color: #3366ff\"><a style=\"color: #3366ff\" href=\"https:\/\/edurec.ge.ch\/site\/cfpt-cedoc\/wp-content\/uploads\/sites\/119\/2022\/02\/bibliogr_cfpt.pdf\">Bibliographie s\u00e9lective sur le th\u00e8me des fake news<\/a><\/span><\/p>\n","protected":false},"excerpt":{"rendered":"<p>Si vous souhaitez inscrire votre classe \u00e0 cet escape game, merci de prendre contact avec les biblioth\u00e9caires. Fake escape news Sc\u00e9nario : vous \u00eates un journaliste ind\u00e9pendant, vous devez absolument \u00e9crire un article sur d&rsquo;ici \u00e0 demain soir. Le probl\u00e8me, c&rsquo;est que vous n&rsquo;avez aucun sujet en t\u00eate et que vous ne savez pas comment [&hellip;]<\/p>\n","protected":false},"author":3617,"featured_media":1814,"parent":1497,"menu_order":0,"comment_status":"closed","ping_status":"closed","template":"","meta":{"footnotes":""},"class_list":["post-1826","page","type-page","status-publish","has-post-thumbnail","czr-hentry"],"yoast_head":"<!-- This site is optimized with the Yoast SEO plugin v26.4 - https:\/\/yoast.com\/wordpress\/plugins\/seo\/ -->\n<title>Fake escape news - CFPT Cedoc<\/title>\n<meta name=\"robots\" content=\"index, follow, max-snippet:-1, max-image-preview:large, max-video-preview:-1\" \/>\n<link rel=\"canonical\" href=\"https:\/\/edurec.ge.ch\/site\/cfpt-cedoc\/ateliers\/fake-escape-news\/\" \/>\n<meta property=\"og:locale\" content=\"fr_FR\" \/>\n<meta property=\"og:type\" content=\"article\" \/>\n<meta property=\"og:title\" content=\"Fake escape news - CFPT Cedoc\" \/>\n<meta property=\"og:description\" content=\"Si vous souhaitez inscrire votre classe \u00e0 cet escape game, merci de prendre contact avec les biblioth\u00e9caires. Fake escape news Sc\u00e9nario : vous \u00eates un journaliste ind\u00e9pendant, vous devez absolument \u00e9crire un article sur d&rsquo;ici \u00e0 demain soir. Le probl\u00e8me, c&rsquo;est que vous n&rsquo;avez aucun sujet en t\u00eate et que vous ne savez pas comment [&hellip;]\" \/>\n<meta property=\"og:url\" content=\"https:\/\/edurec.ge.ch\/site\/cfpt-cedoc\/ateliers\/fake-escape-news\/\" \/>\n<meta property=\"og:site_name\" content=\"CFPT Cedoc\" \/>\n<meta property=\"article:modified_time\" content=\"2023-10-20T12:27:31+00:00\" \/>\n<meta property=\"og:image\" content=\"https:\/\/edurec.ge.ch\/site\/cfpt-cedoc\/wp-content\/uploads\/sites\/119\/2022\/02\/canva-atelier-fake-news.png\" \/>\n\t<meta property=\"og:image:width\" content=\"1080\" \/>\n\t<meta property=\"og:image:height\" content=\"1080\" \/>\n\t<meta property=\"og:image:type\" content=\"image\/png\" \/>\n<meta name=\"twitter:card\" content=\"summary_large_image\" \/>\n<meta name=\"twitter:label1\" content=\"Dur\u00e9e de lecture estim\u00e9e\" \/>\n\t<meta name=\"twitter:data1\" content=\"1 minute\" \/>\n<script type=\"application\/ld+json\" class=\"yoast-schema-graph\">{\"@context\":\"https:\/\/schema.org\",\"@graph\":[{\"@type\":\"WebPage\",\"@id\":\"https:\/\/edurec.ge.ch\/site\/cfpt-cedoc\/ateliers\/fake-escape-news\/\",\"url\":\"https:\/\/edurec.ge.ch\/site\/cfpt-cedoc\/ateliers\/fake-escape-news\/\",\"name\":\"Fake escape news - CFPT Cedoc\",\"isPartOf\":{\"@id\":\"https:\/\/edurec.ge.ch\/site\/cfpt-cedoc\/#website\"},\"primaryImageOfPage\":{\"@id\":\"https:\/\/edurec.ge.ch\/site\/cfpt-cedoc\/ateliers\/fake-escape-news\/#primaryimage\"},\"image\":{\"@id\":\"https:\/\/edurec.ge.ch\/site\/cfpt-cedoc\/ateliers\/fake-escape-news\/#primaryimage\"},\"thumbnailUrl\":\"https:\/\/edurec.ge.ch\/site\/cfpt-cedoc\/wp-content\/uploads\/sites\/119\/2022\/02\/canva-atelier-fake-news.png\",\"datePublished\":\"2022-02-01T13:45:41+00:00\",\"dateModified\":\"2023-10-20T12:27:31+00:00\",\"breadcrumb\":{\"@id\":\"https:\/\/edurec.ge.ch\/site\/cfpt-cedoc\/ateliers\/fake-escape-news\/#breadcrumb\"},\"inLanguage\":\"fr-FR\",\"potentialAction\":[{\"@type\":\"ReadAction\",\"target\":[\"https:\/\/edurec.ge.ch\/site\/cfpt-cedoc\/ateliers\/fake-escape-news\/\"]}]},{\"@type\":\"ImageObject\",\"inLanguage\":\"fr-FR\",\"@id\":\"https:\/\/edurec.ge.ch\/site\/cfpt-cedoc\/ateliers\/fake-escape-news\/#primaryimage\",\"url\":\"https:\/\/edurec.ge.ch\/site\/cfpt-cedoc\/wp-content\/uploads\/sites\/119\/2022\/02\/canva-atelier-fake-news.png\",\"contentUrl\":\"https:\/\/edurec.ge.ch\/site\/cfpt-cedoc\/wp-content\/uploads\/sites\/119\/2022\/02\/canva-atelier-fake-news.png\",\"width\":1080,\"height\":1080},{\"@type\":\"BreadcrumbList\",\"@id\":\"https:\/\/edurec.ge.ch\/site\/cfpt-cedoc\/ateliers\/fake-escape-news\/#breadcrumb\",\"itemListElement\":[{\"@type\":\"ListItem\",\"position\":1,\"name\":\"Accueil\",\"item\":\"https:\/\/edurec.ge.ch\/site\/cfpt-cedoc\/\"},{\"@type\":\"ListItem\",\"position\":2,\"name\":\"Ateliers\",\"item\":\"https:\/\/edurec.ge.ch\/site\/cfpt-cedoc\/ateliers\/\"},{\"@type\":\"ListItem\",\"position\":3,\"name\":\"Fake escape news\"}]},{\"@type\":\"WebSite\",\"@id\":\"https:\/\/edurec.ge.ch\/site\/cfpt-cedoc\/#website\",\"url\":\"https:\/\/edurec.ge.ch\/site\/cfpt-cedoc\/\",\"name\":\"CFPT Cedoc\",\"description\":\"Toutes les informations pratiques du CEDOC du CFPT\",\"potentialAction\":[{\"@type\":\"SearchAction\",\"target\":{\"@type\":\"EntryPoint\",\"urlTemplate\":\"https:\/\/edurec.ge.ch\/site\/cfpt-cedoc\/?s={search_term_string}\"},\"query-input\":{\"@type\":\"PropertyValueSpecification\",\"valueRequired\":true,\"valueName\":\"search_term_string\"}}],\"inLanguage\":\"fr-FR\"}]}<\/script>\n<!-- \/ Yoast SEO plugin. -->","yoast_head_json":{"title":"Fake escape news - CFPT Cedoc","robots":{"index":"index","follow":"follow","max-snippet":"max-snippet:-1","max-image-preview":"max-image-preview:large","max-video-preview":"max-video-preview:-1"},"canonical":"https:\/\/edurec.ge.ch\/site\/cfpt-cedoc\/ateliers\/fake-escape-news\/","og_locale":"fr_FR","og_type":"article","og_title":"Fake escape news - CFPT Cedoc","og_description":"Si vous souhaitez inscrire votre classe \u00e0 cet escape game, merci de prendre contact avec les biblioth\u00e9caires. Fake escape news Sc\u00e9nario : vous \u00eates un journaliste ind\u00e9pendant, vous devez absolument \u00e9crire un article sur d&rsquo;ici \u00e0 demain soir. Le probl\u00e8me, c&rsquo;est que vous n&rsquo;avez aucun sujet en t\u00eate et que vous ne savez pas comment [&hellip;]","og_url":"https:\/\/edurec.ge.ch\/site\/cfpt-cedoc\/ateliers\/fake-escape-news\/","og_site_name":"CFPT Cedoc","article_modified_time":"2023-10-20T12:27:31+00:00","og_image":[{"width":1080,"height":1080,"url":"https:\/\/edurec.ge.ch\/site\/cfpt-cedoc\/wp-content\/uploads\/sites\/119\/2022\/02\/canva-atelier-fake-news.png","type":"image\/png"}],"twitter_card":"summary_large_image","twitter_misc":{"Dur\u00e9e de lecture estim\u00e9e":"1 minute"},"schema":{"@context":"https:\/\/schema.org","@graph":[{"@type":"WebPage","@id":"https:\/\/edurec.ge.ch\/site\/cfpt-cedoc\/ateliers\/fake-escape-news\/","url":"https:\/\/edurec.ge.ch\/site\/cfpt-cedoc\/ateliers\/fake-escape-news\/","name":"Fake escape news - CFPT Cedoc","isPartOf":{"@id":"https:\/\/edurec.ge.ch\/site\/cfpt-cedoc\/#website"},"primaryImageOfPage":{"@id":"https:\/\/edurec.ge.ch\/site\/cfpt-cedoc\/ateliers\/fake-escape-news\/#primaryimage"},"image":{"@id":"https:\/\/edurec.ge.ch\/site\/cfpt-cedoc\/ateliers\/fake-escape-news\/#primaryimage"},"thumbnailUrl":"https:\/\/edurec.ge.ch\/site\/cfpt-cedoc\/wp-content\/uploads\/sites\/119\/2022\/02\/canva-atelier-fake-news.png","datePublished":"2022-02-01T13:45:41+00:00","dateModified":"2023-10-20T12:27:31+00:00","breadcrumb":{"@id":"https:\/\/edurec.ge.ch\/site\/cfpt-cedoc\/ateliers\/fake-escape-news\/#breadcrumb"},"inLanguage":"fr-FR","potentialAction":[{"@type":"ReadAction","target":["https:\/\/edurec.ge.ch\/site\/cfpt-cedoc\/ateliers\/fake-escape-news\/"]}]},{"@type":"ImageObject","inLanguage":"fr-FR","@id":"https:\/\/edurec.ge.ch\/site\/cfpt-cedoc\/ateliers\/fake-escape-news\/#primaryimage","url":"https:\/\/edurec.ge.ch\/site\/cfpt-cedoc\/wp-content\/uploads\/sites\/119\/2022\/02\/canva-atelier-fake-news.png","contentUrl":"https:\/\/edurec.ge.ch\/site\/cfpt-cedoc\/wp-content\/uploads\/sites\/119\/2022\/02\/canva-atelier-fake-news.png","width":1080,"height":1080},{"@type":"BreadcrumbList","@id":"https:\/\/edurec.ge.ch\/site\/cfpt-cedoc\/ateliers\/fake-escape-news\/#breadcrumb","itemListElement":[{"@type":"ListItem","position":1,"name":"Accueil","item":"https:\/\/edurec.ge.ch\/site\/cfpt-cedoc\/"},{"@type":"ListItem","position":2,"name":"Ateliers","item":"https:\/\/edurec.ge.ch\/site\/cfpt-cedoc\/ateliers\/"},{"@type":"ListItem","position":3,"name":"Fake escape news"}]},{"@type":"WebSite","@id":"https:\/\/edurec.ge.ch\/site\/cfpt-cedoc\/#website","url":"https:\/\/edurec.ge.ch\/site\/cfpt-cedoc\/","name":"CFPT Cedoc","description":"Toutes les informations pratiques du CEDOC du CFPT","potentialAction":[{"@type":"SearchAction","target":{"@type":"EntryPoint","urlTemplate":"https:\/\/edurec.ge.ch\/site\/cfpt-cedoc\/?s={search_term_string}"},"query-input":{"@type":"PropertyValueSpecification","valueRequired":true,"valueName":"search_term_string"}}],"inLanguage":"fr-FR"}]}},"_links":{"self":[{"href":"https:\/\/edurec.ge.ch\/site\/cfpt-cedoc\/wp-json\/wp\/v2\/pages\/1826","targetHints":{"allow":["GET"]}}],"collection":[{"href":"https:\/\/edurec.ge.ch\/site\/cfpt-cedoc\/wp-json\/wp\/v2\/pages"}],"about":[{"href":"https:\/\/edurec.ge.ch\/site\/cfpt-cedoc\/wp-json\/wp\/v2\/types\/page"}],"author":[{"embeddable":true,"href":"https:\/\/edurec.ge.ch\/site\/cfpt-cedoc\/wp-json\/wp\/v2\/users\/3617"}],"replies":[{"embeddable":true,"href":"https:\/\/edurec.ge.ch\/site\/cfpt-cedoc\/wp-json\/wp\/v2\/comments?post=1826"}],"version-history":[{"count":20,"href":"https:\/\/edurec.ge.ch\/site\/cfpt-cedoc\/wp-json\/wp\/v2\/pages\/1826\/revisions"}],"predecessor-version":[{"id":2211,"href":"https:\/\/edurec.ge.ch\/site\/cfpt-cedoc\/wp-json\/wp\/v2\/pages\/1826\/revisions\/2211"}],"up":[{"embeddable":true,"href":"https:\/\/edurec.ge.ch\/site\/cfpt-cedoc\/wp-json\/wp\/v2\/pages\/1497"}],"wp:featuredmedia":[{"embeddable":true,"href":"https:\/\/edurec.ge.ch\/site\/cfpt-cedoc\/wp-json\/wp\/v2\/media\/1814"}],"wp:attachment":[{"href":"https:\/\/edurec.ge.ch\/site\/cfpt-cedoc\/wp-json\/wp\/v2\/media?parent=1826"}],"curies":[{"name":"wp","href":"https:\/\/api.w.org\/{rel}","templated":true}]}}