{"id":1816,"date":"2022-02-01T15:12:58","date_gmt":"2022-02-01T13:12:58","guid":{"rendered":"https:\/\/edurec.ge.ch\/site\/cfpt-cedoc\/?page_id=1816"},"modified":"2023-06-16T10:07:52","modified_gmt":"2023-06-16T08:07:52","slug":"jeux-decriture","status":"publish","type":"page","link":"https:\/\/edurec.ge.ch\/site\/cfpt-cedoc\/ateliers\/jeux-decriture\/","title":{"rendered":"Jeux d&rsquo;\u00e9criture"},"content":{"rendered":"<p><a href=\"https:\/\/edurec.ge.ch\/site\/cfpt-cedoc\/wp-content\/uploads\/sites\/119\/2022\/02\/Atelier-Jeux-d\u00e9criture.png\" data-rel=\"lightbox-image-0\" data-rl_title=\"\" data-rl_caption=\"\" title=\"\"><img loading=\"lazy\" decoding=\"async\" class=\"aligncenter wp-image-1815 size-thumbnail\" src=\"https:\/\/edurec.ge.ch\/site\/cfpt-cedoc\/wp-content\/uploads\/sites\/119\/2022\/02\/Atelier-Jeux-d\u00e9criture-150x150.png\" alt=\"\" width=\"150\" height=\"150\" srcset=\"https:\/\/edurec.ge.ch\/site\/cfpt-cedoc\/wp-content\/uploads\/sites\/119\/2022\/02\/Atelier-Jeux-d\u00e9criture-150x150.png 150w, https:\/\/edurec.ge.ch\/site\/cfpt-cedoc\/wp-content\/uploads\/sites\/119\/2022\/02\/Atelier-Jeux-d\u00e9criture-300x300.png 300w, https:\/\/edurec.ge.ch\/site\/cfpt-cedoc\/wp-content\/uploads\/sites\/119\/2022\/02\/Atelier-Jeux-d\u00e9criture-768x768.png 768w, https:\/\/edurec.ge.ch\/site\/cfpt-cedoc\/wp-content\/uploads\/sites\/119\/2022\/02\/Atelier-Jeux-d\u00e9criture-1024x1024.png 1024w, https:\/\/edurec.ge.ch\/site\/cfpt-cedoc\/wp-content\/uploads\/sites\/119\/2022\/02\/Atelier-Jeux-d\u00e9criture-510x510.png 510w, https:\/\/edurec.ge.ch\/site\/cfpt-cedoc\/wp-content\/uploads\/sites\/119\/2022\/02\/Atelier-Jeux-d\u00e9criture.png 1080w\" sizes=\"auto, (max-width: 150px) 100vw, 150px\" \/><\/a><\/p>\n<p>Si vous souhaitez inscrire votre classe, merci de r\u00e9server aupr\u00e8s des biblioth\u00e9caires.<\/p>\n<p><strong><span style=\"color: #ff00ff\">Atelier d&rsquo;\u00e9criture ludique<\/span><\/strong><\/p>\n<p>o\u00f9 l&rsquo;on va beaucoup s&rsquo;amuser avec les mots, les sons et les sens. Venez faire la f\u00eate aux jeux de cr\u00e9ation, fabriquer des mots qui richatouillent et des phrases qui ronflonnent. Venez imaginer des mondes, d\u00e9crire ce qui vous inspire et le partager pour le meilleur et pour le rire.<\/p>\n<p>Comp\u00e9tences : d\u00e9veloppe la <span style=\"color: #ff00ff\">cr\u00e9ativit\u00e9<\/span>, stimule l<span style=\"color: #3366ff\">&lsquo;<span style=\"color: #ff00ff\">imaginaire<\/span><\/span>, apporte la<span style=\"color: #ff00ff\"> joie du partage<\/span>, enrichit la <span style=\"color: #ff00ff\">coh\u00e9sion<\/span> de la classe, encourage la <span style=\"color: #ff00ff\">spontan\u00e9it\u00e9<\/span> et augmente la <span style=\"color: #ff00ff\">confiance en soi<\/span>.<\/p>\n<p>Dur\u00e9e : 90 minutes<\/p>\n<h2><span style=\"color: #ff00ff\">Exemple de textes d&rsquo;\u00e9l\u00e8ves<\/span><\/h2>\n<p><a href=\"https:\/\/edurec.ge.ch\/site\/cfpt-cedoc\/wp-content\/uploads\/sites\/119\/2023\/06\/Textes-eleves-1ere-CFC_Quinzaine-2023-.pdf\">Textes \u00e9l\u00e8ves 1\u00e8re CFC_Quinzaine 2023<\/a><\/p>\n<p><a href=\"https:\/\/edurec.ge.ch\/site\/cfpt-cedoc\/wp-content\/uploads\/sites\/119\/2023\/06\/Textes-eleves-Informatique-3eme-annee.pdf\">Textes \u00e9l\u00e8ves Informatique-3\u00e8me ann\u00e9e<\/a><\/p>\n<h1 style=\"text-align: center\"><span style=\"color: #3366ff\"><strong>\u00a0<\/strong><\/span><\/h1>\n","protected":false},"excerpt":{"rendered":"<p>Si vous souhaitez inscrire votre classe, merci de r\u00e9server aupr\u00e8s des biblioth\u00e9caires. Atelier d&rsquo;\u00e9criture ludique o\u00f9 l&rsquo;on va beaucoup s&rsquo;amuser avec les mots, les sons et les sens. Venez faire la f\u00eate aux jeux de cr\u00e9ation, fabriquer des mots qui richatouillent et des phrases qui ronflonnent. Venez imaginer des mondes, d\u00e9crire ce qui vous inspire [&hellip;]<\/p>\n","protected":false},"author":3617,"featured_media":1815,"parent":1497,"menu_order":0,"comment_status":"closed","ping_status":"closed","template":"","meta":{"footnotes":""},"class_list":["post-1816","page","type-page","status-publish","has-post-thumbnail","czr-hentry"],"yoast_head":"<!-- This site is optimized with the Yoast SEO plugin v26.4 - https:\/\/yoast.com\/wordpress\/plugins\/seo\/ -->\n<title>Jeux d&#039;\u00e9criture - CFPT Cedoc<\/title>\n<meta name=\"robots\" content=\"index, follow, max-snippet:-1, max-image-preview:large, max-video-preview:-1\" \/>\n<link rel=\"canonical\" href=\"https:\/\/edurec.ge.ch\/site\/cfpt-cedoc\/ateliers\/jeux-decriture\/\" \/>\n<meta property=\"og:locale\" content=\"fr_FR\" \/>\n<meta property=\"og:type\" content=\"article\" \/>\n<meta property=\"og:title\" content=\"Jeux d&#039;\u00e9criture - CFPT Cedoc\" \/>\n<meta property=\"og:description\" content=\"Si vous souhaitez inscrire votre classe, merci de r\u00e9server aupr\u00e8s des biblioth\u00e9caires. Atelier d&rsquo;\u00e9criture ludique o\u00f9 l&rsquo;on va beaucoup s&rsquo;amuser avec les mots, les sons et les sens. Venez faire la f\u00eate aux jeux de cr\u00e9ation, fabriquer des mots qui richatouillent et des phrases qui ronflonnent. Venez imaginer des mondes, d\u00e9crire ce qui vous inspire [&hellip;]\" \/>\n<meta property=\"og:url\" content=\"https:\/\/edurec.ge.ch\/site\/cfpt-cedoc\/ateliers\/jeux-decriture\/\" \/>\n<meta property=\"og:site_name\" content=\"CFPT Cedoc\" \/>\n<meta property=\"article:modified_time\" content=\"2023-06-16T08:07:52+00:00\" \/>\n<meta property=\"og:image\" content=\"https:\/\/edurec.ge.ch\/site\/cfpt-cedoc\/wp-content\/uploads\/sites\/119\/2022\/02\/Atelier-Jeux-d\u00e9criture.png\" \/>\n\t<meta property=\"og:image:width\" content=\"1080\" \/>\n\t<meta property=\"og:image:height\" content=\"1080\" \/>\n\t<meta property=\"og:image:type\" content=\"image\/png\" \/>\n<meta name=\"twitter:card\" content=\"summary_large_image\" \/>\n<meta name=\"twitter:label1\" content=\"Dur\u00e9e de lecture estim\u00e9e\" \/>\n\t<meta name=\"twitter:data1\" content=\"1 minute\" \/>\n<script type=\"application\/ld+json\" class=\"yoast-schema-graph\">{\"@context\":\"https:\/\/schema.org\",\"@graph\":[{\"@type\":\"WebPage\",\"@id\":\"https:\/\/edurec.ge.ch\/site\/cfpt-cedoc\/ateliers\/jeux-decriture\/\",\"url\":\"https:\/\/edurec.ge.ch\/site\/cfpt-cedoc\/ateliers\/jeux-decriture\/\",\"name\":\"Jeux d'\u00e9criture - CFPT Cedoc\",\"isPartOf\":{\"@id\":\"https:\/\/edurec.ge.ch\/site\/cfpt-cedoc\/#website\"},\"primaryImageOfPage\":{\"@id\":\"https:\/\/edurec.ge.ch\/site\/cfpt-cedoc\/ateliers\/jeux-decriture\/#primaryimage\"},\"image\":{\"@id\":\"https:\/\/edurec.ge.ch\/site\/cfpt-cedoc\/ateliers\/jeux-decriture\/#primaryimage\"},\"thumbnailUrl\":\"https:\/\/edurec.ge.ch\/site\/cfpt-cedoc\/wp-content\/uploads\/sites\/119\/2022\/02\/Atelier-Jeux-d\u00e9criture.png\",\"datePublished\":\"2022-02-01T13:12:58+00:00\",\"dateModified\":\"2023-06-16T08:07:52+00:00\",\"breadcrumb\":{\"@id\":\"https:\/\/edurec.ge.ch\/site\/cfpt-cedoc\/ateliers\/jeux-decriture\/#breadcrumb\"},\"inLanguage\":\"fr-FR\",\"potentialAction\":[{\"@type\":\"ReadAction\",\"target\":[\"https:\/\/edurec.ge.ch\/site\/cfpt-cedoc\/ateliers\/jeux-decriture\/\"]}]},{\"@type\":\"ImageObject\",\"inLanguage\":\"fr-FR\",\"@id\":\"https:\/\/edurec.ge.ch\/site\/cfpt-cedoc\/ateliers\/jeux-decriture\/#primaryimage\",\"url\":\"https:\/\/edurec.ge.ch\/site\/cfpt-cedoc\/wp-content\/uploads\/sites\/119\/2022\/02\/Atelier-Jeux-d\u00e9criture.png\",\"contentUrl\":\"https:\/\/edurec.ge.ch\/site\/cfpt-cedoc\/wp-content\/uploads\/sites\/119\/2022\/02\/Atelier-Jeux-d\u00e9criture.png\",\"width\":1080,\"height\":1080},{\"@type\":\"BreadcrumbList\",\"@id\":\"https:\/\/edurec.ge.ch\/site\/cfpt-cedoc\/ateliers\/jeux-decriture\/#breadcrumb\",\"itemListElement\":[{\"@type\":\"ListItem\",\"position\":1,\"name\":\"Accueil\",\"item\":\"https:\/\/edurec.ge.ch\/site\/cfpt-cedoc\/\"},{\"@type\":\"ListItem\",\"position\":2,\"name\":\"Ateliers\",\"item\":\"https:\/\/edurec.ge.ch\/site\/cfpt-cedoc\/ateliers\/\"},{\"@type\":\"ListItem\",\"position\":3,\"name\":\"Jeux d&rsquo;\u00e9criture\"}]},{\"@type\":\"WebSite\",\"@id\":\"https:\/\/edurec.ge.ch\/site\/cfpt-cedoc\/#website\",\"url\":\"https:\/\/edurec.ge.ch\/site\/cfpt-cedoc\/\",\"name\":\"CFPT Cedoc\",\"description\":\"Toutes les informations pratiques du CEDOC du CFPT\",\"potentialAction\":[{\"@type\":\"SearchAction\",\"target\":{\"@type\":\"EntryPoint\",\"urlTemplate\":\"https:\/\/edurec.ge.ch\/site\/cfpt-cedoc\/?s={search_term_string}\"},\"query-input\":{\"@type\":\"PropertyValueSpecification\",\"valueRequired\":true,\"valueName\":\"search_term_string\"}}],\"inLanguage\":\"fr-FR\"}]}<\/script>\n<!-- \/ Yoast SEO plugin. -->","yoast_head_json":{"title":"Jeux d'\u00e9criture - CFPT Cedoc","robots":{"index":"index","follow":"follow","max-snippet":"max-snippet:-1","max-image-preview":"max-image-preview:large","max-video-preview":"max-video-preview:-1"},"canonical":"https:\/\/edurec.ge.ch\/site\/cfpt-cedoc\/ateliers\/jeux-decriture\/","og_locale":"fr_FR","og_type":"article","og_title":"Jeux d'\u00e9criture - CFPT Cedoc","og_description":"Si vous souhaitez inscrire votre classe, merci de r\u00e9server aupr\u00e8s des biblioth\u00e9caires. Atelier d&rsquo;\u00e9criture ludique o\u00f9 l&rsquo;on va beaucoup s&rsquo;amuser avec les mots, les sons et les sens. Venez faire la f\u00eate aux jeux de cr\u00e9ation, fabriquer des mots qui richatouillent et des phrases qui ronflonnent. Venez imaginer des mondes, d\u00e9crire ce qui vous inspire [&hellip;]","og_url":"https:\/\/edurec.ge.ch\/site\/cfpt-cedoc\/ateliers\/jeux-decriture\/","og_site_name":"CFPT Cedoc","article_modified_time":"2023-06-16T08:07:52+00:00","og_image":[{"width":1080,"height":1080,"url":"https:\/\/edurec.ge.ch\/site\/cfpt-cedoc\/wp-content\/uploads\/sites\/119\/2022\/02\/Atelier-Jeux-d\u00e9criture.png","type":"image\/png"}],"twitter_card":"summary_large_image","twitter_misc":{"Dur\u00e9e de lecture estim\u00e9e":"1 minute"},"schema":{"@context":"https:\/\/schema.org","@graph":[{"@type":"WebPage","@id":"https:\/\/edurec.ge.ch\/site\/cfpt-cedoc\/ateliers\/jeux-decriture\/","url":"https:\/\/edurec.ge.ch\/site\/cfpt-cedoc\/ateliers\/jeux-decriture\/","name":"Jeux d'\u00e9criture - CFPT Cedoc","isPartOf":{"@id":"https:\/\/edurec.ge.ch\/site\/cfpt-cedoc\/#website"},"primaryImageOfPage":{"@id":"https:\/\/edurec.ge.ch\/site\/cfpt-cedoc\/ateliers\/jeux-decriture\/#primaryimage"},"image":{"@id":"https:\/\/edurec.ge.ch\/site\/cfpt-cedoc\/ateliers\/jeux-decriture\/#primaryimage"},"thumbnailUrl":"https:\/\/edurec.ge.ch\/site\/cfpt-cedoc\/wp-content\/uploads\/sites\/119\/2022\/02\/Atelier-Jeux-d\u00e9criture.png","datePublished":"2022-02-01T13:12:58+00:00","dateModified":"2023-06-16T08:07:52+00:00","breadcrumb":{"@id":"https:\/\/edurec.ge.ch\/site\/cfpt-cedoc\/ateliers\/jeux-decriture\/#breadcrumb"},"inLanguage":"fr-FR","potentialAction":[{"@type":"ReadAction","target":["https:\/\/edurec.ge.ch\/site\/cfpt-cedoc\/ateliers\/jeux-decriture\/"]}]},{"@type":"ImageObject","inLanguage":"fr-FR","@id":"https:\/\/edurec.ge.ch\/site\/cfpt-cedoc\/ateliers\/jeux-decriture\/#primaryimage","url":"https:\/\/edurec.ge.ch\/site\/cfpt-cedoc\/wp-content\/uploads\/sites\/119\/2022\/02\/Atelier-Jeux-d\u00e9criture.png","contentUrl":"https:\/\/edurec.ge.ch\/site\/cfpt-cedoc\/wp-content\/uploads\/sites\/119\/2022\/02\/Atelier-Jeux-d\u00e9criture.png","width":1080,"height":1080},{"@type":"BreadcrumbList","@id":"https:\/\/edurec.ge.ch\/site\/cfpt-cedoc\/ateliers\/jeux-decriture\/#breadcrumb","itemListElement":[{"@type":"ListItem","position":1,"name":"Accueil","item":"https:\/\/edurec.ge.ch\/site\/cfpt-cedoc\/"},{"@type":"ListItem","position":2,"name":"Ateliers","item":"https:\/\/edurec.ge.ch\/site\/cfpt-cedoc\/ateliers\/"},{"@type":"ListItem","position":3,"name":"Jeux d&rsquo;\u00e9criture"}]},{"@type":"WebSite","@id":"https:\/\/edurec.ge.ch\/site\/cfpt-cedoc\/#website","url":"https:\/\/edurec.ge.ch\/site\/cfpt-cedoc\/","name":"CFPT Cedoc","description":"Toutes les informations pratiques du CEDOC du CFPT","potentialAction":[{"@type":"SearchAction","target":{"@type":"EntryPoint","urlTemplate":"https:\/\/edurec.ge.ch\/site\/cfpt-cedoc\/?s={search_term_string}"},"query-input":{"@type":"PropertyValueSpecification","valueRequired":true,"valueName":"search_term_string"}}],"inLanguage":"fr-FR"}]}},"_links":{"self":[{"href":"https:\/\/edurec.ge.ch\/site\/cfpt-cedoc\/wp-json\/wp\/v2\/pages\/1816","targetHints":{"allow":["GET"]}}],"collection":[{"href":"https:\/\/edurec.ge.ch\/site\/cfpt-cedoc\/wp-json\/wp\/v2\/pages"}],"about":[{"href":"https:\/\/edurec.ge.ch\/site\/cfpt-cedoc\/wp-json\/wp\/v2\/types\/page"}],"author":[{"embeddable":true,"href":"https:\/\/edurec.ge.ch\/site\/cfpt-cedoc\/wp-json\/wp\/v2\/users\/3617"}],"replies":[{"embeddable":true,"href":"https:\/\/edurec.ge.ch\/site\/cfpt-cedoc\/wp-json\/wp\/v2\/comments?post=1816"}],"version-history":[{"count":11,"href":"https:\/\/edurec.ge.ch\/site\/cfpt-cedoc\/wp-json\/wp\/v2\/pages\/1816\/revisions"}],"predecessor-version":[{"id":2145,"href":"https:\/\/edurec.ge.ch\/site\/cfpt-cedoc\/wp-json\/wp\/v2\/pages\/1816\/revisions\/2145"}],"up":[{"embeddable":true,"href":"https:\/\/edurec.ge.ch\/site\/cfpt-cedoc\/wp-json\/wp\/v2\/pages\/1497"}],"wp:featuredmedia":[{"embeddable":true,"href":"https:\/\/edurec.ge.ch\/site\/cfpt-cedoc\/wp-json\/wp\/v2\/media\/1815"}],"wp:attachment":[{"href":"https:\/\/edurec.ge.ch\/site\/cfpt-cedoc\/wp-json\/wp\/v2\/media?parent=1816"}],"curies":[{"name":"wp","href":"https:\/\/api.w.org\/{rel}","templated":true}]}}