{"id":1712,"date":"2021-11-12T10:29:55","date_gmt":"2021-11-12T08:29:55","guid":{"rendered":"https:\/\/edurec.ge.ch\/site\/cfpt-cedoc\/?page_id=1712"},"modified":"2022-02-01T17:03:23","modified_gmt":"2022-02-01T15:03:23","slug":"traquez-linfox-videos-documents-interessants","status":"publish","type":"page","link":"https:\/\/edurec.ge.ch\/site\/cfpt-cedoc\/traquez-linfox-videos-documents-interessants\/","title":{"rendered":"Traquez l&rsquo;infox : vid\u00e9os et documents int\u00e9ressants"},"content":{"rendered":"<p>Les vid\u00e9os d&rsquo;Arte.tv sur les <span style=\"color: #ff00ff\">data sciences vs les fake news<\/span> :<\/p>\n<p><a href=\"https:\/\/www.arte.tv\/fr\/videos\/RC-016740\/data-science\/?fbclid=IwAR3x82totH-Yww_RHXe2pOAbaSSfaK8WTZd7ZnBfWnke-Qva5cFsuUxOp7Y\"><strong><span style=\"color: #0000ff\">https:\/\/www.arte.tv\/fr\/videos\/RC-016740\/data-science\/?fbclid=IwAR3x82totH-Yww_RHXe2pOAbaSSfaK8WTZd7ZnBfWnke-Qva5cFsuUxOp7Y<\/span><\/strong><\/a><\/p>\n<p>L&rsquo;\u00e9mission de <span style=\"color: #ff00ff\">G\u00e9opolitis<\/span> :<\/p>\n<p><span style=\"color: #0000ff\"><strong><a style=\"color: #0000ff\" href=\"https:\/\/pages.rts.ch\/emissions\/geopolitis\/10058964-fake-news.html\">https:\/\/pages.rts.ch\/emissions\/geopolitis\/10058964-fake-news.html<\/a><\/strong><\/span><\/p>\n<p>Un dossier pr\u00e9par\u00e9 par <span style=\"color: #ff00ff\">Jeunes et m\u00e9dias<\/span>, le portail d&rsquo;information consacr\u00e9 \u00e0 la <span style=\"color: #ff00ff\">promotion des comp\u00e9tences m\u00e9diatiques<\/span> :<\/p>\n<p><a href=\"https:\/\/www.jeunesetmedias.ch\/themes\/fake-news-et-manipulation-bulles-bots-et-hoaxes\"><strong><span style=\"color: #0000ff\">https:\/\/www.jeunesetmedias.ch\/themes\/fake-news-et-manipulation-bulles-bots-et-hoaxes<\/span><\/strong><\/a><\/p>\n<p>Le dossier de <span style=\"color: #ff00ff\">RTS d\u00e9couverte<\/span> :<\/p>\n<p><strong><span style=\"color: #0000ff\"><a style=\"color: #0000ff\" href=\"https:\/\/www.rts.ch\/decouverte\/monde-et-societe\/economie-et-politique\/information-et-desinformation\/\">https:\/\/www.rts.ch\/decouverte\/monde-et-societe\/economie-et-politique\/information-et-desinformation\/<\/a><\/span><\/strong><\/p>\n<p>Le dossier de la <span style=\"color: #ff00ff\">cyberth\u00e8que Andr\u00e9-Chavannes<\/span> :<\/p>\n<p><strong><span style=\"color: #0000ff\"><a style=\"color: #0000ff\" href=\"https:\/\/edurec.ge.ch\/secondaire2\/chav-cedoc-cyb\/dossiers-documentaires\/fake-news\">https:\/\/edurec.ge.ch\/secondaire2\/chav-cedoc-cyb\/dossiers-documentaires\/fake-news<\/a><\/span><\/strong><\/p>\n<p>Les documents disponibles \u00e0 la <span style=\"color: #ff00ff\">m\u00e9diath\u00e8que<\/span> :<\/p>\n<p><a href=\"https:\/\/edurec.ge.ch\/site\/cfpt-cedoc\/wp-content\/uploads\/sites\/119\/2022\/02\/bibliogr_cfpt.pdf\"><span style=\"color: #0000ff\">Bibliographie s\u00e9lective : les documents disponibles \u00e0 la m\u00e9diath\u00e8que<\/span><\/a><\/p>\n<p>&nbsp;<\/p>\n","protected":false},"excerpt":{"rendered":"<p>Les vid\u00e9os d&rsquo;Arte.tv sur les data sciences vs les fake news : https:\/\/www.arte.tv\/fr\/videos\/RC-016740\/data-science\/?fbclid=IwAR3x82totH-Yww_RHXe2pOAbaSSfaK8WTZd7ZnBfWnke-Qva5cFsuUxOp7Y L&rsquo;\u00e9mission de G\u00e9opolitis : https:\/\/pages.rts.ch\/emissions\/geopolitis\/10058964-fake-news.html Un dossier pr\u00e9par\u00e9 par Jeunes et m\u00e9dias, le portail d&rsquo;information consacr\u00e9 \u00e0 la promotion des comp\u00e9tences m\u00e9diatiques : https:\/\/www.jeunesetmedias.ch\/themes\/fake-news-et-manipulation-bulles-bots-et-hoaxes Le dossier de RTS d\u00e9couverte : https:\/\/www.rts.ch\/decouverte\/monde-et-societe\/economie-et-politique\/information-et-desinformation\/ Le dossier de la cyberth\u00e8que Andr\u00e9-Chavannes : https:\/\/edurec.ge.ch\/secondaire2\/chav-cedoc-cyb\/dossiers-documentaires\/fake-news Les documents disponibles [&hellip;]<\/p>\n","protected":false},"author":3617,"featured_media":0,"parent":0,"menu_order":0,"comment_status":"closed","ping_status":"closed","template":"","meta":{"footnotes":""},"class_list":["post-1712","page","type-page","status-publish","czr-hentry"],"yoast_head":"<!-- This site is optimized with the Yoast SEO plugin v26.4 - https:\/\/yoast.com\/wordpress\/plugins\/seo\/ -->\n<title>Traquez l&#039;infox : vid\u00e9os et documents int\u00e9ressants - CFPT Cedoc<\/title>\n<meta name=\"robots\" content=\"index, follow, max-snippet:-1, max-image-preview:large, max-video-preview:-1\" \/>\n<link rel=\"canonical\" href=\"https:\/\/edurec.ge.ch\/site\/cfpt-cedoc\/traquez-linfox-videos-documents-interessants\/\" \/>\n<meta property=\"og:locale\" content=\"fr_FR\" \/>\n<meta property=\"og:type\" content=\"article\" \/>\n<meta property=\"og:title\" content=\"Traquez l&#039;infox : vid\u00e9os et documents int\u00e9ressants - CFPT Cedoc\" \/>\n<meta property=\"og:description\" content=\"Les vid\u00e9os d&rsquo;Arte.tv sur les data sciences vs les fake news : https:\/\/www.arte.tv\/fr\/videos\/RC-016740\/data-science\/?fbclid=IwAR3x82totH-Yww_RHXe2pOAbaSSfaK8WTZd7ZnBfWnke-Qva5cFsuUxOp7Y L&rsquo;\u00e9mission de G\u00e9opolitis : https:\/\/pages.rts.ch\/emissions\/geopolitis\/10058964-fake-news.html Un dossier pr\u00e9par\u00e9 par Jeunes et m\u00e9dias, le portail d&rsquo;information consacr\u00e9 \u00e0 la promotion des comp\u00e9tences m\u00e9diatiques : https:\/\/www.jeunesetmedias.ch\/themes\/fake-news-et-manipulation-bulles-bots-et-hoaxes Le dossier de RTS d\u00e9couverte : https:\/\/www.rts.ch\/decouverte\/monde-et-societe\/economie-et-politique\/information-et-desinformation\/ Le dossier de la cyberth\u00e8que Andr\u00e9-Chavannes : https:\/\/edurec.ge.ch\/secondaire2\/chav-cedoc-cyb\/dossiers-documentaires\/fake-news Les documents disponibles [&hellip;]\" \/>\n<meta property=\"og:url\" content=\"https:\/\/edurec.ge.ch\/site\/cfpt-cedoc\/traquez-linfox-videos-documents-interessants\/\" \/>\n<meta property=\"og:site_name\" content=\"CFPT Cedoc\" \/>\n<meta property=\"article:modified_time\" content=\"2022-02-01T15:03:23+00:00\" \/>\n<meta name=\"twitter:card\" content=\"summary_large_image\" \/>\n<meta name=\"twitter:label1\" content=\"Dur\u00e9e de lecture estim\u00e9e\" \/>\n\t<meta name=\"twitter:data1\" content=\"1 minute\" \/>\n<script type=\"application\/ld+json\" class=\"yoast-schema-graph\">{\"@context\":\"https:\/\/schema.org\",\"@graph\":[{\"@type\":\"WebPage\",\"@id\":\"https:\/\/edurec.ge.ch\/site\/cfpt-cedoc\/traquez-linfox-videos-documents-interessants\/\",\"url\":\"https:\/\/edurec.ge.ch\/site\/cfpt-cedoc\/traquez-linfox-videos-documents-interessants\/\",\"name\":\"Traquez l'infox : vid\u00e9os et documents int\u00e9ressants - CFPT Cedoc\",\"isPartOf\":{\"@id\":\"https:\/\/edurec.ge.ch\/site\/cfpt-cedoc\/#website\"},\"datePublished\":\"2021-11-12T08:29:55+00:00\",\"dateModified\":\"2022-02-01T15:03:23+00:00\",\"breadcrumb\":{\"@id\":\"https:\/\/edurec.ge.ch\/site\/cfpt-cedoc\/traquez-linfox-videos-documents-interessants\/#breadcrumb\"},\"inLanguage\":\"fr-FR\",\"potentialAction\":[{\"@type\":\"ReadAction\",\"target\":[\"https:\/\/edurec.ge.ch\/site\/cfpt-cedoc\/traquez-linfox-videos-documents-interessants\/\"]}]},{\"@type\":\"BreadcrumbList\",\"@id\":\"https:\/\/edurec.ge.ch\/site\/cfpt-cedoc\/traquez-linfox-videos-documents-interessants\/#breadcrumb\",\"itemListElement\":[{\"@type\":\"ListItem\",\"position\":1,\"name\":\"Accueil\",\"item\":\"https:\/\/edurec.ge.ch\/site\/cfpt-cedoc\/\"},{\"@type\":\"ListItem\",\"position\":2,\"name\":\"Traquez l&rsquo;infox : vid\u00e9os et documents int\u00e9ressants\"}]},{\"@type\":\"WebSite\",\"@id\":\"https:\/\/edurec.ge.ch\/site\/cfpt-cedoc\/#website\",\"url\":\"https:\/\/edurec.ge.ch\/site\/cfpt-cedoc\/\",\"name\":\"CFPT Cedoc\",\"description\":\"Toutes les informations pratiques du CEDOC du CFPT\",\"potentialAction\":[{\"@type\":\"SearchAction\",\"target\":{\"@type\":\"EntryPoint\",\"urlTemplate\":\"https:\/\/edurec.ge.ch\/site\/cfpt-cedoc\/?s={search_term_string}\"},\"query-input\":{\"@type\":\"PropertyValueSpecification\",\"valueRequired\":true,\"valueName\":\"search_term_string\"}}],\"inLanguage\":\"fr-FR\"}]}<\/script>\n<!-- \/ Yoast SEO plugin. -->","yoast_head_json":{"title":"Traquez l'infox : vid\u00e9os et documents int\u00e9ressants - CFPT Cedoc","robots":{"index":"index","follow":"follow","max-snippet":"max-snippet:-1","max-image-preview":"max-image-preview:large","max-video-preview":"max-video-preview:-1"},"canonical":"https:\/\/edurec.ge.ch\/site\/cfpt-cedoc\/traquez-linfox-videos-documents-interessants\/","og_locale":"fr_FR","og_type":"article","og_title":"Traquez l'infox : vid\u00e9os et documents int\u00e9ressants - CFPT Cedoc","og_description":"Les vid\u00e9os d&rsquo;Arte.tv sur les data sciences vs les fake news : https:\/\/www.arte.tv\/fr\/videos\/RC-016740\/data-science\/?fbclid=IwAR3x82totH-Yww_RHXe2pOAbaSSfaK8WTZd7ZnBfWnke-Qva5cFsuUxOp7Y L&rsquo;\u00e9mission de G\u00e9opolitis : https:\/\/pages.rts.ch\/emissions\/geopolitis\/10058964-fake-news.html Un dossier pr\u00e9par\u00e9 par Jeunes et m\u00e9dias, le portail d&rsquo;information consacr\u00e9 \u00e0 la promotion des comp\u00e9tences m\u00e9diatiques : https:\/\/www.jeunesetmedias.ch\/themes\/fake-news-et-manipulation-bulles-bots-et-hoaxes Le dossier de RTS d\u00e9couverte : https:\/\/www.rts.ch\/decouverte\/monde-et-societe\/economie-et-politique\/information-et-desinformation\/ Le dossier de la cyberth\u00e8que Andr\u00e9-Chavannes : https:\/\/edurec.ge.ch\/secondaire2\/chav-cedoc-cyb\/dossiers-documentaires\/fake-news Les documents disponibles [&hellip;]","og_url":"https:\/\/edurec.ge.ch\/site\/cfpt-cedoc\/traquez-linfox-videos-documents-interessants\/","og_site_name":"CFPT Cedoc","article_modified_time":"2022-02-01T15:03:23+00:00","twitter_card":"summary_large_image","twitter_misc":{"Dur\u00e9e de lecture estim\u00e9e":"1 minute"},"schema":{"@context":"https:\/\/schema.org","@graph":[{"@type":"WebPage","@id":"https:\/\/edurec.ge.ch\/site\/cfpt-cedoc\/traquez-linfox-videos-documents-interessants\/","url":"https:\/\/edurec.ge.ch\/site\/cfpt-cedoc\/traquez-linfox-videos-documents-interessants\/","name":"Traquez l'infox : vid\u00e9os et documents int\u00e9ressants - CFPT Cedoc","isPartOf":{"@id":"https:\/\/edurec.ge.ch\/site\/cfpt-cedoc\/#website"},"datePublished":"2021-11-12T08:29:55+00:00","dateModified":"2022-02-01T15:03:23+00:00","breadcrumb":{"@id":"https:\/\/edurec.ge.ch\/site\/cfpt-cedoc\/traquez-linfox-videos-documents-interessants\/#breadcrumb"},"inLanguage":"fr-FR","potentialAction":[{"@type":"ReadAction","target":["https:\/\/edurec.ge.ch\/site\/cfpt-cedoc\/traquez-linfox-videos-documents-interessants\/"]}]},{"@type":"BreadcrumbList","@id":"https:\/\/edurec.ge.ch\/site\/cfpt-cedoc\/traquez-linfox-videos-documents-interessants\/#breadcrumb","itemListElement":[{"@type":"ListItem","position":1,"name":"Accueil","item":"https:\/\/edurec.ge.ch\/site\/cfpt-cedoc\/"},{"@type":"ListItem","position":2,"name":"Traquez l&rsquo;infox : vid\u00e9os et documents int\u00e9ressants"}]},{"@type":"WebSite","@id":"https:\/\/edurec.ge.ch\/site\/cfpt-cedoc\/#website","url":"https:\/\/edurec.ge.ch\/site\/cfpt-cedoc\/","name":"CFPT Cedoc","description":"Toutes les informations pratiques du CEDOC du CFPT","potentialAction":[{"@type":"SearchAction","target":{"@type":"EntryPoint","urlTemplate":"https:\/\/edurec.ge.ch\/site\/cfpt-cedoc\/?s={search_term_string}"},"query-input":{"@type":"PropertyValueSpecification","valueRequired":true,"valueName":"search_term_string"}}],"inLanguage":"fr-FR"}]}},"_links":{"self":[{"href":"https:\/\/edurec.ge.ch\/site\/cfpt-cedoc\/wp-json\/wp\/v2\/pages\/1712","targetHints":{"allow":["GET"]}}],"collection":[{"href":"https:\/\/edurec.ge.ch\/site\/cfpt-cedoc\/wp-json\/wp\/v2\/pages"}],"about":[{"href":"https:\/\/edurec.ge.ch\/site\/cfpt-cedoc\/wp-json\/wp\/v2\/types\/page"}],"author":[{"embeddable":true,"href":"https:\/\/edurec.ge.ch\/site\/cfpt-cedoc\/wp-json\/wp\/v2\/users\/3617"}],"replies":[{"embeddable":true,"href":"https:\/\/edurec.ge.ch\/site\/cfpt-cedoc\/wp-json\/wp\/v2\/comments?post=1712"}],"version-history":[{"count":15,"href":"https:\/\/edurec.ge.ch\/site\/cfpt-cedoc\/wp-json\/wp\/v2\/pages\/1712\/revisions"}],"predecessor-version":[{"id":1850,"href":"https:\/\/edurec.ge.ch\/site\/cfpt-cedoc\/wp-json\/wp\/v2\/pages\/1712\/revisions\/1850"}],"wp:attachment":[{"href":"https:\/\/edurec.ge.ch\/site\/cfpt-cedoc\/wp-json\/wp\/v2\/media?parent=1712"}],"curies":[{"name":"wp","href":"https:\/\/api.w.org\/{rel}","templated":true}]}}