{"id":1659,"date":"2021-11-05T16:33:49","date_gmt":"2021-11-05T14:33:49","guid":{"rendered":"https:\/\/edurec.ge.ch\/site\/cfpt-cedoc\/?page_id=1659"},"modified":"2024-03-22T11:36:04","modified_gmt":"2024-03-22T09:36:04","slug":"traquez-linfox-verifier-sites","status":"publish","type":"page","link":"https:\/\/edurec.ge.ch\/site\/cfpt-cedoc\/aides-pour-recherche\/traquez-linfox-ne-plus-se-faire-fake-news\/traquez-linfox-verifier-sites\/","title":{"rendered":"Traquez l&rsquo;infox : v\u00e9rifier les publications"},"content":{"rendered":"<p><a href=\"https:\/\/edurec.ge.ch\/site\/cfpt-cedoc\/wp-content\/uploads\/sites\/119\/2021\/11\/traquezsite.png\" data-rel=\"lightbox-image-0\" data-rl_title=\"\" data-rl_caption=\"\" title=\"\"><img loading=\"lazy\" decoding=\"async\" class=\"wp-image-1667 aligncenter\" src=\"https:\/\/edurec.ge.ch\/site\/cfpt-cedoc\/wp-content\/uploads\/sites\/119\/2021\/11\/traquezsite-300x157.png\" alt=\"\" width=\"348\" height=\"182\" srcset=\"https:\/\/edurec.ge.ch\/site\/cfpt-cedoc\/wp-content\/uploads\/sites\/119\/2021\/11\/traquezsite-300x157.png 300w, https:\/\/edurec.ge.ch\/site\/cfpt-cedoc\/wp-content\/uploads\/sites\/119\/2021\/11\/traquezsite-768x402.png 768w, https:\/\/edurec.ge.ch\/site\/cfpt-cedoc\/wp-content\/uploads\/sites\/119\/2021\/11\/traquezsite-1024x536.png 1024w, https:\/\/edurec.ge.ch\/site\/cfpt-cedoc\/wp-content\/uploads\/sites\/119\/2021\/11\/traquezsite.png 1200w\" sizes=\"auto, (max-width: 348px) 100vw, 348px\" \/><\/a><\/p>\n<p>Il est important de v\u00e9rifier la pertinence des sites que vous consultez.<\/p>\n<p>Pour <span style=\"color: #ff00ff\">mieux comprendre l&rsquo;actualit\u00e9<\/span>, Lib\u00e9ration lance CheckNews, un moteur de recherche g\u00e9r\u00e9 par des journalistes. \u00ab\u00a0Posez vos <span style=\"color: #ff00ff\">questions<\/span>, nous prendrons le temps d&rsquo;enqu\u00eater avant de vous r\u00e9pondre\u00a0\u00bb :<\/p>\n<p><strong><span style=\"color: #3366ff\"><a style=\"color: #3366ff\" href=\"https:\/\/www.liberation.fr\/checknews-questions\/\">https:\/\/www.liberation.fr\/checknews-questions\/<\/a><\/span><\/strong><\/p>\n<p>Google a d\u00e9velopp\u00e9 aussi un fact checker. Il faut entrer les mots de l&rsquo;article qui vous int\u00e9resse et Google vous dit si c&rsquo;est une information correcte ou non.<\/p>\n<p><span style=\"color: #3366ff\"><a style=\"color: #3366ff\" href=\"https:\/\/toolbox.google.com\/factcheck\/explorer\">Fact Check Explorer (google.com)<\/a><\/span><\/p>\n<p>Voici aussi une check-list des questions \u00e0 vous poser pour d\u00e9finir la qualit\u00e9 informationnelle des sites que vous consultez : <a href=\"https:\/\/edurec.ge.ch\/site\/cfpt-cedoc\/wp-content\/uploads\/sites\/119\/2018\/08\/\u00e9valuer-un-site-web.pdf\"><strong><span style=\"color: #3366ff\">Evaluer un site web<\/span><\/strong><\/a><\/p>\n<p>&nbsp;<\/p>\n","protected":false},"excerpt":{"rendered":"<p>Il est important de v\u00e9rifier la pertinence des sites que vous consultez. Pour mieux comprendre l&rsquo;actualit\u00e9, Lib\u00e9ration lance CheckNews, un moteur de recherche g\u00e9r\u00e9 par des journalistes. \u00ab\u00a0Posez vos questions, nous prendrons le temps d&rsquo;enqu\u00eater avant de vous r\u00e9pondre\u00a0\u00bb : https:\/\/www.liberation.fr\/checknews-questions\/ Google a d\u00e9velopp\u00e9 aussi un fact checker. Il faut entrer les mots de l&rsquo;article [&hellip;]<\/p>\n","protected":false},"author":3617,"featured_media":0,"parent":1639,"menu_order":0,"comment_status":"closed","ping_status":"closed","template":"","meta":{"footnotes":""},"class_list":["post-1659","page","type-page","status-publish","czr-hentry"],"yoast_head":"<!-- This site is optimized with the Yoast SEO plugin v26.4 - https:\/\/yoast.com\/wordpress\/plugins\/seo\/ -->\n<title>Traquez l&#039;infox : v\u00e9rifier les publications - CFPT Cedoc<\/title>\n<meta name=\"robots\" content=\"index, follow, max-snippet:-1, max-image-preview:large, max-video-preview:-1\" \/>\n<link rel=\"canonical\" href=\"https:\/\/edurec.ge.ch\/site\/cfpt-cedoc\/aides-pour-recherche\/traquez-linfox-ne-plus-se-faire-fake-news\/traquez-linfox-verifier-sites\/\" \/>\n<meta property=\"og:locale\" content=\"fr_FR\" \/>\n<meta property=\"og:type\" content=\"article\" \/>\n<meta property=\"og:title\" content=\"Traquez l&#039;infox : v\u00e9rifier les publications - CFPT Cedoc\" \/>\n<meta property=\"og:description\" content=\"Il est important de v\u00e9rifier la pertinence des sites que vous consultez. Pour mieux comprendre l&rsquo;actualit\u00e9, Lib\u00e9ration lance CheckNews, un moteur de recherche g\u00e9r\u00e9 par des journalistes. \u00ab\u00a0Posez vos questions, nous prendrons le temps d&rsquo;enqu\u00eater avant de vous r\u00e9pondre\u00a0\u00bb : https:\/\/www.liberation.fr\/checknews-questions\/ Google a d\u00e9velopp\u00e9 aussi un fact checker. Il faut entrer les mots de l&rsquo;article [&hellip;]\" \/>\n<meta property=\"og:url\" content=\"https:\/\/edurec.ge.ch\/site\/cfpt-cedoc\/aides-pour-recherche\/traquez-linfox-ne-plus-se-faire-fake-news\/traquez-linfox-verifier-sites\/\" \/>\n<meta property=\"og:site_name\" content=\"CFPT Cedoc\" \/>\n<meta property=\"article:modified_time\" content=\"2024-03-22T09:36:04+00:00\" \/>\n<meta property=\"og:image\" content=\"https:\/\/edurec.ge.ch\/site\/cfpt-cedoc\/wp-content\/uploads\/sites\/119\/2021\/11\/traquezsite-300x157.png\" \/>\n<meta name=\"twitter:card\" content=\"summary_large_image\" \/>\n<meta name=\"twitter:label1\" content=\"Dur\u00e9e de lecture estim\u00e9e\" \/>\n\t<meta name=\"twitter:data1\" content=\"1 minute\" \/>\n<script type=\"application\/ld+json\" class=\"yoast-schema-graph\">{\"@context\":\"https:\/\/schema.org\",\"@graph\":[{\"@type\":\"WebPage\",\"@id\":\"https:\/\/edurec.ge.ch\/site\/cfpt-cedoc\/aides-pour-recherche\/traquez-linfox-ne-plus-se-faire-fake-news\/traquez-linfox-verifier-sites\/\",\"url\":\"https:\/\/edurec.ge.ch\/site\/cfpt-cedoc\/aides-pour-recherche\/traquez-linfox-ne-plus-se-faire-fake-news\/traquez-linfox-verifier-sites\/\",\"name\":\"Traquez l'infox : v\u00e9rifier les publications - CFPT Cedoc\",\"isPartOf\":{\"@id\":\"https:\/\/edurec.ge.ch\/site\/cfpt-cedoc\/#website\"},\"primaryImageOfPage\":{\"@id\":\"https:\/\/edurec.ge.ch\/site\/cfpt-cedoc\/aides-pour-recherche\/traquez-linfox-ne-plus-se-faire-fake-news\/traquez-linfox-verifier-sites\/#primaryimage\"},\"image\":{\"@id\":\"https:\/\/edurec.ge.ch\/site\/cfpt-cedoc\/aides-pour-recherche\/traquez-linfox-ne-plus-se-faire-fake-news\/traquez-linfox-verifier-sites\/#primaryimage\"},\"thumbnailUrl\":\"https:\/\/edurec.ge.ch\/site\/cfpt-cedoc\/wp-content\/uploads\/sites\/119\/2021\/11\/traquezsite-300x157.png\",\"datePublished\":\"2021-11-05T14:33:49+00:00\",\"dateModified\":\"2024-03-22T09:36:04+00:00\",\"breadcrumb\":{\"@id\":\"https:\/\/edurec.ge.ch\/site\/cfpt-cedoc\/aides-pour-recherche\/traquez-linfox-ne-plus-se-faire-fake-news\/traquez-linfox-verifier-sites\/#breadcrumb\"},\"inLanguage\":\"fr-FR\",\"potentialAction\":[{\"@type\":\"ReadAction\",\"target\":[\"https:\/\/edurec.ge.ch\/site\/cfpt-cedoc\/aides-pour-recherche\/traquez-linfox-ne-plus-se-faire-fake-news\/traquez-linfox-verifier-sites\/\"]}]},{\"@type\":\"ImageObject\",\"inLanguage\":\"fr-FR\",\"@id\":\"https:\/\/edurec.ge.ch\/site\/cfpt-cedoc\/aides-pour-recherche\/traquez-linfox-ne-plus-se-faire-fake-news\/traquez-linfox-verifier-sites\/#primaryimage\",\"url\":\"https:\/\/edurec.ge.ch\/site\/cfpt-cedoc\/wp-content\/uploads\/sites\/119\/2021\/11\/traquezsite.png\",\"contentUrl\":\"https:\/\/edurec.ge.ch\/site\/cfpt-cedoc\/wp-content\/uploads\/sites\/119\/2021\/11\/traquezsite.png\",\"width\":1200,\"height\":628},{\"@type\":\"BreadcrumbList\",\"@id\":\"https:\/\/edurec.ge.ch\/site\/cfpt-cedoc\/aides-pour-recherche\/traquez-linfox-ne-plus-se-faire-fake-news\/traquez-linfox-verifier-sites\/#breadcrumb\",\"itemListElement\":[{\"@type\":\"ListItem\",\"position\":1,\"name\":\"Accueil\",\"item\":\"https:\/\/edurec.ge.ch\/site\/cfpt-cedoc\/\"},{\"@type\":\"ListItem\",\"position\":2,\"name\":\"Aide \u00e0 la recherche\",\"item\":\"https:\/\/edurec.ge.ch\/site\/cfpt-cedoc\/aides-pour-recherche\/\"},{\"@type\":\"ListItem\",\"position\":3,\"name\":\"Traquez l&rsquo;infox ou comment ne plus se faire avoir par les fake news\",\"item\":\"https:\/\/edurec.ge.ch\/site\/cfpt-cedoc\/aides-pour-recherche\/traquez-linfox-ne-plus-se-faire-fake-news\/\"},{\"@type\":\"ListItem\",\"position\":4,\"name\":\"Traquez l&rsquo;infox : v\u00e9rifier les publications\"}]},{\"@type\":\"WebSite\",\"@id\":\"https:\/\/edurec.ge.ch\/site\/cfpt-cedoc\/#website\",\"url\":\"https:\/\/edurec.ge.ch\/site\/cfpt-cedoc\/\",\"name\":\"CFPT Cedoc\",\"description\":\"Toutes les informations pratiques du CEDOC du CFPT\",\"potentialAction\":[{\"@type\":\"SearchAction\",\"target\":{\"@type\":\"EntryPoint\",\"urlTemplate\":\"https:\/\/edurec.ge.ch\/site\/cfpt-cedoc\/?s={search_term_string}\"},\"query-input\":{\"@type\":\"PropertyValueSpecification\",\"valueRequired\":true,\"valueName\":\"search_term_string\"}}],\"inLanguage\":\"fr-FR\"}]}<\/script>\n<!-- \/ Yoast SEO plugin. -->","yoast_head_json":{"title":"Traquez l'infox : v\u00e9rifier les publications - CFPT Cedoc","robots":{"index":"index","follow":"follow","max-snippet":"max-snippet:-1","max-image-preview":"max-image-preview:large","max-video-preview":"max-video-preview:-1"},"canonical":"https:\/\/edurec.ge.ch\/site\/cfpt-cedoc\/aides-pour-recherche\/traquez-linfox-ne-plus-se-faire-fake-news\/traquez-linfox-verifier-sites\/","og_locale":"fr_FR","og_type":"article","og_title":"Traquez l'infox : v\u00e9rifier les publications - CFPT Cedoc","og_description":"Il est important de v\u00e9rifier la pertinence des sites que vous consultez. Pour mieux comprendre l&rsquo;actualit\u00e9, Lib\u00e9ration lance CheckNews, un moteur de recherche g\u00e9r\u00e9 par des journalistes. \u00ab\u00a0Posez vos questions, nous prendrons le temps d&rsquo;enqu\u00eater avant de vous r\u00e9pondre\u00a0\u00bb : https:\/\/www.liberation.fr\/checknews-questions\/ Google a d\u00e9velopp\u00e9 aussi un fact checker. Il faut entrer les mots de l&rsquo;article [&hellip;]","og_url":"https:\/\/edurec.ge.ch\/site\/cfpt-cedoc\/aides-pour-recherche\/traquez-linfox-ne-plus-se-faire-fake-news\/traquez-linfox-verifier-sites\/","og_site_name":"CFPT Cedoc","article_modified_time":"2024-03-22T09:36:04+00:00","og_image":[{"url":"https:\/\/edurec.ge.ch\/site\/cfpt-cedoc\/wp-content\/uploads\/sites\/119\/2021\/11\/traquezsite-300x157.png","type":"","width":"","height":""}],"twitter_card":"summary_large_image","twitter_misc":{"Dur\u00e9e de lecture estim\u00e9e":"1 minute"},"schema":{"@context":"https:\/\/schema.org","@graph":[{"@type":"WebPage","@id":"https:\/\/edurec.ge.ch\/site\/cfpt-cedoc\/aides-pour-recherche\/traquez-linfox-ne-plus-se-faire-fake-news\/traquez-linfox-verifier-sites\/","url":"https:\/\/edurec.ge.ch\/site\/cfpt-cedoc\/aides-pour-recherche\/traquez-linfox-ne-plus-se-faire-fake-news\/traquez-linfox-verifier-sites\/","name":"Traquez l'infox : v\u00e9rifier les publications - CFPT Cedoc","isPartOf":{"@id":"https:\/\/edurec.ge.ch\/site\/cfpt-cedoc\/#website"},"primaryImageOfPage":{"@id":"https:\/\/edurec.ge.ch\/site\/cfpt-cedoc\/aides-pour-recherche\/traquez-linfox-ne-plus-se-faire-fake-news\/traquez-linfox-verifier-sites\/#primaryimage"},"image":{"@id":"https:\/\/edurec.ge.ch\/site\/cfpt-cedoc\/aides-pour-recherche\/traquez-linfox-ne-plus-se-faire-fake-news\/traquez-linfox-verifier-sites\/#primaryimage"},"thumbnailUrl":"https:\/\/edurec.ge.ch\/site\/cfpt-cedoc\/wp-content\/uploads\/sites\/119\/2021\/11\/traquezsite-300x157.png","datePublished":"2021-11-05T14:33:49+00:00","dateModified":"2024-03-22T09:36:04+00:00","breadcrumb":{"@id":"https:\/\/edurec.ge.ch\/site\/cfpt-cedoc\/aides-pour-recherche\/traquez-linfox-ne-plus-se-faire-fake-news\/traquez-linfox-verifier-sites\/#breadcrumb"},"inLanguage":"fr-FR","potentialAction":[{"@type":"ReadAction","target":["https:\/\/edurec.ge.ch\/site\/cfpt-cedoc\/aides-pour-recherche\/traquez-linfox-ne-plus-se-faire-fake-news\/traquez-linfox-verifier-sites\/"]}]},{"@type":"ImageObject","inLanguage":"fr-FR","@id":"https:\/\/edurec.ge.ch\/site\/cfpt-cedoc\/aides-pour-recherche\/traquez-linfox-ne-plus-se-faire-fake-news\/traquez-linfox-verifier-sites\/#primaryimage","url":"https:\/\/edurec.ge.ch\/site\/cfpt-cedoc\/wp-content\/uploads\/sites\/119\/2021\/11\/traquezsite.png","contentUrl":"https:\/\/edurec.ge.ch\/site\/cfpt-cedoc\/wp-content\/uploads\/sites\/119\/2021\/11\/traquezsite.png","width":1200,"height":628},{"@type":"BreadcrumbList","@id":"https:\/\/edurec.ge.ch\/site\/cfpt-cedoc\/aides-pour-recherche\/traquez-linfox-ne-plus-se-faire-fake-news\/traquez-linfox-verifier-sites\/#breadcrumb","itemListElement":[{"@type":"ListItem","position":1,"name":"Accueil","item":"https:\/\/edurec.ge.ch\/site\/cfpt-cedoc\/"},{"@type":"ListItem","position":2,"name":"Aide \u00e0 la recherche","item":"https:\/\/edurec.ge.ch\/site\/cfpt-cedoc\/aides-pour-recherche\/"},{"@type":"ListItem","position":3,"name":"Traquez l&rsquo;infox ou comment ne plus se faire avoir par les fake news","item":"https:\/\/edurec.ge.ch\/site\/cfpt-cedoc\/aides-pour-recherche\/traquez-linfox-ne-plus-se-faire-fake-news\/"},{"@type":"ListItem","position":4,"name":"Traquez l&rsquo;infox : v\u00e9rifier les publications"}]},{"@type":"WebSite","@id":"https:\/\/edurec.ge.ch\/site\/cfpt-cedoc\/#website","url":"https:\/\/edurec.ge.ch\/site\/cfpt-cedoc\/","name":"CFPT Cedoc","description":"Toutes les informations pratiques du CEDOC du CFPT","potentialAction":[{"@type":"SearchAction","target":{"@type":"EntryPoint","urlTemplate":"https:\/\/edurec.ge.ch\/site\/cfpt-cedoc\/?s={search_term_string}"},"query-input":{"@type":"PropertyValueSpecification","valueRequired":true,"valueName":"search_term_string"}}],"inLanguage":"fr-FR"}]}},"_links":{"self":[{"href":"https:\/\/edurec.ge.ch\/site\/cfpt-cedoc\/wp-json\/wp\/v2\/pages\/1659","targetHints":{"allow":["GET"]}}],"collection":[{"href":"https:\/\/edurec.ge.ch\/site\/cfpt-cedoc\/wp-json\/wp\/v2\/pages"}],"about":[{"href":"https:\/\/edurec.ge.ch\/site\/cfpt-cedoc\/wp-json\/wp\/v2\/types\/page"}],"author":[{"embeddable":true,"href":"https:\/\/edurec.ge.ch\/site\/cfpt-cedoc\/wp-json\/wp\/v2\/users\/3617"}],"replies":[{"embeddable":true,"href":"https:\/\/edurec.ge.ch\/site\/cfpt-cedoc\/wp-json\/wp\/v2\/comments?post=1659"}],"version-history":[{"count":14,"href":"https:\/\/edurec.ge.ch\/site\/cfpt-cedoc\/wp-json\/wp\/v2\/pages\/1659\/revisions"}],"predecessor-version":[{"id":2304,"href":"https:\/\/edurec.ge.ch\/site\/cfpt-cedoc\/wp-json\/wp\/v2\/pages\/1659\/revisions\/2304"}],"up":[{"embeddable":true,"href":"https:\/\/edurec.ge.ch\/site\/cfpt-cedoc\/wp-json\/wp\/v2\/pages\/1639"}],"wp:attachment":[{"href":"https:\/\/edurec.ge.ch\/site\/cfpt-cedoc\/wp-json\/wp\/v2\/media?parent=1659"}],"curies":[{"name":"wp","href":"https:\/\/api.w.org\/{rel}","templated":true}]}}