{"id":1639,"date":"2021-11-05T15:06:42","date_gmt":"2021-11-05T13:06:42","guid":{"rendered":"https:\/\/edurec.ge.ch\/site\/cfpt-cedoc\/?page_id=1639"},"modified":"2024-03-22T11:36:41","modified_gmt":"2024-03-22T09:36:41","slug":"traquez-linfox-ne-plus-se-faire-fake-news","status":"publish","type":"page","link":"https:\/\/edurec.ge.ch\/site\/cfpt-cedoc\/aides-pour-recherche\/traquez-linfox-ne-plus-se-faire-fake-news\/","title":{"rendered":"Traquez l&rsquo;infox ou comment ne plus se faire avoir par les fake news"},"content":{"rendered":"<p>\u200e<br \/>\n<a href=\"https:\/\/edurec.ge.ch\/site\/cfpt-cedoc\/wp-content\/uploads\/sites\/119\/2021\/11\/traquezinfoxtitre.png\" data-rel=\"lightbox-image-0\" data-rl_title=\"\" data-rl_caption=\"\" title=\"\"><br \/>\n<img loading=\"lazy\" decoding=\"async\" class=\"wp-image-1669 aligncenter\" src=\"https:\/\/edurec.ge.ch\/site\/cfpt-cedoc\/wp-content\/uploads\/sites\/119\/2021\/11\/traquezinfoxtitre-300x157.png\" alt=\"\" width=\"422\" height=\"221\" srcset=\"https:\/\/edurec.ge.ch\/site\/cfpt-cedoc\/wp-content\/uploads\/sites\/119\/2021\/11\/traquezinfoxtitre-300x157.png 300w, https:\/\/edurec.ge.ch\/site\/cfpt-cedoc\/wp-content\/uploads\/sites\/119\/2021\/11\/traquezinfoxtitre-768x402.png 768w, https:\/\/edurec.ge.ch\/site\/cfpt-cedoc\/wp-content\/uploads\/sites\/119\/2021\/11\/traquezinfoxtitre-1024x536.png 1024w, https:\/\/edurec.ge.ch\/site\/cfpt-cedoc\/wp-content\/uploads\/sites\/119\/2021\/11\/traquezinfoxtitre.png 1200w\" sizes=\"auto, (max-width: 422px) 100vw, 422px\" \/><\/a><\/p>\n<h1><span style=\"color: #f2166e\"><a style=\"color: #f2166e\" href=\"https:\/\/edurec.ge.ch\/site\/cfpt-cedoc\/aides-pour-recherche\/traquer-linfox\/\">Quelques d\u00e9finitions<\/a><\/span><\/h1>\n<h1><span style=\"color: #f2166e\"><a style=\"color: #f2166e\" href=\"https:\/\/edurec.ge.ch\/site\/cfpt-cedoc\/aides-pour-recherche\/codes-de-deontologie-journalistes\/\">Code de d\u00e9ontologie des journalistes<\/a><\/span><\/h1>\n<h1><span style=\"color: #f2166e\"><a style=\"color: #f2166e\" href=\"https:\/\/edurec.ge.ch\/site\/cfpt-cedoc\/traquez-linfox-verifier-images\/\">V\u00e9rifier les images<\/a><\/span><\/h1>\n<h1><span style=\"color: #f2166e\"><a style=\"color: #f2166e\" href=\"https:\/\/edurec.ge.ch\/site\/cfpt-cedoc\/aides-pour-recherche\/traquez-linfox-ne-plus-se-faire-fake-news\/traquez-linfox-verifier-sites\/\">V\u00e9rifier les publications<\/a><\/span><\/h1>\n<h1><span style=\"color: #f2166e\"><a style=\"color: #f2166e\" href=\"https:\/\/edurec.ge.ch\/site\/cfpt-cedoc\/traquez-linfox-videos-documents-interessants\/\">Vid\u00e9os et documents int\u00e9ressants<\/a><\/span><\/h1>\n<p>&nbsp;<\/p>\n<p>&nbsp;<\/p>\n<p>&nbsp;<\/p>\n","protected":false},"excerpt":{"rendered":"<p>\u200e Quelques d\u00e9finitions Code de d\u00e9ontologie des journalistes V\u00e9rifier les images V\u00e9rifier les publications Vid\u00e9os et documents int\u00e9ressants &nbsp; &nbsp; &nbsp;<\/p>\n","protected":false},"author":3617,"featured_media":1669,"parent":681,"menu_order":0,"comment_status":"closed","ping_status":"closed","template":"","meta":{"footnotes":""},"class_list":["post-1639","page","type-page","status-publish","has-post-thumbnail","czr-hentry"],"yoast_head":"<!-- This site is optimized with the Yoast SEO plugin v26.4 - https:\/\/yoast.com\/wordpress\/plugins\/seo\/ -->\n<title>Traquez l&#039;infox ou comment ne plus se faire avoir par les fake news - CFPT Cedoc<\/title>\n<meta name=\"robots\" content=\"index, follow, max-snippet:-1, max-image-preview:large, max-video-preview:-1\" \/>\n<link rel=\"canonical\" href=\"https:\/\/edurec.ge.ch\/site\/cfpt-cedoc\/aides-pour-recherche\/traquez-linfox-ne-plus-se-faire-fake-news\/\" \/>\n<meta property=\"og:locale\" content=\"fr_FR\" \/>\n<meta property=\"og:type\" content=\"article\" \/>\n<meta property=\"og:title\" content=\"Traquez l&#039;infox ou comment ne plus se faire avoir par les fake news - CFPT Cedoc\" \/>\n<meta property=\"og:description\" content=\"\u200e Quelques d\u00e9finitions Code de d\u00e9ontologie des journalistes V\u00e9rifier les images V\u00e9rifier les publications Vid\u00e9os et documents int\u00e9ressants &nbsp; &nbsp; &nbsp;\" \/>\n<meta property=\"og:url\" content=\"https:\/\/edurec.ge.ch\/site\/cfpt-cedoc\/aides-pour-recherche\/traquez-linfox-ne-plus-se-faire-fake-news\/\" \/>\n<meta property=\"og:site_name\" content=\"CFPT Cedoc\" \/>\n<meta property=\"article:modified_time\" content=\"2024-03-22T09:36:41+00:00\" \/>\n<meta property=\"og:image\" content=\"https:\/\/edurec.ge.ch\/site\/cfpt-cedoc\/wp-content\/uploads\/sites\/119\/2021\/11\/traquezinfoxtitre.png\" \/>\n\t<meta property=\"og:image:width\" content=\"1200\" \/>\n\t<meta property=\"og:image:height\" content=\"628\" \/>\n\t<meta property=\"og:image:type\" content=\"image\/png\" \/>\n<meta name=\"twitter:card\" content=\"summary_large_image\" \/>\n<script type=\"application\/ld+json\" class=\"yoast-schema-graph\">{\"@context\":\"https:\/\/schema.org\",\"@graph\":[{\"@type\":\"WebPage\",\"@id\":\"https:\/\/edurec.ge.ch\/site\/cfpt-cedoc\/aides-pour-recherche\/traquez-linfox-ne-plus-se-faire-fake-news\/\",\"url\":\"https:\/\/edurec.ge.ch\/site\/cfpt-cedoc\/aides-pour-recherche\/traquez-linfox-ne-plus-se-faire-fake-news\/\",\"name\":\"Traquez l'infox ou comment ne plus se faire avoir par les fake news - CFPT Cedoc\",\"isPartOf\":{\"@id\":\"https:\/\/edurec.ge.ch\/site\/cfpt-cedoc\/#website\"},\"primaryImageOfPage\":{\"@id\":\"https:\/\/edurec.ge.ch\/site\/cfpt-cedoc\/aides-pour-recherche\/traquez-linfox-ne-plus-se-faire-fake-news\/#primaryimage\"},\"image\":{\"@id\":\"https:\/\/edurec.ge.ch\/site\/cfpt-cedoc\/aides-pour-recherche\/traquez-linfox-ne-plus-se-faire-fake-news\/#primaryimage\"},\"thumbnailUrl\":\"https:\/\/edurec.ge.ch\/site\/cfpt-cedoc\/wp-content\/uploads\/sites\/119\/2021\/11\/traquezinfoxtitre.png\",\"datePublished\":\"2021-11-05T13:06:42+00:00\",\"dateModified\":\"2024-03-22T09:36:41+00:00\",\"breadcrumb\":{\"@id\":\"https:\/\/edurec.ge.ch\/site\/cfpt-cedoc\/aides-pour-recherche\/traquez-linfox-ne-plus-se-faire-fake-news\/#breadcrumb\"},\"inLanguage\":\"fr-FR\",\"potentialAction\":[{\"@type\":\"ReadAction\",\"target\":[\"https:\/\/edurec.ge.ch\/site\/cfpt-cedoc\/aides-pour-recherche\/traquez-linfox-ne-plus-se-faire-fake-news\/\"]}]},{\"@type\":\"ImageObject\",\"inLanguage\":\"fr-FR\",\"@id\":\"https:\/\/edurec.ge.ch\/site\/cfpt-cedoc\/aides-pour-recherche\/traquez-linfox-ne-plus-se-faire-fake-news\/#primaryimage\",\"url\":\"https:\/\/edurec.ge.ch\/site\/cfpt-cedoc\/wp-content\/uploads\/sites\/119\/2021\/11\/traquezinfoxtitre.png\",\"contentUrl\":\"https:\/\/edurec.ge.ch\/site\/cfpt-cedoc\/wp-content\/uploads\/sites\/119\/2021\/11\/traquezinfoxtitre.png\",\"width\":1200,\"height\":628},{\"@type\":\"BreadcrumbList\",\"@id\":\"https:\/\/edurec.ge.ch\/site\/cfpt-cedoc\/aides-pour-recherche\/traquez-linfox-ne-plus-se-faire-fake-news\/#breadcrumb\",\"itemListElement\":[{\"@type\":\"ListItem\",\"position\":1,\"name\":\"Accueil\",\"item\":\"https:\/\/edurec.ge.ch\/site\/cfpt-cedoc\/\"},{\"@type\":\"ListItem\",\"position\":2,\"name\":\"Aide \u00e0 la recherche\",\"item\":\"https:\/\/edurec.ge.ch\/site\/cfpt-cedoc\/aides-pour-recherche\/\"},{\"@type\":\"ListItem\",\"position\":3,\"name\":\"Traquez l&rsquo;infox ou comment ne plus se faire avoir par les fake news\"}]},{\"@type\":\"WebSite\",\"@id\":\"https:\/\/edurec.ge.ch\/site\/cfpt-cedoc\/#website\",\"url\":\"https:\/\/edurec.ge.ch\/site\/cfpt-cedoc\/\",\"name\":\"CFPT Cedoc\",\"description\":\"Toutes les informations pratiques du CEDOC du CFPT\",\"potentialAction\":[{\"@type\":\"SearchAction\",\"target\":{\"@type\":\"EntryPoint\",\"urlTemplate\":\"https:\/\/edurec.ge.ch\/site\/cfpt-cedoc\/?s={search_term_string}\"},\"query-input\":{\"@type\":\"PropertyValueSpecification\",\"valueRequired\":true,\"valueName\":\"search_term_string\"}}],\"inLanguage\":\"fr-FR\"}]}<\/script>\n<!-- \/ Yoast SEO plugin. -->","yoast_head_json":{"title":"Traquez l'infox ou comment ne plus se faire avoir par les fake news - CFPT Cedoc","robots":{"index":"index","follow":"follow","max-snippet":"max-snippet:-1","max-image-preview":"max-image-preview:large","max-video-preview":"max-video-preview:-1"},"canonical":"https:\/\/edurec.ge.ch\/site\/cfpt-cedoc\/aides-pour-recherche\/traquez-linfox-ne-plus-se-faire-fake-news\/","og_locale":"fr_FR","og_type":"article","og_title":"Traquez l'infox ou comment ne plus se faire avoir par les fake news - CFPT Cedoc","og_description":"\u200e Quelques d\u00e9finitions Code de d\u00e9ontologie des journalistes V\u00e9rifier les images V\u00e9rifier les publications Vid\u00e9os et documents int\u00e9ressants &nbsp; &nbsp; &nbsp;","og_url":"https:\/\/edurec.ge.ch\/site\/cfpt-cedoc\/aides-pour-recherche\/traquez-linfox-ne-plus-se-faire-fake-news\/","og_site_name":"CFPT Cedoc","article_modified_time":"2024-03-22T09:36:41+00:00","og_image":[{"width":1200,"height":628,"url":"https:\/\/edurec.ge.ch\/site\/cfpt-cedoc\/wp-content\/uploads\/sites\/119\/2021\/11\/traquezinfoxtitre.png","type":"image\/png"}],"twitter_card":"summary_large_image","schema":{"@context":"https:\/\/schema.org","@graph":[{"@type":"WebPage","@id":"https:\/\/edurec.ge.ch\/site\/cfpt-cedoc\/aides-pour-recherche\/traquez-linfox-ne-plus-se-faire-fake-news\/","url":"https:\/\/edurec.ge.ch\/site\/cfpt-cedoc\/aides-pour-recherche\/traquez-linfox-ne-plus-se-faire-fake-news\/","name":"Traquez l'infox ou comment ne plus se faire avoir par les fake news - CFPT Cedoc","isPartOf":{"@id":"https:\/\/edurec.ge.ch\/site\/cfpt-cedoc\/#website"},"primaryImageOfPage":{"@id":"https:\/\/edurec.ge.ch\/site\/cfpt-cedoc\/aides-pour-recherche\/traquez-linfox-ne-plus-se-faire-fake-news\/#primaryimage"},"image":{"@id":"https:\/\/edurec.ge.ch\/site\/cfpt-cedoc\/aides-pour-recherche\/traquez-linfox-ne-plus-se-faire-fake-news\/#primaryimage"},"thumbnailUrl":"https:\/\/edurec.ge.ch\/site\/cfpt-cedoc\/wp-content\/uploads\/sites\/119\/2021\/11\/traquezinfoxtitre.png","datePublished":"2021-11-05T13:06:42+00:00","dateModified":"2024-03-22T09:36:41+00:00","breadcrumb":{"@id":"https:\/\/edurec.ge.ch\/site\/cfpt-cedoc\/aides-pour-recherche\/traquez-linfox-ne-plus-se-faire-fake-news\/#breadcrumb"},"inLanguage":"fr-FR","potentialAction":[{"@type":"ReadAction","target":["https:\/\/edurec.ge.ch\/site\/cfpt-cedoc\/aides-pour-recherche\/traquez-linfox-ne-plus-se-faire-fake-news\/"]}]},{"@type":"ImageObject","inLanguage":"fr-FR","@id":"https:\/\/edurec.ge.ch\/site\/cfpt-cedoc\/aides-pour-recherche\/traquez-linfox-ne-plus-se-faire-fake-news\/#primaryimage","url":"https:\/\/edurec.ge.ch\/site\/cfpt-cedoc\/wp-content\/uploads\/sites\/119\/2021\/11\/traquezinfoxtitre.png","contentUrl":"https:\/\/edurec.ge.ch\/site\/cfpt-cedoc\/wp-content\/uploads\/sites\/119\/2021\/11\/traquezinfoxtitre.png","width":1200,"height":628},{"@type":"BreadcrumbList","@id":"https:\/\/edurec.ge.ch\/site\/cfpt-cedoc\/aides-pour-recherche\/traquez-linfox-ne-plus-se-faire-fake-news\/#breadcrumb","itemListElement":[{"@type":"ListItem","position":1,"name":"Accueil","item":"https:\/\/edurec.ge.ch\/site\/cfpt-cedoc\/"},{"@type":"ListItem","position":2,"name":"Aide \u00e0 la recherche","item":"https:\/\/edurec.ge.ch\/site\/cfpt-cedoc\/aides-pour-recherche\/"},{"@type":"ListItem","position":3,"name":"Traquez l&rsquo;infox ou comment ne plus se faire avoir par les fake news"}]},{"@type":"WebSite","@id":"https:\/\/edurec.ge.ch\/site\/cfpt-cedoc\/#website","url":"https:\/\/edurec.ge.ch\/site\/cfpt-cedoc\/","name":"CFPT Cedoc","description":"Toutes les informations pratiques du CEDOC du CFPT","potentialAction":[{"@type":"SearchAction","target":{"@type":"EntryPoint","urlTemplate":"https:\/\/edurec.ge.ch\/site\/cfpt-cedoc\/?s={search_term_string}"},"query-input":{"@type":"PropertyValueSpecification","valueRequired":true,"valueName":"search_term_string"}}],"inLanguage":"fr-FR"}]}},"_links":{"self":[{"href":"https:\/\/edurec.ge.ch\/site\/cfpt-cedoc\/wp-json\/wp\/v2\/pages\/1639","targetHints":{"allow":["GET"]}}],"collection":[{"href":"https:\/\/edurec.ge.ch\/site\/cfpt-cedoc\/wp-json\/wp\/v2\/pages"}],"about":[{"href":"https:\/\/edurec.ge.ch\/site\/cfpt-cedoc\/wp-json\/wp\/v2\/types\/page"}],"author":[{"embeddable":true,"href":"https:\/\/edurec.ge.ch\/site\/cfpt-cedoc\/wp-json\/wp\/v2\/users\/3617"}],"replies":[{"embeddable":true,"href":"https:\/\/edurec.ge.ch\/site\/cfpt-cedoc\/wp-json\/wp\/v2\/comments?post=1639"}],"version-history":[{"count":49,"href":"https:\/\/edurec.ge.ch\/site\/cfpt-cedoc\/wp-json\/wp\/v2\/pages\/1639\/revisions"}],"predecessor-version":[{"id":2305,"href":"https:\/\/edurec.ge.ch\/site\/cfpt-cedoc\/wp-json\/wp\/v2\/pages\/1639\/revisions\/2305"}],"up":[{"embeddable":true,"href":"https:\/\/edurec.ge.ch\/site\/cfpt-cedoc\/wp-json\/wp\/v2\/pages\/681"}],"wp:featuredmedia":[{"embeddable":true,"href":"https:\/\/edurec.ge.ch\/site\/cfpt-cedoc\/wp-json\/wp\/v2\/media\/1669"}],"wp:attachment":[{"href":"https:\/\/edurec.ge.ch\/site\/cfpt-cedoc\/wp-json\/wp\/v2\/media?parent=1639"}],"curies":[{"name":"wp","href":"https:\/\/api.w.org\/{rel}","templated":true}]}}