{"id":1631,"date":"2021-11-05T14:46:01","date_gmt":"2021-11-05T12:46:01","guid":{"rendered":"https:\/\/edurec.ge.ch\/site\/cfpt-cedoc\/?page_id=1631"},"modified":"2021-11-12T09:50:26","modified_gmt":"2021-11-12T07:50:26","slug":"traquer-linfox","status":"publish","type":"page","link":"https:\/\/edurec.ge.ch\/site\/cfpt-cedoc\/aides-pour-recherche\/traquer-linfox\/","title":{"rendered":"Traquez l&rsquo;infox : d\u00e9finitions"},"content":{"rendered":"<p>Quelques d\u00e9finitions :<\/p>\n<ul>\n<li><span style=\"color: #ff00ff\">Rumeur<\/span> : nouvelle non v\u00e9rifi\u00e9e<\/li>\n<li><span style=\"color: #ff00ff\">Canular (hoax)<\/span> : contenu parodique et satirique<\/li>\n<li><span style=\"color: #ff00ff\">Hame\u00e7onnage (phishing)<\/span> : personnes malveillantes qui se font passer pour une soci\u00e9t\u00e9 pour r\u00e9cup\u00e9rer les mots de passe.<\/li>\n<li><span style=\"color: #ff00ff\">Usine \u00e0 troll<\/span> : les trolls sont pay\u00e9s pour faire passer de fausses informations<\/li>\n<li><span style=\"color: #ff00ff\">Propagande<\/span> : d\u00e9sinformation d&rsquo;\u00e9tat = arme de guerre politique ou culturelle<\/li>\n<li><span style=\"color: #ff00ff\">M\u00e9sinformation<\/span> : partage, souvent involontaire, de fausses informations<\/li>\n<li><span style=\"color: #ff00ff\">D\u00e9sinformation<\/span> : cr\u00e9ation et partage d\u00e9lib\u00e9r\u00e9s de fausses informations<\/li>\n<li><span style=\"color: #ff00ff\">Fake news<\/span> : informations fausses ou trafiqu\u00e9es<\/li>\n<li><span style=\"color: #ff00ff\">Troll<\/span> : personnage malsain visant \u00e0 perturber des forums<\/li>\n<li><span style=\"color: #ff00ff\">Effet de Koulechov<\/span> : une image change de sens en fonction de celle qui la pr\u00e9c\u00e8de ou qui la suit<\/li>\n<li><span style=\"color: #ff00ff\">Jeu de l&rsquo;\u00e9chelle<\/span> : joue sur la perspective d&rsquo;une image pour donner une illusion d&rsquo;optique<\/li>\n<\/ul>\n<p style=\"text-align: center\"><span style=\"color: #ff00ff\">Les 7 types de m\u00e9sinformation et de d\u00e9sinformation selon Claire Wardle, <span style=\"color: #000000\">sp\u00e9cialiste en communication<\/span><br \/>\n<\/span><\/p>\n<p><a href=\"https:\/\/edurec.ge.ch\/site\/cfpt-cedoc\/wp-content\/uploads\/sites\/119\/2021\/11\/d\u00e9sinformation.png\" data-rel=\"lightbox-image-0\" data-rl_title=\"\" data-rl_caption=\"\" title=\"\"><img loading=\"lazy\" decoding=\"async\" class=\"size-medium wp-image-1636 aligncenter\" src=\"https:\/\/edurec.ge.ch\/site\/cfpt-cedoc\/wp-content\/uploads\/sites\/119\/2021\/11\/d\u00e9sinformation-300x142.png\" alt=\"\" width=\"300\" height=\"142\" srcset=\"https:\/\/edurec.ge.ch\/site\/cfpt-cedoc\/wp-content\/uploads\/sites\/119\/2021\/11\/d\u00e9sinformation-300x142.png 300w, https:\/\/edurec.ge.ch\/site\/cfpt-cedoc\/wp-content\/uploads\/sites\/119\/2021\/11\/d\u00e9sinformation.png 695w\" sizes=\"auto, (max-width: 300px) 100vw, 300px\" \/><\/a><\/p>\n<p>&nbsp;<\/p>\n<p>&nbsp;<\/p>\n","protected":false},"excerpt":{"rendered":"<p>Quelques d\u00e9finitions : Rumeur : nouvelle non v\u00e9rifi\u00e9e Canular (hoax) : contenu parodique et satirique Hame\u00e7onnage (phishing) : personnes malveillantes qui se font passer pour une soci\u00e9t\u00e9 pour r\u00e9cup\u00e9rer les mots de passe. Usine \u00e0 troll : les trolls sont pay\u00e9s pour faire passer de fausses informations Propagande : d\u00e9sinformation d&rsquo;\u00e9tat = arme de guerre [&hellip;]<\/p>\n","protected":false},"author":3617,"featured_media":1636,"parent":681,"menu_order":0,"comment_status":"closed","ping_status":"closed","template":"","meta":{"footnotes":""},"class_list":["post-1631","page","type-page","status-publish","has-post-thumbnail","czr-hentry"],"yoast_head":"<!-- This site is optimized with the Yoast SEO plugin v26.4 - https:\/\/yoast.com\/wordpress\/plugins\/seo\/ -->\n<title>Traquez l&#039;infox : d\u00e9finitions - CFPT Cedoc<\/title>\n<meta name=\"robots\" content=\"index, follow, max-snippet:-1, max-image-preview:large, max-video-preview:-1\" \/>\n<link rel=\"canonical\" href=\"https:\/\/edurec.ge.ch\/site\/cfpt-cedoc\/aides-pour-recherche\/traquer-linfox\/\" \/>\n<meta property=\"og:locale\" content=\"fr_FR\" \/>\n<meta property=\"og:type\" content=\"article\" \/>\n<meta property=\"og:title\" content=\"Traquez l&#039;infox : d\u00e9finitions - CFPT Cedoc\" \/>\n<meta property=\"og:description\" content=\"Quelques d\u00e9finitions : Rumeur : nouvelle non v\u00e9rifi\u00e9e Canular (hoax) : contenu parodique et satirique Hame\u00e7onnage (phishing) : personnes malveillantes qui se font passer pour une soci\u00e9t\u00e9 pour r\u00e9cup\u00e9rer les mots de passe. Usine \u00e0 troll : les trolls sont pay\u00e9s pour faire passer de fausses informations Propagande : d\u00e9sinformation d&rsquo;\u00e9tat = arme de guerre [&hellip;]\" \/>\n<meta property=\"og:url\" content=\"https:\/\/edurec.ge.ch\/site\/cfpt-cedoc\/aides-pour-recherche\/traquer-linfox\/\" \/>\n<meta property=\"og:site_name\" content=\"CFPT Cedoc\" \/>\n<meta property=\"article:modified_time\" content=\"2021-11-12T07:50:26+00:00\" \/>\n<meta property=\"og:image\" content=\"https:\/\/edurec.ge.ch\/site\/cfpt-cedoc\/wp-content\/uploads\/sites\/119\/2021\/11\/d\u00e9sinformation.png\" \/>\n\t<meta property=\"og:image:width\" content=\"695\" \/>\n\t<meta property=\"og:image:height\" content=\"329\" \/>\n\t<meta property=\"og:image:type\" content=\"image\/png\" \/>\n<meta name=\"twitter:card\" content=\"summary_large_image\" \/>\n<meta name=\"twitter:label1\" content=\"Dur\u00e9e de lecture estim\u00e9e\" \/>\n\t<meta name=\"twitter:data1\" content=\"1 minute\" \/>\n<script type=\"application\/ld+json\" class=\"yoast-schema-graph\">{\"@context\":\"https:\/\/schema.org\",\"@graph\":[{\"@type\":\"WebPage\",\"@id\":\"https:\/\/edurec.ge.ch\/site\/cfpt-cedoc\/aides-pour-recherche\/traquer-linfox\/\",\"url\":\"https:\/\/edurec.ge.ch\/site\/cfpt-cedoc\/aides-pour-recherche\/traquer-linfox\/\",\"name\":\"Traquez l'infox : d\u00e9finitions - CFPT Cedoc\",\"isPartOf\":{\"@id\":\"https:\/\/edurec.ge.ch\/site\/cfpt-cedoc\/#website\"},\"primaryImageOfPage\":{\"@id\":\"https:\/\/edurec.ge.ch\/site\/cfpt-cedoc\/aides-pour-recherche\/traquer-linfox\/#primaryimage\"},\"image\":{\"@id\":\"https:\/\/edurec.ge.ch\/site\/cfpt-cedoc\/aides-pour-recherche\/traquer-linfox\/#primaryimage\"},\"thumbnailUrl\":\"https:\/\/edurec.ge.ch\/site\/cfpt-cedoc\/wp-content\/uploads\/sites\/119\/2021\/11\/d\u00e9sinformation.png\",\"datePublished\":\"2021-11-05T12:46:01+00:00\",\"dateModified\":\"2021-11-12T07:50:26+00:00\",\"breadcrumb\":{\"@id\":\"https:\/\/edurec.ge.ch\/site\/cfpt-cedoc\/aides-pour-recherche\/traquer-linfox\/#breadcrumb\"},\"inLanguage\":\"fr-FR\",\"potentialAction\":[{\"@type\":\"ReadAction\",\"target\":[\"https:\/\/edurec.ge.ch\/site\/cfpt-cedoc\/aides-pour-recherche\/traquer-linfox\/\"]}]},{\"@type\":\"ImageObject\",\"inLanguage\":\"fr-FR\",\"@id\":\"https:\/\/edurec.ge.ch\/site\/cfpt-cedoc\/aides-pour-recherche\/traquer-linfox\/#primaryimage\",\"url\":\"https:\/\/edurec.ge.ch\/site\/cfpt-cedoc\/wp-content\/uploads\/sites\/119\/2021\/11\/d\u00e9sinformation.png\",\"contentUrl\":\"https:\/\/edurec.ge.ch\/site\/cfpt-cedoc\/wp-content\/uploads\/sites\/119\/2021\/11\/d\u00e9sinformation.png\",\"width\":695,\"height\":329},{\"@type\":\"BreadcrumbList\",\"@id\":\"https:\/\/edurec.ge.ch\/site\/cfpt-cedoc\/aides-pour-recherche\/traquer-linfox\/#breadcrumb\",\"itemListElement\":[{\"@type\":\"ListItem\",\"position\":1,\"name\":\"Accueil\",\"item\":\"https:\/\/edurec.ge.ch\/site\/cfpt-cedoc\/\"},{\"@type\":\"ListItem\",\"position\":2,\"name\":\"Aide \u00e0 la recherche\",\"item\":\"https:\/\/edurec.ge.ch\/site\/cfpt-cedoc\/aides-pour-recherche\/\"},{\"@type\":\"ListItem\",\"position\":3,\"name\":\"Traquez l&rsquo;infox : d\u00e9finitions\"}]},{\"@type\":\"WebSite\",\"@id\":\"https:\/\/edurec.ge.ch\/site\/cfpt-cedoc\/#website\",\"url\":\"https:\/\/edurec.ge.ch\/site\/cfpt-cedoc\/\",\"name\":\"CFPT Cedoc\",\"description\":\"Toutes les informations pratiques du CEDOC du CFPT\",\"potentialAction\":[{\"@type\":\"SearchAction\",\"target\":{\"@type\":\"EntryPoint\",\"urlTemplate\":\"https:\/\/edurec.ge.ch\/site\/cfpt-cedoc\/?s={search_term_string}\"},\"query-input\":{\"@type\":\"PropertyValueSpecification\",\"valueRequired\":true,\"valueName\":\"search_term_string\"}}],\"inLanguage\":\"fr-FR\"}]}<\/script>\n<!-- \/ Yoast SEO plugin. -->","yoast_head_json":{"title":"Traquez l'infox : d\u00e9finitions - CFPT Cedoc","robots":{"index":"index","follow":"follow","max-snippet":"max-snippet:-1","max-image-preview":"max-image-preview:large","max-video-preview":"max-video-preview:-1"},"canonical":"https:\/\/edurec.ge.ch\/site\/cfpt-cedoc\/aides-pour-recherche\/traquer-linfox\/","og_locale":"fr_FR","og_type":"article","og_title":"Traquez l'infox : d\u00e9finitions - CFPT Cedoc","og_description":"Quelques d\u00e9finitions : Rumeur : nouvelle non v\u00e9rifi\u00e9e Canular (hoax) : contenu parodique et satirique Hame\u00e7onnage (phishing) : personnes malveillantes qui se font passer pour une soci\u00e9t\u00e9 pour r\u00e9cup\u00e9rer les mots de passe. Usine \u00e0 troll : les trolls sont pay\u00e9s pour faire passer de fausses informations Propagande : d\u00e9sinformation d&rsquo;\u00e9tat = arme de guerre [&hellip;]","og_url":"https:\/\/edurec.ge.ch\/site\/cfpt-cedoc\/aides-pour-recherche\/traquer-linfox\/","og_site_name":"CFPT Cedoc","article_modified_time":"2021-11-12T07:50:26+00:00","og_image":[{"width":695,"height":329,"url":"https:\/\/edurec.ge.ch\/site\/cfpt-cedoc\/wp-content\/uploads\/sites\/119\/2021\/11\/d\u00e9sinformation.png","type":"image\/png"}],"twitter_card":"summary_large_image","twitter_misc":{"Dur\u00e9e de lecture estim\u00e9e":"1 minute"},"schema":{"@context":"https:\/\/schema.org","@graph":[{"@type":"WebPage","@id":"https:\/\/edurec.ge.ch\/site\/cfpt-cedoc\/aides-pour-recherche\/traquer-linfox\/","url":"https:\/\/edurec.ge.ch\/site\/cfpt-cedoc\/aides-pour-recherche\/traquer-linfox\/","name":"Traquez l'infox : d\u00e9finitions - CFPT Cedoc","isPartOf":{"@id":"https:\/\/edurec.ge.ch\/site\/cfpt-cedoc\/#website"},"primaryImageOfPage":{"@id":"https:\/\/edurec.ge.ch\/site\/cfpt-cedoc\/aides-pour-recherche\/traquer-linfox\/#primaryimage"},"image":{"@id":"https:\/\/edurec.ge.ch\/site\/cfpt-cedoc\/aides-pour-recherche\/traquer-linfox\/#primaryimage"},"thumbnailUrl":"https:\/\/edurec.ge.ch\/site\/cfpt-cedoc\/wp-content\/uploads\/sites\/119\/2021\/11\/d\u00e9sinformation.png","datePublished":"2021-11-05T12:46:01+00:00","dateModified":"2021-11-12T07:50:26+00:00","breadcrumb":{"@id":"https:\/\/edurec.ge.ch\/site\/cfpt-cedoc\/aides-pour-recherche\/traquer-linfox\/#breadcrumb"},"inLanguage":"fr-FR","potentialAction":[{"@type":"ReadAction","target":["https:\/\/edurec.ge.ch\/site\/cfpt-cedoc\/aides-pour-recherche\/traquer-linfox\/"]}]},{"@type":"ImageObject","inLanguage":"fr-FR","@id":"https:\/\/edurec.ge.ch\/site\/cfpt-cedoc\/aides-pour-recherche\/traquer-linfox\/#primaryimage","url":"https:\/\/edurec.ge.ch\/site\/cfpt-cedoc\/wp-content\/uploads\/sites\/119\/2021\/11\/d\u00e9sinformation.png","contentUrl":"https:\/\/edurec.ge.ch\/site\/cfpt-cedoc\/wp-content\/uploads\/sites\/119\/2021\/11\/d\u00e9sinformation.png","width":695,"height":329},{"@type":"BreadcrumbList","@id":"https:\/\/edurec.ge.ch\/site\/cfpt-cedoc\/aides-pour-recherche\/traquer-linfox\/#breadcrumb","itemListElement":[{"@type":"ListItem","position":1,"name":"Accueil","item":"https:\/\/edurec.ge.ch\/site\/cfpt-cedoc\/"},{"@type":"ListItem","position":2,"name":"Aide \u00e0 la recherche","item":"https:\/\/edurec.ge.ch\/site\/cfpt-cedoc\/aides-pour-recherche\/"},{"@type":"ListItem","position":3,"name":"Traquez l&rsquo;infox : d\u00e9finitions"}]},{"@type":"WebSite","@id":"https:\/\/edurec.ge.ch\/site\/cfpt-cedoc\/#website","url":"https:\/\/edurec.ge.ch\/site\/cfpt-cedoc\/","name":"CFPT Cedoc","description":"Toutes les informations pratiques du CEDOC du CFPT","potentialAction":[{"@type":"SearchAction","target":{"@type":"EntryPoint","urlTemplate":"https:\/\/edurec.ge.ch\/site\/cfpt-cedoc\/?s={search_term_string}"},"query-input":{"@type":"PropertyValueSpecification","valueRequired":true,"valueName":"search_term_string"}}],"inLanguage":"fr-FR"}]}},"_links":{"self":[{"href":"https:\/\/edurec.ge.ch\/site\/cfpt-cedoc\/wp-json\/wp\/v2\/pages\/1631","targetHints":{"allow":["GET"]}}],"collection":[{"href":"https:\/\/edurec.ge.ch\/site\/cfpt-cedoc\/wp-json\/wp\/v2\/pages"}],"about":[{"href":"https:\/\/edurec.ge.ch\/site\/cfpt-cedoc\/wp-json\/wp\/v2\/types\/page"}],"author":[{"embeddable":true,"href":"https:\/\/edurec.ge.ch\/site\/cfpt-cedoc\/wp-json\/wp\/v2\/users\/3617"}],"replies":[{"embeddable":true,"href":"https:\/\/edurec.ge.ch\/site\/cfpt-cedoc\/wp-json\/wp\/v2\/comments?post=1631"}],"version-history":[{"count":9,"href":"https:\/\/edurec.ge.ch\/site\/cfpt-cedoc\/wp-json\/wp\/v2\/pages\/1631\/revisions"}],"predecessor-version":[{"id":1711,"href":"https:\/\/edurec.ge.ch\/site\/cfpt-cedoc\/wp-json\/wp\/v2\/pages\/1631\/revisions\/1711"}],"up":[{"embeddable":true,"href":"https:\/\/edurec.ge.ch\/site\/cfpt-cedoc\/wp-json\/wp\/v2\/pages\/681"}],"wp:featuredmedia":[{"embeddable":true,"href":"https:\/\/edurec.ge.ch\/site\/cfpt-cedoc\/wp-json\/wp\/v2\/media\/1636"}],"wp:attachment":[{"href":"https:\/\/edurec.ge.ch\/site\/cfpt-cedoc\/wp-json\/wp\/v2\/media?parent=1631"}],"curies":[{"name":"wp","href":"https:\/\/api.w.org\/{rel}","templated":true}]}}