{"id":1614,"date":"2021-11-05T12:37:30","date_gmt":"2021-11-05T10:37:30","guid":{"rendered":"https:\/\/edurec.ge.ch\/site\/cfpt-cedoc\/?page_id=1614"},"modified":"2021-11-11T16:15:52","modified_gmt":"2021-11-11T14:15:52","slug":"codes-de-deontologie-journalistes","status":"publish","type":"page","link":"https:\/\/edurec.ge.ch\/site\/cfpt-cedoc\/aides-pour-recherche\/traquez-linfox-ne-plus-se-faire-fake-news\/codes-de-deontologie-journalistes\/","title":{"rendered":"Traquez l&rsquo;infox : codes de d\u00e9ontologie des journalistes"},"content":{"rendered":"<p><a href=\"https:\/\/edurec.ge.ch\/site\/cfpt-cedoc\/wp-content\/uploads\/sites\/119\/2021\/11\/wordpress-d\u00e9ontologie-journalistes.png\" data-rel=\"lightbox-image-0\" data-rl_title=\"\" data-rl_caption=\"\" title=\"\"><img loading=\"lazy\" decoding=\"async\" class=\"size-medium wp-image-1618 aligncenter\" src=\"https:\/\/edurec.ge.ch\/site\/cfpt-cedoc\/wp-content\/uploads\/sites\/119\/2021\/11\/wordpress-d\u00e9ontologie-journalistes-300x157.png\" alt=\"\" width=\"300\" height=\"157\" srcset=\"https:\/\/edurec.ge.ch\/site\/cfpt-cedoc\/wp-content\/uploads\/sites\/119\/2021\/11\/wordpress-d\u00e9ontologie-journalistes-300x157.png 300w, https:\/\/edurec.ge.ch\/site\/cfpt-cedoc\/wp-content\/uploads\/sites\/119\/2021\/11\/wordpress-d\u00e9ontologie-journalistes-768x402.png 768w, https:\/\/edurec.ge.ch\/site\/cfpt-cedoc\/wp-content\/uploads\/sites\/119\/2021\/11\/wordpress-d\u00e9ontologie-journalistes-1024x536.png 1024w, https:\/\/edurec.ge.ch\/site\/cfpt-cedoc\/wp-content\/uploads\/sites\/119\/2021\/11\/wordpress-d\u00e9ontologie-journalistes.png 1200w\" sizes=\"auto, (max-width: 300px) 100vw, 300px\" \/><\/a><\/p>\n<p><span style=\"color: #ff00ff\">Introduction \u00e0 la d\u00e9ontologie \/ Daniel Cornu, actualisation Eliane Ballif<\/span> : <strong><span style=\"color: #3366ff\"><a style=\"color: #3366ff\" href=\"http:\/\/www.cfjm.ch\/wp-content\/uploads\/2016\/02\/CornuBallif_Intro_De%CC%81ontologie_29.01.16.pdf\">http:\/\/www.cfjm.ch\/wp-content\/uploads\/2016\/02\/CornuBallif_Intro_De%CC%81ontologie_29.01.16.pdf<\/a><\/span><\/strong><\/p>\n<p>En Suisse, les journalistes inscrits au Registre professionnel et ayant une carte de presse travaillent selon les r\u00e8gles de la \u00ab\u00a0<span style=\"color: #ff00ff\">D\u00e9claration des devoirs et des droits du\/de la journaliste<\/span>\u00ab\u00a0. Le Conseil suisse de la presse est le garant de l\u2019application de ces r\u00e8gles.<br \/>\nD\u00e9claration des devoirs et des droits du\/de la journaliste (CH) : <strong><span style=\"color: #3366ff\"><a style=\"color: #3366ff\" href=\"https:\/\/www.impressum.ch\/fileadmin\/user_upload\/Dateien\/Merkblaetter_Statuten_etc\/Devoirs_droits.pdf\">https:\/\/www.impressum.ch\/fileadmin\/user_upload\/Dateien\/Merkblaetter_Statuten_etc\/Devoirs_droits.pdf<\/a><\/span><\/strong><\/p>\n<p>La <span style=\"color: #ff00ff\">Charte de d\u00e9ontologie de Munich<\/span> (ou D\u00e9claration des devoirs et des droits des journalistes), sign\u00e9e le 24 novembre 1971 \u00e0 Munich et adopt\u00e9e par la F\u00e9d\u00e9ration europ\u00e9enne des journalistes, est une r\u00e9f\u00e9rence mondiale concernant la d\u00e9ontologie du journalisme, en distinguant dix devoirs et cinq droits : <a href=\"https:\/\/www.ifj.org\/fileadmin\/user_upload\/Global_Charter_of_Ethics_FR.pdf\"><span style=\"color: #3366ff\"><strong>https:\/\/www.ifj.org\/fileadmin\/user_upload\/Global_Charter_of_Ethics_FR.pdf<\/strong><\/span><\/a><\/p>\n<p><span style=\"color: #ff00ff\">Charte d\u00e9ontologique et valeurs de la RTS<\/span> : <a href=\"https:\/\/www.srgssr.ch\/fileadmin\/dam\/documents\/qualitaet\/RTS_Charte_Deontologique_et_Valeurs.pdf\"><strong><span style=\"color: #3366ff\">https:\/\/www.srgssr.ch\/fileadmin\/dam\/documents\/qualitaet\/RTS_Charte_Deontologique_et_Valeurs.pdf<\/span><\/strong><\/a><\/p>\n<p>&nbsp;<\/p>\n","protected":false},"excerpt":{"rendered":"<p>Introduction \u00e0 la d\u00e9ontologie \/ Daniel Cornu, actualisation Eliane Ballif : http:\/\/www.cfjm.ch\/wp-content\/uploads\/2016\/02\/CornuBallif_Intro_De%CC%81ontologie_29.01.16.pdf En Suisse, les journalistes inscrits au Registre professionnel et ayant une carte de presse travaillent selon les r\u00e8gles de la \u00ab\u00a0D\u00e9claration des devoirs et des droits du\/de la journaliste\u00ab\u00a0. Le Conseil suisse de la presse est le garant de l\u2019application de ces r\u00e8gles. [&hellip;]<\/p>\n","protected":false},"author":3617,"featured_media":1618,"parent":1639,"menu_order":0,"comment_status":"closed","ping_status":"closed","template":"","meta":{"footnotes":""},"class_list":["post-1614","page","type-page","status-publish","has-post-thumbnail","czr-hentry"],"yoast_head":"<!-- This site is optimized with the Yoast SEO plugin v26.4 - https:\/\/yoast.com\/wordpress\/plugins\/seo\/ -->\n<title>Traquez l&#039;infox : codes de d\u00e9ontologie des journalistes - CFPT Cedoc<\/title>\n<meta name=\"robots\" content=\"index, follow, max-snippet:-1, max-image-preview:large, max-video-preview:-1\" \/>\n<link rel=\"canonical\" href=\"https:\/\/edurec.ge.ch\/site\/cfpt-cedoc\/aides-pour-recherche\/traquez-linfox-ne-plus-se-faire-fake-news\/codes-de-deontologie-journalistes\/\" \/>\n<meta property=\"og:locale\" content=\"fr_FR\" \/>\n<meta property=\"og:type\" content=\"article\" \/>\n<meta property=\"og:title\" content=\"Traquez l&#039;infox : codes de d\u00e9ontologie des journalistes - CFPT Cedoc\" \/>\n<meta property=\"og:description\" content=\"Introduction \u00e0 la d\u00e9ontologie \/ Daniel Cornu, actualisation Eliane Ballif : http:\/\/www.cfjm.ch\/wp-content\/uploads\/2016\/02\/CornuBallif_Intro_De%CC%81ontologie_29.01.16.pdf En Suisse, les journalistes inscrits au Registre professionnel et ayant une carte de presse travaillent selon les r\u00e8gles de la \u00ab\u00a0D\u00e9claration des devoirs et des droits du\/de la journaliste\u00ab\u00a0. Le Conseil suisse de la presse est le garant de l\u2019application de ces r\u00e8gles. [&hellip;]\" \/>\n<meta property=\"og:url\" content=\"https:\/\/edurec.ge.ch\/site\/cfpt-cedoc\/aides-pour-recherche\/traquez-linfox-ne-plus-se-faire-fake-news\/codes-de-deontologie-journalistes\/\" \/>\n<meta property=\"og:site_name\" content=\"CFPT Cedoc\" \/>\n<meta property=\"article:modified_time\" content=\"2021-11-11T14:15:52+00:00\" \/>\n<meta property=\"og:image\" content=\"https:\/\/edurec.ge.ch\/site\/cfpt-cedoc\/wp-content\/uploads\/sites\/119\/2021\/11\/wordpress-d\u00e9ontologie-journalistes.png\" \/>\n\t<meta property=\"og:image:width\" content=\"1200\" \/>\n\t<meta property=\"og:image:height\" content=\"628\" \/>\n\t<meta property=\"og:image:type\" content=\"image\/png\" \/>\n<meta name=\"twitter:card\" content=\"summary_large_image\" \/>\n<meta name=\"twitter:label1\" content=\"Dur\u00e9e de lecture estim\u00e9e\" \/>\n\t<meta name=\"twitter:data1\" content=\"1 minute\" \/>\n<script type=\"application\/ld+json\" class=\"yoast-schema-graph\">{\"@context\":\"https:\/\/schema.org\",\"@graph\":[{\"@type\":\"WebPage\",\"@id\":\"https:\/\/edurec.ge.ch\/site\/cfpt-cedoc\/aides-pour-recherche\/traquez-linfox-ne-plus-se-faire-fake-news\/codes-de-deontologie-journalistes\/\",\"url\":\"https:\/\/edurec.ge.ch\/site\/cfpt-cedoc\/aides-pour-recherche\/traquez-linfox-ne-plus-se-faire-fake-news\/codes-de-deontologie-journalistes\/\",\"name\":\"Traquez l'infox : codes de d\u00e9ontologie des journalistes - CFPT Cedoc\",\"isPartOf\":{\"@id\":\"https:\/\/edurec.ge.ch\/site\/cfpt-cedoc\/#website\"},\"primaryImageOfPage\":{\"@id\":\"https:\/\/edurec.ge.ch\/site\/cfpt-cedoc\/aides-pour-recherche\/traquez-linfox-ne-plus-se-faire-fake-news\/codes-de-deontologie-journalistes\/#primaryimage\"},\"image\":{\"@id\":\"https:\/\/edurec.ge.ch\/site\/cfpt-cedoc\/aides-pour-recherche\/traquez-linfox-ne-plus-se-faire-fake-news\/codes-de-deontologie-journalistes\/#primaryimage\"},\"thumbnailUrl\":\"https:\/\/edurec.ge.ch\/site\/cfpt-cedoc\/wp-content\/uploads\/sites\/119\/2021\/11\/wordpress-d\u00e9ontologie-journalistes.png\",\"datePublished\":\"2021-11-05T10:37:30+00:00\",\"dateModified\":\"2021-11-11T14:15:52+00:00\",\"breadcrumb\":{\"@id\":\"https:\/\/edurec.ge.ch\/site\/cfpt-cedoc\/aides-pour-recherche\/traquez-linfox-ne-plus-se-faire-fake-news\/codes-de-deontologie-journalistes\/#breadcrumb\"},\"inLanguage\":\"fr-FR\",\"potentialAction\":[{\"@type\":\"ReadAction\",\"target\":[\"https:\/\/edurec.ge.ch\/site\/cfpt-cedoc\/aides-pour-recherche\/traquez-linfox-ne-plus-se-faire-fake-news\/codes-de-deontologie-journalistes\/\"]}]},{\"@type\":\"ImageObject\",\"inLanguage\":\"fr-FR\",\"@id\":\"https:\/\/edurec.ge.ch\/site\/cfpt-cedoc\/aides-pour-recherche\/traquez-linfox-ne-plus-se-faire-fake-news\/codes-de-deontologie-journalistes\/#primaryimage\",\"url\":\"https:\/\/edurec.ge.ch\/site\/cfpt-cedoc\/wp-content\/uploads\/sites\/119\/2021\/11\/wordpress-d\u00e9ontologie-journalistes.png\",\"contentUrl\":\"https:\/\/edurec.ge.ch\/site\/cfpt-cedoc\/wp-content\/uploads\/sites\/119\/2021\/11\/wordpress-d\u00e9ontologie-journalistes.png\",\"width\":1200,\"height\":628},{\"@type\":\"BreadcrumbList\",\"@id\":\"https:\/\/edurec.ge.ch\/site\/cfpt-cedoc\/aides-pour-recherche\/traquez-linfox-ne-plus-se-faire-fake-news\/codes-de-deontologie-journalistes\/#breadcrumb\",\"itemListElement\":[{\"@type\":\"ListItem\",\"position\":1,\"name\":\"Accueil\",\"item\":\"https:\/\/edurec.ge.ch\/site\/cfpt-cedoc\/\"},{\"@type\":\"ListItem\",\"position\":2,\"name\":\"Aide \u00e0 la recherche\",\"item\":\"https:\/\/edurec.ge.ch\/site\/cfpt-cedoc\/aides-pour-recherche\/\"},{\"@type\":\"ListItem\",\"position\":3,\"name\":\"Traquez l&rsquo;infox ou comment ne plus se faire avoir par les fake news\",\"item\":\"https:\/\/edurec.ge.ch\/site\/cfpt-cedoc\/aides-pour-recherche\/traquez-linfox-ne-plus-se-faire-fake-news\/\"},{\"@type\":\"ListItem\",\"position\":4,\"name\":\"Traquez l&rsquo;infox : codes de d\u00e9ontologie des journalistes\"}]},{\"@type\":\"WebSite\",\"@id\":\"https:\/\/edurec.ge.ch\/site\/cfpt-cedoc\/#website\",\"url\":\"https:\/\/edurec.ge.ch\/site\/cfpt-cedoc\/\",\"name\":\"CFPT Cedoc\",\"description\":\"Toutes les informations pratiques du CEDOC du CFPT\",\"potentialAction\":[{\"@type\":\"SearchAction\",\"target\":{\"@type\":\"EntryPoint\",\"urlTemplate\":\"https:\/\/edurec.ge.ch\/site\/cfpt-cedoc\/?s={search_term_string}\"},\"query-input\":{\"@type\":\"PropertyValueSpecification\",\"valueRequired\":true,\"valueName\":\"search_term_string\"}}],\"inLanguage\":\"fr-FR\"}]}<\/script>\n<!-- \/ Yoast SEO plugin. -->","yoast_head_json":{"title":"Traquez l'infox : codes de d\u00e9ontologie des journalistes - CFPT Cedoc","robots":{"index":"index","follow":"follow","max-snippet":"max-snippet:-1","max-image-preview":"max-image-preview:large","max-video-preview":"max-video-preview:-1"},"canonical":"https:\/\/edurec.ge.ch\/site\/cfpt-cedoc\/aides-pour-recherche\/traquez-linfox-ne-plus-se-faire-fake-news\/codes-de-deontologie-journalistes\/","og_locale":"fr_FR","og_type":"article","og_title":"Traquez l'infox : codes de d\u00e9ontologie des journalistes - CFPT Cedoc","og_description":"Introduction \u00e0 la d\u00e9ontologie \/ Daniel Cornu, actualisation Eliane Ballif : http:\/\/www.cfjm.ch\/wp-content\/uploads\/2016\/02\/CornuBallif_Intro_De%CC%81ontologie_29.01.16.pdf En Suisse, les journalistes inscrits au Registre professionnel et ayant une carte de presse travaillent selon les r\u00e8gles de la \u00ab\u00a0D\u00e9claration des devoirs et des droits du\/de la journaliste\u00ab\u00a0. Le Conseil suisse de la presse est le garant de l\u2019application de ces r\u00e8gles. [&hellip;]","og_url":"https:\/\/edurec.ge.ch\/site\/cfpt-cedoc\/aides-pour-recherche\/traquez-linfox-ne-plus-se-faire-fake-news\/codes-de-deontologie-journalistes\/","og_site_name":"CFPT Cedoc","article_modified_time":"2021-11-11T14:15:52+00:00","og_image":[{"width":1200,"height":628,"url":"https:\/\/edurec.ge.ch\/site\/cfpt-cedoc\/wp-content\/uploads\/sites\/119\/2021\/11\/wordpress-d\u00e9ontologie-journalistes.png","type":"image\/png"}],"twitter_card":"summary_large_image","twitter_misc":{"Dur\u00e9e de lecture estim\u00e9e":"1 minute"},"schema":{"@context":"https:\/\/schema.org","@graph":[{"@type":"WebPage","@id":"https:\/\/edurec.ge.ch\/site\/cfpt-cedoc\/aides-pour-recherche\/traquez-linfox-ne-plus-se-faire-fake-news\/codes-de-deontologie-journalistes\/","url":"https:\/\/edurec.ge.ch\/site\/cfpt-cedoc\/aides-pour-recherche\/traquez-linfox-ne-plus-se-faire-fake-news\/codes-de-deontologie-journalistes\/","name":"Traquez l'infox : codes de d\u00e9ontologie des journalistes - CFPT Cedoc","isPartOf":{"@id":"https:\/\/edurec.ge.ch\/site\/cfpt-cedoc\/#website"},"primaryImageOfPage":{"@id":"https:\/\/edurec.ge.ch\/site\/cfpt-cedoc\/aides-pour-recherche\/traquez-linfox-ne-plus-se-faire-fake-news\/codes-de-deontologie-journalistes\/#primaryimage"},"image":{"@id":"https:\/\/edurec.ge.ch\/site\/cfpt-cedoc\/aides-pour-recherche\/traquez-linfox-ne-plus-se-faire-fake-news\/codes-de-deontologie-journalistes\/#primaryimage"},"thumbnailUrl":"https:\/\/edurec.ge.ch\/site\/cfpt-cedoc\/wp-content\/uploads\/sites\/119\/2021\/11\/wordpress-d\u00e9ontologie-journalistes.png","datePublished":"2021-11-05T10:37:30+00:00","dateModified":"2021-11-11T14:15:52+00:00","breadcrumb":{"@id":"https:\/\/edurec.ge.ch\/site\/cfpt-cedoc\/aides-pour-recherche\/traquez-linfox-ne-plus-se-faire-fake-news\/codes-de-deontologie-journalistes\/#breadcrumb"},"inLanguage":"fr-FR","potentialAction":[{"@type":"ReadAction","target":["https:\/\/edurec.ge.ch\/site\/cfpt-cedoc\/aides-pour-recherche\/traquez-linfox-ne-plus-se-faire-fake-news\/codes-de-deontologie-journalistes\/"]}]},{"@type":"ImageObject","inLanguage":"fr-FR","@id":"https:\/\/edurec.ge.ch\/site\/cfpt-cedoc\/aides-pour-recherche\/traquez-linfox-ne-plus-se-faire-fake-news\/codes-de-deontologie-journalistes\/#primaryimage","url":"https:\/\/edurec.ge.ch\/site\/cfpt-cedoc\/wp-content\/uploads\/sites\/119\/2021\/11\/wordpress-d\u00e9ontologie-journalistes.png","contentUrl":"https:\/\/edurec.ge.ch\/site\/cfpt-cedoc\/wp-content\/uploads\/sites\/119\/2021\/11\/wordpress-d\u00e9ontologie-journalistes.png","width":1200,"height":628},{"@type":"BreadcrumbList","@id":"https:\/\/edurec.ge.ch\/site\/cfpt-cedoc\/aides-pour-recherche\/traquez-linfox-ne-plus-se-faire-fake-news\/codes-de-deontologie-journalistes\/#breadcrumb","itemListElement":[{"@type":"ListItem","position":1,"name":"Accueil","item":"https:\/\/edurec.ge.ch\/site\/cfpt-cedoc\/"},{"@type":"ListItem","position":2,"name":"Aide \u00e0 la recherche","item":"https:\/\/edurec.ge.ch\/site\/cfpt-cedoc\/aides-pour-recherche\/"},{"@type":"ListItem","position":3,"name":"Traquez l&rsquo;infox ou comment ne plus se faire avoir par les fake news","item":"https:\/\/edurec.ge.ch\/site\/cfpt-cedoc\/aides-pour-recherche\/traquez-linfox-ne-plus-se-faire-fake-news\/"},{"@type":"ListItem","position":4,"name":"Traquez l&rsquo;infox : codes de d\u00e9ontologie des journalistes"}]},{"@type":"WebSite","@id":"https:\/\/edurec.ge.ch\/site\/cfpt-cedoc\/#website","url":"https:\/\/edurec.ge.ch\/site\/cfpt-cedoc\/","name":"CFPT Cedoc","description":"Toutes les informations pratiques du CEDOC du CFPT","potentialAction":[{"@type":"SearchAction","target":{"@type":"EntryPoint","urlTemplate":"https:\/\/edurec.ge.ch\/site\/cfpt-cedoc\/?s={search_term_string}"},"query-input":{"@type":"PropertyValueSpecification","valueRequired":true,"valueName":"search_term_string"}}],"inLanguage":"fr-FR"}]}},"_links":{"self":[{"href":"https:\/\/edurec.ge.ch\/site\/cfpt-cedoc\/wp-json\/wp\/v2\/pages\/1614","targetHints":{"allow":["GET"]}}],"collection":[{"href":"https:\/\/edurec.ge.ch\/site\/cfpt-cedoc\/wp-json\/wp\/v2\/pages"}],"about":[{"href":"https:\/\/edurec.ge.ch\/site\/cfpt-cedoc\/wp-json\/wp\/v2\/types\/page"}],"author":[{"embeddable":true,"href":"https:\/\/edurec.ge.ch\/site\/cfpt-cedoc\/wp-json\/wp\/v2\/users\/3617"}],"replies":[{"embeddable":true,"href":"https:\/\/edurec.ge.ch\/site\/cfpt-cedoc\/wp-json\/wp\/v2\/comments?post=1614"}],"version-history":[{"count":16,"href":"https:\/\/edurec.ge.ch\/site\/cfpt-cedoc\/wp-json\/wp\/v2\/pages\/1614\/revisions"}],"predecessor-version":[{"id":1650,"href":"https:\/\/edurec.ge.ch\/site\/cfpt-cedoc\/wp-json\/wp\/v2\/pages\/1614\/revisions\/1650"}],"up":[{"embeddable":true,"href":"https:\/\/edurec.ge.ch\/site\/cfpt-cedoc\/wp-json\/wp\/v2\/pages\/1639"}],"wp:featuredmedia":[{"embeddable":true,"href":"https:\/\/edurec.ge.ch\/site\/cfpt-cedoc\/wp-json\/wp\/v2\/media\/1618"}],"wp:attachment":[{"href":"https:\/\/edurec.ge.ch\/site\/cfpt-cedoc\/wp-json\/wp\/v2\/media?parent=1614"}],"curies":[{"name":"wp","href":"https:\/\/api.w.org\/{rel}","templated":true}]}}