{"id":1497,"date":"2021-05-06T16:02:35","date_gmt":"2021-05-06T14:02:35","guid":{"rendered":"https:\/\/edurec.ge.ch\/site\/cfpt-cedoc\/?page_id=1497"},"modified":"2025-03-27T14:28:15","modified_gmt":"2025-03-27T12:28:15","slug":"ateliers","status":"publish","type":"page","link":"https:\/\/edurec.ge.ch\/site\/cfpt-cedoc\/ateliers\/","title":{"rendered":"Ateliers"},"content":{"rendered":"<p>Le Cedoc vous propose plusieurs ateliers de m\u00e9diation culturelle.<\/p>\n<p>Venez participer \u00e0 un <span style=\"color: #ff00ff\">Proc\u00e8s fictif<\/span> sous forme de <span style=\"color: #ff00ff\">jeux de r\u00f4le<\/span>. Trois th\u00e8mes sont d\u00e9j\u00e0 disponibles : Atterrissage forc\u00e9, Marchand de sommeil et Black Friday. Retrouvez plus d&rsquo;infos sur la page<span style=\"color: #3366ff\"> <strong><a style=\"color: #3366ff\" href=\"https:\/\/edurec.ge.ch\/site\/cfpt-cedoc\/proces-fictifs\/\">Proc\u00e8s fictif<\/a><\/strong><\/span><\/p>\n<p>N&rsquo;h\u00e9sitez pas \u00e0 venir divertir vos classes avec notre atelier <span style=\"color: #ff00ff\">Jeux d&rsquo;\u00e9criture<\/span>. Plus d&rsquo;infos sur : <span style=\"color: #3366ff\"><strong><a style=\"color: #3366ff\" href=\"https:\/\/edurec.ge.ch\/site\/cfpt-cedoc\/ateliers\/jeux-decriture\/\">Jeux d&rsquo;\u00e9criture<\/a><\/strong><\/span><\/p>\n<p>Nous vous proposons aussi un\u00a0<span style=\"color: #ff00ff\">Escape Game <\/span> :<strong> <span style=\"color: #3366ff\"><a style=\"color: #3366ff\" href=\"https:\/\/edurec.ge.ch\/site\/cfpt-cedoc\/ateliers\/fake-escape-news\/\">Fake escape news<\/a><\/span><\/strong> pour vous aider \u00e0 d\u00e9m\u00ealer le vrai du faux.<\/p>\n<p><a href=\"mailto:cfpt-biblio-bertrand@etat.ge.ch\">mailto: cfpt-biblio-bertrand@etat.ge.ch<\/a><\/p>\n","protected":false},"excerpt":{"rendered":"<p>Le Cedoc vous propose plusieurs ateliers de m\u00e9diation culturelle. Venez participer \u00e0 un Proc\u00e8s fictif sous forme de jeux de r\u00f4le. Trois th\u00e8mes sont d\u00e9j\u00e0 disponibles : Atterrissage forc\u00e9, Marchand de sommeil et Black Friday. Retrouvez plus d&rsquo;infos sur la page Proc\u00e8s fictif N&rsquo;h\u00e9sitez pas \u00e0 venir divertir vos classes avec notre atelier Jeux d&rsquo;\u00e9criture. [&hellip;]<\/p>\n","protected":false},"author":3617,"featured_media":0,"parent":0,"menu_order":0,"comment_status":"closed","ping_status":"closed","template":"","meta":{"footnotes":""},"class_list":["post-1497","page","type-page","status-publish","czr-hentry"],"yoast_head":"<!-- This site is optimized with the Yoast SEO plugin v26.4 - https:\/\/yoast.com\/wordpress\/plugins\/seo\/ -->\n<title>Ateliers - CFPT Cedoc<\/title>\n<meta name=\"robots\" content=\"index, follow, max-snippet:-1, max-image-preview:large, max-video-preview:-1\" \/>\n<link rel=\"canonical\" href=\"https:\/\/edurec.ge.ch\/site\/cfpt-cedoc\/ateliers\/\" \/>\n<meta property=\"og:locale\" content=\"fr_FR\" \/>\n<meta property=\"og:type\" content=\"article\" \/>\n<meta property=\"og:title\" content=\"Ateliers - CFPT Cedoc\" \/>\n<meta property=\"og:description\" content=\"Le Cedoc vous propose plusieurs ateliers de m\u00e9diation culturelle. Venez participer \u00e0 un Proc\u00e8s fictif sous forme de jeux de r\u00f4le. Trois th\u00e8mes sont d\u00e9j\u00e0 disponibles : Atterrissage forc\u00e9, Marchand de sommeil et Black Friday. Retrouvez plus d&rsquo;infos sur la page Proc\u00e8s fictif N&rsquo;h\u00e9sitez pas \u00e0 venir divertir vos classes avec notre atelier Jeux d&rsquo;\u00e9criture. [&hellip;]\" \/>\n<meta property=\"og:url\" content=\"https:\/\/edurec.ge.ch\/site\/cfpt-cedoc\/ateliers\/\" \/>\n<meta property=\"og:site_name\" content=\"CFPT Cedoc\" \/>\n<meta property=\"article:modified_time\" content=\"2025-03-27T12:28:15+00:00\" \/>\n<meta name=\"twitter:card\" content=\"summary_large_image\" \/>\n<meta name=\"twitter:label1\" content=\"Dur\u00e9e de lecture estim\u00e9e\" \/>\n\t<meta name=\"twitter:data1\" content=\"1 minute\" \/>\n<script type=\"application\/ld+json\" class=\"yoast-schema-graph\">{\"@context\":\"https:\/\/schema.org\",\"@graph\":[{\"@type\":\"WebPage\",\"@id\":\"https:\/\/edurec.ge.ch\/site\/cfpt-cedoc\/ateliers\/\",\"url\":\"https:\/\/edurec.ge.ch\/site\/cfpt-cedoc\/ateliers\/\",\"name\":\"Ateliers - CFPT Cedoc\",\"isPartOf\":{\"@id\":\"https:\/\/edurec.ge.ch\/site\/cfpt-cedoc\/#website\"},\"datePublished\":\"2021-05-06T14:02:35+00:00\",\"dateModified\":\"2025-03-27T12:28:15+00:00\",\"breadcrumb\":{\"@id\":\"https:\/\/edurec.ge.ch\/site\/cfpt-cedoc\/ateliers\/#breadcrumb\"},\"inLanguage\":\"fr-FR\",\"potentialAction\":[{\"@type\":\"ReadAction\",\"target\":[\"https:\/\/edurec.ge.ch\/site\/cfpt-cedoc\/ateliers\/\"]}]},{\"@type\":\"BreadcrumbList\",\"@id\":\"https:\/\/edurec.ge.ch\/site\/cfpt-cedoc\/ateliers\/#breadcrumb\",\"itemListElement\":[{\"@type\":\"ListItem\",\"position\":1,\"name\":\"Accueil\",\"item\":\"https:\/\/edurec.ge.ch\/site\/cfpt-cedoc\/\"},{\"@type\":\"ListItem\",\"position\":2,\"name\":\"Ateliers\"}]},{\"@type\":\"WebSite\",\"@id\":\"https:\/\/edurec.ge.ch\/site\/cfpt-cedoc\/#website\",\"url\":\"https:\/\/edurec.ge.ch\/site\/cfpt-cedoc\/\",\"name\":\"CFPT Cedoc\",\"description\":\"Toutes les informations pratiques du CEDOC du CFPT\",\"potentialAction\":[{\"@type\":\"SearchAction\",\"target\":{\"@type\":\"EntryPoint\",\"urlTemplate\":\"https:\/\/edurec.ge.ch\/site\/cfpt-cedoc\/?s={search_term_string}\"},\"query-input\":{\"@type\":\"PropertyValueSpecification\",\"valueRequired\":true,\"valueName\":\"search_term_string\"}}],\"inLanguage\":\"fr-FR\"}]}<\/script>\n<!-- \/ Yoast SEO plugin. -->","yoast_head_json":{"title":"Ateliers - CFPT Cedoc","robots":{"index":"index","follow":"follow","max-snippet":"max-snippet:-1","max-image-preview":"max-image-preview:large","max-video-preview":"max-video-preview:-1"},"canonical":"https:\/\/edurec.ge.ch\/site\/cfpt-cedoc\/ateliers\/","og_locale":"fr_FR","og_type":"article","og_title":"Ateliers - CFPT Cedoc","og_description":"Le Cedoc vous propose plusieurs ateliers de m\u00e9diation culturelle. Venez participer \u00e0 un Proc\u00e8s fictif sous forme de jeux de r\u00f4le. Trois th\u00e8mes sont d\u00e9j\u00e0 disponibles : Atterrissage forc\u00e9, Marchand de sommeil et Black Friday. Retrouvez plus d&rsquo;infos sur la page Proc\u00e8s fictif N&rsquo;h\u00e9sitez pas \u00e0 venir divertir vos classes avec notre atelier Jeux d&rsquo;\u00e9criture. [&hellip;]","og_url":"https:\/\/edurec.ge.ch\/site\/cfpt-cedoc\/ateliers\/","og_site_name":"CFPT Cedoc","article_modified_time":"2025-03-27T12:28:15+00:00","twitter_card":"summary_large_image","twitter_misc":{"Dur\u00e9e de lecture estim\u00e9e":"1 minute"},"schema":{"@context":"https:\/\/schema.org","@graph":[{"@type":"WebPage","@id":"https:\/\/edurec.ge.ch\/site\/cfpt-cedoc\/ateliers\/","url":"https:\/\/edurec.ge.ch\/site\/cfpt-cedoc\/ateliers\/","name":"Ateliers - CFPT Cedoc","isPartOf":{"@id":"https:\/\/edurec.ge.ch\/site\/cfpt-cedoc\/#website"},"datePublished":"2021-05-06T14:02:35+00:00","dateModified":"2025-03-27T12:28:15+00:00","breadcrumb":{"@id":"https:\/\/edurec.ge.ch\/site\/cfpt-cedoc\/ateliers\/#breadcrumb"},"inLanguage":"fr-FR","potentialAction":[{"@type":"ReadAction","target":["https:\/\/edurec.ge.ch\/site\/cfpt-cedoc\/ateliers\/"]}]},{"@type":"BreadcrumbList","@id":"https:\/\/edurec.ge.ch\/site\/cfpt-cedoc\/ateliers\/#breadcrumb","itemListElement":[{"@type":"ListItem","position":1,"name":"Accueil","item":"https:\/\/edurec.ge.ch\/site\/cfpt-cedoc\/"},{"@type":"ListItem","position":2,"name":"Ateliers"}]},{"@type":"WebSite","@id":"https:\/\/edurec.ge.ch\/site\/cfpt-cedoc\/#website","url":"https:\/\/edurec.ge.ch\/site\/cfpt-cedoc\/","name":"CFPT Cedoc","description":"Toutes les informations pratiques du CEDOC du CFPT","potentialAction":[{"@type":"SearchAction","target":{"@type":"EntryPoint","urlTemplate":"https:\/\/edurec.ge.ch\/site\/cfpt-cedoc\/?s={search_term_string}"},"query-input":{"@type":"PropertyValueSpecification","valueRequired":true,"valueName":"search_term_string"}}],"inLanguage":"fr-FR"}]}},"_links":{"self":[{"href":"https:\/\/edurec.ge.ch\/site\/cfpt-cedoc\/wp-json\/wp\/v2\/pages\/1497","targetHints":{"allow":["GET"]}}],"collection":[{"href":"https:\/\/edurec.ge.ch\/site\/cfpt-cedoc\/wp-json\/wp\/v2\/pages"}],"about":[{"href":"https:\/\/edurec.ge.ch\/site\/cfpt-cedoc\/wp-json\/wp\/v2\/types\/page"}],"author":[{"embeddable":true,"href":"https:\/\/edurec.ge.ch\/site\/cfpt-cedoc\/wp-json\/wp\/v2\/users\/3617"}],"replies":[{"embeddable":true,"href":"https:\/\/edurec.ge.ch\/site\/cfpt-cedoc\/wp-json\/wp\/v2\/comments?post=1497"}],"version-history":[{"count":43,"href":"https:\/\/edurec.ge.ch\/site\/cfpt-cedoc\/wp-json\/wp\/v2\/pages\/1497\/revisions"}],"predecessor-version":[{"id":2469,"href":"https:\/\/edurec.ge.ch\/site\/cfpt-cedoc\/wp-json\/wp\/v2\/pages\/1497\/revisions\/2469"}],"wp:attachment":[{"href":"https:\/\/edurec.ge.ch\/site\/cfpt-cedoc\/wp-json\/wp\/v2\/media?parent=1497"}],"curies":[{"name":"wp","href":"https:\/\/api.w.org\/{rel}","templated":true}]}}