{"id":1106,"date":"2020-03-18T15:56:59","date_gmt":"2020-03-18T13:56:59","guid":{"rendered":"https:\/\/edurec.ge.ch\/site\/cfpt-cedoc\/?page_id=1106"},"modified":"2025-03-13T12:57:56","modified_gmt":"2025-03-13T10:57:56","slug":"videos-explicatives-cedoc","status":"publish","type":"page","link":"https:\/\/edurec.ge.ch\/site\/cfpt-cedoc\/videos-explicatives-cedoc\/","title":{"rendered":"Vid\u00e9os"},"content":{"rendered":"<div id=\"pl-1106\"  class=\"panel-layout\" ><div id=\"pg-1106-0\"  class=\"panel-grid panel-has-style\" ><div class=\"siteorigin-panels-stretch panel-row-style panel-row-style-for-1106-0\" data-stretch-type=\"full\" ><div id=\"pgc-1106-0-0\"  class=\"panel-grid-cell\" ><div id=\"panel-1106-0-0-0\" class=\"so-panel widget widget_sow-image panel-first-child panel-last-child\" data-index=\"0\" ><div\n\t\t\t\n\t\t\tclass=\"so-widget-sow-image so-widget-sow-image-default-113ccd71f3e6-1106\"\n\t\t\t\n\t\t><h3 class=\"widget-title\">Le quotidien des biblioth\u00e9caires : un peu d'humour<\/h3>\n<div class=\"sow-image-container\">\n\t\t\t<a href=\"https:\/\/www.youtube.com\/watch?v=OL7mkfzibUA&#038;t=28s\"\n\t\t\t\t\t>\n\t\t\t<img \n\tsrc=\"https:\/\/edurec.ge.ch\/site\/cfpt-cedoc\/wp-content\/uploads\/sites\/119\/2021\/01\/humour-150x150.png\" width=\"150\" height=\"150\" srcset=\"https:\/\/edurec.ge.ch\/site\/cfpt-cedoc\/wp-content\/uploads\/sites\/119\/2021\/01\/humour-150x150.png 150w, https:\/\/edurec.ge.ch\/site\/cfpt-cedoc\/wp-content\/uploads\/sites\/119\/2021\/01\/humour-510x510.png 510w\" sizes=\"(max-width: 150px) 100vw, 150px\" title=\"Le quotidien des biblioth\u00e9caires : un peu d&#039;humour\" alt=\"\" \t\tclass=\"so-widget-image\"\/>\n\t\t\t<\/a><\/div>\n\n<\/div><\/div><\/div><div id=\"pgc-1106-0-1\"  class=\"panel-grid-cell\" ><div id=\"panel-1106-0-1-0\" class=\"so-panel widget widget_sow-image panel-first-child panel-last-child\" data-index=\"1\" ><div\n\t\t\t\n\t\t\tclass=\"so-widget-sow-image so-widget-sow-image-default-113ccd71f3e6-1106\"\n\t\t\t\n\t\t><h3 class=\"widget-title\">Les services de la m\u00e9diath\u00e8que : aide \u00e0 la recherche au rayon<\/h3>\n<div class=\"sow-image-container\">\n\t\t\t<a href=\"https:\/\/www.youtube.com\/watch?v=uUv9onJ0YWA\"\n\t\t\ttarget=\"_blank\" rel=\"noopener noreferrer\" \t\t>\n\t\t\t<img \n\tsrc=\"https:\/\/edurec.ge.ch\/site\/cfpt-cedoc\/wp-content\/uploads\/sites\/119\/2022\/09\/Annotation-2022-09-16-105437-150x150.png\" width=\"150\" height=\"150\" srcset=\"https:\/\/edurec.ge.ch\/site\/cfpt-cedoc\/wp-content\/uploads\/sites\/119\/2022\/09\/Annotation-2022-09-16-105437-150x150.png 150w, https:\/\/edurec.ge.ch\/site\/cfpt-cedoc\/wp-content\/uploads\/sites\/119\/2022\/09\/Annotation-2022-09-16-105437-510x510.png 510w\" sizes=\"(max-width: 150px) 100vw, 150px\" title=\"Les services de la m\u00e9diath\u00e8que : aide \u00e0 la recherche au rayon\" alt=\"\" \t\tclass=\"so-widget-image\"\/>\n\t\t\t<\/a><\/div>\n\n<\/div><\/div><\/div><div id=\"pgc-1106-0-2\"  class=\"panel-grid-cell\" ><div id=\"panel-1106-0-2-0\" class=\"so-panel widget widget_sow-image panel-first-child panel-last-child\" data-index=\"2\" ><div\n\t\t\t\n\t\t\tclass=\"so-widget-sow-image so-widget-sow-image-default-113ccd71f3e6-1106\"\n\t\t\t\n\t\t><h3 class=\"widget-title\">Les diff\u00e9rentes parties d'un livre<\/h3>\n<div class=\"sow-image-container\">\n\t\t\t<a href=\"http:\/\/www.youtube.com\/watch?v=vsyNczDElYI\"\n\t\t\ttarget=\"_blank\" rel=\"noopener noreferrer\" \t\t>\n\t\t\t<img \n\tsrc=\"https:\/\/edurec.ge.ch\/site\/cfpt-cedoc\/wp-content\/uploads\/sites\/119\/2020\/10\/parties-livres-150x150.png\" width=\"150\" height=\"150\" srcset=\"https:\/\/edurec.ge.ch\/site\/cfpt-cedoc\/wp-content\/uploads\/sites\/119\/2020\/10\/parties-livres-150x150.png 150w, https:\/\/edurec.ge.ch\/site\/cfpt-cedoc\/wp-content\/uploads\/sites\/119\/2020\/10\/parties-livres-352x350.png 352w\" sizes=\"(max-width: 150px) 100vw, 150px\" title=\"Les diff\u00e9rentes parties d&#039;un livre\" alt=\"\" \t\tclass=\"so-widget-image\"\/>\n\t\t\t<\/a><\/div>\n\n<\/div><\/div><\/div><\/div><\/div><div id=\"pg-1106-1\"  class=\"panel-grid panel-no-style\" ><div id=\"pgc-1106-1-0\"  class=\"panel-grid-cell\" ><div id=\"panel-1106-1-0-0\" class=\"so-panel widget widget_sow-image panel-first-child panel-last-child\" data-index=\"3\" ><div\n\t\t\t\n\t\t\tclass=\"so-widget-sow-image so-widget-sow-image-default-113ccd71f3e6-1106\"\n\t\t\t\n\t\t><h3 class=\"widget-title\">Recherche de ressources \u00e9lectroniques dans BiblioDip<\/h3>\n<div class=\"sow-image-container\">\n\t\t\t<a href=\"https:\/\/www.youtube.com\/watch?v=6Cubujqu4bE\"\n\t\t\t\t\t>\n\t\t\t<img \n\tsrc=\"https:\/\/edurec.ge.ch\/site\/cfpt-cedoc\/wp-content\/uploads\/sites\/119\/2020\/10\/recherche-ressources-\u00e9lectroniques-Flora-150x150.png\" width=\"150\" height=\"150\" srcset=\"https:\/\/edurec.ge.ch\/site\/cfpt-cedoc\/wp-content\/uploads\/sites\/119\/2020\/10\/recherche-ressources-\u00e9lectroniques-Flora-150x150.png 150w, https:\/\/edurec.ge.ch\/site\/cfpt-cedoc\/wp-content\/uploads\/sites\/119\/2020\/10\/recherche-ressources-\u00e9lectroniques-Flora-351x350.png 351w\" sizes=\"(max-width: 150px) 100vw, 150px\" title=\"Recherche de ressources \u00e9lectroniques dans BiblioDip\" alt=\"\" \t\tclass=\"so-widget-image\"\/>\n\t\t\t<\/a><\/div>\n\n<\/div><\/div><\/div><div id=\"pgc-1106-1-1\"  class=\"panel-grid-cell\" ><div id=\"panel-1106-1-1-0\" class=\"so-panel widget widget_sow-image panel-first-child panel-last-child\" data-index=\"4\" ><div\n\t\t\t\n\t\t\tclass=\"so-widget-sow-image so-widget-sow-image-default-113ccd71f3e6-1106\"\n\t\t\t\n\t\t><h3 class=\"widget-title\">Recherche simple dans BiblioDip<\/h3>\n<div class=\"sow-image-container\">\n\t\t\t<a href=\"https:\/\/www.youtube.com\/watch?v=OruuIgogbYk&#038;t=3s\"\n\t\t\t\t\t>\n\t\t\t<img \n\tsrc=\"https:\/\/edurec.ge.ch\/site\/cfpt-cedoc\/wp-content\/uploads\/sites\/119\/2020\/10\/recherche-simple-Flora-150x150.png\" width=\"150\" height=\"150\" sizes=\"(max-width: 150px) 100vw, 150px\" title=\"Recherche simple dans BiblioDip\" alt=\"\" \t\tclass=\"so-widget-image\"\/>\n\t\t\t<\/a><\/div>\n\n<\/div><\/div><\/div><div id=\"pgc-1106-1-2\"  class=\"panel-grid-cell\" ><div id=\"panel-1106-1-2-0\" class=\"so-panel widget widget_sow-image panel-first-child panel-last-child\" data-index=\"5\" ><div class=\"panel-widget-style panel-widget-style-for-1106-1-2-0\" ><div\n\t\t\t\n\t\t\tclass=\"so-widget-sow-image so-widget-sow-image-default-113ccd71f3e6-1106\"\n\t\t\t\n\t\t><h3 class=\"widget-title\">Recherche articles de revues dans BiblioDip<\/h3>\n<div class=\"sow-image-container\">\n\t\t\t<a href=\"https:\/\/www.youtube.com\/watch?v=lrCL1as1VIY&#038;t=5s\"\n\t\t\t\t\t>\n\t\t\t<img \n\tsrc=\"https:\/\/edurec.ge.ch\/site\/cfpt-cedoc\/wp-content\/uploads\/sites\/119\/2023\/03\/REVUES-150x150.png\" width=\"150\" height=\"150\" srcset=\"https:\/\/edurec.ge.ch\/site\/cfpt-cedoc\/wp-content\/uploads\/sites\/119\/2023\/03\/REVUES-150x150.png 150w, https:\/\/edurec.ge.ch\/site\/cfpt-cedoc\/wp-content\/uploads\/sites\/119\/2023\/03\/REVUES-510x510.png 510w\" sizes=\"(max-width: 150px) 100vw, 150px\" title=\"Recherche articles de revues dans BiblioDip\" alt=\"\" \t\tclass=\"so-widget-image\"\/>\n\t\t\t<\/a><\/div>\n\n<\/div><\/div><\/div><\/div><\/div><div id=\"pg-1106-2\"  class=\"panel-grid panel-no-style\" ><div id=\"pgc-1106-2-0\"  class=\"panel-grid-cell\" ><div id=\"panel-1106-2-0-0\" class=\"so-panel widget widget_sow-image panel-first-child panel-last-child\" data-index=\"6\" ><div\n\t\t\t\n\t\t\tclass=\"so-widget-sow-image so-widget-sow-image-default-113ccd71f3e6-1106\"\n\t\t\t\n\t\t><h3 class=\"widget-title\">Titre de revue VS titre d'article<\/h3>\n<div class=\"sow-image-container\">\n\t\t\t<a href=\"https:\/\/youtu.be\/0r_ug08El40?si=cdZPmWS3r2pLYYjW\"\n\t\t\ttarget=\"_blank\" rel=\"noopener noreferrer\" \t\t>\n\t\t\t<img \n\tsrc=\"https:\/\/edurec.ge.ch\/site\/cfpt-cedoc\/wp-content\/uploads\/sites\/119\/2020\/10\/recherche-revues-Flora-150x150.png\" width=\"150\" height=\"150\" sizes=\"(max-width: 150px) 100vw, 150px\" title=\"Titre de revue VS titre d&#039;article\" alt=\"Comment diff\u00e9rencier un titre de revue et ses articles\" \t\tclass=\"so-widget-image\"\/>\n\t\t\t<\/a><\/div>\n\n<\/div><\/div><\/div><div id=\"pgc-1106-2-1\"  class=\"panel-grid-cell\" ><div id=\"panel-1106-2-1-0\" class=\"so-panel widget widget_sow-image panel-first-child panel-last-child\" data-index=\"7\" ><div\n\t\t\t\n\t\t\tclass=\"so-widget-sow-image so-widget-sow-image-default-113ccd71f3e6-1106\"\n\t\t\t\n\t\t><h3 class=\"widget-title\">Bo\u00eete de retour<\/h3>\n<div class=\"sow-image-container\">\n\t\t\t<a href=\"https:\/\/youtu.be\/i5la90s3QOg?si=4HkJpUtd6gTmieMz\"\n\t\t\ttarget=\"_blank\" rel=\"noopener noreferrer\" \t\t>\n\t\t\t<img \n\tsrc=\"https:\/\/edurec.ge.ch\/site\/cfpt-cedoc\/wp-content\/uploads\/sites\/119\/2025\/03\/boitederetour-150x150.jpg\" width=\"150\" height=\"150\" srcset=\"https:\/\/edurec.ge.ch\/site\/cfpt-cedoc\/wp-content\/uploads\/sites\/119\/2025\/03\/boitederetour-150x150.jpg 150w, https:\/\/edurec.ge.ch\/site\/cfpt-cedoc\/wp-content\/uploads\/sites\/119\/2025\/03\/boitederetour-510x510.jpg 510w\" sizes=\"(max-width: 150px) 100vw, 150px\" title=\"Bo\u00eete de retour\" alt=\"D\u00e9poser vos documents en retour\" \t\tclass=\"so-widget-image\"\/>\n\t\t\t<\/a><\/div>\n\n<\/div><\/div><\/div><div id=\"pgc-1106-2-2\"  class=\"panel-grid-cell\" ><div id=\"panel-1106-2-2-0\" class=\"so-panel widget widget_sow-image panel-first-child panel-last-child\" data-index=\"8\" ><div\n\t\t\t\n\t\t\tclass=\"so-widget-sow-image so-widget-sow-image-default-113ccd71f3e6-1106\"\n\t\t\t\n\t\t><h3 class=\"widget-title\">Effectuer des recherches dans Encyclopedia Universalis<\/h3>\n<div class=\"sow-image-container\">\n\t\t<img \n\tsrc=\"https:\/\/edurec.ge.ch\/site\/cfpt-cedoc\/wp-content\/uploads\/sites\/119\/2025\/03\/encyclopiaeleve-149x150.png\" width=\"149\" height=\"150\" sizes=\"(max-width: 149px) 100vw, 149px\" title=\"Effectuer des recherches dans Encyclopedia Universalis\" alt=\"Comment rechercher dans Encyclopedia Universali\" \t\tclass=\"so-widget-image\"\/>\n\t<\/div>\n\n<\/div><\/div><\/div><\/div><\/div>","protected":false},"excerpt":{"rendered":"<p>Le quotidien des biblioth\u00e9caires : un peu d&rsquo;humour Les services de la m\u00e9diath\u00e8que : aide \u00e0 la recherche au rayon Les diff\u00e9rentes parties d&rsquo;un livre Recherche de ressources \u00e9lectroniques dans BiblioDip Recherche simple dans BiblioDip Recherche articles de revues dans BiblioDip Titre de revue VS titre d&rsquo;article Bo\u00eete de retour Effectuer des recherches dans Encyclopedia [&hellip;]<\/p>\n","protected":false},"author":3617,"featured_media":0,"parent":0,"menu_order":0,"comment_status":"closed","ping_status":"closed","template":"","meta":{"footnotes":""},"class_list":["post-1106","page","type-page","status-publish","czr-hentry"],"yoast_head":"<!-- This site is optimized with the Yoast SEO plugin v26.4 - https:\/\/yoast.com\/wordpress\/plugins\/seo\/ -->\n<title>Vid\u00e9os - CFPT Cedoc<\/title>\n<meta name=\"description\" content=\"Vous avez besoin d&#039;aide pour effectuer des recherches dans le r\u00e9seau Bibliodip. Vous vous demander ce que font les biblioth\u00e9caires. Vous cherchez comment est construit un livre. Vous \u00eates sur la bonne page. Voici quelques vid\u00e9os pour vous aider.\" \/>\n<meta name=\"robots\" content=\"index, follow, max-snippet:-1, max-image-preview:large, max-video-preview:-1\" \/>\n<link rel=\"canonical\" href=\"https:\/\/edurec.ge.ch\/site\/cfpt-cedoc\/videos-explicatives-cedoc\/\" \/>\n<meta property=\"og:locale\" content=\"fr_FR\" \/>\n<meta property=\"og:type\" content=\"article\" \/>\n<meta property=\"og:title\" content=\"Vid\u00e9os - CFPT Cedoc\" \/>\n<meta property=\"og:description\" content=\"Vous avez besoin d&#039;aide pour effectuer des recherches dans le r\u00e9seau Bibliodip. Vous vous demander ce que font les biblioth\u00e9caires. Vous cherchez comment est construit un livre. Vous \u00eates sur la bonne page. Voici quelques vid\u00e9os pour vous aider.\" \/>\n<meta property=\"og:url\" content=\"https:\/\/edurec.ge.ch\/site\/cfpt-cedoc\/videos-explicatives-cedoc\/\" \/>\n<meta property=\"og:site_name\" content=\"CFPT Cedoc\" \/>\n<meta property=\"article:modified_time\" content=\"2025-03-13T10:57:56+00:00\" \/>\n<meta name=\"twitter:card\" content=\"summary_large_image\" \/>\n<meta name=\"twitter:label1\" content=\"Dur\u00e9e de lecture estim\u00e9e\" \/>\n\t<meta name=\"twitter:data1\" content=\"3 minutes\" \/>\n<script type=\"application\/ld+json\" class=\"yoast-schema-graph\">{\"@context\":\"https:\/\/schema.org\",\"@graph\":[{\"@type\":\"WebPage\",\"@id\":\"https:\/\/edurec.ge.ch\/site\/cfpt-cedoc\/videos-explicatives-cedoc\/\",\"url\":\"https:\/\/edurec.ge.ch\/site\/cfpt-cedoc\/videos-explicatives-cedoc\/\",\"name\":\"Vid\u00e9os - CFPT Cedoc\",\"isPartOf\":{\"@id\":\"https:\/\/edurec.ge.ch\/site\/cfpt-cedoc\/#website\"},\"datePublished\":\"2020-03-18T13:56:59+00:00\",\"dateModified\":\"2025-03-13T10:57:56+00:00\",\"description\":\"Vous avez besoin d'aide pour effectuer des recherches dans le r\u00e9seau Bibliodip. Vous vous demander ce que font les biblioth\u00e9caires. Vous cherchez comment est construit un livre. Vous \u00eates sur la bonne page. Voici quelques vid\u00e9os pour vous aider.\",\"breadcrumb\":{\"@id\":\"https:\/\/edurec.ge.ch\/site\/cfpt-cedoc\/videos-explicatives-cedoc\/#breadcrumb\"},\"inLanguage\":\"fr-FR\",\"potentialAction\":[{\"@type\":\"ReadAction\",\"target\":[\"https:\/\/edurec.ge.ch\/site\/cfpt-cedoc\/videos-explicatives-cedoc\/\"]}]},{\"@type\":\"BreadcrumbList\",\"@id\":\"https:\/\/edurec.ge.ch\/site\/cfpt-cedoc\/videos-explicatives-cedoc\/#breadcrumb\",\"itemListElement\":[{\"@type\":\"ListItem\",\"position\":1,\"name\":\"Accueil\",\"item\":\"https:\/\/edurec.ge.ch\/site\/cfpt-cedoc\/\"},{\"@type\":\"ListItem\",\"position\":2,\"name\":\"Vid\u00e9os\"}]},{\"@type\":\"WebSite\",\"@id\":\"https:\/\/edurec.ge.ch\/site\/cfpt-cedoc\/#website\",\"url\":\"https:\/\/edurec.ge.ch\/site\/cfpt-cedoc\/\",\"name\":\"CFPT Cedoc\",\"description\":\"Toutes les informations pratiques du CEDOC du CFPT\",\"potentialAction\":[{\"@type\":\"SearchAction\",\"target\":{\"@type\":\"EntryPoint\",\"urlTemplate\":\"https:\/\/edurec.ge.ch\/site\/cfpt-cedoc\/?s={search_term_string}\"},\"query-input\":{\"@type\":\"PropertyValueSpecification\",\"valueRequired\":true,\"valueName\":\"search_term_string\"}}],\"inLanguage\":\"fr-FR\"}]}<\/script>\n<!-- \/ Yoast SEO plugin. -->","yoast_head_json":{"title":"Vid\u00e9os - CFPT Cedoc","description":"Vous avez besoin d'aide pour effectuer des recherches dans le r\u00e9seau Bibliodip. Vous vous demander ce que font les biblioth\u00e9caires. Vous cherchez comment est construit un livre. Vous \u00eates sur la bonne page. Voici quelques vid\u00e9os pour vous aider.","robots":{"index":"index","follow":"follow","max-snippet":"max-snippet:-1","max-image-preview":"max-image-preview:large","max-video-preview":"max-video-preview:-1"},"canonical":"https:\/\/edurec.ge.ch\/site\/cfpt-cedoc\/videos-explicatives-cedoc\/","og_locale":"fr_FR","og_type":"article","og_title":"Vid\u00e9os - CFPT Cedoc","og_description":"Vous avez besoin d'aide pour effectuer des recherches dans le r\u00e9seau Bibliodip. Vous vous demander ce que font les biblioth\u00e9caires. Vous cherchez comment est construit un livre. Vous \u00eates sur la bonne page. Voici quelques vid\u00e9os pour vous aider.","og_url":"https:\/\/edurec.ge.ch\/site\/cfpt-cedoc\/videos-explicatives-cedoc\/","og_site_name":"CFPT Cedoc","article_modified_time":"2025-03-13T10:57:56+00:00","twitter_card":"summary_large_image","twitter_misc":{"Dur\u00e9e de lecture estim\u00e9e":"3 minutes"},"schema":{"@context":"https:\/\/schema.org","@graph":[{"@type":"WebPage","@id":"https:\/\/edurec.ge.ch\/site\/cfpt-cedoc\/videos-explicatives-cedoc\/","url":"https:\/\/edurec.ge.ch\/site\/cfpt-cedoc\/videos-explicatives-cedoc\/","name":"Vid\u00e9os - CFPT Cedoc","isPartOf":{"@id":"https:\/\/edurec.ge.ch\/site\/cfpt-cedoc\/#website"},"datePublished":"2020-03-18T13:56:59+00:00","dateModified":"2025-03-13T10:57:56+00:00","description":"Vous avez besoin d'aide pour effectuer des recherches dans le r\u00e9seau Bibliodip. Vous vous demander ce que font les biblioth\u00e9caires. Vous cherchez comment est construit un livre. Vous \u00eates sur la bonne page. Voici quelques vid\u00e9os pour vous aider.","breadcrumb":{"@id":"https:\/\/edurec.ge.ch\/site\/cfpt-cedoc\/videos-explicatives-cedoc\/#breadcrumb"},"inLanguage":"fr-FR","potentialAction":[{"@type":"ReadAction","target":["https:\/\/edurec.ge.ch\/site\/cfpt-cedoc\/videos-explicatives-cedoc\/"]}]},{"@type":"BreadcrumbList","@id":"https:\/\/edurec.ge.ch\/site\/cfpt-cedoc\/videos-explicatives-cedoc\/#breadcrumb","itemListElement":[{"@type":"ListItem","position":1,"name":"Accueil","item":"https:\/\/edurec.ge.ch\/site\/cfpt-cedoc\/"},{"@type":"ListItem","position":2,"name":"Vid\u00e9os"}]},{"@type":"WebSite","@id":"https:\/\/edurec.ge.ch\/site\/cfpt-cedoc\/#website","url":"https:\/\/edurec.ge.ch\/site\/cfpt-cedoc\/","name":"CFPT Cedoc","description":"Toutes les informations pratiques du CEDOC du CFPT","potentialAction":[{"@type":"SearchAction","target":{"@type":"EntryPoint","urlTemplate":"https:\/\/edurec.ge.ch\/site\/cfpt-cedoc\/?s={search_term_string}"},"query-input":{"@type":"PropertyValueSpecification","valueRequired":true,"valueName":"search_term_string"}}],"inLanguage":"fr-FR"}]}},"_links":{"self":[{"href":"https:\/\/edurec.ge.ch\/site\/cfpt-cedoc\/wp-json\/wp\/v2\/pages\/1106","targetHints":{"allow":["GET"]}}],"collection":[{"href":"https:\/\/edurec.ge.ch\/site\/cfpt-cedoc\/wp-json\/wp\/v2\/pages"}],"about":[{"href":"https:\/\/edurec.ge.ch\/site\/cfpt-cedoc\/wp-json\/wp\/v2\/types\/page"}],"author":[{"embeddable":true,"href":"https:\/\/edurec.ge.ch\/site\/cfpt-cedoc\/wp-json\/wp\/v2\/users\/3617"}],"replies":[{"embeddable":true,"href":"https:\/\/edurec.ge.ch\/site\/cfpt-cedoc\/wp-json\/wp\/v2\/comments?post=1106"}],"version-history":[{"count":80,"href":"https:\/\/edurec.ge.ch\/site\/cfpt-cedoc\/wp-json\/wp\/v2\/pages\/1106\/revisions"}],"predecessor-version":[{"id":2424,"href":"https:\/\/edurec.ge.ch\/site\/cfpt-cedoc\/wp-json\/wp\/v2\/pages\/1106\/revisions\/2424"}],"wp:attachment":[{"href":"https:\/\/edurec.ge.ch\/site\/cfpt-cedoc\/wp-json\/wp\/v2\/media?parent=1106"}],"curies":[{"name":"wp","href":"https:\/\/api.w.org\/{rel}","templated":true}]}}