{"id":985,"date":"2018-11-30T10:20:09","date_gmt":"2018-11-30T09:20:09","guid":{"rendered":"https:\/\/edurec.ge.ch\/site\/cfpt-automobile\/?page_id=985"},"modified":"2019-01-15T13:47:48","modified_gmt":"2019-01-15T12:47:48","slug":"projet-porsche","status":"publish","type":"page","link":"https:\/\/edurec.ge.ch\/site\/cfpt-automobile\/projet-porsche\/","title":{"rendered":"Projet Porsche"},"content":{"rendered":"<div id=\"pl-985\"  class=\"panel-layout\" ><div id=\"pg-985-0\"  class=\"panel-grid panel-no-style\" ><div id=\"pgc-985-0-0\"  class=\"panel-grid-cell\" ><div id=\"panel-985-0-0-0\" class=\"so-panel widget widget_sow-editor panel-first-child panel-last-child\" data-index=\"0\" ><div\n\t\t\t\n\t\t\tclass=\"so-widget-sow-editor so-widget-sow-editor-base\"\n\t\t\t\n\t\t>\n<div class=\"siteorigin-widget-tinymce textwidget\">\n\t<h3>Le projet<\/h3>\n<p>Demande de la part d'un client de r\u00e9viser le moteur de sa Porsche 911.\u00a0 Apr\u00e8s une d\u00e9pose compl\u00e8te du moteur,\u00a0l'apprenti constate une fissure au niveau du bloc moteur<\/p>\n<\/div>\n<\/div><\/div><\/div><div id=\"pgc-985-0-1\"  class=\"panel-grid-cell\" ><div id=\"panel-985-0-1-0\" class=\"so-panel widget widget_media_gallery panel-first-child panel-last-child\" data-index=\"1\" >\n\t\t<style type=\"text\/css\">\n\t\t\t#gallery-1 {\n\t\t\t\tmargin: auto;\n\t\t\t}\n\t\t\t#gallery-1 .gallery-item {\n\t\t\t\tfloat: left;\n\t\t\t\tmargin-top: 10px;\n\t\t\t\ttext-align: center;\n\t\t\t\twidth: 33%;\n\t\t\t}\n\t\t\t#gallery-1 img {\n\t\t\t\tborder: 2px solid #cfcfcf;\n\t\t\t}\n\t\t\t#gallery-1 .gallery-caption {\n\t\t\t\tmargin-left: 0;\n\t\t\t}\n\t\t\t\/* see gallery_shortcode() in wp-includes\/media.php *\/\n\t\t<\/style>\n\t\t<div id='gallery-1' class='gallery galleryid-985 gallery-columns-3 gallery-size-thumbnail'><dl class='gallery-item'>\n\t\t\t<dt class='gallery-icon landscape'>\n\t\t\t\t<a href='https:\/\/edurec.ge.ch\/site\/cfpt-automobile\/wp-content\/uploads\/sites\/117\/2018\/11\/IMG_8464.jpg' title=\"\" data-rl_title=\"\" class=\"rl-gallery-link\" data-rl_caption=\"\" data-rel=\"lightbox-gallery-1\"><img loading=\"lazy\" decoding=\"async\" width=\"150\" height=\"150\" src=\"https:\/\/edurec.ge.ch\/site\/cfpt-automobile\/wp-content\/uploads\/sites\/117\/2018\/11\/IMG_8464-150x150.jpg\" class=\"attachment-thumbnail size-thumbnail\" alt=\"\" \/><\/a>\n\t\t\t<\/dt><\/dl><dl class='gallery-item'>\n\t\t\t<dt class='gallery-icon landscape'>\n\t\t\t\t<a href='https:\/\/edurec.ge.ch\/site\/cfpt-automobile\/wp-content\/uploads\/sites\/117\/2018\/11\/IMG_8465.jpg' title=\"\" data-rl_title=\"\" class=\"rl-gallery-link\" data-rl_caption=\"\" data-rel=\"lightbox-gallery-1\"><img loading=\"lazy\" decoding=\"async\" width=\"150\" height=\"150\" src=\"https:\/\/edurec.ge.ch\/site\/cfpt-automobile\/wp-content\/uploads\/sites\/117\/2018\/11\/IMG_8465-150x150.jpg\" class=\"attachment-thumbnail size-thumbnail\" alt=\"\" \/><\/a>\n\t\t\t<\/dt><\/dl><dl class='gallery-item'>\n\t\t\t<dt class='gallery-icon landscape'>\n\t\t\t\t<a href='https:\/\/edurec.ge.ch\/site\/cfpt-automobile\/wp-content\/uploads\/sites\/117\/2018\/11\/IMG_8466.jpg' title=\"\" data-rl_title=\"\" class=\"rl-gallery-link\" data-rl_caption=\"\" data-rel=\"lightbox-gallery-1\"><img loading=\"lazy\" decoding=\"async\" width=\"150\" height=\"150\" src=\"https:\/\/edurec.ge.ch\/site\/cfpt-automobile\/wp-content\/uploads\/sites\/117\/2018\/11\/IMG_8466-150x150.jpg\" class=\"attachment-thumbnail size-thumbnail\" alt=\"\" \/><\/a>\n\t\t\t<\/dt><\/dl><br style=\"clear: both\" \/><dl class='gallery-item'>\n\t\t\t<dt class='gallery-icon landscape'>\n\t\t\t\t<a href='https:\/\/edurec.ge.ch\/site\/cfpt-automobile\/wp-content\/uploads\/sites\/117\/2018\/11\/IMG_8467.jpg' title=\"\" data-rl_title=\"\" class=\"rl-gallery-link\" data-rl_caption=\"\" data-rel=\"lightbox-gallery-1\"><img loading=\"lazy\" decoding=\"async\" width=\"150\" height=\"150\" src=\"https:\/\/edurec.ge.ch\/site\/cfpt-automobile\/wp-content\/uploads\/sites\/117\/2018\/11\/IMG_8467-150x150.jpg\" class=\"attachment-thumbnail size-thumbnail\" alt=\"\" \/><\/a>\n\t\t\t<\/dt><\/dl>\n\t\t\t<br style='clear: both' \/>\n\t\t<\/div>\n<\/div><\/div><\/div><div id=\"pg-985-1\"  class=\"panel-grid panel-no-style\" ><div id=\"pgc-985-1-0\"  class=\"panel-grid-cell panel-grid-cell-empty\" ><\/div><\/div><\/div>","protected":false},"excerpt":{"rendered":"<p>Le projet Demande de la part d&rsquo;un client de r\u00e9viser le moteur de sa Porsche 911.\u00a0 Apr\u00e8s une d\u00e9pose compl\u00e8te du moteur,\u00a0l&rsquo;apprenti constate une fissure au niveau du bloc moteur<\/p>\n","protected":false},"author":1670,"featured_media":0,"parent":0,"menu_order":0,"comment_status":"closed","ping_status":"closed","template":"","meta":{"footnotes":""},"class_list":["post-985","page","type-page","status-publish","czr-hentry"],"yoast_head":"<!-- This site is optimized with the Yoast SEO plugin v26.4 - https:\/\/yoast.com\/wordpress\/plugins\/seo\/ -->\n<title>Projet Porsche - CFPT Automobile<\/title>\n<meta name=\"robots\" content=\"index, follow, max-snippet:-1, max-image-preview:large, max-video-preview:-1\" \/>\n<link rel=\"canonical\" href=\"https:\/\/edurec.ge.ch\/site\/cfpt-automobile\/projet-porsche\/\" \/>\n<meta property=\"og:locale\" content=\"fr_FR\" \/>\n<meta property=\"og:type\" content=\"article\" \/>\n<meta property=\"og:title\" content=\"Projet Porsche - CFPT Automobile\" \/>\n<meta property=\"og:description\" content=\"Le projet Demande de la part d&#039;un client de r\u00e9viser le moteur de sa Porsche 911.\u00a0 Apr\u00e8s une d\u00e9pose compl\u00e8te du moteur,\u00a0l&#039;apprenti constate une fissure au niveau du bloc moteur\" \/>\n<meta property=\"og:url\" content=\"https:\/\/edurec.ge.ch\/site\/cfpt-automobile\/projet-porsche\/\" \/>\n<meta property=\"og:site_name\" content=\"CFPT Automobile\" \/>\n<meta property=\"article:modified_time\" content=\"2019-01-15T12:47:48+00:00\" \/>\n<meta name=\"twitter:card\" content=\"summary_large_image\" \/>\n<script type=\"application\/ld+json\" class=\"yoast-schema-graph\">{\"@context\":\"https:\/\/schema.org\",\"@graph\":[{\"@type\":\"WebPage\",\"@id\":\"https:\/\/edurec.ge.ch\/site\/cfpt-automobile\/projet-porsche\/\",\"url\":\"https:\/\/edurec.ge.ch\/site\/cfpt-automobile\/projet-porsche\/\",\"name\":\"Projet Porsche - CFPT Automobile\",\"isPartOf\":{\"@id\":\"https:\/\/edurec.ge.ch\/site\/cfpt-automobile\/#website\"},\"datePublished\":\"2018-11-30T09:20:09+00:00\",\"dateModified\":\"2019-01-15T12:47:48+00:00\",\"breadcrumb\":{\"@id\":\"https:\/\/edurec.ge.ch\/site\/cfpt-automobile\/projet-porsche\/#breadcrumb\"},\"inLanguage\":\"fr-FR\",\"potentialAction\":[{\"@type\":\"ReadAction\",\"target\":[\"https:\/\/edurec.ge.ch\/site\/cfpt-automobile\/projet-porsche\/\"]}]},{\"@type\":\"BreadcrumbList\",\"@id\":\"https:\/\/edurec.ge.ch\/site\/cfpt-automobile\/projet-porsche\/#breadcrumb\",\"itemListElement\":[{\"@type\":\"ListItem\",\"position\":1,\"name\":\"Accueil\",\"item\":\"https:\/\/edurec.ge.ch\/site\/cfpt-automobile\/\"},{\"@type\":\"ListItem\",\"position\":2,\"name\":\"Projet Porsche\"}]},{\"@type\":\"WebSite\",\"@id\":\"https:\/\/edurec.ge.ch\/site\/cfpt-automobile\/#website\",\"url\":\"https:\/\/edurec.ge.ch\/site\/cfpt-automobile\/\",\"name\":\"CFPT Automobile\",\"description\":\"CFPT Automobile\",\"publisher\":{\"@id\":\"https:\/\/edurec.ge.ch\/site\/cfpt-automobile\/#organization\"},\"potentialAction\":[{\"@type\":\"SearchAction\",\"target\":{\"@type\":\"EntryPoint\",\"urlTemplate\":\"https:\/\/edurec.ge.ch\/site\/cfpt-automobile\/?s={search_term_string}\"},\"query-input\":{\"@type\":\"PropertyValueSpecification\",\"valueRequired\":true,\"valueName\":\"search_term_string\"}}],\"inLanguage\":\"fr-FR\"},{\"@type\":\"Organization\",\"@id\":\"https:\/\/edurec.ge.ch\/site\/cfpt-automobile\/#organization\",\"name\":\"CFPT Automobile\",\"url\":\"https:\/\/edurec.ge.ch\/site\/cfpt-automobile\/\",\"logo\":{\"@type\":\"ImageObject\",\"inLanguage\":\"fr-FR\",\"@id\":\"https:\/\/edurec.ge.ch\/site\/cfpt-automobile\/#\/schema\/logo\/image\/\",\"url\":\"https:\/\/edurec.ge.ch\/site\/cfpt-automobile\/wp-content\/uploads\/sites\/117\/2024\/07\/home-page2.svg\",\"contentUrl\":\"https:\/\/edurec.ge.ch\/site\/cfpt-automobile\/wp-content\/uploads\/sites\/117\/2024\/07\/home-page2.svg\",\"caption\":\"CFPT Automobile\"},\"image\":{\"@id\":\"https:\/\/edurec.ge.ch\/site\/cfpt-automobile\/#\/schema\/logo\/image\/\"}}]}<\/script>\n<!-- \/ Yoast SEO plugin. -->","yoast_head_json":{"title":"Projet Porsche - CFPT Automobile","robots":{"index":"index","follow":"follow","max-snippet":"max-snippet:-1","max-image-preview":"max-image-preview:large","max-video-preview":"max-video-preview:-1"},"canonical":"https:\/\/edurec.ge.ch\/site\/cfpt-automobile\/projet-porsche\/","og_locale":"fr_FR","og_type":"article","og_title":"Projet Porsche - CFPT Automobile","og_description":"Le projet Demande de la part d'un client de r\u00e9viser le moteur de sa Porsche 911.\u00a0 Apr\u00e8s une d\u00e9pose compl\u00e8te du moteur,\u00a0l'apprenti constate une fissure au niveau du bloc moteur","og_url":"https:\/\/edurec.ge.ch\/site\/cfpt-automobile\/projet-porsche\/","og_site_name":"CFPT Automobile","article_modified_time":"2019-01-15T12:47:48+00:00","twitter_card":"summary_large_image","schema":{"@context":"https:\/\/schema.org","@graph":[{"@type":"WebPage","@id":"https:\/\/edurec.ge.ch\/site\/cfpt-automobile\/projet-porsche\/","url":"https:\/\/edurec.ge.ch\/site\/cfpt-automobile\/projet-porsche\/","name":"Projet Porsche - CFPT Automobile","isPartOf":{"@id":"https:\/\/edurec.ge.ch\/site\/cfpt-automobile\/#website"},"datePublished":"2018-11-30T09:20:09+00:00","dateModified":"2019-01-15T12:47:48+00:00","breadcrumb":{"@id":"https:\/\/edurec.ge.ch\/site\/cfpt-automobile\/projet-porsche\/#breadcrumb"},"inLanguage":"fr-FR","potentialAction":[{"@type":"ReadAction","target":["https:\/\/edurec.ge.ch\/site\/cfpt-automobile\/projet-porsche\/"]}]},{"@type":"BreadcrumbList","@id":"https:\/\/edurec.ge.ch\/site\/cfpt-automobile\/projet-porsche\/#breadcrumb","itemListElement":[{"@type":"ListItem","position":1,"name":"Accueil","item":"https:\/\/edurec.ge.ch\/site\/cfpt-automobile\/"},{"@type":"ListItem","position":2,"name":"Projet Porsche"}]},{"@type":"WebSite","@id":"https:\/\/edurec.ge.ch\/site\/cfpt-automobile\/#website","url":"https:\/\/edurec.ge.ch\/site\/cfpt-automobile\/","name":"CFPT Automobile","description":"CFPT Automobile","publisher":{"@id":"https:\/\/edurec.ge.ch\/site\/cfpt-automobile\/#organization"},"potentialAction":[{"@type":"SearchAction","target":{"@type":"EntryPoint","urlTemplate":"https:\/\/edurec.ge.ch\/site\/cfpt-automobile\/?s={search_term_string}"},"query-input":{"@type":"PropertyValueSpecification","valueRequired":true,"valueName":"search_term_string"}}],"inLanguage":"fr-FR"},{"@type":"Organization","@id":"https:\/\/edurec.ge.ch\/site\/cfpt-automobile\/#organization","name":"CFPT Automobile","url":"https:\/\/edurec.ge.ch\/site\/cfpt-automobile\/","logo":{"@type":"ImageObject","inLanguage":"fr-FR","@id":"https:\/\/edurec.ge.ch\/site\/cfpt-automobile\/#\/schema\/logo\/image\/","url":"https:\/\/edurec.ge.ch\/site\/cfpt-automobile\/wp-content\/uploads\/sites\/117\/2024\/07\/home-page2.svg","contentUrl":"https:\/\/edurec.ge.ch\/site\/cfpt-automobile\/wp-content\/uploads\/sites\/117\/2024\/07\/home-page2.svg","caption":"CFPT Automobile"},"image":{"@id":"https:\/\/edurec.ge.ch\/site\/cfpt-automobile\/#\/schema\/logo\/image\/"}}]}},"_links":{"self":[{"href":"https:\/\/edurec.ge.ch\/site\/cfpt-automobile\/wp-json\/wp\/v2\/pages\/985","targetHints":{"allow":["GET"]}}],"collection":[{"href":"https:\/\/edurec.ge.ch\/site\/cfpt-automobile\/wp-json\/wp\/v2\/pages"}],"about":[{"href":"https:\/\/edurec.ge.ch\/site\/cfpt-automobile\/wp-json\/wp\/v2\/types\/page"}],"author":[{"embeddable":true,"href":"https:\/\/edurec.ge.ch\/site\/cfpt-automobile\/wp-json\/wp\/v2\/users\/1670"}],"replies":[{"embeddable":true,"href":"https:\/\/edurec.ge.ch\/site\/cfpt-automobile\/wp-json\/wp\/v2\/comments?post=985"}],"version-history":[{"count":13,"href":"https:\/\/edurec.ge.ch\/site\/cfpt-automobile\/wp-json\/wp\/v2\/pages\/985\/revisions"}],"predecessor-version":[{"id":1069,"href":"https:\/\/edurec.ge.ch\/site\/cfpt-automobile\/wp-json\/wp\/v2\/pages\/985\/revisions\/1069"}],"wp:attachment":[{"href":"https:\/\/edurec.ge.ch\/site\/cfpt-automobile\/wp-json\/wp\/v2\/media?parent=985"}],"curies":[{"name":"wp","href":"https:\/\/api.w.org\/{rel}","templated":true}]}}