{"id":916,"date":"2018-11-29T18:09:40","date_gmt":"2018-11-29T17:09:40","guid":{"rendered":"https:\/\/edurec.ge.ch\/site\/cfpt-automobile\/?page_id=916"},"modified":"2019-01-15T11:10:42","modified_gmt":"2019-01-15T10:10:42","slug":"projet-e-rod","status":"publish","type":"page","link":"https:\/\/edurec.ge.ch\/site\/cfpt-automobile\/projet-e-rod\/","title":{"rendered":"Projet E-Rod"},"content":{"rendered":"<div id=\"pl-916\"  class=\"panel-layout\" ><div id=\"pg-916-0\"  class=\"panel-grid panel-no-style\" ><div id=\"pgc-916-0-0\"  class=\"panel-grid-cell\" ><div id=\"panel-916-0-0-0\" class=\"so-panel widget widget_sow-editor panel-first-child panel-last-child\" data-index=\"0\" ><div\n\t\t\t\n\t\t\tclass=\"so-widget-sow-editor so-widget-sow-editor-base\"\n\t\t\t\n\t\t>\n<div class=\"siteorigin-widget-tinymce textwidget\">\n\t<h3>Le projet<\/h3>\n<p>Ce projet a \u00e9t\u00e9 lanc\u00e9 d\u00e9but 2017 par quelques enseignants, l'id\u00e9e du projet a \u00e9t\u00e9 de construire un v\u00e9hicule avec les \u00e9l\u00e8ves. Plusieurs id\u00e9es sont apparues, construire un kart? Un quad? Monter un kit existant ?\u00a0 Au final c'est ce dernier choix qui s\u2019est montr\u00e9 le plus pertinent.\u00a0 D'autant plus que suite \u00e0 la recherche des fournisseurs potentiels, un constructeur Suisse Kyburz se d\u00e9marque en proposant un v\u00e9hicule \u00e9lectrique au look sportif, l'E-Rod .<\/p>\n<p>Ce v\u00e9hicule nous a permis de joindre plusieurs buts qui nous tenaient \u00e0 c\u0153ur soit :<\/p>\n<ul>\n<li>Mettre en avant la formation de m\u00e9catronicien-ne en automobiles en suivant au plus pr\u00e8s les changements technologiques ainsi que les \u00e9volutions des syst\u00e8mes \u00e0 venir.<\/li>\n<li>Optimiser les connaissances techniques des collaborateurs en vue de dispenser le meilleur enseignement possible.<\/li>\n<li>Rechercher parmi nos \u00e9l\u00e8ves les potentiels enseignants de demain.<\/li>\n<li>Accentuer l'introduction de l'\u00e9cologie dans notre enseignement<\/li>\n<\/ul>\n<p>Le projet est boucl\u00e9, et en juillet 2018 nous recevons les pi\u00e8ces pour la construction du v\u00e9hicule. L'atelier ou va \u00eatre construit ce v\u00e9hicule est am\u00e9nag\u00e9 pour ce travail, arrive la rentr\u00e9e scolaire 2018-2019 tous est pr\u00eat pour accueillir les \u00e9l\u00e8ves et la voiture.<\/p>\n<h3>Les \u00e9l\u00e8ves :<\/h3>\n<p>Les \u00e9l\u00e8ves sont des \u00e9l\u00e8ves de 3\u00e8me ann\u00e9e, ils sont impliqu\u00e9s \u00e0 fond dans le projet, tout le mardi apr\u00e8s-midi, ils ont rendez-vous avec leur enseignant pour la r\u00e9alisation. Les \u00e9l\u00e8ves ont commenc\u00e9 par structurer la place de travail \u00e9tape cruciale pour la r\u00e9alisation du projet. Puis la partie montage commence, certains \u00e9l\u00e8ves font le montage, d'autres le contr\u00f4le, cela leur apprend le travail en \u00e9quipe, le respect des proc\u00e9dures de montage et la planification.<\/p>\n<h3>Les Objectifs<\/h3>\n<p>Plusieurs objectifs sont mis en place avec ce projet, le premier est qu'\u00e0 la fin de l'ann\u00e9e scolaire soit en juin 2019 la voiture doit \u00eatre immatricul\u00e9e et\u00a0rouler sur les routes genevoise.<\/p>\n<p>Ensuite dans un second temps pr\u00e9parer la suite, lancer la recherche de financer la voiture \u00e9lectrique en kit par des dons, des sponsors ou des partenaires priv\u00e9s et publics, pour pouvoir construire d'autres v\u00e9hicules avec d'autres \u00e9quipes d'\u00e9l\u00e8ves.<\/p>\n<p>Il est aussi pr\u00e9vu d'\u00e9quiper le prototype d'instruments pour nous permettant d'obtenir et d'\u00e9tudier toutes les donn\u00e9es t\u00e9l\u00e9m\u00e9triques dans les conditions r\u00e9elles d'utilisation du v\u00e9hicule.<\/p>\n<p>Enfin sur le long terme, construire une ou plusieurs voitures par ann\u00e9e scolaire et les mettre \u00e0 disposition en vue d'une meilleure visibilit\u00e9 de notre \u00e9cole professionnelle sur la sc\u00e8ne publique.<\/p>\n<\/div>\n<\/div><\/div><\/div><div id=\"pgc-916-0-1\"  class=\"panel-grid-cell\" ><div id=\"panel-916-0-1-0\" class=\"so-panel widget widget_media_gallery panel-first-child panel-last-child\" data-index=\"1\" >\n\t\t<style type=\"text\/css\">\n\t\t\t#gallery-1 {\n\t\t\t\tmargin: auto;\n\t\t\t}\n\t\t\t#gallery-1 .gallery-item {\n\t\t\t\tfloat: left;\n\t\t\t\tmargin-top: 10px;\n\t\t\t\ttext-align: center;\n\t\t\t\twidth: 33%;\n\t\t\t}\n\t\t\t#gallery-1 img {\n\t\t\t\tborder: 2px solid #cfcfcf;\n\t\t\t}\n\t\t\t#gallery-1 .gallery-caption {\n\t\t\t\tmargin-left: 0;\n\t\t\t}\n\t\t\t\/* see gallery_shortcode() in wp-includes\/media.php *\/\n\t\t<\/style>\n\t\t<div id='gallery-1' class='gallery galleryid-916 gallery-columns-3 gallery-size-thumbnail'><dl class='gallery-item'>\n\t\t\t<dt class='gallery-icon landscape'>\n\t\t\t\t<a href='https:\/\/edurec.ge.ch\/site\/cfpt-automobile\/wp-content\/uploads\/sites\/117\/2018\/11\/Erod4.jpg' title=\"\" data-rl_title=\"\" class=\"rl-gallery-link\" data-rl_caption=\"\" data-rel=\"lightbox-gallery-1\"><img loading=\"lazy\" decoding=\"async\" width=\"150\" height=\"150\" src=\"https:\/\/edurec.ge.ch\/site\/cfpt-automobile\/wp-content\/uploads\/sites\/117\/2018\/11\/Erod4-150x150.jpg\" class=\"attachment-thumbnail size-thumbnail\" alt=\"\" \/><\/a>\n\t\t\t<\/dt><\/dl><dl class='gallery-item'>\n\t\t\t<dt class='gallery-icon landscape'>\n\t\t\t\t<a href='https:\/\/edurec.ge.ch\/site\/cfpt-automobile\/wp-content\/uploads\/sites\/117\/2018\/11\/Erod3.jpg' title=\"\" data-rl_title=\"\" class=\"rl-gallery-link\" data-rl_caption=\"\" data-rel=\"lightbox-gallery-1\"><img loading=\"lazy\" decoding=\"async\" width=\"150\" height=\"150\" src=\"https:\/\/edurec.ge.ch\/site\/cfpt-automobile\/wp-content\/uploads\/sites\/117\/2018\/11\/Erod3-150x150.jpg\" class=\"attachment-thumbnail size-thumbnail\" alt=\"\" \/><\/a>\n\t\t\t<\/dt><\/dl><dl class='gallery-item'>\n\t\t\t<dt class='gallery-icon landscape'>\n\t\t\t\t<a href='https:\/\/edurec.ge.ch\/site\/cfpt-automobile\/wp-content\/uploads\/sites\/117\/2018\/11\/Erod2.jpg' title=\"\" data-rl_title=\"\" class=\"rl-gallery-link\" data-rl_caption=\"\" data-rel=\"lightbox-gallery-1\"><img loading=\"lazy\" decoding=\"async\" width=\"150\" height=\"150\" src=\"https:\/\/edurec.ge.ch\/site\/cfpt-automobile\/wp-content\/uploads\/sites\/117\/2018\/11\/Erod2-150x150.jpg\" class=\"attachment-thumbnail size-thumbnail\" alt=\"\" \/><\/a>\n\t\t\t<\/dt><\/dl><br style=\"clear: both\" \/><dl class='gallery-item'>\n\t\t\t<dt class='gallery-icon landscape'>\n\t\t\t\t<a href='https:\/\/edurec.ge.ch\/site\/cfpt-automobile\/wp-content\/uploads\/sites\/117\/2018\/11\/Erod.jpg' title=\"\" data-rl_title=\"\" class=\"rl-gallery-link\" data-rl_caption=\"\" data-rel=\"lightbox-gallery-1\"><img loading=\"lazy\" decoding=\"async\" width=\"150\" height=\"150\" src=\"https:\/\/edurec.ge.ch\/site\/cfpt-automobile\/wp-content\/uploads\/sites\/117\/2018\/11\/Erod-150x150.jpg\" class=\"attachment-thumbnail size-thumbnail\" alt=\"\" \/><\/a>\n\t\t\t<\/dt><\/dl>\n\t\t\t<br style='clear: both' \/>\n\t\t<\/div>\n<\/div><\/div><\/div><div id=\"pg-916-1\"  class=\"panel-grid panel-no-style\" ><div id=\"pgc-916-1-0\"  class=\"panel-grid-cell\" ><div id=\"panel-916-1-0-0\" class=\"so-panel widget widget_media_video panel-first-child panel-last-child\" data-index=\"2\" ><div style=\"width:100%;\" class=\"wp-video\"><!--[if lt IE 9]><script>document.createElement('video');<\/script><![endif]-->\n<video class=\"wp-video-shortcode\" id=\"video-916-1\" preload=\"metadata\" controls=\"controls\"><source type=\"video\/youtube\" src=\"https:\/\/youtu.be\/XoFRy9Ae0pk?_=1\" \/><a href=\"https:\/\/youtu.be\/XoFRy9Ae0pk\" data-rel=\"lightbox-video-0\">https:\/\/youtu.be\/XoFRy9Ae0pk<\/a><\/video><\/div><\/div><\/div><\/div><\/div>","protected":false},"excerpt":{"rendered":"<p>Le projet Ce projet a \u00e9t\u00e9 lanc\u00e9 d\u00e9but 2017 par quelques enseignants, l&rsquo;id\u00e9e du projet a \u00e9t\u00e9 de construire un v\u00e9hicule avec les \u00e9l\u00e8ves. Plusieurs id\u00e9es sont apparues, construire un kart? Un quad? Monter un kit existant ?\u00a0 Au final c&rsquo;est ce dernier choix qui s\u2019est montr\u00e9 le plus pertinent.\u00a0 D&rsquo;autant plus que suite \u00e0 [&hellip;]<\/p>\n","protected":false},"author":1670,"featured_media":0,"parent":0,"menu_order":0,"comment_status":"closed","ping_status":"closed","template":"","meta":{"footnotes":""},"class_list":["post-916","page","type-page","status-publish","czr-hentry"],"yoast_head":"<!-- This site is optimized with the Yoast SEO plugin v26.4 - https:\/\/yoast.com\/wordpress\/plugins\/seo\/ -->\n<title>Projet E-Rod - CFPT Automobile<\/title>\n<meta name=\"robots\" content=\"index, follow, max-snippet:-1, max-image-preview:large, max-video-preview:-1\" \/>\n<link rel=\"canonical\" href=\"https:\/\/edurec.ge.ch\/site\/cfpt-automobile\/projet-e-rod\/\" \/>\n<meta property=\"og:locale\" content=\"fr_FR\" \/>\n<meta property=\"og:type\" content=\"article\" \/>\n<meta property=\"og:title\" content=\"Projet E-Rod - CFPT Automobile\" \/>\n<meta property=\"og:description\" content=\"Le projet Ce projet a \u00e9t\u00e9 lanc\u00e9 d\u00e9but 2017 par quelques enseignants, l&#039;id\u00e9e du projet a \u00e9t\u00e9 de construire un v\u00e9hicule avec les \u00e9l\u00e8ves. Plusieurs id\u00e9es sont apparues, construire un kart? Un quad? Monter un kit existant ?\u00a0 Au final c&#039;est ce dernier choix qui s\u2019est montr\u00e9 le plus pertinent.\u00a0 D&#039;autant plus que suite \u00e0 [&hellip;]\" \/>\n<meta property=\"og:url\" content=\"https:\/\/edurec.ge.ch\/site\/cfpt-automobile\/projet-e-rod\/\" \/>\n<meta property=\"og:site_name\" content=\"CFPT Automobile\" \/>\n<meta property=\"article:modified_time\" content=\"2019-01-15T10:10:42+00:00\" \/>\n<meta name=\"twitter:card\" content=\"summary_large_image\" \/>\n<meta name=\"twitter:label1\" content=\"Dur\u00e9e de lecture estim\u00e9e\" \/>\n\t<meta name=\"twitter:data1\" content=\"2 minutes\" \/>\n<script type=\"application\/ld+json\" class=\"yoast-schema-graph\">{\"@context\":\"https:\/\/schema.org\",\"@graph\":[{\"@type\":\"WebPage\",\"@id\":\"https:\/\/edurec.ge.ch\/site\/cfpt-automobile\/projet-e-rod\/\",\"url\":\"https:\/\/edurec.ge.ch\/site\/cfpt-automobile\/projet-e-rod\/\",\"name\":\"Projet E-Rod - CFPT Automobile\",\"isPartOf\":{\"@id\":\"https:\/\/edurec.ge.ch\/site\/cfpt-automobile\/#website\"},\"datePublished\":\"2018-11-29T17:09:40+00:00\",\"dateModified\":\"2019-01-15T10:10:42+00:00\",\"breadcrumb\":{\"@id\":\"https:\/\/edurec.ge.ch\/site\/cfpt-automobile\/projet-e-rod\/#breadcrumb\"},\"inLanguage\":\"fr-FR\",\"potentialAction\":[{\"@type\":\"ReadAction\",\"target\":[\"https:\/\/edurec.ge.ch\/site\/cfpt-automobile\/projet-e-rod\/\"]}]},{\"@type\":\"BreadcrumbList\",\"@id\":\"https:\/\/edurec.ge.ch\/site\/cfpt-automobile\/projet-e-rod\/#breadcrumb\",\"itemListElement\":[{\"@type\":\"ListItem\",\"position\":1,\"name\":\"Accueil\",\"item\":\"https:\/\/edurec.ge.ch\/site\/cfpt-automobile\/\"},{\"@type\":\"ListItem\",\"position\":2,\"name\":\"Projet E-Rod\"}]},{\"@type\":\"WebSite\",\"@id\":\"https:\/\/edurec.ge.ch\/site\/cfpt-automobile\/#website\",\"url\":\"https:\/\/edurec.ge.ch\/site\/cfpt-automobile\/\",\"name\":\"CFPT Automobile\",\"description\":\"CFPT Automobile\",\"publisher\":{\"@id\":\"https:\/\/edurec.ge.ch\/site\/cfpt-automobile\/#organization\"},\"potentialAction\":[{\"@type\":\"SearchAction\",\"target\":{\"@type\":\"EntryPoint\",\"urlTemplate\":\"https:\/\/edurec.ge.ch\/site\/cfpt-automobile\/?s={search_term_string}\"},\"query-input\":{\"@type\":\"PropertyValueSpecification\",\"valueRequired\":true,\"valueName\":\"search_term_string\"}}],\"inLanguage\":\"fr-FR\"},{\"@type\":\"Organization\",\"@id\":\"https:\/\/edurec.ge.ch\/site\/cfpt-automobile\/#organization\",\"name\":\"CFPT Automobile\",\"url\":\"https:\/\/edurec.ge.ch\/site\/cfpt-automobile\/\",\"logo\":{\"@type\":\"ImageObject\",\"inLanguage\":\"fr-FR\",\"@id\":\"https:\/\/edurec.ge.ch\/site\/cfpt-automobile\/#\/schema\/logo\/image\/\",\"url\":\"https:\/\/edurec.ge.ch\/site\/cfpt-automobile\/wp-content\/uploads\/sites\/117\/2024\/07\/home-page2.svg\",\"contentUrl\":\"https:\/\/edurec.ge.ch\/site\/cfpt-automobile\/wp-content\/uploads\/sites\/117\/2024\/07\/home-page2.svg\",\"caption\":\"CFPT Automobile\"},\"image\":{\"@id\":\"https:\/\/edurec.ge.ch\/site\/cfpt-automobile\/#\/schema\/logo\/image\/\"}}]}<\/script>\n<!-- \/ Yoast SEO plugin. -->","yoast_head_json":{"title":"Projet E-Rod - CFPT Automobile","robots":{"index":"index","follow":"follow","max-snippet":"max-snippet:-1","max-image-preview":"max-image-preview:large","max-video-preview":"max-video-preview:-1"},"canonical":"https:\/\/edurec.ge.ch\/site\/cfpt-automobile\/projet-e-rod\/","og_locale":"fr_FR","og_type":"article","og_title":"Projet E-Rod - CFPT Automobile","og_description":"Le projet Ce projet a \u00e9t\u00e9 lanc\u00e9 d\u00e9but 2017 par quelques enseignants, l'id\u00e9e du projet a \u00e9t\u00e9 de construire un v\u00e9hicule avec les \u00e9l\u00e8ves. Plusieurs id\u00e9es sont apparues, construire un kart? Un quad? Monter un kit existant ?\u00a0 Au final c'est ce dernier choix qui s\u2019est montr\u00e9 le plus pertinent.\u00a0 D'autant plus que suite \u00e0 [&hellip;]","og_url":"https:\/\/edurec.ge.ch\/site\/cfpt-automobile\/projet-e-rod\/","og_site_name":"CFPT Automobile","article_modified_time":"2019-01-15T10:10:42+00:00","twitter_card":"summary_large_image","twitter_misc":{"Dur\u00e9e de lecture estim\u00e9e":"2 minutes"},"schema":{"@context":"https:\/\/schema.org","@graph":[{"@type":"WebPage","@id":"https:\/\/edurec.ge.ch\/site\/cfpt-automobile\/projet-e-rod\/","url":"https:\/\/edurec.ge.ch\/site\/cfpt-automobile\/projet-e-rod\/","name":"Projet E-Rod - CFPT Automobile","isPartOf":{"@id":"https:\/\/edurec.ge.ch\/site\/cfpt-automobile\/#website"},"datePublished":"2018-11-29T17:09:40+00:00","dateModified":"2019-01-15T10:10:42+00:00","breadcrumb":{"@id":"https:\/\/edurec.ge.ch\/site\/cfpt-automobile\/projet-e-rod\/#breadcrumb"},"inLanguage":"fr-FR","potentialAction":[{"@type":"ReadAction","target":["https:\/\/edurec.ge.ch\/site\/cfpt-automobile\/projet-e-rod\/"]}]},{"@type":"BreadcrumbList","@id":"https:\/\/edurec.ge.ch\/site\/cfpt-automobile\/projet-e-rod\/#breadcrumb","itemListElement":[{"@type":"ListItem","position":1,"name":"Accueil","item":"https:\/\/edurec.ge.ch\/site\/cfpt-automobile\/"},{"@type":"ListItem","position":2,"name":"Projet E-Rod"}]},{"@type":"WebSite","@id":"https:\/\/edurec.ge.ch\/site\/cfpt-automobile\/#website","url":"https:\/\/edurec.ge.ch\/site\/cfpt-automobile\/","name":"CFPT Automobile","description":"CFPT Automobile","publisher":{"@id":"https:\/\/edurec.ge.ch\/site\/cfpt-automobile\/#organization"},"potentialAction":[{"@type":"SearchAction","target":{"@type":"EntryPoint","urlTemplate":"https:\/\/edurec.ge.ch\/site\/cfpt-automobile\/?s={search_term_string}"},"query-input":{"@type":"PropertyValueSpecification","valueRequired":true,"valueName":"search_term_string"}}],"inLanguage":"fr-FR"},{"@type":"Organization","@id":"https:\/\/edurec.ge.ch\/site\/cfpt-automobile\/#organization","name":"CFPT Automobile","url":"https:\/\/edurec.ge.ch\/site\/cfpt-automobile\/","logo":{"@type":"ImageObject","inLanguage":"fr-FR","@id":"https:\/\/edurec.ge.ch\/site\/cfpt-automobile\/#\/schema\/logo\/image\/","url":"https:\/\/edurec.ge.ch\/site\/cfpt-automobile\/wp-content\/uploads\/sites\/117\/2024\/07\/home-page2.svg","contentUrl":"https:\/\/edurec.ge.ch\/site\/cfpt-automobile\/wp-content\/uploads\/sites\/117\/2024\/07\/home-page2.svg","caption":"CFPT Automobile"},"image":{"@id":"https:\/\/edurec.ge.ch\/site\/cfpt-automobile\/#\/schema\/logo\/image\/"}}]}},"_links":{"self":[{"href":"https:\/\/edurec.ge.ch\/site\/cfpt-automobile\/wp-json\/wp\/v2\/pages\/916","targetHints":{"allow":["GET"]}}],"collection":[{"href":"https:\/\/edurec.ge.ch\/site\/cfpt-automobile\/wp-json\/wp\/v2\/pages"}],"about":[{"href":"https:\/\/edurec.ge.ch\/site\/cfpt-automobile\/wp-json\/wp\/v2\/types\/page"}],"author":[{"embeddable":true,"href":"https:\/\/edurec.ge.ch\/site\/cfpt-automobile\/wp-json\/wp\/v2\/users\/1670"}],"replies":[{"embeddable":true,"href":"https:\/\/edurec.ge.ch\/site\/cfpt-automobile\/wp-json\/wp\/v2\/comments?post=916"}],"version-history":[{"count":31,"href":"https:\/\/edurec.ge.ch\/site\/cfpt-automobile\/wp-json\/wp\/v2\/pages\/916\/revisions"}],"predecessor-version":[{"id":1066,"href":"https:\/\/edurec.ge.ch\/site\/cfpt-automobile\/wp-json\/wp\/v2\/pages\/916\/revisions\/1066"}],"wp:attachment":[{"href":"https:\/\/edurec.ge.ch\/site\/cfpt-automobile\/wp-json\/wp\/v2\/media?parent=916"}],"curies":[{"name":"wp","href":"https:\/\/api.w.org\/{rel}","templated":true}]}}