{"id":846,"date":"2018-11-29T11:08:51","date_gmt":"2018-11-29T10:08:51","guid":{"rendered":"https:\/\/edurec.ge.ch\/site\/cfpt-automobile\/?page_id=846"},"modified":"2023-03-10T12:52:33","modified_gmt":"2023-03-10T11:52:33","slug":"carrossier-peintre","status":"publish","type":"page","link":"https:\/\/edurec.ge.ch\/site\/cfpt-automobile\/carrossier-peintre\/","title":{"rendered":"Carrossier-i\u00e8re  peintre"},"content":{"rendered":"<div id=\"pl-846\"  class=\"panel-layout\" ><div id=\"pg-846-0\"  class=\"panel-grid panel-no-style\" ><div id=\"pgc-846-0-0\"  class=\"panel-grid-cell\" ><div id=\"panel-846-0-0-0\" class=\"so-panel widget widget_sow-editor panel-first-child panel-last-child\" data-index=\"0\" ><div\n\t\t\t\n\t\t\tclass=\"so-widget-sow-editor so-widget-sow-editor-base\"\n\t\t\t\n\t\t>\n<div class=\"siteorigin-widget-tinymce textwidget\">\n\t<div id=\"pg-274-0\" class=\"panel-grid panel-no-style\">\n<div id=\"pgc-274-0-0\" class=\"panel-grid-cell\">\n<div id=\"panel-274-0-0-0\" class=\"so-panel widget widget_sow-editor panel-first-child panel-last-child\">\n<div class=\"so-widget-sow-editor so-widget-sow-editor-base\">\n<div class=\"siteorigin-widget-tinymce textwidget\">\n<div class=\"su-heading su-heading-style-default su-heading-align-left\">\n<p class=\"su-heading-inner\"><span style=\"font-size: 16px\">\u00a0En tant que carrossier-i\u00e8re peintre, tu suivras les cours professionnels (th\u00e9orie) au CFPT, 1 jour par semaine durant les 4 ans que dure l\u2019apprentissage. Tu auras la chance d\u2019\u00eatre entour\u00e9 de professionnels de la branche qui s\u2019engagent au quotidien pour transmettre toutes les bases fondamentales de ce m\u00e9tier. On t\u2019apprendra dans ces cours, \u00ab tout sur la peinture en carrosserie \u00bb : Les produits employ\u00e9s, les proc\u00e9dures de mise en peinture, la colorim\u00e9trie, les op\u00e9rations de finitions, ainsi que diverses notions de covering et de pose d\u2019autocollants. Car avec l\u2019\u00e9volution de la technique une solide base th\u00e9orique est n\u00e9cessaire pour restituer aux v\u00e9hicules tout leur \u00e9clat.<\/span><\/p>\n<\/div>\n<\/div>\n<\/div>\n<\/div>\n<\/div>\n<\/div>\n<\/div>\n<\/div><\/div><\/div><\/div><div id=\"pg-846-1\"  class=\"panel-grid panel-no-style\" ><div id=\"pgc-846-1-0\"  class=\"panel-grid-cell\" ><div id=\"panel-846-1-0-0\" class=\"so-panel widget widget_sow-editor panel-first-child panel-last-child\" data-index=\"1\" ><div\n\t\t\t\n\t\t\tclass=\"so-widget-sow-editor so-widget-sow-editor-base\"\n\t\t\t\n\t\t>\n<div class=\"siteorigin-widget-tinymce textwidget\">\n\t<p>Vous trouverez plus d\u2019info sur le m\u00e9tier en lui-m\u00eame sur le site orientation.ch<\/p>\n<\/div>\n<\/div><\/div><\/div><div id=\"pgc-846-1-1\"  class=\"panel-grid-cell panel-grid-cell-empty\" ><\/div><div id=\"pgc-846-1-2\"  class=\"panel-grid-cell\" ><div id=\"panel-846-1-2-0\" class=\"so-panel widget widget_sow-editor panel-first-child panel-last-child\" data-index=\"2\" ><div\n\t\t\t\n\t\t\tclass=\"so-widget-sow-editor so-widget-sow-editor-base\"\n\t\t\t\n\t\t>\n<div class=\"siteorigin-widget-tinymce textwidget\">\n\t<p>\u00a0Vous trouver plus d\u2019info sur la partie pratique sur le site de la FCR<\/p>\n<\/div>\n<\/div><\/div><\/div><\/div><div id=\"pg-846-2\"  class=\"panel-grid panel-no-style\" ><div id=\"pgc-846-2-0\"  class=\"panel-grid-cell\" ><div id=\"panel-846-2-0-0\" class=\"so-panel widget widget_media_image panel-first-child panel-last-child\" data-index=\"3\" ><a href=\"https:\/\/www.orientation.ch\/dyn\/show\/1900?lang=fr&#038;idx=30&#038;id=215\"><img loading=\"lazy\" decoding=\"async\" width=\"300\" height=\"175\" src=\"https:\/\/edurec.ge.ch\/site\/cfpt-automobile\/wp-content\/uploads\/sites\/117\/2018\/11\/orientation-300x175.png\" class=\"image wp-image-244  attachment-medium size-medium\" alt=\"\" style=\"max-width: 100%; height: auto;\" srcset=\"https:\/\/edurec.ge.ch\/site\/cfpt-automobile\/wp-content\/uploads\/sites\/117\/2018\/11\/orientation-300x175.png 300w, https:\/\/edurec.ge.ch\/site\/cfpt-automobile\/wp-content\/uploads\/sites\/117\/2018\/11\/orientation.png 383w\" sizes=\"auto, (max-width: 300px) 100vw, 300px\" \/><\/a><\/div><\/div><div id=\"pgc-846-2-1\"  class=\"panel-grid-cell panel-grid-cell-empty\" ><\/div><div id=\"pgc-846-2-2\"  class=\"panel-grid-cell\" ><div id=\"panel-846-2-2-0\" class=\"so-panel widget widget_media_image panel-first-child panel-last-child\" data-index=\"4\" ><a href=\"https:\/\/www.fcr.ch\/formation\"><img loading=\"lazy\" decoding=\"async\" width=\"300\" height=\"47\" src=\"https:\/\/edurec.ge.ch\/site\/cfpt-automobile\/wp-content\/uploads\/sites\/117\/2018\/11\/logo-csg-300x47.png\" class=\"image wp-image-841  attachment-medium size-medium\" alt=\"\" style=\"max-width: 100%; height: auto;\" srcset=\"https:\/\/edurec.ge.ch\/site\/cfpt-automobile\/wp-content\/uploads\/sites\/117\/2018\/11\/logo-csg-300x47.png 300w, https:\/\/edurec.ge.ch\/site\/cfpt-automobile\/wp-content\/uploads\/sites\/117\/2018\/11\/logo-csg-768x121.png 768w, https:\/\/edurec.ge.ch\/site\/cfpt-automobile\/wp-content\/uploads\/sites\/117\/2018\/11\/logo-csg.png 872w\" sizes=\"auto, (max-width: 300px) 100vw, 300px\" \/><\/a><\/div><\/div><\/div><\/div>","protected":false},"excerpt":{"rendered":"<p>\u00a0En tant que carrossier-i\u00e8re peintre, tu suivras les cours professionnels (th\u00e9orie) au CFPT, 1 jour par semaine durant les 4 ans que dure l\u2019apprentissage. Tu auras la chance d\u2019\u00eatre entour\u00e9 de professionnels de la branche qui s\u2019engagent au quotidien pour transmettre toutes les bases fondamentales de ce m\u00e9tier. On t\u2019apprendra dans ces cours, \u00ab tout [&hellip;]<\/p>\n","protected":false},"author":1670,"featured_media":0,"parent":0,"menu_order":0,"comment_status":"closed","ping_status":"closed","template":"custom-page.php","meta":{"footnotes":""},"class_list":["post-846","page","type-page","status-publish","czr-hentry"],"yoast_head":"<!-- This site is optimized with the Yoast SEO plugin v26.4 - https:\/\/yoast.com\/wordpress\/plugins\/seo\/ -->\n<title>Carrossier-i\u00e8re peintre - CFPT Automobile<\/title>\n<meta name=\"robots\" content=\"index, follow, max-snippet:-1, max-image-preview:large, max-video-preview:-1\" \/>\n<link rel=\"canonical\" href=\"https:\/\/edurec.ge.ch\/site\/cfpt-automobile\/carrossier-peintre\/\" \/>\n<meta property=\"og:locale\" content=\"fr_FR\" \/>\n<meta property=\"og:type\" content=\"article\" \/>\n<meta property=\"og:title\" content=\"Carrossier-i\u00e8re peintre - CFPT Automobile\" \/>\n<meta property=\"og:description\" content=\"\u00a0En tant que carrossier-i\u00e8re peintre, tu suivras les cours professionnels (th\u00e9orie) au CFPT, 1 jour par semaine durant les 4 ans que dure l\u2019apprentissage. Tu auras la chance d\u2019\u00eatre entour\u00e9 de professionnels de la branche qui s\u2019engagent au quotidien pour transmettre toutes les bases fondamentales de ce m\u00e9tier. On t\u2019apprendra dans ces cours, \u00ab tout [&hellip;]\" \/>\n<meta property=\"og:url\" content=\"https:\/\/edurec.ge.ch\/site\/cfpt-automobile\/carrossier-peintre\/\" \/>\n<meta property=\"og:site_name\" content=\"CFPT Automobile\" \/>\n<meta property=\"article:modified_time\" content=\"2023-03-10T11:52:33+00:00\" \/>\n<meta name=\"twitter:card\" content=\"summary_large_image\" \/>\n<meta name=\"twitter:label1\" content=\"Dur\u00e9e de lecture estim\u00e9e\" \/>\n\t<meta name=\"twitter:data1\" content=\"1 minute\" \/>\n<script type=\"application\/ld+json\" class=\"yoast-schema-graph\">{\"@context\":\"https:\/\/schema.org\",\"@graph\":[{\"@type\":\"WebPage\",\"@id\":\"https:\/\/edurec.ge.ch\/site\/cfpt-automobile\/carrossier-peintre\/\",\"url\":\"https:\/\/edurec.ge.ch\/site\/cfpt-automobile\/carrossier-peintre\/\",\"name\":\"Carrossier-i\u00e8re peintre - CFPT Automobile\",\"isPartOf\":{\"@id\":\"https:\/\/edurec.ge.ch\/site\/cfpt-automobile\/#website\"},\"datePublished\":\"2018-11-29T10:08:51+00:00\",\"dateModified\":\"2023-03-10T11:52:33+00:00\",\"breadcrumb\":{\"@id\":\"https:\/\/edurec.ge.ch\/site\/cfpt-automobile\/carrossier-peintre\/#breadcrumb\"},\"inLanguage\":\"fr-FR\",\"potentialAction\":[{\"@type\":\"ReadAction\",\"target\":[\"https:\/\/edurec.ge.ch\/site\/cfpt-automobile\/carrossier-peintre\/\"]}]},{\"@type\":\"BreadcrumbList\",\"@id\":\"https:\/\/edurec.ge.ch\/site\/cfpt-automobile\/carrossier-peintre\/#breadcrumb\",\"itemListElement\":[{\"@type\":\"ListItem\",\"position\":1,\"name\":\"Accueil\",\"item\":\"https:\/\/edurec.ge.ch\/site\/cfpt-automobile\/\"},{\"@type\":\"ListItem\",\"position\":2,\"name\":\"Carrossier-i\u00e8re peintre\"}]},{\"@type\":\"WebSite\",\"@id\":\"https:\/\/edurec.ge.ch\/site\/cfpt-automobile\/#website\",\"url\":\"https:\/\/edurec.ge.ch\/site\/cfpt-automobile\/\",\"name\":\"CFPT Automobile\",\"description\":\"CFPT Automobile\",\"publisher\":{\"@id\":\"https:\/\/edurec.ge.ch\/site\/cfpt-automobile\/#organization\"},\"potentialAction\":[{\"@type\":\"SearchAction\",\"target\":{\"@type\":\"EntryPoint\",\"urlTemplate\":\"https:\/\/edurec.ge.ch\/site\/cfpt-automobile\/?s={search_term_string}\"},\"query-input\":{\"@type\":\"PropertyValueSpecification\",\"valueRequired\":true,\"valueName\":\"search_term_string\"}}],\"inLanguage\":\"fr-FR\"},{\"@type\":\"Organization\",\"@id\":\"https:\/\/edurec.ge.ch\/site\/cfpt-automobile\/#organization\",\"name\":\"CFPT Automobile\",\"url\":\"https:\/\/edurec.ge.ch\/site\/cfpt-automobile\/\",\"logo\":{\"@type\":\"ImageObject\",\"inLanguage\":\"fr-FR\",\"@id\":\"https:\/\/edurec.ge.ch\/site\/cfpt-automobile\/#\/schema\/logo\/image\/\",\"url\":\"https:\/\/edurec.ge.ch\/site\/cfpt-automobile\/wp-content\/uploads\/sites\/117\/2024\/07\/home-page2.svg\",\"contentUrl\":\"https:\/\/edurec.ge.ch\/site\/cfpt-automobile\/wp-content\/uploads\/sites\/117\/2024\/07\/home-page2.svg\",\"caption\":\"CFPT Automobile\"},\"image\":{\"@id\":\"https:\/\/edurec.ge.ch\/site\/cfpt-automobile\/#\/schema\/logo\/image\/\"}}]}<\/script>\n<!-- \/ Yoast SEO plugin. -->","yoast_head_json":{"title":"Carrossier-i\u00e8re peintre - CFPT Automobile","robots":{"index":"index","follow":"follow","max-snippet":"max-snippet:-1","max-image-preview":"max-image-preview:large","max-video-preview":"max-video-preview:-1"},"canonical":"https:\/\/edurec.ge.ch\/site\/cfpt-automobile\/carrossier-peintre\/","og_locale":"fr_FR","og_type":"article","og_title":"Carrossier-i\u00e8re peintre - CFPT Automobile","og_description":"\u00a0En tant que carrossier-i\u00e8re peintre, tu suivras les cours professionnels (th\u00e9orie) au CFPT, 1 jour par semaine durant les 4 ans que dure l\u2019apprentissage. Tu auras la chance d\u2019\u00eatre entour\u00e9 de professionnels de la branche qui s\u2019engagent au quotidien pour transmettre toutes les bases fondamentales de ce m\u00e9tier. On t\u2019apprendra dans ces cours, \u00ab tout [&hellip;]","og_url":"https:\/\/edurec.ge.ch\/site\/cfpt-automobile\/carrossier-peintre\/","og_site_name":"CFPT Automobile","article_modified_time":"2023-03-10T11:52:33+00:00","twitter_card":"summary_large_image","twitter_misc":{"Dur\u00e9e de lecture estim\u00e9e":"1 minute"},"schema":{"@context":"https:\/\/schema.org","@graph":[{"@type":"WebPage","@id":"https:\/\/edurec.ge.ch\/site\/cfpt-automobile\/carrossier-peintre\/","url":"https:\/\/edurec.ge.ch\/site\/cfpt-automobile\/carrossier-peintre\/","name":"Carrossier-i\u00e8re peintre - CFPT Automobile","isPartOf":{"@id":"https:\/\/edurec.ge.ch\/site\/cfpt-automobile\/#website"},"datePublished":"2018-11-29T10:08:51+00:00","dateModified":"2023-03-10T11:52:33+00:00","breadcrumb":{"@id":"https:\/\/edurec.ge.ch\/site\/cfpt-automobile\/carrossier-peintre\/#breadcrumb"},"inLanguage":"fr-FR","potentialAction":[{"@type":"ReadAction","target":["https:\/\/edurec.ge.ch\/site\/cfpt-automobile\/carrossier-peintre\/"]}]},{"@type":"BreadcrumbList","@id":"https:\/\/edurec.ge.ch\/site\/cfpt-automobile\/carrossier-peintre\/#breadcrumb","itemListElement":[{"@type":"ListItem","position":1,"name":"Accueil","item":"https:\/\/edurec.ge.ch\/site\/cfpt-automobile\/"},{"@type":"ListItem","position":2,"name":"Carrossier-i\u00e8re peintre"}]},{"@type":"WebSite","@id":"https:\/\/edurec.ge.ch\/site\/cfpt-automobile\/#website","url":"https:\/\/edurec.ge.ch\/site\/cfpt-automobile\/","name":"CFPT Automobile","description":"CFPT Automobile","publisher":{"@id":"https:\/\/edurec.ge.ch\/site\/cfpt-automobile\/#organization"},"potentialAction":[{"@type":"SearchAction","target":{"@type":"EntryPoint","urlTemplate":"https:\/\/edurec.ge.ch\/site\/cfpt-automobile\/?s={search_term_string}"},"query-input":{"@type":"PropertyValueSpecification","valueRequired":true,"valueName":"search_term_string"}}],"inLanguage":"fr-FR"},{"@type":"Organization","@id":"https:\/\/edurec.ge.ch\/site\/cfpt-automobile\/#organization","name":"CFPT Automobile","url":"https:\/\/edurec.ge.ch\/site\/cfpt-automobile\/","logo":{"@type":"ImageObject","inLanguage":"fr-FR","@id":"https:\/\/edurec.ge.ch\/site\/cfpt-automobile\/#\/schema\/logo\/image\/","url":"https:\/\/edurec.ge.ch\/site\/cfpt-automobile\/wp-content\/uploads\/sites\/117\/2024\/07\/home-page2.svg","contentUrl":"https:\/\/edurec.ge.ch\/site\/cfpt-automobile\/wp-content\/uploads\/sites\/117\/2024\/07\/home-page2.svg","caption":"CFPT Automobile"},"image":{"@id":"https:\/\/edurec.ge.ch\/site\/cfpt-automobile\/#\/schema\/logo\/image\/"}}]}},"_links":{"self":[{"href":"https:\/\/edurec.ge.ch\/site\/cfpt-automobile\/wp-json\/wp\/v2\/pages\/846","targetHints":{"allow":["GET"]}}],"collection":[{"href":"https:\/\/edurec.ge.ch\/site\/cfpt-automobile\/wp-json\/wp\/v2\/pages"}],"about":[{"href":"https:\/\/edurec.ge.ch\/site\/cfpt-automobile\/wp-json\/wp\/v2\/types\/page"}],"author":[{"embeddable":true,"href":"https:\/\/edurec.ge.ch\/site\/cfpt-automobile\/wp-json\/wp\/v2\/users\/1670"}],"replies":[{"embeddable":true,"href":"https:\/\/edurec.ge.ch\/site\/cfpt-automobile\/wp-json\/wp\/v2\/comments?post=846"}],"version-history":[{"count":17,"href":"https:\/\/edurec.ge.ch\/site\/cfpt-automobile\/wp-json\/wp\/v2\/pages\/846\/revisions"}],"predecessor-version":[{"id":1963,"href":"https:\/\/edurec.ge.ch\/site\/cfpt-automobile\/wp-json\/wp\/v2\/pages\/846\/revisions\/1963"}],"wp:attachment":[{"href":"https:\/\/edurec.ge.ch\/site\/cfpt-automobile\/wp-json\/wp\/v2\/media?parent=846"}],"curies":[{"name":"wp","href":"https:\/\/api.w.org\/{rel}","templated":true}]}}