{"id":514,"date":"2018-11-22T11:27:02","date_gmt":"2018-11-22T10:27:02","guid":{"rendered":"https:\/\/edurec.ge.ch\/site\/cfpt-automobile\/?page_id=514"},"modified":"2023-03-10T13:10:49","modified_gmt":"2023-03-10T12:10:49","slug":"assistant-en-maintenance-automobile","status":"publish","type":"page","link":"https:\/\/edurec.ge.ch\/site\/cfpt-automobile\/assistant-en-maintenance-automobile\/","title":{"rendered":"Assistant-te en maintenance d&rsquo;automobiles"},"content":{"rendered":"<div id=\"pl-514\"  class=\"panel-layout\" ><div id=\"pg-514-0\"  class=\"panel-grid panel-no-style\" ><div id=\"pgc-514-0-0\"  class=\"panel-grid-cell\" ><div id=\"panel-514-0-0-0\" class=\"so-panel widget widget_sow-editor panel-first-child panel-last-child\" data-index=\"0\" ><div\n\t\t\t\n\t\t\tclass=\"so-widget-sow-editor so-widget-sow-editor-base\"\n\t\t\t\n\t\t>\n<div class=\"siteorigin-widget-tinymce textwidget\">\n\t<p>Cet apprentissage d'une dur\u00e9e de 2 ans va t'amener des notions pour faire la maintenance de certains \u00e9l\u00e9ments sur les v\u00e9hicules, notamment les pneumatiques, le syst\u00e8me d'\u00e9clairage ou encore les services moteurs. Brochure :\u00a0<a href=\"https:\/\/edurec.ge.ch\/site\/cfpt-automobile\/wp-content\/uploads\/sites\/117\/2019\/01\/Flyer-Assistant-en-maintenance-dautomobiles.pdf\">Assistant en maintenance d'automobiles<\/a><\/p>\n<p>Le m\u00e9tier d\u2019Assistant en maintenance automobile se r\u00e9alise avec un partenariat entre les entreprises formatrices (garages) pour la partie pratique et notre \u00e9cole pour la th\u00e9orie. Tu suivras en plus des cours pratiques sp\u00e9cifiques au sein des locaux de l\u2019UPSA.<\/p>\n<p>Au sein de notre \u00e9cole, tu suivras des cours techniques qui te permettront d\u2019acqu\u00e9rir des comp\u00e9tences sur les moteurs, le ch\u00e2ssis, l\u2019\u00e9lectricit\u00e9 ou tout autre \u00e9l\u00e9ment qui concerne les voitures.<\/p>\n<p>Tu auras \u00e9galement des cours de culture g\u00e9n\u00e9rale qui vont te pr\u00e9parer \u00e0 ton avenir tant professionnel que personnel. Et, pour finaliser le toute, quelques cours de gymnastique assureront ta forme physique !<\/p>\n<p>A la fin de cet apprentissage, tu obtiendras une Attestation f\u00e9d\u00e9rale de capacit\u00e9 (AFP) et si tu r\u00e9ussis bien, tu peux rejoindre la formation de m\u00e9canicien en maintenance de l\u2019automobile.<\/p>\n<p>Tu\u00a0\u00a0trouveras plus d\u2019informations, sur les conditions d'admission \u00e0 cet apprentissage notamment sur le <a href=\"https:\/\/www.upsa-ge.ch\/fr\/formation\/test-daptitude\">test d'aptitude sur le site de l'UPSA.<\/a><\/p>\n<\/div>\n<\/div><\/div><\/div><div id=\"pgc-514-0-1\"  class=\"panel-grid-cell\" ><div id=\"panel-514-0-1-0\" class=\"so-panel widget widget_media_image panel-first-child panel-last-child\" data-index=\"1\" ><img loading=\"lazy\" decoding=\"async\" width=\"300\" height=\"199\" src=\"https:\/\/edurec.ge.ch\/site\/cfpt-automobile\/wp-content\/uploads\/sites\/117\/2018\/11\/119_0008-300x199.jpg\" class=\"image wp-image-654  attachment-medium size-medium\" alt=\"\" style=\"max-width: 100%; height: auto;\" srcset=\"https:\/\/edurec.ge.ch\/site\/cfpt-automobile\/wp-content\/uploads\/sites\/117\/2018\/11\/119_0008-300x199.jpg 300w, https:\/\/edurec.ge.ch\/site\/cfpt-automobile\/wp-content\/uploads\/sites\/117\/2018\/11\/119_0008-768x510.jpg 768w, https:\/\/edurec.ge.ch\/site\/cfpt-automobile\/wp-content\/uploads\/sites\/117\/2018\/11\/119_0008-1024x680.jpg 1024w\" sizes=\"auto, (max-width: 300px) 100vw, 300px\" \/><\/div><\/div><\/div><div id=\"pg-514-1\"  class=\"panel-grid panel-no-style\" ><div id=\"pgc-514-1-0\"  class=\"panel-grid-cell\" ><div id=\"panel-514-1-0-0\" class=\"so-panel widget widget_sow-editor panel-first-child panel-last-child\" data-index=\"2\" ><div\n\t\t\t\n\t\t\tclass=\"so-widget-sow-editor so-widget-sow-editor-base\"\n\t\t\t\n\t\t>\n<div class=\"siteorigin-widget-tinymce textwidget\">\n\t<p>Tu trouveras plus d\u2019info sur le m\u00e9tier en lui-m\u00eame sur le site orientation.ch<\/p>\n<\/div>\n<\/div><\/div><\/div><div id=\"pgc-514-1-1\"  class=\"panel-grid-cell\" ><div id=\"panel-514-1-1-0\" class=\"so-panel widget widget_sow-editor panel-first-child panel-last-child\" data-index=\"3\" ><div\n\t\t\t\n\t\t\tclass=\"so-widget-sow-editor so-widget-sow-editor-base\"\n\t\t\t\n\t\t>\n<div class=\"siteorigin-widget-tinymce textwidget\">\n\t<p>Tu trouveras plus d\u2019info sur comment int\u00e9grer un garage pour cette formation sur le site de l\u2019UPSA section Gen\u00e8ve<\/p>\n<\/div>\n<\/div><\/div><\/div><div id=\"pgc-514-1-2\"  class=\"panel-grid-cell\" ><div id=\"panel-514-1-2-0\" class=\"so-panel widget widget_sow-editor panel-first-child panel-last-child\" data-index=\"4\" ><div\n\t\t\t\n\t\t\tclass=\"so-widget-sow-editor so-widget-sow-editor-base\"\n\t\t\t\n\t\t>\n<div class=\"siteorigin-widget-tinymce textwidget\">\n\t<p>\u00a0Tu trouveras plus d\u2019info sur la partie pratique sur le site de l\u2019UPSA section Gen\u00e8ve<\/p>\n<\/div>\n<\/div><\/div><\/div><\/div><div id=\"pg-514-2\"  class=\"panel-grid panel-no-style\" ><div id=\"pgc-514-2-0\"  class=\"panel-grid-cell\" ><div id=\"panel-514-2-0-0\" class=\"so-panel widget widget_media_image panel-first-child panel-last-child\" data-index=\"5\" ><a href=\"https:\/\/www.orientation.ch\/dyn\/show\/1900?lang=fr&#038;idx=30&#038;id=1343\"><img loading=\"lazy\" decoding=\"async\" width=\"300\" height=\"175\" src=\"https:\/\/edurec.ge.ch\/site\/cfpt-automobile\/wp-content\/uploads\/sites\/117\/2018\/11\/orientation-300x175.png\" class=\"image wp-image-244  attachment-medium size-medium\" alt=\"\" style=\"max-width: 100%; height: auto;\" srcset=\"https:\/\/edurec.ge.ch\/site\/cfpt-automobile\/wp-content\/uploads\/sites\/117\/2018\/11\/orientation-300x175.png 300w, https:\/\/edurec.ge.ch\/site\/cfpt-automobile\/wp-content\/uploads\/sites\/117\/2018\/11\/orientation.png 383w\" sizes=\"auto, (max-width: 300px) 100vw, 300px\" \/><\/a><\/div><\/div><div id=\"pgc-514-2-1\"  class=\"panel-grid-cell\" ><div id=\"panel-514-2-1-0\" class=\"so-panel widget widget_media_image panel-first-child panel-last-child\" data-index=\"6\" ><a href=\"https:\/\/www.autoberufe.ch\/fr\/node\/23707\"><img loading=\"lazy\" decoding=\"async\" width=\"300\" height=\"74\" src=\"https:\/\/edurec.ge.ch\/site\/cfpt-automobile\/wp-content\/uploads\/sites\/117\/2018\/11\/UPSA-300x74.png\" class=\"image wp-image-245  attachment-medium size-medium\" alt=\"\" style=\"max-width: 100%; height: auto;\" srcset=\"https:\/\/edurec.ge.ch\/site\/cfpt-automobile\/wp-content\/uploads\/sites\/117\/2018\/11\/UPSA-300x74.png 300w, https:\/\/edurec.ge.ch\/site\/cfpt-automobile\/wp-content\/uploads\/sites\/117\/2018\/11\/UPSA.png 442w\" sizes=\"auto, (max-width: 300px) 100vw, 300px\" \/><\/a><\/div><\/div><div id=\"pgc-514-2-2\"  class=\"panel-grid-cell\" ><div id=\"panel-514-2-2-0\" class=\"so-panel widget widget_media_image panel-first-child panel-last-child\" data-index=\"7\" ><a href=\"https:\/\/www.formation-upsa-ge.ch\/web\/\"><img loading=\"lazy\" decoding=\"async\" width=\"300\" height=\"74\" src=\"https:\/\/edurec.ge.ch\/site\/cfpt-automobile\/wp-content\/uploads\/sites\/117\/2018\/11\/UPSA-300x74.png\" class=\"image wp-image-245  attachment-medium size-medium\" alt=\"\" style=\"max-width: 100%; height: auto;\" srcset=\"https:\/\/edurec.ge.ch\/site\/cfpt-automobile\/wp-content\/uploads\/sites\/117\/2018\/11\/UPSA-300x74.png 300w, https:\/\/edurec.ge.ch\/site\/cfpt-automobile\/wp-content\/uploads\/sites\/117\/2018\/11\/UPSA.png 442w\" sizes=\"auto, (max-width: 300px) 100vw, 300px\" \/><\/a><\/div><\/div><\/div><\/div>","protected":false},"excerpt":{"rendered":"<p>Cet apprentissage d&rsquo;une dur\u00e9e de 2 ans va t&rsquo;amener des notions pour faire la maintenance de certains \u00e9l\u00e9ments sur les v\u00e9hicules, notamment les pneumatiques, le syst\u00e8me d&rsquo;\u00e9clairage ou encore les services moteurs. Brochure :\u00a0Assistant en maintenance d&rsquo;automobiles Le m\u00e9tier d\u2019Assistant en maintenance automobile se r\u00e9alise avec un partenariat entre les entreprises formatrices (garages) pour la [&hellip;]<\/p>\n","protected":false},"author":1670,"featured_media":0,"parent":0,"menu_order":0,"comment_status":"closed","ping_status":"closed","template":"custom-page.php","meta":{"footnotes":""},"class_list":["post-514","page","type-page","status-publish","czr-hentry"],"yoast_head":"<!-- This site is optimized with the Yoast SEO plugin v26.4 - https:\/\/yoast.com\/wordpress\/plugins\/seo\/ -->\n<title>Assistant-te en maintenance d&#039;automobiles - CFPT Automobile<\/title>\n<meta name=\"robots\" content=\"index, follow, max-snippet:-1, max-image-preview:large, max-video-preview:-1\" \/>\n<link rel=\"canonical\" href=\"https:\/\/edurec.ge.ch\/site\/cfpt-automobile\/assistant-en-maintenance-automobile\/\" \/>\n<meta property=\"og:locale\" content=\"fr_FR\" \/>\n<meta property=\"og:type\" content=\"article\" \/>\n<meta property=\"og:title\" content=\"Assistant-te en maintenance d&#039;automobiles - CFPT Automobile\" \/>\n<meta property=\"og:description\" content=\"Cet apprentissage d&#039;une dur\u00e9e de 2 ans va t&#039;amener des notions pour faire la maintenance de certains \u00e9l\u00e9ments sur les v\u00e9hicules, notamment les pneumatiques, le syst\u00e8me d&#039;\u00e9clairage ou encore les services moteurs. Brochure :\u00a0Assistant en maintenance d&#039;automobiles Le m\u00e9tier d\u2019Assistant en maintenance automobile se r\u00e9alise avec un partenariat entre les entreprises formatrices (garages) pour la [&hellip;]\" \/>\n<meta property=\"og:url\" content=\"https:\/\/edurec.ge.ch\/site\/cfpt-automobile\/assistant-en-maintenance-automobile\/\" \/>\n<meta property=\"og:site_name\" content=\"CFPT Automobile\" \/>\n<meta property=\"article:modified_time\" content=\"2023-03-10T12:10:49+00:00\" \/>\n<meta name=\"twitter:card\" content=\"summary_large_image\" \/>\n<meta name=\"twitter:label1\" content=\"Dur\u00e9e de lecture estim\u00e9e\" \/>\n\t<meta name=\"twitter:data1\" content=\"2 minutes\" \/>\n<script type=\"application\/ld+json\" class=\"yoast-schema-graph\">{\"@context\":\"https:\/\/schema.org\",\"@graph\":[{\"@type\":\"WebPage\",\"@id\":\"https:\/\/edurec.ge.ch\/site\/cfpt-automobile\/assistant-en-maintenance-automobile\/\",\"url\":\"https:\/\/edurec.ge.ch\/site\/cfpt-automobile\/assistant-en-maintenance-automobile\/\",\"name\":\"Assistant-te en maintenance d'automobiles - CFPT Automobile\",\"isPartOf\":{\"@id\":\"https:\/\/edurec.ge.ch\/site\/cfpt-automobile\/#website\"},\"datePublished\":\"2018-11-22T10:27:02+00:00\",\"dateModified\":\"2023-03-10T12:10:49+00:00\",\"breadcrumb\":{\"@id\":\"https:\/\/edurec.ge.ch\/site\/cfpt-automobile\/assistant-en-maintenance-automobile\/#breadcrumb\"},\"inLanguage\":\"fr-FR\",\"potentialAction\":[{\"@type\":\"ReadAction\",\"target\":[\"https:\/\/edurec.ge.ch\/site\/cfpt-automobile\/assistant-en-maintenance-automobile\/\"]}]},{\"@type\":\"BreadcrumbList\",\"@id\":\"https:\/\/edurec.ge.ch\/site\/cfpt-automobile\/assistant-en-maintenance-automobile\/#breadcrumb\",\"itemListElement\":[{\"@type\":\"ListItem\",\"position\":1,\"name\":\"Accueil\",\"item\":\"https:\/\/edurec.ge.ch\/site\/cfpt-automobile\/\"},{\"@type\":\"ListItem\",\"position\":2,\"name\":\"Assistant-te en maintenance d&rsquo;automobiles\"}]},{\"@type\":\"WebSite\",\"@id\":\"https:\/\/edurec.ge.ch\/site\/cfpt-automobile\/#website\",\"url\":\"https:\/\/edurec.ge.ch\/site\/cfpt-automobile\/\",\"name\":\"CFPT Automobile\",\"description\":\"CFPT Automobile\",\"publisher\":{\"@id\":\"https:\/\/edurec.ge.ch\/site\/cfpt-automobile\/#organization\"},\"potentialAction\":[{\"@type\":\"SearchAction\",\"target\":{\"@type\":\"EntryPoint\",\"urlTemplate\":\"https:\/\/edurec.ge.ch\/site\/cfpt-automobile\/?s={search_term_string}\"},\"query-input\":{\"@type\":\"PropertyValueSpecification\",\"valueRequired\":true,\"valueName\":\"search_term_string\"}}],\"inLanguage\":\"fr-FR\"},{\"@type\":\"Organization\",\"@id\":\"https:\/\/edurec.ge.ch\/site\/cfpt-automobile\/#organization\",\"name\":\"CFPT Automobile\",\"url\":\"https:\/\/edurec.ge.ch\/site\/cfpt-automobile\/\",\"logo\":{\"@type\":\"ImageObject\",\"inLanguage\":\"fr-FR\",\"@id\":\"https:\/\/edurec.ge.ch\/site\/cfpt-automobile\/#\/schema\/logo\/image\/\",\"url\":\"https:\/\/edurec.ge.ch\/site\/cfpt-automobile\/wp-content\/uploads\/sites\/117\/2024\/07\/home-page2.svg\",\"contentUrl\":\"https:\/\/edurec.ge.ch\/site\/cfpt-automobile\/wp-content\/uploads\/sites\/117\/2024\/07\/home-page2.svg\",\"caption\":\"CFPT Automobile\"},\"image\":{\"@id\":\"https:\/\/edurec.ge.ch\/site\/cfpt-automobile\/#\/schema\/logo\/image\/\"}}]}<\/script>\n<!-- \/ Yoast SEO plugin. -->","yoast_head_json":{"title":"Assistant-te en maintenance d'automobiles - CFPT Automobile","robots":{"index":"index","follow":"follow","max-snippet":"max-snippet:-1","max-image-preview":"max-image-preview:large","max-video-preview":"max-video-preview:-1"},"canonical":"https:\/\/edurec.ge.ch\/site\/cfpt-automobile\/assistant-en-maintenance-automobile\/","og_locale":"fr_FR","og_type":"article","og_title":"Assistant-te en maintenance d'automobiles - CFPT Automobile","og_description":"Cet apprentissage d'une dur\u00e9e de 2 ans va t'amener des notions pour faire la maintenance de certains \u00e9l\u00e9ments sur les v\u00e9hicules, notamment les pneumatiques, le syst\u00e8me d'\u00e9clairage ou encore les services moteurs. Brochure :\u00a0Assistant en maintenance d'automobiles Le m\u00e9tier d\u2019Assistant en maintenance automobile se r\u00e9alise avec un partenariat entre les entreprises formatrices (garages) pour la [&hellip;]","og_url":"https:\/\/edurec.ge.ch\/site\/cfpt-automobile\/assistant-en-maintenance-automobile\/","og_site_name":"CFPT Automobile","article_modified_time":"2023-03-10T12:10:49+00:00","twitter_card":"summary_large_image","twitter_misc":{"Dur\u00e9e de lecture estim\u00e9e":"2 minutes"},"schema":{"@context":"https:\/\/schema.org","@graph":[{"@type":"WebPage","@id":"https:\/\/edurec.ge.ch\/site\/cfpt-automobile\/assistant-en-maintenance-automobile\/","url":"https:\/\/edurec.ge.ch\/site\/cfpt-automobile\/assistant-en-maintenance-automobile\/","name":"Assistant-te en maintenance d'automobiles - CFPT Automobile","isPartOf":{"@id":"https:\/\/edurec.ge.ch\/site\/cfpt-automobile\/#website"},"datePublished":"2018-11-22T10:27:02+00:00","dateModified":"2023-03-10T12:10:49+00:00","breadcrumb":{"@id":"https:\/\/edurec.ge.ch\/site\/cfpt-automobile\/assistant-en-maintenance-automobile\/#breadcrumb"},"inLanguage":"fr-FR","potentialAction":[{"@type":"ReadAction","target":["https:\/\/edurec.ge.ch\/site\/cfpt-automobile\/assistant-en-maintenance-automobile\/"]}]},{"@type":"BreadcrumbList","@id":"https:\/\/edurec.ge.ch\/site\/cfpt-automobile\/assistant-en-maintenance-automobile\/#breadcrumb","itemListElement":[{"@type":"ListItem","position":1,"name":"Accueil","item":"https:\/\/edurec.ge.ch\/site\/cfpt-automobile\/"},{"@type":"ListItem","position":2,"name":"Assistant-te en maintenance d&rsquo;automobiles"}]},{"@type":"WebSite","@id":"https:\/\/edurec.ge.ch\/site\/cfpt-automobile\/#website","url":"https:\/\/edurec.ge.ch\/site\/cfpt-automobile\/","name":"CFPT Automobile","description":"CFPT Automobile","publisher":{"@id":"https:\/\/edurec.ge.ch\/site\/cfpt-automobile\/#organization"},"potentialAction":[{"@type":"SearchAction","target":{"@type":"EntryPoint","urlTemplate":"https:\/\/edurec.ge.ch\/site\/cfpt-automobile\/?s={search_term_string}"},"query-input":{"@type":"PropertyValueSpecification","valueRequired":true,"valueName":"search_term_string"}}],"inLanguage":"fr-FR"},{"@type":"Organization","@id":"https:\/\/edurec.ge.ch\/site\/cfpt-automobile\/#organization","name":"CFPT Automobile","url":"https:\/\/edurec.ge.ch\/site\/cfpt-automobile\/","logo":{"@type":"ImageObject","inLanguage":"fr-FR","@id":"https:\/\/edurec.ge.ch\/site\/cfpt-automobile\/#\/schema\/logo\/image\/","url":"https:\/\/edurec.ge.ch\/site\/cfpt-automobile\/wp-content\/uploads\/sites\/117\/2024\/07\/home-page2.svg","contentUrl":"https:\/\/edurec.ge.ch\/site\/cfpt-automobile\/wp-content\/uploads\/sites\/117\/2024\/07\/home-page2.svg","caption":"CFPT Automobile"},"image":{"@id":"https:\/\/edurec.ge.ch\/site\/cfpt-automobile\/#\/schema\/logo\/image\/"}}]}},"_links":{"self":[{"href":"https:\/\/edurec.ge.ch\/site\/cfpt-automobile\/wp-json\/wp\/v2\/pages\/514","targetHints":{"allow":["GET"]}}],"collection":[{"href":"https:\/\/edurec.ge.ch\/site\/cfpt-automobile\/wp-json\/wp\/v2\/pages"}],"about":[{"href":"https:\/\/edurec.ge.ch\/site\/cfpt-automobile\/wp-json\/wp\/v2\/types\/page"}],"author":[{"embeddable":true,"href":"https:\/\/edurec.ge.ch\/site\/cfpt-automobile\/wp-json\/wp\/v2\/users\/1670"}],"replies":[{"embeddable":true,"href":"https:\/\/edurec.ge.ch\/site\/cfpt-automobile\/wp-json\/wp\/v2\/comments?post=514"}],"version-history":[{"count":59,"href":"https:\/\/edurec.ge.ch\/site\/cfpt-automobile\/wp-json\/wp\/v2\/pages\/514\/revisions"}],"predecessor-version":[{"id":1985,"href":"https:\/\/edurec.ge.ch\/site\/cfpt-automobile\/wp-json\/wp\/v2\/pages\/514\/revisions\/1985"}],"wp:attachment":[{"href":"https:\/\/edurec.ge.ch\/site\/cfpt-automobile\/wp-json\/wp\/v2\/media?parent=514"}],"curies":[{"name":"wp","href":"https:\/\/api.w.org\/{rel}","templated":true}]}}