{"id":479,"date":"2018-11-22T08:44:23","date_gmt":"2018-11-22T07:44:23","guid":{"rendered":"https:\/\/edurec.ge.ch\/site\/cfpt-automobile\/?page_id=479"},"modified":"2023-03-10T13:06:45","modified_gmt":"2023-03-10T12:06:45","slug":"les-metiers-de-lautomobile","status":"publish","type":"page","link":"https:\/\/edurec.ge.ch\/site\/cfpt-automobile\/les-metiers-de-lautomobile\/","title":{"rendered":"M\u00e9tiers de l\u2019automobile"},"content":{"rendered":"<div id=\"pl-479\"  class=\"panel-layout\" ><div id=\"pg-479-0\"  class=\"panel-grid panel-no-style\" ><div id=\"pgc-479-0-0\"  class=\"panel-grid-cell\" ><div id=\"panel-479-0-0-0\" class=\"so-panel widget widget_sow-editor panel-first-child panel-last-child\" data-index=\"0\" ><div\n\t\t\t\n\t\t\tclass=\"so-widget-sow-editor so-widget-sow-editor-base\"\n\t\t\t\n\t\t>\n<div class=\"siteorigin-widget-tinymce textwidget\">\n\t<h2><strong>Les m\u00e9tiers<\/strong><\/h2>\n<p>Les m\u00e9tiers de la m\u00e9canique automobile se divisent en trois formations. Chacune des formations a des dur\u00e9es d\u2019apprentissage diff\u00e9rentes.<\/p>\n<p>- L\u2019assistant\/e en maintenance d'automobiles en 2 ans, brochure :\u00a0<a href=\"https:\/\/edurec.ge.ch\/site\/cfpt-automobile\/wp-content\/uploads\/sites\/117\/2019\/01\/Flyer-Assistant-en-maintenance-dautomobiles.pdf\">Assistant en maintenance d'automobiles<\/a><\/p>\n<p>- Le m\u00e9canicien\/ne en maintenance d'automobiles en 3 ans, brochure :\u00a0<a href=\"https:\/\/edurec.ge.ch\/site\/cfpt-automobile\/wp-content\/uploads\/sites\/117\/2019\/01\/Flyer-M\u00e9canicien-en-maintenance-dautomobiles-.pdf\">M\u00e9canicien en maintenance d'automobiles<\/a><\/p>\n<p>- Le m\u00e9catronicien\/ne d' automobiles en 4 ans, brochure :\u00a0<a href=\"https:\/\/edurec.ge.ch\/site\/cfpt-automobile\/wp-content\/uploads\/sites\/117\/2019\/01\/Flyer-Me\u0301catronicien-dautomobiles.pdf\">M\u00e9catronicien d'automobiles<\/a><\/p>\n<p>Le choix entre ces m\u00e9tiers d\u00e9pend de l\u2019envie de l\u2019apprenti, mais aussi du r\u00e9sultat obtenu au test d\u2019aptitude. Quel que soit le r\u00e9sultat du test, aucune porte ne se ferme, en effet il est toujours possible de rejoindre une formation sup\u00e9rieure une fois son titre en poche.<\/p>\n<p>Sur la gauche, vous pouvez obtenir plus d\u2019information sur chacun de ces m\u00e9tiers en cliquant sur les bulles.<\/p>\n<h2><\/h2>\n<h2><strong>M\u00e9catronicien\/ne d'automobiles, deux formations possibles<\/strong><\/h2>\n<p>Uniquement dans le cadre d\u2019un apprentissage de m\u00e9catronicien d'automobiles, il y a la possibilit\u00e9 de choisir soit une formation en plein temps soit une formation en dual.<\/p>\n<p>La formation plein-temps est une formation qui se pratique uniquement en \u00e9cole. C\u2019est-\u00e0-dire que 1 jour et demi par semaine l\u2019apprenti va apprendre la partie th\u00e9orique. Concernant la partie pratique, l\u2019apprenant va travailler dans nos propres ateliers.<\/p>\n<p>Dans le cadre d\u2019une formation Dual, l\u2019apprenti va suivre les m\u00eames cours th\u00e9oriques que les apprentis en plein temps. Par contre la partie pratique est assur\u00e9e par l\u2019employeur.<\/p>\n<p>Au final, les deux mani\u00e8res d\u2019aborder la formation donnent le m\u00eame CFC, l\u2019examen final est identique, d\u2019ailleurs les apprentis issus des deux formations le passent ensemble.<\/p>\n<\/div>\n<\/div><\/div><\/div><\/div><div id=\"pg-479-1\"  class=\"panel-grid panel-no-style\" ><div id=\"pgc-479-1-0\"  class=\"panel-grid-cell panel-grid-cell-empty\" ><\/div><div id=\"pgc-479-1-1\"  class=\"panel-grid-cell panel-grid-cell-empty panel-grid-cell-mobile-last\" ><\/div><div id=\"pgc-479-1-2\"  class=\"panel-grid-cell panel-grid-cell-empty\" ><\/div><\/div><div id=\"pg-479-2\"  class=\"panel-grid panel-no-style\" ><div id=\"pgc-479-2-0\"  class=\"panel-grid-cell panel-grid-cell-empty\" ><\/div><div id=\"pgc-479-2-1\"  class=\"panel-grid-cell panel-grid-cell-empty panel-grid-cell-mobile-last\" ><\/div><div id=\"pgc-479-2-2\"  class=\"panel-grid-cell panel-grid-cell-empty\" ><\/div><\/div><\/div>","protected":false},"excerpt":{"rendered":"<p>Les m\u00e9tiers Les m\u00e9tiers de la m\u00e9canique automobile se divisent en trois formations. Chacune des formations a des dur\u00e9es d\u2019apprentissage diff\u00e9rentes. &#8211; L\u2019assistant\/e en maintenance d&rsquo;automobiles en 2 ans, brochure :\u00a0Assistant en maintenance d&rsquo;automobiles &#8211; Le m\u00e9canicien\/ne en maintenance d&rsquo;automobiles en 3 ans, brochure :\u00a0M\u00e9canicien en maintenance d&rsquo;automobiles &#8211; Le m\u00e9catronicien\/ne d&rsquo; automobiles en 4 [&hellip;]<\/p>\n","protected":false},"author":1670,"featured_media":0,"parent":0,"menu_order":0,"comment_status":"closed","ping_status":"closed","template":"custom-page.php","meta":{"footnotes":""},"class_list":["post-479","page","type-page","status-publish","czr-hentry"],"yoast_head":"<!-- This site is optimized with the Yoast SEO plugin v26.4 - https:\/\/yoast.com\/wordpress\/plugins\/seo\/ -->\n<title>M\u00e9tiers de l\u2019automobile - CFPT Automobile<\/title>\n<meta name=\"robots\" content=\"index, follow, max-snippet:-1, max-image-preview:large, max-video-preview:-1\" \/>\n<link rel=\"canonical\" href=\"https:\/\/edurec.ge.ch\/site\/cfpt-automobile\/les-metiers-de-lautomobile\/\" \/>\n<meta property=\"og:locale\" content=\"fr_FR\" \/>\n<meta property=\"og:type\" content=\"article\" \/>\n<meta property=\"og:title\" content=\"M\u00e9tiers de l\u2019automobile - CFPT Automobile\" \/>\n<meta property=\"og:description\" content=\"Les m\u00e9tiers Les m\u00e9tiers de la m\u00e9canique automobile se divisent en trois formations. Chacune des formations a des dur\u00e9es d\u2019apprentissage diff\u00e9rentes. - L\u2019assistant\/e en maintenance d&#039;automobiles en 2 ans, brochure :\u00a0Assistant en maintenance d&#039;automobiles - Le m\u00e9canicien\/ne en maintenance d&#039;automobiles en 3 ans, brochure :\u00a0M\u00e9canicien en maintenance d&#039;automobiles - Le m\u00e9catronicien\/ne d&#039; automobiles en 4 [&hellip;]\" \/>\n<meta property=\"og:url\" content=\"https:\/\/edurec.ge.ch\/site\/cfpt-automobile\/les-metiers-de-lautomobile\/\" \/>\n<meta property=\"og:site_name\" content=\"CFPT Automobile\" \/>\n<meta property=\"article:modified_time\" content=\"2023-03-10T12:06:45+00:00\" \/>\n<meta name=\"twitter:card\" content=\"summary_large_image\" \/>\n<meta name=\"twitter:label1\" content=\"Dur\u00e9e de lecture estim\u00e9e\" \/>\n\t<meta name=\"twitter:data1\" content=\"1 minute\" \/>\n<script type=\"application\/ld+json\" class=\"yoast-schema-graph\">{\"@context\":\"https:\/\/schema.org\",\"@graph\":[{\"@type\":\"WebPage\",\"@id\":\"https:\/\/edurec.ge.ch\/site\/cfpt-automobile\/les-metiers-de-lautomobile\/\",\"url\":\"https:\/\/edurec.ge.ch\/site\/cfpt-automobile\/les-metiers-de-lautomobile\/\",\"name\":\"M\u00e9tiers de l\u2019automobile - CFPT Automobile\",\"isPartOf\":{\"@id\":\"https:\/\/edurec.ge.ch\/site\/cfpt-automobile\/#website\"},\"datePublished\":\"2018-11-22T07:44:23+00:00\",\"dateModified\":\"2023-03-10T12:06:45+00:00\",\"breadcrumb\":{\"@id\":\"https:\/\/edurec.ge.ch\/site\/cfpt-automobile\/les-metiers-de-lautomobile\/#breadcrumb\"},\"inLanguage\":\"fr-FR\",\"potentialAction\":[{\"@type\":\"ReadAction\",\"target\":[\"https:\/\/edurec.ge.ch\/site\/cfpt-automobile\/les-metiers-de-lautomobile\/\"]}]},{\"@type\":\"BreadcrumbList\",\"@id\":\"https:\/\/edurec.ge.ch\/site\/cfpt-automobile\/les-metiers-de-lautomobile\/#breadcrumb\",\"itemListElement\":[{\"@type\":\"ListItem\",\"position\":1,\"name\":\"Accueil\",\"item\":\"https:\/\/edurec.ge.ch\/site\/cfpt-automobile\/\"},{\"@type\":\"ListItem\",\"position\":2,\"name\":\"M\u00e9tiers de l\u2019automobile\"}]},{\"@type\":\"WebSite\",\"@id\":\"https:\/\/edurec.ge.ch\/site\/cfpt-automobile\/#website\",\"url\":\"https:\/\/edurec.ge.ch\/site\/cfpt-automobile\/\",\"name\":\"CFPT Automobile\",\"description\":\"CFPT Automobile\",\"publisher\":{\"@id\":\"https:\/\/edurec.ge.ch\/site\/cfpt-automobile\/#organization\"},\"potentialAction\":[{\"@type\":\"SearchAction\",\"target\":{\"@type\":\"EntryPoint\",\"urlTemplate\":\"https:\/\/edurec.ge.ch\/site\/cfpt-automobile\/?s={search_term_string}\"},\"query-input\":{\"@type\":\"PropertyValueSpecification\",\"valueRequired\":true,\"valueName\":\"search_term_string\"}}],\"inLanguage\":\"fr-FR\"},{\"@type\":\"Organization\",\"@id\":\"https:\/\/edurec.ge.ch\/site\/cfpt-automobile\/#organization\",\"name\":\"CFPT Automobile\",\"url\":\"https:\/\/edurec.ge.ch\/site\/cfpt-automobile\/\",\"logo\":{\"@type\":\"ImageObject\",\"inLanguage\":\"fr-FR\",\"@id\":\"https:\/\/edurec.ge.ch\/site\/cfpt-automobile\/#\/schema\/logo\/image\/\",\"url\":\"https:\/\/edurec.ge.ch\/site\/cfpt-automobile\/wp-content\/uploads\/sites\/117\/2024\/07\/home-page2.svg\",\"contentUrl\":\"https:\/\/edurec.ge.ch\/site\/cfpt-automobile\/wp-content\/uploads\/sites\/117\/2024\/07\/home-page2.svg\",\"caption\":\"CFPT Automobile\"},\"image\":{\"@id\":\"https:\/\/edurec.ge.ch\/site\/cfpt-automobile\/#\/schema\/logo\/image\/\"}}]}<\/script>\n<!-- \/ Yoast SEO plugin. -->","yoast_head_json":{"title":"M\u00e9tiers de l\u2019automobile - CFPT Automobile","robots":{"index":"index","follow":"follow","max-snippet":"max-snippet:-1","max-image-preview":"max-image-preview:large","max-video-preview":"max-video-preview:-1"},"canonical":"https:\/\/edurec.ge.ch\/site\/cfpt-automobile\/les-metiers-de-lautomobile\/","og_locale":"fr_FR","og_type":"article","og_title":"M\u00e9tiers de l\u2019automobile - CFPT Automobile","og_description":"Les m\u00e9tiers Les m\u00e9tiers de la m\u00e9canique automobile se divisent en trois formations. Chacune des formations a des dur\u00e9es d\u2019apprentissage diff\u00e9rentes. - L\u2019assistant\/e en maintenance d'automobiles en 2 ans, brochure :\u00a0Assistant en maintenance d'automobiles - Le m\u00e9canicien\/ne en maintenance d'automobiles en 3 ans, brochure :\u00a0M\u00e9canicien en maintenance d'automobiles - Le m\u00e9catronicien\/ne d' automobiles en 4 [&hellip;]","og_url":"https:\/\/edurec.ge.ch\/site\/cfpt-automobile\/les-metiers-de-lautomobile\/","og_site_name":"CFPT Automobile","article_modified_time":"2023-03-10T12:06:45+00:00","twitter_card":"summary_large_image","twitter_misc":{"Dur\u00e9e de lecture estim\u00e9e":"1 minute"},"schema":{"@context":"https:\/\/schema.org","@graph":[{"@type":"WebPage","@id":"https:\/\/edurec.ge.ch\/site\/cfpt-automobile\/les-metiers-de-lautomobile\/","url":"https:\/\/edurec.ge.ch\/site\/cfpt-automobile\/les-metiers-de-lautomobile\/","name":"M\u00e9tiers de l\u2019automobile - CFPT Automobile","isPartOf":{"@id":"https:\/\/edurec.ge.ch\/site\/cfpt-automobile\/#website"},"datePublished":"2018-11-22T07:44:23+00:00","dateModified":"2023-03-10T12:06:45+00:00","breadcrumb":{"@id":"https:\/\/edurec.ge.ch\/site\/cfpt-automobile\/les-metiers-de-lautomobile\/#breadcrumb"},"inLanguage":"fr-FR","potentialAction":[{"@type":"ReadAction","target":["https:\/\/edurec.ge.ch\/site\/cfpt-automobile\/les-metiers-de-lautomobile\/"]}]},{"@type":"BreadcrumbList","@id":"https:\/\/edurec.ge.ch\/site\/cfpt-automobile\/les-metiers-de-lautomobile\/#breadcrumb","itemListElement":[{"@type":"ListItem","position":1,"name":"Accueil","item":"https:\/\/edurec.ge.ch\/site\/cfpt-automobile\/"},{"@type":"ListItem","position":2,"name":"M\u00e9tiers de l\u2019automobile"}]},{"@type":"WebSite","@id":"https:\/\/edurec.ge.ch\/site\/cfpt-automobile\/#website","url":"https:\/\/edurec.ge.ch\/site\/cfpt-automobile\/","name":"CFPT Automobile","description":"CFPT Automobile","publisher":{"@id":"https:\/\/edurec.ge.ch\/site\/cfpt-automobile\/#organization"},"potentialAction":[{"@type":"SearchAction","target":{"@type":"EntryPoint","urlTemplate":"https:\/\/edurec.ge.ch\/site\/cfpt-automobile\/?s={search_term_string}"},"query-input":{"@type":"PropertyValueSpecification","valueRequired":true,"valueName":"search_term_string"}}],"inLanguage":"fr-FR"},{"@type":"Organization","@id":"https:\/\/edurec.ge.ch\/site\/cfpt-automobile\/#organization","name":"CFPT Automobile","url":"https:\/\/edurec.ge.ch\/site\/cfpt-automobile\/","logo":{"@type":"ImageObject","inLanguage":"fr-FR","@id":"https:\/\/edurec.ge.ch\/site\/cfpt-automobile\/#\/schema\/logo\/image\/","url":"https:\/\/edurec.ge.ch\/site\/cfpt-automobile\/wp-content\/uploads\/sites\/117\/2024\/07\/home-page2.svg","contentUrl":"https:\/\/edurec.ge.ch\/site\/cfpt-automobile\/wp-content\/uploads\/sites\/117\/2024\/07\/home-page2.svg","caption":"CFPT Automobile"},"image":{"@id":"https:\/\/edurec.ge.ch\/site\/cfpt-automobile\/#\/schema\/logo\/image\/"}}]}},"_links":{"self":[{"href":"https:\/\/edurec.ge.ch\/site\/cfpt-automobile\/wp-json\/wp\/v2\/pages\/479","targetHints":{"allow":["GET"]}}],"collection":[{"href":"https:\/\/edurec.ge.ch\/site\/cfpt-automobile\/wp-json\/wp\/v2\/pages"}],"about":[{"href":"https:\/\/edurec.ge.ch\/site\/cfpt-automobile\/wp-json\/wp\/v2\/types\/page"}],"author":[{"embeddable":true,"href":"https:\/\/edurec.ge.ch\/site\/cfpt-automobile\/wp-json\/wp\/v2\/users\/1670"}],"replies":[{"embeddable":true,"href":"https:\/\/edurec.ge.ch\/site\/cfpt-automobile\/wp-json\/wp\/v2\/comments?post=479"}],"version-history":[{"count":84,"href":"https:\/\/edurec.ge.ch\/site\/cfpt-automobile\/wp-json\/wp\/v2\/pages\/479\/revisions"}],"predecessor-version":[{"id":1979,"href":"https:\/\/edurec.ge.ch\/site\/cfpt-automobile\/wp-json\/wp\/v2\/pages\/479\/revisions\/1979"}],"wp:attachment":[{"href":"https:\/\/edurec.ge.ch\/site\/cfpt-automobile\/wp-json\/wp\/v2\/media?parent=479"}],"curies":[{"name":"wp","href":"https:\/\/api.w.org\/{rel}","templated":true}]}}