{"id":378,"date":"2018-11-29T14:21:07","date_gmt":"2018-11-29T13:21:07","guid":{"rendered":"https:\/\/edurec.ge.ch\/site\/cfpt-automobile\/?page_id=378"},"modified":"2025-02-10T15:00:42","modified_gmt":"2025-02-10T14:00:42","slug":"stage","status":"publish","type":"page","link":"https:\/\/edurec.ge.ch\/site\/cfpt-automobile\/stage\/","title":{"rendered":"Demande de stage"},"content":{"rendered":"<div id=\"pl-378\"  class=\"panel-layout\" ><div id=\"pg-378-0\"  class=\"panel-grid panel-no-style\" ><div id=\"pgc-378-0-0\"  class=\"panel-grid-cell\" ><div id=\"panel-378-0-0-0\" class=\"so-panel widget widget_sow-editor panel-first-child panel-last-child\" data-index=\"0\" ><div\n\t\t\t\n\t\t\tclass=\"so-widget-sow-editor so-widget-sow-editor-base\"\n\t\t\t\n\t\t>\n<div class=\"siteorigin-widget-tinymce textwidget\">\n\t<p>Ce formulaire vous permet de vous inscrire pour une demande de stage dans notre \u00e9cole plein-temps. En raison d'un nombre de places de stages limit\u00e9 nous ne pourrons malheureusement pas satisfaire toutes les demandes.<\/p>\n<p>Les stages propos\u00e9s de m\u00e9catronicien-ne en automobile ou de m\u00e9canicien-ne de maintenance en automobile se font sur trois jours,<strong> le mercredi, jeudi et vendredi<\/strong>.<\/p>\n<\/div>\n<\/div><\/div><\/div><\/div><div id=\"pg-378-1\"  class=\"panel-grid panel-no-style\" ><div id=\"pgc-378-1-0\"  class=\"panel-grid-cell\" ><div id=\"panel-378-1-0-0\" class=\"so-panel widget widget_sow-editor panel-first-child panel-last-child\" data-index=\"1\" ><div class=\"panel-widget-style panel-widget-style-for-378-1-0-0\" ><div\n\t\t\t\n\t\t\tclass=\"so-widget-sow-editor so-widget-sow-editor-base\"\n\t\t\t\n\t\t><h3 class=\"widget-title\">Fili\u00e8re plein temps (en \u00e9cole)<\/h3>\n<div class=\"siteorigin-widget-tinymce textwidget\">\n\t<p><strong><a href=\"https:\/\/edurec.ge.ch\/site\/cfpt-automobile\/stage-mecatronicien-ne-automobile\/\">M\u00e9catronicien-ne en<\/a><a href=\"https:\/\/edurec.ge.ch\/site\/cfpt-automobile\/stage-mecatronicien-ne-automobile\/\"> autom<\/a><a href=\"https:\/\/edurec.ge.ch\/site\/cfpt-automobile\/stage-mecatronicien-ne-automobile\/\">obile<\/a><\/strong><\/p>\n<h3><\/h3>\n<\/div>\n<\/div><\/div><\/div><\/div><div id=\"pgc-378-1-1\"  class=\"panel-grid-cell\" ><div id=\"panel-378-1-1-0\" class=\"so-panel widget widget_sow-editor panel-first-child panel-last-child\" data-index=\"2\" ><div class=\"panel-widget-style panel-widget-style-for-378-1-1-0\" ><div\n\t\t\t\n\t\t\tclass=\"so-widget-sow-editor so-widget-sow-editor-base\"\n\t\t\t\n\t\t><h3 class=\"widget-title\">Fili\u00e8res duales (en entreprise)<\/h3>\n<div class=\"siteorigin-widget-tinymce textwidget\">\n\t<p><strong><a href=\"https:\/\/edurec.ge.ch\/site\/cfpt-automobile\/stage-3\/\">Carrossier-\u00e8re t\u00f4lier-\u00e8re<\/a><\/strong><\/p>\n<p><strong><a href=\"https:\/\/edurec.ge.ch\/site\/cfpt-automobile\/stage-3\/\">Carrossier-\u00e8re peintre<\/a><\/strong><\/p>\n<p><strong><a href=\"https:\/\/edurec.ge.ch\/site\/cfpt-automobile\/stage-3\/\">M\u00e9canicien-ne en motocycles<\/a><\/strong><\/p>\n<p><strong><a href=\"https:\/\/www.gestage.ch\/offres-de-stages\">M\u00e9canicien-ne en maintenance d'automobiles<\/a><\/strong><\/p>\n<\/div>\n<\/div><\/div><\/div><\/div><\/div><\/div>","protected":false},"excerpt":{"rendered":"<p>Ce formulaire vous permet de vous inscrire pour une demande de stage dans notre \u00e9cole plein-temps. En raison d&rsquo;un nombre de places de stages limit\u00e9 nous ne pourrons malheureusement pas satisfaire toutes les demandes. Les stages propos\u00e9s de m\u00e9catronicien-ne en automobile ou de m\u00e9canicien-ne de maintenance en automobile se font sur trois jours, le mercredi, [&hellip;]<\/p>\n","protected":false},"author":1670,"featured_media":0,"parent":0,"menu_order":0,"comment_status":"closed","ping_status":"closed","template":"","meta":{"footnotes":""},"class_list":["post-378","page","type-page","status-publish","czr-hentry"],"yoast_head":"<!-- This site is optimized with the Yoast SEO plugin v26.4 - https:\/\/yoast.com\/wordpress\/plugins\/seo\/ -->\n<title>Demande de stage - CFPT Automobile<\/title>\n<meta name=\"robots\" content=\"index, follow, max-snippet:-1, max-image-preview:large, max-video-preview:-1\" \/>\n<link rel=\"canonical\" href=\"https:\/\/edurec.ge.ch\/site\/cfpt-automobile\/stage\/\" \/>\n<meta property=\"og:locale\" content=\"fr_FR\" \/>\n<meta property=\"og:type\" content=\"article\" \/>\n<meta property=\"og:title\" content=\"Demande de stage - CFPT Automobile\" \/>\n<meta property=\"og:description\" content=\"Ce formulaire vous permet de vous inscrire pour une demande de stage dans notre \u00e9cole plein-temps. En raison d&#039;un nombre de places de stages limit\u00e9 nous ne pourrons malheureusement pas satisfaire toutes les demandes. Les stages propos\u00e9s de m\u00e9catronicien-ne en automobile ou de m\u00e9canicien-ne de maintenance en automobile se font sur trois jours, le mercredi, [&hellip;]\" \/>\n<meta property=\"og:url\" content=\"https:\/\/edurec.ge.ch\/site\/cfpt-automobile\/stage\/\" \/>\n<meta property=\"og:site_name\" content=\"CFPT Automobile\" \/>\n<meta property=\"article:modified_time\" content=\"2025-02-10T14:00:42+00:00\" \/>\n<meta name=\"twitter:card\" content=\"summary_large_image\" \/>\n<meta name=\"twitter:label1\" content=\"Dur\u00e9e de lecture estim\u00e9e\" \/>\n\t<meta name=\"twitter:data1\" content=\"1 minute\" \/>\n<script type=\"application\/ld+json\" class=\"yoast-schema-graph\">{\"@context\":\"https:\/\/schema.org\",\"@graph\":[{\"@type\":\"WebPage\",\"@id\":\"https:\/\/edurec.ge.ch\/site\/cfpt-automobile\/stage\/\",\"url\":\"https:\/\/edurec.ge.ch\/site\/cfpt-automobile\/stage\/\",\"name\":\"Demande de stage - CFPT Automobile\",\"isPartOf\":{\"@id\":\"https:\/\/edurec.ge.ch\/site\/cfpt-automobile\/#website\"},\"datePublished\":\"2018-11-29T13:21:07+00:00\",\"dateModified\":\"2025-02-10T14:00:42+00:00\",\"breadcrumb\":{\"@id\":\"https:\/\/edurec.ge.ch\/site\/cfpt-automobile\/stage\/#breadcrumb\"},\"inLanguage\":\"fr-FR\",\"potentialAction\":[{\"@type\":\"ReadAction\",\"target\":[\"https:\/\/edurec.ge.ch\/site\/cfpt-automobile\/stage\/\"]}]},{\"@type\":\"BreadcrumbList\",\"@id\":\"https:\/\/edurec.ge.ch\/site\/cfpt-automobile\/stage\/#breadcrumb\",\"itemListElement\":[{\"@type\":\"ListItem\",\"position\":1,\"name\":\"Accueil\",\"item\":\"https:\/\/edurec.ge.ch\/site\/cfpt-automobile\/\"},{\"@type\":\"ListItem\",\"position\":2,\"name\":\"Demande de stage\"}]},{\"@type\":\"WebSite\",\"@id\":\"https:\/\/edurec.ge.ch\/site\/cfpt-automobile\/#website\",\"url\":\"https:\/\/edurec.ge.ch\/site\/cfpt-automobile\/\",\"name\":\"CFPT Automobile\",\"description\":\"CFPT Automobile\",\"publisher\":{\"@id\":\"https:\/\/edurec.ge.ch\/site\/cfpt-automobile\/#organization\"},\"potentialAction\":[{\"@type\":\"SearchAction\",\"target\":{\"@type\":\"EntryPoint\",\"urlTemplate\":\"https:\/\/edurec.ge.ch\/site\/cfpt-automobile\/?s={search_term_string}\"},\"query-input\":{\"@type\":\"PropertyValueSpecification\",\"valueRequired\":true,\"valueName\":\"search_term_string\"}}],\"inLanguage\":\"fr-FR\"},{\"@type\":\"Organization\",\"@id\":\"https:\/\/edurec.ge.ch\/site\/cfpt-automobile\/#organization\",\"name\":\"CFPT Automobile\",\"url\":\"https:\/\/edurec.ge.ch\/site\/cfpt-automobile\/\",\"logo\":{\"@type\":\"ImageObject\",\"inLanguage\":\"fr-FR\",\"@id\":\"https:\/\/edurec.ge.ch\/site\/cfpt-automobile\/#\/schema\/logo\/image\/\",\"url\":\"https:\/\/edurec.ge.ch\/site\/cfpt-automobile\/wp-content\/uploads\/sites\/117\/2024\/07\/home-page2.svg\",\"contentUrl\":\"https:\/\/edurec.ge.ch\/site\/cfpt-automobile\/wp-content\/uploads\/sites\/117\/2024\/07\/home-page2.svg\",\"caption\":\"CFPT Automobile\"},\"image\":{\"@id\":\"https:\/\/edurec.ge.ch\/site\/cfpt-automobile\/#\/schema\/logo\/image\/\"}}]}<\/script>\n<!-- \/ Yoast SEO plugin. -->","yoast_head_json":{"title":"Demande de stage - CFPT Automobile","robots":{"index":"index","follow":"follow","max-snippet":"max-snippet:-1","max-image-preview":"max-image-preview:large","max-video-preview":"max-video-preview:-1"},"canonical":"https:\/\/edurec.ge.ch\/site\/cfpt-automobile\/stage\/","og_locale":"fr_FR","og_type":"article","og_title":"Demande de stage - CFPT Automobile","og_description":"Ce formulaire vous permet de vous inscrire pour une demande de stage dans notre \u00e9cole plein-temps. En raison d'un nombre de places de stages limit\u00e9 nous ne pourrons malheureusement pas satisfaire toutes les demandes. Les stages propos\u00e9s de m\u00e9catronicien-ne en automobile ou de m\u00e9canicien-ne de maintenance en automobile se font sur trois jours, le mercredi, [&hellip;]","og_url":"https:\/\/edurec.ge.ch\/site\/cfpt-automobile\/stage\/","og_site_name":"CFPT Automobile","article_modified_time":"2025-02-10T14:00:42+00:00","twitter_card":"summary_large_image","twitter_misc":{"Dur\u00e9e de lecture estim\u00e9e":"1 minute"},"schema":{"@context":"https:\/\/schema.org","@graph":[{"@type":"WebPage","@id":"https:\/\/edurec.ge.ch\/site\/cfpt-automobile\/stage\/","url":"https:\/\/edurec.ge.ch\/site\/cfpt-automobile\/stage\/","name":"Demande de stage - CFPT Automobile","isPartOf":{"@id":"https:\/\/edurec.ge.ch\/site\/cfpt-automobile\/#website"},"datePublished":"2018-11-29T13:21:07+00:00","dateModified":"2025-02-10T14:00:42+00:00","breadcrumb":{"@id":"https:\/\/edurec.ge.ch\/site\/cfpt-automobile\/stage\/#breadcrumb"},"inLanguage":"fr-FR","potentialAction":[{"@type":"ReadAction","target":["https:\/\/edurec.ge.ch\/site\/cfpt-automobile\/stage\/"]}]},{"@type":"BreadcrumbList","@id":"https:\/\/edurec.ge.ch\/site\/cfpt-automobile\/stage\/#breadcrumb","itemListElement":[{"@type":"ListItem","position":1,"name":"Accueil","item":"https:\/\/edurec.ge.ch\/site\/cfpt-automobile\/"},{"@type":"ListItem","position":2,"name":"Demande de stage"}]},{"@type":"WebSite","@id":"https:\/\/edurec.ge.ch\/site\/cfpt-automobile\/#website","url":"https:\/\/edurec.ge.ch\/site\/cfpt-automobile\/","name":"CFPT Automobile","description":"CFPT Automobile","publisher":{"@id":"https:\/\/edurec.ge.ch\/site\/cfpt-automobile\/#organization"},"potentialAction":[{"@type":"SearchAction","target":{"@type":"EntryPoint","urlTemplate":"https:\/\/edurec.ge.ch\/site\/cfpt-automobile\/?s={search_term_string}"},"query-input":{"@type":"PropertyValueSpecification","valueRequired":true,"valueName":"search_term_string"}}],"inLanguage":"fr-FR"},{"@type":"Organization","@id":"https:\/\/edurec.ge.ch\/site\/cfpt-automobile\/#organization","name":"CFPT Automobile","url":"https:\/\/edurec.ge.ch\/site\/cfpt-automobile\/","logo":{"@type":"ImageObject","inLanguage":"fr-FR","@id":"https:\/\/edurec.ge.ch\/site\/cfpt-automobile\/#\/schema\/logo\/image\/","url":"https:\/\/edurec.ge.ch\/site\/cfpt-automobile\/wp-content\/uploads\/sites\/117\/2024\/07\/home-page2.svg","contentUrl":"https:\/\/edurec.ge.ch\/site\/cfpt-automobile\/wp-content\/uploads\/sites\/117\/2024\/07\/home-page2.svg","caption":"CFPT Automobile"},"image":{"@id":"https:\/\/edurec.ge.ch\/site\/cfpt-automobile\/#\/schema\/logo\/image\/"}}]}},"_links":{"self":[{"href":"https:\/\/edurec.ge.ch\/site\/cfpt-automobile\/wp-json\/wp\/v2\/pages\/378","targetHints":{"allow":["GET"]}}],"collection":[{"href":"https:\/\/edurec.ge.ch\/site\/cfpt-automobile\/wp-json\/wp\/v2\/pages"}],"about":[{"href":"https:\/\/edurec.ge.ch\/site\/cfpt-automobile\/wp-json\/wp\/v2\/types\/page"}],"author":[{"embeddable":true,"href":"https:\/\/edurec.ge.ch\/site\/cfpt-automobile\/wp-json\/wp\/v2\/users\/1670"}],"replies":[{"embeddable":true,"href":"https:\/\/edurec.ge.ch\/site\/cfpt-automobile\/wp-json\/wp\/v2\/comments?post=378"}],"version-history":[{"count":148,"href":"https:\/\/edurec.ge.ch\/site\/cfpt-automobile\/wp-json\/wp\/v2\/pages\/378\/revisions"}],"predecessor-version":[{"id":2511,"href":"https:\/\/edurec.ge.ch\/site\/cfpt-automobile\/wp-json\/wp\/v2\/pages\/378\/revisions\/2511"}],"wp:attachment":[{"href":"https:\/\/edurec.ge.ch\/site\/cfpt-automobile\/wp-json\/wp\/v2\/media?parent=378"}],"curies":[{"name":"wp","href":"https:\/\/api.w.org\/{rel}","templated":true}]}}