{"id":228,"date":"2018-11-04T20:03:15","date_gmt":"2018-11-04T19:03:15","guid":{"rendered":"https:\/\/edurec.ge.ch\/site\/cfpt-automobile\/?page_id=228"},"modified":"2024-07-16T23:16:15","modified_gmt":"2024-07-16T22:16:15","slug":"nos-formations","status":"publish","type":"page","link":"https:\/\/edurec.ge.ch\/site\/cfpt-automobile\/nos-formations\/","title":{"rendered":"Nos Formations"},"content":{"rendered":"<div id=\"pl-228\"  class=\"panel-layout\" ><div id=\"pg-228-0\"  class=\"panel-grid panel-no-style\" ><div id=\"pgc-228-0-0\"  class=\"panel-grid-cell panel-grid-cell-mobile-last\" ><div id=\"panel-228-0-0-0\" class=\"so-panel widget panel-first-child panel-last-child\" data-index=\"0\" ><\/div><\/div><div id=\"pgc-228-0-1\"  class=\"panel-grid-cell panel-grid-cell-empty\" ><\/div><\/div><\/div>","protected":false},"excerpt":{"rendered":"<p>L&rsquo;\u00e9cole des m\u00e9tiers de l&rsquo;automobile propose un apprentissage plein temps de m\u00e9catronicien-ne automobiles \u00e0 l&rsquo;\u00e9cole et des apprentissages dual, en entreprise, pour les m\u00e9tiers de l&rsquo;automobile, la carrosserie, les motocycles et les conducteurs de v\u00e9hicules lourd : &nbsp; M\u00e9tiers de l&rsquo;automobile M\u00e9catronicien-ne automobiles plein temps M\u00e9catronicien-ne automobiles dual CFC 4 ans D\u00e9couvre les comp\u00e9tences enseign\u00e9es [&hellip;]<\/p>\n","protected":false},"author":1670,"featured_media":0,"parent":0,"menu_order":0,"comment_status":"closed","ping_status":"closed","template":"","meta":{"footnotes":""},"class_list":["post-228","page","type-page","status-publish","czr-hentry"],"yoast_head":"<!-- This site is optimized with the Yoast SEO plugin v26.4 - https:\/\/yoast.com\/wordpress\/plugins\/seo\/ -->\n<title>Nos Formations - CFPT Automobile<\/title>\n<meta name=\"robots\" content=\"index, follow, max-snippet:-1, max-image-preview:large, max-video-preview:-1\" \/>\n<link rel=\"canonical\" href=\"https:\/\/edurec.ge.ch\/site\/cfpt-automobile\/nos-formations\/\" \/>\n<meta property=\"og:locale\" content=\"fr_FR\" \/>\n<meta property=\"og:type\" content=\"article\" \/>\n<meta property=\"og:title\" content=\"Nos Formations - CFPT Automobile\" \/>\n<meta property=\"og:description\" content=\"L&#039;\u00e9cole des m\u00e9tiers de l&#039;automobile propose un apprentissage plein temps de m\u00e9catronicien-ne automobiles \u00e0 l&#039;\u00e9cole et des apprentissages dual, en entreprise, pour les m\u00e9tiers de l&#039;automobile, la carrosserie, les motocycles et les conducteurs de v\u00e9hicules lourd : &nbsp; M\u00e9tiers de l&#039;automobile M\u00e9catronicien-ne automobiles plein temps M\u00e9catronicien-ne automobiles dual CFC 4 ans D\u00e9couvre les comp\u00e9tences enseign\u00e9es [&hellip;]\" \/>\n<meta property=\"og:url\" content=\"https:\/\/edurec.ge.ch\/site\/cfpt-automobile\/nos-formations\/\" \/>\n<meta property=\"og:site_name\" content=\"CFPT Automobile\" \/>\n<meta property=\"article:modified_time\" content=\"2024-07-16T22:16:15+00:00\" \/>\n<meta name=\"twitter:card\" content=\"summary_large_image\" \/>\n<meta name=\"twitter:label1\" content=\"Dur\u00e9e de lecture estim\u00e9e\" \/>\n\t<meta name=\"twitter:data1\" content=\"3 minutes\" \/>\n<script type=\"application\/ld+json\" class=\"yoast-schema-graph\">{\"@context\":\"https:\/\/schema.org\",\"@graph\":[{\"@type\":\"WebPage\",\"@id\":\"https:\/\/edurec.ge.ch\/site\/cfpt-automobile\/nos-formations\/\",\"url\":\"https:\/\/edurec.ge.ch\/site\/cfpt-automobile\/nos-formations\/\",\"name\":\"Nos Formations - CFPT Automobile\",\"isPartOf\":{\"@id\":\"https:\/\/edurec.ge.ch\/site\/cfpt-automobile\/#website\"},\"datePublished\":\"2018-11-04T19:03:15+00:00\",\"dateModified\":\"2024-07-16T22:16:15+00:00\",\"breadcrumb\":{\"@id\":\"https:\/\/edurec.ge.ch\/site\/cfpt-automobile\/nos-formations\/#breadcrumb\"},\"inLanguage\":\"fr-FR\",\"potentialAction\":[{\"@type\":\"ReadAction\",\"target\":[\"https:\/\/edurec.ge.ch\/site\/cfpt-automobile\/nos-formations\/\"]}]},{\"@type\":\"BreadcrumbList\",\"@id\":\"https:\/\/edurec.ge.ch\/site\/cfpt-automobile\/nos-formations\/#breadcrumb\",\"itemListElement\":[{\"@type\":\"ListItem\",\"position\":1,\"name\":\"Accueil\",\"item\":\"https:\/\/edurec.ge.ch\/site\/cfpt-automobile\/\"},{\"@type\":\"ListItem\",\"position\":2,\"name\":\"Nos Formations\"}]},{\"@type\":\"WebSite\",\"@id\":\"https:\/\/edurec.ge.ch\/site\/cfpt-automobile\/#website\",\"url\":\"https:\/\/edurec.ge.ch\/site\/cfpt-automobile\/\",\"name\":\"CFPT Automobile\",\"description\":\"CFPT Automobile\",\"publisher\":{\"@id\":\"https:\/\/edurec.ge.ch\/site\/cfpt-automobile\/#organization\"},\"potentialAction\":[{\"@type\":\"SearchAction\",\"target\":{\"@type\":\"EntryPoint\",\"urlTemplate\":\"https:\/\/edurec.ge.ch\/site\/cfpt-automobile\/?s={search_term_string}\"},\"query-input\":{\"@type\":\"PropertyValueSpecification\",\"valueRequired\":true,\"valueName\":\"search_term_string\"}}],\"inLanguage\":\"fr-FR\"},{\"@type\":\"Organization\",\"@id\":\"https:\/\/edurec.ge.ch\/site\/cfpt-automobile\/#organization\",\"name\":\"CFPT Automobile\",\"url\":\"https:\/\/edurec.ge.ch\/site\/cfpt-automobile\/\",\"logo\":{\"@type\":\"ImageObject\",\"inLanguage\":\"fr-FR\",\"@id\":\"https:\/\/edurec.ge.ch\/site\/cfpt-automobile\/#\/schema\/logo\/image\/\",\"url\":\"https:\/\/edurec.ge.ch\/site\/cfpt-automobile\/wp-content\/uploads\/sites\/117\/2024\/07\/home-page2.svg\",\"contentUrl\":\"https:\/\/edurec.ge.ch\/site\/cfpt-automobile\/wp-content\/uploads\/sites\/117\/2024\/07\/home-page2.svg\",\"caption\":\"CFPT Automobile\"},\"image\":{\"@id\":\"https:\/\/edurec.ge.ch\/site\/cfpt-automobile\/#\/schema\/logo\/image\/\"}}]}<\/script>\n<!-- \/ Yoast SEO plugin. -->","yoast_head_json":{"title":"Nos Formations - CFPT Automobile","robots":{"index":"index","follow":"follow","max-snippet":"max-snippet:-1","max-image-preview":"max-image-preview:large","max-video-preview":"max-video-preview:-1"},"canonical":"https:\/\/edurec.ge.ch\/site\/cfpt-automobile\/nos-formations\/","og_locale":"fr_FR","og_type":"article","og_title":"Nos Formations - CFPT Automobile","og_description":"L'\u00e9cole des m\u00e9tiers de l'automobile propose un apprentissage plein temps de m\u00e9catronicien-ne automobiles \u00e0 l'\u00e9cole et des apprentissages dual, en entreprise, pour les m\u00e9tiers de l'automobile, la carrosserie, les motocycles et les conducteurs de v\u00e9hicules lourd : &nbsp; M\u00e9tiers de l'automobile M\u00e9catronicien-ne automobiles plein temps M\u00e9catronicien-ne automobiles dual CFC 4 ans D\u00e9couvre les comp\u00e9tences enseign\u00e9es [&hellip;]","og_url":"https:\/\/edurec.ge.ch\/site\/cfpt-automobile\/nos-formations\/","og_site_name":"CFPT Automobile","article_modified_time":"2024-07-16T22:16:15+00:00","twitter_card":"summary_large_image","twitter_misc":{"Dur\u00e9e de lecture estim\u00e9e":"3 minutes"},"schema":{"@context":"https:\/\/schema.org","@graph":[{"@type":"WebPage","@id":"https:\/\/edurec.ge.ch\/site\/cfpt-automobile\/nos-formations\/","url":"https:\/\/edurec.ge.ch\/site\/cfpt-automobile\/nos-formations\/","name":"Nos Formations - CFPT Automobile","isPartOf":{"@id":"https:\/\/edurec.ge.ch\/site\/cfpt-automobile\/#website"},"datePublished":"2018-11-04T19:03:15+00:00","dateModified":"2024-07-16T22:16:15+00:00","breadcrumb":{"@id":"https:\/\/edurec.ge.ch\/site\/cfpt-automobile\/nos-formations\/#breadcrumb"},"inLanguage":"fr-FR","potentialAction":[{"@type":"ReadAction","target":["https:\/\/edurec.ge.ch\/site\/cfpt-automobile\/nos-formations\/"]}]},{"@type":"BreadcrumbList","@id":"https:\/\/edurec.ge.ch\/site\/cfpt-automobile\/nos-formations\/#breadcrumb","itemListElement":[{"@type":"ListItem","position":1,"name":"Accueil","item":"https:\/\/edurec.ge.ch\/site\/cfpt-automobile\/"},{"@type":"ListItem","position":2,"name":"Nos Formations"}]},{"@type":"WebSite","@id":"https:\/\/edurec.ge.ch\/site\/cfpt-automobile\/#website","url":"https:\/\/edurec.ge.ch\/site\/cfpt-automobile\/","name":"CFPT Automobile","description":"CFPT Automobile","publisher":{"@id":"https:\/\/edurec.ge.ch\/site\/cfpt-automobile\/#organization"},"potentialAction":[{"@type":"SearchAction","target":{"@type":"EntryPoint","urlTemplate":"https:\/\/edurec.ge.ch\/site\/cfpt-automobile\/?s={search_term_string}"},"query-input":{"@type":"PropertyValueSpecification","valueRequired":true,"valueName":"search_term_string"}}],"inLanguage":"fr-FR"},{"@type":"Organization","@id":"https:\/\/edurec.ge.ch\/site\/cfpt-automobile\/#organization","name":"CFPT Automobile","url":"https:\/\/edurec.ge.ch\/site\/cfpt-automobile\/","logo":{"@type":"ImageObject","inLanguage":"fr-FR","@id":"https:\/\/edurec.ge.ch\/site\/cfpt-automobile\/#\/schema\/logo\/image\/","url":"https:\/\/edurec.ge.ch\/site\/cfpt-automobile\/wp-content\/uploads\/sites\/117\/2024\/07\/home-page2.svg","contentUrl":"https:\/\/edurec.ge.ch\/site\/cfpt-automobile\/wp-content\/uploads\/sites\/117\/2024\/07\/home-page2.svg","caption":"CFPT Automobile"},"image":{"@id":"https:\/\/edurec.ge.ch\/site\/cfpt-automobile\/#\/schema\/logo\/image\/"}}]}},"_links":{"self":[{"href":"https:\/\/edurec.ge.ch\/site\/cfpt-automobile\/wp-json\/wp\/v2\/pages\/228","targetHints":{"allow":["GET"]}}],"collection":[{"href":"https:\/\/edurec.ge.ch\/site\/cfpt-automobile\/wp-json\/wp\/v2\/pages"}],"about":[{"href":"https:\/\/edurec.ge.ch\/site\/cfpt-automobile\/wp-json\/wp\/v2\/types\/page"}],"author":[{"embeddable":true,"href":"https:\/\/edurec.ge.ch\/site\/cfpt-automobile\/wp-json\/wp\/v2\/users\/1670"}],"replies":[{"embeddable":true,"href":"https:\/\/edurec.ge.ch\/site\/cfpt-automobile\/wp-json\/wp\/v2\/comments?post=228"}],"version-history":[{"count":62,"href":"https:\/\/edurec.ge.ch\/site\/cfpt-automobile\/wp-json\/wp\/v2\/pages\/228\/revisions"}],"predecessor-version":[{"id":2378,"href":"https:\/\/edurec.ge.ch\/site\/cfpt-automobile\/wp-json\/wp\/v2\/pages\/228\/revisions\/2378"}],"wp:attachment":[{"href":"https:\/\/edurec.ge.ch\/site\/cfpt-automobile\/wp-json\/wp\/v2\/media?parent=228"}],"curies":[{"name":"wp","href":"https:\/\/api.w.org\/{rel}","templated":true}]}}