{"id":2043,"date":"2023-07-04T16:25:55","date_gmt":"2023-07-04T15:25:55","guid":{"rendered":"https:\/\/edurec.ge.ch\/site\/cfpt-automobile\/?page_id=2043"},"modified":"2025-08-12T09:30:44","modified_gmt":"2025-08-12T08:30:44","slug":"rentree_2roues","status":"publish","type":"page","link":"https:\/\/edurec.ge.ch\/site\/cfpt-automobile\/rentree_2roues\/","title":{"rendered":"Fournitures scolaires pour le m\u00e9tier des 2 roues"},"content":{"rendered":"<h3>M\u00e9canicien-ne sur motocycles<\/h3>\n<p>M\u00e9canicien-ne en motocycles premi\u00e8re ann\u00e9e (MOTA D1)<br \/>\n<a href=\"https:\/\/edurec.ge.ch\/site\/cfpt-automobile\/wp-content\/uploads\/sites\/117\/2025\/08\/MMOT-1-convocation-rentree-2025-2026-2.pdf\" target=\"_blank\" rel=\"noopener\">Convocation et fournitures scolaires<\/a><\/p>\n<p>M\u00e9canicien-ne en motocycles deuxi\u00e8me ann\u00e9e (MMOT D2)<br \/>\n<a href=\"https:\/\/edurec.ge.ch\/site\/cfpt-automobile\/wp-content\/uploads\/sites\/117\/2025\/06\/MMOT-2-convocation-rentree-2025-2026.pdf\" target=\"_blank\" rel=\"noopener\">Convocation et fournitures scolaires<\/a><\/p>\n<p>M\u00e9canicien-ne en motocycles troisi\u00e8me ann\u00e9e (MMOT D3)<br \/>\n<a href=\"https:\/\/edurec.ge.ch\/site\/cfpt-automobile\/wp-content\/uploads\/sites\/117\/2025\/06\/MMOT-3-convocation-rentree-2025-2026.pdf\" target=\"_blank\" rel=\"noopener\">Convocation et fournitures scolaires<\/a><\/p>\n<p>M\u00e9canicien-ne en motocycles quatri\u00e8me ann\u00e9e (MMOT D4)<br \/>\n<a href=\"https:\/\/edurec.ge.ch\/site\/cfpt-automobile\/wp-content\/uploads\/sites\/117\/2025\/06\/MMOT-4-convocation-rentree-2025-2026.pdf\" target=\"_blank\" rel=\"noopener\">Convocation et fournitures scolaires<\/a><\/p>\n<p>&nbsp;<\/p>\n<p>&nbsp;<\/p>\n<p>&nbsp;<\/p>\n<p>&nbsp;<\/p>\n","protected":false},"excerpt":{"rendered":"<p>M\u00e9canicien-ne sur motocycles M\u00e9canicien-ne en motocycles premi\u00e8re ann\u00e9e (MOTA D1) Convocation et fournitures scolaires M\u00e9canicien-ne en motocycles deuxi\u00e8me ann\u00e9e (MMOT D2) Convocation et fournitures scolaires M\u00e9canicien-ne en motocycles troisi\u00e8me ann\u00e9e (MMOT D3) Convocation et fournitures scolaires M\u00e9canicien-ne en motocycles quatri\u00e8me ann\u00e9e (MMOT D4) Convocation et fournitures scolaires &nbsp; &nbsp; &nbsp; &nbsp;<\/p>\n","protected":false},"author":11687,"featured_media":0,"parent":0,"menu_order":0,"comment_status":"closed","ping_status":"closed","template":"","meta":{"footnotes":""},"class_list":["post-2043","page","type-page","status-publish","czr-hentry"],"yoast_head":"<!-- This site is optimized with the Yoast SEO plugin v26.4 - https:\/\/yoast.com\/wordpress\/plugins\/seo\/ -->\n<title>Fournitures scolaires pour le m\u00e9tier des 2 roues - CFPT Automobile<\/title>\n<meta name=\"robots\" content=\"index, follow, max-snippet:-1, max-image-preview:large, max-video-preview:-1\" \/>\n<link rel=\"canonical\" href=\"https:\/\/edurec.ge.ch\/site\/cfpt-automobile\/rentree_2roues\/\" \/>\n<meta property=\"og:locale\" content=\"fr_FR\" \/>\n<meta property=\"og:type\" content=\"article\" \/>\n<meta property=\"og:title\" content=\"Fournitures scolaires pour le m\u00e9tier des 2 roues - CFPT Automobile\" \/>\n<meta property=\"og:description\" content=\"M\u00e9canicien-ne sur motocycles M\u00e9canicien-ne en motocycles premi\u00e8re ann\u00e9e (MOTA D1) Convocation et fournitures scolaires M\u00e9canicien-ne en motocycles deuxi\u00e8me ann\u00e9e (MMOT D2) Convocation et fournitures scolaires M\u00e9canicien-ne en motocycles troisi\u00e8me ann\u00e9e (MMOT D3) Convocation et fournitures scolaires M\u00e9canicien-ne en motocycles quatri\u00e8me ann\u00e9e (MMOT D4) Convocation et fournitures scolaires &nbsp; &nbsp; &nbsp; &nbsp;\" \/>\n<meta property=\"og:url\" content=\"https:\/\/edurec.ge.ch\/site\/cfpt-automobile\/rentree_2roues\/\" \/>\n<meta property=\"og:site_name\" content=\"CFPT Automobile\" \/>\n<meta property=\"article:modified_time\" content=\"2025-08-12T08:30:44+00:00\" \/>\n<meta name=\"twitter:card\" content=\"summary_large_image\" \/>\n<meta name=\"twitter:label1\" content=\"Dur\u00e9e de lecture estim\u00e9e\" \/>\n\t<meta name=\"twitter:data1\" content=\"1 minute\" \/>\n<script type=\"application\/ld+json\" class=\"yoast-schema-graph\">{\"@context\":\"https:\/\/schema.org\",\"@graph\":[{\"@type\":\"WebPage\",\"@id\":\"https:\/\/edurec.ge.ch\/site\/cfpt-automobile\/rentree_2roues\/\",\"url\":\"https:\/\/edurec.ge.ch\/site\/cfpt-automobile\/rentree_2roues\/\",\"name\":\"Fournitures scolaires pour le m\u00e9tier des 2 roues - CFPT Automobile\",\"isPartOf\":{\"@id\":\"https:\/\/edurec.ge.ch\/site\/cfpt-automobile\/#website\"},\"datePublished\":\"2023-07-04T15:25:55+00:00\",\"dateModified\":\"2025-08-12T08:30:44+00:00\",\"breadcrumb\":{\"@id\":\"https:\/\/edurec.ge.ch\/site\/cfpt-automobile\/rentree_2roues\/#breadcrumb\"},\"inLanguage\":\"fr-FR\",\"potentialAction\":[{\"@type\":\"ReadAction\",\"target\":[\"https:\/\/edurec.ge.ch\/site\/cfpt-automobile\/rentree_2roues\/\"]}]},{\"@type\":\"BreadcrumbList\",\"@id\":\"https:\/\/edurec.ge.ch\/site\/cfpt-automobile\/rentree_2roues\/#breadcrumb\",\"itemListElement\":[{\"@type\":\"ListItem\",\"position\":1,\"name\":\"Accueil\",\"item\":\"https:\/\/edurec.ge.ch\/site\/cfpt-automobile\/\"},{\"@type\":\"ListItem\",\"position\":2,\"name\":\"Fournitures scolaires pour le m\u00e9tier des 2 roues\"}]},{\"@type\":\"WebSite\",\"@id\":\"https:\/\/edurec.ge.ch\/site\/cfpt-automobile\/#website\",\"url\":\"https:\/\/edurec.ge.ch\/site\/cfpt-automobile\/\",\"name\":\"CFPT Automobile\",\"description\":\"CFPT Automobile\",\"publisher\":{\"@id\":\"https:\/\/edurec.ge.ch\/site\/cfpt-automobile\/#organization\"},\"potentialAction\":[{\"@type\":\"SearchAction\",\"target\":{\"@type\":\"EntryPoint\",\"urlTemplate\":\"https:\/\/edurec.ge.ch\/site\/cfpt-automobile\/?s={search_term_string}\"},\"query-input\":{\"@type\":\"PropertyValueSpecification\",\"valueRequired\":true,\"valueName\":\"search_term_string\"}}],\"inLanguage\":\"fr-FR\"},{\"@type\":\"Organization\",\"@id\":\"https:\/\/edurec.ge.ch\/site\/cfpt-automobile\/#organization\",\"name\":\"CFPT Automobile\",\"url\":\"https:\/\/edurec.ge.ch\/site\/cfpt-automobile\/\",\"logo\":{\"@type\":\"ImageObject\",\"inLanguage\":\"fr-FR\",\"@id\":\"https:\/\/edurec.ge.ch\/site\/cfpt-automobile\/#\/schema\/logo\/image\/\",\"url\":\"https:\/\/edurec.ge.ch\/site\/cfpt-automobile\/wp-content\/uploads\/sites\/117\/2024\/07\/home-page2.svg\",\"contentUrl\":\"https:\/\/edurec.ge.ch\/site\/cfpt-automobile\/wp-content\/uploads\/sites\/117\/2024\/07\/home-page2.svg\",\"caption\":\"CFPT Automobile\"},\"image\":{\"@id\":\"https:\/\/edurec.ge.ch\/site\/cfpt-automobile\/#\/schema\/logo\/image\/\"}}]}<\/script>\n<!-- \/ Yoast SEO plugin. -->","yoast_head_json":{"title":"Fournitures scolaires pour le m\u00e9tier des 2 roues - CFPT Automobile","robots":{"index":"index","follow":"follow","max-snippet":"max-snippet:-1","max-image-preview":"max-image-preview:large","max-video-preview":"max-video-preview:-1"},"canonical":"https:\/\/edurec.ge.ch\/site\/cfpt-automobile\/rentree_2roues\/","og_locale":"fr_FR","og_type":"article","og_title":"Fournitures scolaires pour le m\u00e9tier des 2 roues - CFPT Automobile","og_description":"M\u00e9canicien-ne sur motocycles M\u00e9canicien-ne en motocycles premi\u00e8re ann\u00e9e (MOTA D1) Convocation et fournitures scolaires M\u00e9canicien-ne en motocycles deuxi\u00e8me ann\u00e9e (MMOT D2) Convocation et fournitures scolaires M\u00e9canicien-ne en motocycles troisi\u00e8me ann\u00e9e (MMOT D3) Convocation et fournitures scolaires M\u00e9canicien-ne en motocycles quatri\u00e8me ann\u00e9e (MMOT D4) Convocation et fournitures scolaires &nbsp; &nbsp; &nbsp; &nbsp;","og_url":"https:\/\/edurec.ge.ch\/site\/cfpt-automobile\/rentree_2roues\/","og_site_name":"CFPT Automobile","article_modified_time":"2025-08-12T08:30:44+00:00","twitter_card":"summary_large_image","twitter_misc":{"Dur\u00e9e de lecture estim\u00e9e":"1 minute"},"schema":{"@context":"https:\/\/schema.org","@graph":[{"@type":"WebPage","@id":"https:\/\/edurec.ge.ch\/site\/cfpt-automobile\/rentree_2roues\/","url":"https:\/\/edurec.ge.ch\/site\/cfpt-automobile\/rentree_2roues\/","name":"Fournitures scolaires pour le m\u00e9tier des 2 roues - CFPT Automobile","isPartOf":{"@id":"https:\/\/edurec.ge.ch\/site\/cfpt-automobile\/#website"},"datePublished":"2023-07-04T15:25:55+00:00","dateModified":"2025-08-12T08:30:44+00:00","breadcrumb":{"@id":"https:\/\/edurec.ge.ch\/site\/cfpt-automobile\/rentree_2roues\/#breadcrumb"},"inLanguage":"fr-FR","potentialAction":[{"@type":"ReadAction","target":["https:\/\/edurec.ge.ch\/site\/cfpt-automobile\/rentree_2roues\/"]}]},{"@type":"BreadcrumbList","@id":"https:\/\/edurec.ge.ch\/site\/cfpt-automobile\/rentree_2roues\/#breadcrumb","itemListElement":[{"@type":"ListItem","position":1,"name":"Accueil","item":"https:\/\/edurec.ge.ch\/site\/cfpt-automobile\/"},{"@type":"ListItem","position":2,"name":"Fournitures scolaires pour le m\u00e9tier des 2 roues"}]},{"@type":"WebSite","@id":"https:\/\/edurec.ge.ch\/site\/cfpt-automobile\/#website","url":"https:\/\/edurec.ge.ch\/site\/cfpt-automobile\/","name":"CFPT Automobile","description":"CFPT Automobile","publisher":{"@id":"https:\/\/edurec.ge.ch\/site\/cfpt-automobile\/#organization"},"potentialAction":[{"@type":"SearchAction","target":{"@type":"EntryPoint","urlTemplate":"https:\/\/edurec.ge.ch\/site\/cfpt-automobile\/?s={search_term_string}"},"query-input":{"@type":"PropertyValueSpecification","valueRequired":true,"valueName":"search_term_string"}}],"inLanguage":"fr-FR"},{"@type":"Organization","@id":"https:\/\/edurec.ge.ch\/site\/cfpt-automobile\/#organization","name":"CFPT Automobile","url":"https:\/\/edurec.ge.ch\/site\/cfpt-automobile\/","logo":{"@type":"ImageObject","inLanguage":"fr-FR","@id":"https:\/\/edurec.ge.ch\/site\/cfpt-automobile\/#\/schema\/logo\/image\/","url":"https:\/\/edurec.ge.ch\/site\/cfpt-automobile\/wp-content\/uploads\/sites\/117\/2024\/07\/home-page2.svg","contentUrl":"https:\/\/edurec.ge.ch\/site\/cfpt-automobile\/wp-content\/uploads\/sites\/117\/2024\/07\/home-page2.svg","caption":"CFPT Automobile"},"image":{"@id":"https:\/\/edurec.ge.ch\/site\/cfpt-automobile\/#\/schema\/logo\/image\/"}}]}},"_links":{"self":[{"href":"https:\/\/edurec.ge.ch\/site\/cfpt-automobile\/wp-json\/wp\/v2\/pages\/2043","targetHints":{"allow":["GET"]}}],"collection":[{"href":"https:\/\/edurec.ge.ch\/site\/cfpt-automobile\/wp-json\/wp\/v2\/pages"}],"about":[{"href":"https:\/\/edurec.ge.ch\/site\/cfpt-automobile\/wp-json\/wp\/v2\/types\/page"}],"author":[{"embeddable":true,"href":"https:\/\/edurec.ge.ch\/site\/cfpt-automobile\/wp-json\/wp\/v2\/users\/11687"}],"replies":[{"embeddable":true,"href":"https:\/\/edurec.ge.ch\/site\/cfpt-automobile\/wp-json\/wp\/v2\/comments?post=2043"}],"version-history":[{"count":9,"href":"https:\/\/edurec.ge.ch\/site\/cfpt-automobile\/wp-json\/wp\/v2\/pages\/2043\/revisions"}],"predecessor-version":[{"id":2607,"href":"https:\/\/edurec.ge.ch\/site\/cfpt-automobile\/wp-json\/wp\/v2\/pages\/2043\/revisions\/2607"}],"wp:attachment":[{"href":"https:\/\/edurec.ge.ch\/site\/cfpt-automobile\/wp-json\/wp\/v2\/media?parent=2043"}],"curies":[{"name":"wp","href":"https:\/\/api.w.org\/{rel}","templated":true}]}}