{"id":1865,"date":"2023-03-09T18:11:05","date_gmt":"2023-03-09T17:11:05","guid":{"rendered":"https:\/\/edurec.ge.ch\/site\/cfpt-automobile\/?page_id=1865"},"modified":"2025-08-13T08:58:02","modified_gmt":"2025-08-13T07:58:02","slug":"actualites","status":"publish","type":"page","link":"https:\/\/edurec.ge.ch\/site\/cfpt-automobile\/actualites\/","title":{"rendered":"Ev\u00e8nements-Dates"},"content":{"rendered":"<div id=\"pl-1865\"  class=\"panel-layout\" ><div id=\"pg-1865-0\"  class=\"panel-grid panel-no-style\" ><div id=\"pgc-1865-0-0\"  class=\"panel-grid-cell\" ><div id=\"panel-1865-0-0-0\" class=\"so-panel widget widget_sow-editor panel-first-child panel-last-child\" data-index=\"0\" ><div\n\t\t\t\n\t\t\tclass=\"so-widget-sow-editor so-widget-sow-editor-base\"\n\t\t\t\n\t\t>\n<div class=\"siteorigin-widget-tinymce textwidget\">\n\t<p>Retrouvez les derni\u00e8res actualit\u00e9s des m\u00e9tiers de l'automobile sur nos r\u00e9seaux sociaux Instagram\u00a0<a href=\"https:\/\/www.instagram.com\/cfpt.automobile\/\" target=\"_blank\" rel=\"noopener\"><strong>@cfpt.automobile<\/strong><\/a>\u00a0et Facebook\u00a0<a href=\"https:\/\/www.facebook.com\/cfpt.automobile\/\" target=\"_blank\" rel=\"noopener\"><strong>@CFPT automobile<\/strong><\/a>.<\/p>\n<p>&nbsp;<\/p>\n<p><b>Rentr\u00e9e Scolaire 25\/26<\/b><\/p>\n<p>D\u00e8s le lundi 18 ao\u00fbt 2025 selon <strong><a href=\"https:\/\/edurec.ge.ch\/site\/cfpt-automobile\/rentree-scolaire\/\" target=\"_blank\" rel=\"noopener\">convocation de rentr\u00e9e<\/a><\/strong><\/p>\n<p>&nbsp;<\/p>\n<p><b>Cit\u00e9 des m\u00e9tiers l'expo 2025<\/b><\/p>\n<p>Du 25 au 30 novembre 2025 - Palexpo Gen\u00e8ve<b><br \/>\n<\/b><em>Mardi au vendredi : 8h30-18h00<br \/>\nSamedi : 9h00-20h00<br \/>\nDimanche : 9h00-18h00<br \/>\n<\/em><\/p>\n<p>Lien vers la <a href=\"https:\/\/cite-metiers.ch\" target=\"_blank\" rel=\"noopener\"><b>Cit\u00e9 des m\u00e9tiers l'expo 2025<\/b><\/a><\/p>\n<p>&nbsp;<\/p>\n<p><b>S\u00e9ance d\u2019informations et portes ouvertes<\/b><\/p>\n<p>Semaine du 12 janvier 2026\u00a0<b><span class=\"Apple-converted-space\"><br \/>\n<\/span><\/b><em>Le jour et le lieux seront pr\u00e9cis\u00e9s cette fin d'ann\u00e9e<\/em><\/p>\n<p>&nbsp;<\/p>\n<p><strong>Inscriptions en formation plein-temp<\/strong><b>s<\/b><\/p>\n<p><b><\/b>Les inscriptions pour l\u2019ann\u00e9e scolaire 2026-2027 au CFPT se feront en ligne courant janvier 2026.<\/p>\n<p>Retrouvez \u00e9galement les informations sp\u00e9cifiques aux m\u00e9tiers de la mobilit\u00e9 sur <a href=\"https:\/\/edurec.ge.ch\/site\/cfpt-automobile\/wp-content\/uploads\/sites\/117\/2024\/09\/Flyer-Automobile.pdf\" target=\"_blank\" rel=\"noopener\"><strong>le flyer des m\u00e9tiers de l'<\/strong><b>automobile<\/b><\/a>.<\/p>\n<header><\/header>\n<header><\/header>\n<\/div>\n<\/div><\/div><\/div><div id=\"pgc-1865-0-1\"  class=\"panel-grid-cell\" ><div id=\"panel-1865-0-1-0\" class=\"so-panel widget widget_media_image panel-first-child panel-last-child\" data-index=\"1\" ><a href=\"https:\/\/edurec.ge.ch\/site\/cfpt-automobile\/wp-content\/uploads\/sites\/117\/2025\/08\/cdm-2025-1.png\" data-rel=\"lightbox-image-0\" data-rl_title=\"\" data-rl_caption=\"\" title=\"\"><img loading=\"lazy\" decoding=\"async\" width=\"724\" height=\"1024\" src=\"https:\/\/edurec.ge.ch\/site\/cfpt-automobile\/wp-content\/uploads\/sites\/117\/2025\/08\/cdm-2025-1-724x1024.png\" class=\"image wp-image-2613  attachment-large size-large\" alt=\"\" style=\"max-width: 100%; height: auto;\" srcset=\"https:\/\/edurec.ge.ch\/site\/cfpt-automobile\/wp-content\/uploads\/sites\/117\/2025\/08\/cdm-2025-1-724x1024.png 724w, https:\/\/edurec.ge.ch\/site\/cfpt-automobile\/wp-content\/uploads\/sites\/117\/2025\/08\/cdm-2025-1-212x300.png 212w, https:\/\/edurec.ge.ch\/site\/cfpt-automobile\/wp-content\/uploads\/sites\/117\/2025\/08\/cdm-2025-1-768x1086.png 768w, https:\/\/edurec.ge.ch\/site\/cfpt-automobile\/wp-content\/uploads\/sites\/117\/2025\/08\/cdm-2025-1-1086x1536.png 1086w, https:\/\/edurec.ge.ch\/site\/cfpt-automobile\/wp-content\/uploads\/sites\/117\/2025\/08\/cdm-2025-1-1448x2048.png 1448w\" sizes=\"auto, (max-width: 724px) 100vw, 724px\" \/><\/a><\/div><\/div><\/div><\/div>","protected":false},"excerpt":{"rendered":"<p>Retrouvez les derni\u00e8res actualit\u00e9s des m\u00e9tiers de l&rsquo;automobile sur nos r\u00e9seaux sociaux Instagram\u00a0@cfpt.automobile\u00a0et Facebook\u00a0@CFPT automobile. &nbsp; Rentr\u00e9e Scolaire 25\/26 D\u00e8s le lundi 18 ao\u00fbt 2025 selon convocation de rentr\u00e9e &nbsp; Cit\u00e9 des m\u00e9tiers l&rsquo;expo 2025 Du 25 au 30 novembre 2025 &#8211; Palexpo Gen\u00e8ve Mardi au vendredi : 8h30-18h00 Samedi : 9h00-20h00 Dimanche : 9h00-18h00 [&hellip;]<\/p>\n","protected":false},"author":11687,"featured_media":2127,"parent":0,"menu_order":0,"comment_status":"closed","ping_status":"closed","template":"","meta":{"footnotes":""},"class_list":["post-1865","page","type-page","status-publish","has-post-thumbnail","czr-hentry"],"yoast_head":"<!-- This site is optimized with the Yoast SEO plugin v26.4 - https:\/\/yoast.com\/wordpress\/plugins\/seo\/ -->\n<title>Ev\u00e8nements-Dates - CFPT Automobile<\/title>\n<meta name=\"robots\" content=\"index, follow, max-snippet:-1, max-image-preview:large, max-video-preview:-1\" \/>\n<link rel=\"canonical\" href=\"https:\/\/edurec.ge.ch\/site\/cfpt-automobile\/actualites\/\" \/>\n<meta property=\"og:locale\" content=\"fr_FR\" \/>\n<meta property=\"og:type\" content=\"article\" \/>\n<meta property=\"og:title\" content=\"Ev\u00e8nements-Dates - CFPT Automobile\" \/>\n<meta property=\"og:description\" content=\"Retrouvez les derni\u00e8res actualit\u00e9s des m\u00e9tiers de l&#039;automobile sur nos r\u00e9seaux sociaux Instagram\u00a0@cfpt.automobile\u00a0et Facebook\u00a0@CFPT automobile. &nbsp; Rentr\u00e9e Scolaire 25\/26 D\u00e8s le lundi 18 ao\u00fbt 2025 selon convocation de rentr\u00e9e &nbsp; Cit\u00e9 des m\u00e9tiers l&#039;expo 2025 Du 25 au 30 novembre 2025 - Palexpo Gen\u00e8ve Mardi au vendredi : 8h30-18h00 Samedi : 9h00-20h00 Dimanche : 9h00-18h00 [&hellip;]\" \/>\n<meta property=\"og:url\" content=\"https:\/\/edurec.ge.ch\/site\/cfpt-automobile\/actualites\/\" \/>\n<meta property=\"og:site_name\" content=\"CFPT Automobile\" \/>\n<meta property=\"article:modified_time\" content=\"2025-08-13T07:58:02+00:00\" \/>\n<meta property=\"og:image\" content=\"https:\/\/edurec.ge.ch\/site\/cfpt-automobile\/wp-content\/uploads\/sites\/117\/2022\/02\/acceuil.png\" \/>\n\t<meta property=\"og:image:width\" content=\"2048\" \/>\n\t<meta property=\"og:image:height\" content=\"820\" \/>\n\t<meta property=\"og:image:type\" content=\"image\/png\" \/>\n<meta name=\"twitter:card\" content=\"summary_large_image\" \/>\n<meta name=\"twitter:label1\" content=\"Dur\u00e9e de lecture estim\u00e9e\" \/>\n\t<meta name=\"twitter:data1\" content=\"2 minutes\" \/>\n<script type=\"application\/ld+json\" class=\"yoast-schema-graph\">{\"@context\":\"https:\/\/schema.org\",\"@graph\":[{\"@type\":\"WebPage\",\"@id\":\"https:\/\/edurec.ge.ch\/site\/cfpt-automobile\/actualites\/\",\"url\":\"https:\/\/edurec.ge.ch\/site\/cfpt-automobile\/actualites\/\",\"name\":\"Ev\u00e8nements-Dates - CFPT Automobile\",\"isPartOf\":{\"@id\":\"https:\/\/edurec.ge.ch\/site\/cfpt-automobile\/#website\"},\"primaryImageOfPage\":{\"@id\":\"https:\/\/edurec.ge.ch\/site\/cfpt-automobile\/actualites\/#primaryimage\"},\"image\":{\"@id\":\"https:\/\/edurec.ge.ch\/site\/cfpt-automobile\/actualites\/#primaryimage\"},\"thumbnailUrl\":\"https:\/\/edurec.ge.ch\/site\/cfpt-automobile\/wp-content\/uploads\/sites\/117\/2022\/02\/acceuil.png\",\"datePublished\":\"2023-03-09T17:11:05+00:00\",\"dateModified\":\"2025-08-13T07:58:02+00:00\",\"breadcrumb\":{\"@id\":\"https:\/\/edurec.ge.ch\/site\/cfpt-automobile\/actualites\/#breadcrumb\"},\"inLanguage\":\"fr-FR\",\"potentialAction\":[{\"@type\":\"ReadAction\",\"target\":[\"https:\/\/edurec.ge.ch\/site\/cfpt-automobile\/actualites\/\"]}]},{\"@type\":\"ImageObject\",\"inLanguage\":\"fr-FR\",\"@id\":\"https:\/\/edurec.ge.ch\/site\/cfpt-automobile\/actualites\/#primaryimage\",\"url\":\"https:\/\/edurec.ge.ch\/site\/cfpt-automobile\/wp-content\/uploads\/sites\/117\/2022\/02\/acceuil.png\",\"contentUrl\":\"https:\/\/edurec.ge.ch\/site\/cfpt-automobile\/wp-content\/uploads\/sites\/117\/2022\/02\/acceuil.png\",\"width\":2048,\"height\":820},{\"@type\":\"BreadcrumbList\",\"@id\":\"https:\/\/edurec.ge.ch\/site\/cfpt-automobile\/actualites\/#breadcrumb\",\"itemListElement\":[{\"@type\":\"ListItem\",\"position\":1,\"name\":\"Accueil\",\"item\":\"https:\/\/edurec.ge.ch\/site\/cfpt-automobile\/\"},{\"@type\":\"ListItem\",\"position\":2,\"name\":\"Ev\u00e8nements-Dates\"}]},{\"@type\":\"WebSite\",\"@id\":\"https:\/\/edurec.ge.ch\/site\/cfpt-automobile\/#website\",\"url\":\"https:\/\/edurec.ge.ch\/site\/cfpt-automobile\/\",\"name\":\"CFPT Automobile\",\"description\":\"CFPT Automobile\",\"publisher\":{\"@id\":\"https:\/\/edurec.ge.ch\/site\/cfpt-automobile\/#organization\"},\"potentialAction\":[{\"@type\":\"SearchAction\",\"target\":{\"@type\":\"EntryPoint\",\"urlTemplate\":\"https:\/\/edurec.ge.ch\/site\/cfpt-automobile\/?s={search_term_string}\"},\"query-input\":{\"@type\":\"PropertyValueSpecification\",\"valueRequired\":true,\"valueName\":\"search_term_string\"}}],\"inLanguage\":\"fr-FR\"},{\"@type\":\"Organization\",\"@id\":\"https:\/\/edurec.ge.ch\/site\/cfpt-automobile\/#organization\",\"name\":\"CFPT Automobile\",\"url\":\"https:\/\/edurec.ge.ch\/site\/cfpt-automobile\/\",\"logo\":{\"@type\":\"ImageObject\",\"inLanguage\":\"fr-FR\",\"@id\":\"https:\/\/edurec.ge.ch\/site\/cfpt-automobile\/#\/schema\/logo\/image\/\",\"url\":\"https:\/\/edurec.ge.ch\/site\/cfpt-automobile\/wp-content\/uploads\/sites\/117\/2024\/07\/home-page2.svg\",\"contentUrl\":\"https:\/\/edurec.ge.ch\/site\/cfpt-automobile\/wp-content\/uploads\/sites\/117\/2024\/07\/home-page2.svg\",\"caption\":\"CFPT Automobile\"},\"image\":{\"@id\":\"https:\/\/edurec.ge.ch\/site\/cfpt-automobile\/#\/schema\/logo\/image\/\"}}]}<\/script>\n<!-- \/ Yoast SEO plugin. -->","yoast_head_json":{"title":"Ev\u00e8nements-Dates - CFPT Automobile","robots":{"index":"index","follow":"follow","max-snippet":"max-snippet:-1","max-image-preview":"max-image-preview:large","max-video-preview":"max-video-preview:-1"},"canonical":"https:\/\/edurec.ge.ch\/site\/cfpt-automobile\/actualites\/","og_locale":"fr_FR","og_type":"article","og_title":"Ev\u00e8nements-Dates - CFPT Automobile","og_description":"Retrouvez les derni\u00e8res actualit\u00e9s des m\u00e9tiers de l'automobile sur nos r\u00e9seaux sociaux Instagram\u00a0@cfpt.automobile\u00a0et Facebook\u00a0@CFPT automobile. &nbsp; Rentr\u00e9e Scolaire 25\/26 D\u00e8s le lundi 18 ao\u00fbt 2025 selon convocation de rentr\u00e9e &nbsp; Cit\u00e9 des m\u00e9tiers l'expo 2025 Du 25 au 30 novembre 2025 - Palexpo Gen\u00e8ve Mardi au vendredi : 8h30-18h00 Samedi : 9h00-20h00 Dimanche : 9h00-18h00 [&hellip;]","og_url":"https:\/\/edurec.ge.ch\/site\/cfpt-automobile\/actualites\/","og_site_name":"CFPT Automobile","article_modified_time":"2025-08-13T07:58:02+00:00","og_image":[{"width":2048,"height":820,"url":"https:\/\/edurec.ge.ch\/site\/cfpt-automobile\/wp-content\/uploads\/sites\/117\/2022\/02\/acceuil.png","type":"image\/png"}],"twitter_card":"summary_large_image","twitter_misc":{"Dur\u00e9e de lecture estim\u00e9e":"2 minutes"},"schema":{"@context":"https:\/\/schema.org","@graph":[{"@type":"WebPage","@id":"https:\/\/edurec.ge.ch\/site\/cfpt-automobile\/actualites\/","url":"https:\/\/edurec.ge.ch\/site\/cfpt-automobile\/actualites\/","name":"Ev\u00e8nements-Dates - CFPT Automobile","isPartOf":{"@id":"https:\/\/edurec.ge.ch\/site\/cfpt-automobile\/#website"},"primaryImageOfPage":{"@id":"https:\/\/edurec.ge.ch\/site\/cfpt-automobile\/actualites\/#primaryimage"},"image":{"@id":"https:\/\/edurec.ge.ch\/site\/cfpt-automobile\/actualites\/#primaryimage"},"thumbnailUrl":"https:\/\/edurec.ge.ch\/site\/cfpt-automobile\/wp-content\/uploads\/sites\/117\/2022\/02\/acceuil.png","datePublished":"2023-03-09T17:11:05+00:00","dateModified":"2025-08-13T07:58:02+00:00","breadcrumb":{"@id":"https:\/\/edurec.ge.ch\/site\/cfpt-automobile\/actualites\/#breadcrumb"},"inLanguage":"fr-FR","potentialAction":[{"@type":"ReadAction","target":["https:\/\/edurec.ge.ch\/site\/cfpt-automobile\/actualites\/"]}]},{"@type":"ImageObject","inLanguage":"fr-FR","@id":"https:\/\/edurec.ge.ch\/site\/cfpt-automobile\/actualites\/#primaryimage","url":"https:\/\/edurec.ge.ch\/site\/cfpt-automobile\/wp-content\/uploads\/sites\/117\/2022\/02\/acceuil.png","contentUrl":"https:\/\/edurec.ge.ch\/site\/cfpt-automobile\/wp-content\/uploads\/sites\/117\/2022\/02\/acceuil.png","width":2048,"height":820},{"@type":"BreadcrumbList","@id":"https:\/\/edurec.ge.ch\/site\/cfpt-automobile\/actualites\/#breadcrumb","itemListElement":[{"@type":"ListItem","position":1,"name":"Accueil","item":"https:\/\/edurec.ge.ch\/site\/cfpt-automobile\/"},{"@type":"ListItem","position":2,"name":"Ev\u00e8nements-Dates"}]},{"@type":"WebSite","@id":"https:\/\/edurec.ge.ch\/site\/cfpt-automobile\/#website","url":"https:\/\/edurec.ge.ch\/site\/cfpt-automobile\/","name":"CFPT Automobile","description":"CFPT Automobile","publisher":{"@id":"https:\/\/edurec.ge.ch\/site\/cfpt-automobile\/#organization"},"potentialAction":[{"@type":"SearchAction","target":{"@type":"EntryPoint","urlTemplate":"https:\/\/edurec.ge.ch\/site\/cfpt-automobile\/?s={search_term_string}"},"query-input":{"@type":"PropertyValueSpecification","valueRequired":true,"valueName":"search_term_string"}}],"inLanguage":"fr-FR"},{"@type":"Organization","@id":"https:\/\/edurec.ge.ch\/site\/cfpt-automobile\/#organization","name":"CFPT Automobile","url":"https:\/\/edurec.ge.ch\/site\/cfpt-automobile\/","logo":{"@type":"ImageObject","inLanguage":"fr-FR","@id":"https:\/\/edurec.ge.ch\/site\/cfpt-automobile\/#\/schema\/logo\/image\/","url":"https:\/\/edurec.ge.ch\/site\/cfpt-automobile\/wp-content\/uploads\/sites\/117\/2024\/07\/home-page2.svg","contentUrl":"https:\/\/edurec.ge.ch\/site\/cfpt-automobile\/wp-content\/uploads\/sites\/117\/2024\/07\/home-page2.svg","caption":"CFPT Automobile"},"image":{"@id":"https:\/\/edurec.ge.ch\/site\/cfpt-automobile\/#\/schema\/logo\/image\/"}}]}},"_links":{"self":[{"href":"https:\/\/edurec.ge.ch\/site\/cfpt-automobile\/wp-json\/wp\/v2\/pages\/1865","targetHints":{"allow":["GET"]}}],"collection":[{"href":"https:\/\/edurec.ge.ch\/site\/cfpt-automobile\/wp-json\/wp\/v2\/pages"}],"about":[{"href":"https:\/\/edurec.ge.ch\/site\/cfpt-automobile\/wp-json\/wp\/v2\/types\/page"}],"author":[{"embeddable":true,"href":"https:\/\/edurec.ge.ch\/site\/cfpt-automobile\/wp-json\/wp\/v2\/users\/11687"}],"replies":[{"embeddable":true,"href":"https:\/\/edurec.ge.ch\/site\/cfpt-automobile\/wp-json\/wp\/v2\/comments?post=1865"}],"version-history":[{"count":58,"href":"https:\/\/edurec.ge.ch\/site\/cfpt-automobile\/wp-json\/wp\/v2\/pages\/1865\/revisions"}],"predecessor-version":[{"id":2614,"href":"https:\/\/edurec.ge.ch\/site\/cfpt-automobile\/wp-json\/wp\/v2\/pages\/1865\/revisions\/2614"}],"wp:featuredmedia":[{"embeddable":true,"href":"https:\/\/edurec.ge.ch\/site\/cfpt-automobile\/wp-json\/wp\/v2\/media\/2127"}],"wp:attachment":[{"href":"https:\/\/edurec.ge.ch\/site\/cfpt-automobile\/wp-json\/wp\/v2\/media?parent=1865"}],"curies":[{"name":"wp","href":"https:\/\/api.w.org\/{rel}","templated":true}]}}