{"id":1714,"date":"2021-12-03T13:57:15","date_gmt":"2021-12-03T12:57:15","guid":{"rendered":"https:\/\/edurec.ge.ch\/site\/cfpt-automobile\/?page_id=1714"},"modified":"2023-03-10T12:49:21","modified_gmt":"2023-03-10T11:49:21","slug":"carrossier-iere-reparateur-rice","status":"publish","type":"page","link":"https:\/\/edurec.ge.ch\/site\/cfpt-automobile\/carrossier-iere-reparateur-rice\/","title":{"rendered":"Carrossier-i\u00e8re r\u00e9parateur-rice"},"content":{"rendered":"<div class=\"tablescroll\">\n<p><strong>Description de la profession<\/strong><br \/>\nTu r\u00e9pares\u00a0les dommages caus\u00e9s par les accidents aux voitures particuli\u00e8res et aux v\u00e9hicules utilitaires, principalement en d\u00e9montant et en assemblant des pi\u00e8ces de carrosserie. Tu\u00a0as\u00a0l&rsquo;\u0153il pour les d\u00e9tails et peux\u00a0r\u00e9parer les bosses et les creux en utilisant diff\u00e9rentes techniques de travail.<\/p>\n<p><strong>Informations compl\u00e9mentaires<\/strong><br \/>\nLe d\u00e9montage et le montage jouent un r\u00f4le crucial dans l\u2019ex\u00e9cution du travail quotidien. Tu ma\u00eetrises \u00e9galement les techniques des travaux pr\u00e9paratoires dans l\u2019atelier de peinture.<\/p>\n<p><strong>Exigences<\/strong><br \/>\nGrande habilet\u00e9 manuelle, bonne compr\u00e9hension technique, sens de la forme, m\u00e9thode de travail exacte, capacit\u00e9 \u00e0 travailler en \u00e9quipe, ind\u00e9pendance, sens des responsabilit\u00e9s.<\/p>\n<p><strong>Formation pr\u00e9alable<\/strong><br \/>\n\u2022 Niveau secondaire 1 achev\u00e9<br \/>\n\u2022 Stage d&rsquo;initiation avec test d&rsquo;aptitudes<\/p>\n<p><strong>Dur\u00e9e de formation<\/strong><br \/>\n3\u00a0ans<\/p>\n<\/div>\n","protected":false},"excerpt":{"rendered":"<p>Description de la profession Tu r\u00e9pares\u00a0les dommages caus\u00e9s par les accidents aux voitures particuli\u00e8res et aux v\u00e9hicules utilitaires, principalement en d\u00e9montant et en assemblant des pi\u00e8ces de carrosserie. Tu\u00a0as\u00a0l&rsquo;\u0153il pour les d\u00e9tails et peux\u00a0r\u00e9parer les bosses et les creux en utilisant diff\u00e9rentes techniques de travail. Informations compl\u00e9mentaires Le d\u00e9montage et le montage jouent un r\u00f4le [&hellip;]<\/p>\n","protected":false},"author":2186,"featured_media":0,"parent":0,"menu_order":0,"comment_status":"closed","ping_status":"closed","template":"","meta":{"footnotes":""},"class_list":["post-1714","page","type-page","status-publish","czr-hentry"],"yoast_head":"<!-- This site is optimized with the Yoast SEO plugin v26.4 - https:\/\/yoast.com\/wordpress\/plugins\/seo\/ -->\n<title>Carrossier-i\u00e8re r\u00e9parateur-rice - CFPT Automobile<\/title>\n<meta name=\"robots\" content=\"index, follow, max-snippet:-1, max-image-preview:large, max-video-preview:-1\" \/>\n<link rel=\"canonical\" href=\"https:\/\/edurec.ge.ch\/site\/cfpt-automobile\/carrossier-iere-reparateur-rice\/\" \/>\n<meta property=\"og:locale\" content=\"fr_FR\" \/>\n<meta property=\"og:type\" content=\"article\" \/>\n<meta property=\"og:title\" content=\"Carrossier-i\u00e8re r\u00e9parateur-rice - CFPT Automobile\" \/>\n<meta property=\"og:description\" content=\"Description de la profession Tu r\u00e9pares\u00a0les dommages caus\u00e9s par les accidents aux voitures particuli\u00e8res et aux v\u00e9hicules utilitaires, principalement en d\u00e9montant et en assemblant des pi\u00e8ces de carrosserie. Tu\u00a0as\u00a0l&rsquo;\u0153il pour les d\u00e9tails et peux\u00a0r\u00e9parer les bosses et les creux en utilisant diff\u00e9rentes techniques de travail. Informations compl\u00e9mentaires Le d\u00e9montage et le montage jouent un r\u00f4le [&hellip;]\" \/>\n<meta property=\"og:url\" content=\"https:\/\/edurec.ge.ch\/site\/cfpt-automobile\/carrossier-iere-reparateur-rice\/\" \/>\n<meta property=\"og:site_name\" content=\"CFPT Automobile\" \/>\n<meta property=\"article:modified_time\" content=\"2023-03-10T11:49:21+00:00\" \/>\n<meta name=\"twitter:card\" content=\"summary_large_image\" \/>\n<meta name=\"twitter:label1\" content=\"Dur\u00e9e de lecture estim\u00e9e\" \/>\n\t<meta name=\"twitter:data1\" content=\"1 minute\" \/>\n<script type=\"application\/ld+json\" class=\"yoast-schema-graph\">{\"@context\":\"https:\/\/schema.org\",\"@graph\":[{\"@type\":\"WebPage\",\"@id\":\"https:\/\/edurec.ge.ch\/site\/cfpt-automobile\/carrossier-iere-reparateur-rice\/\",\"url\":\"https:\/\/edurec.ge.ch\/site\/cfpt-automobile\/carrossier-iere-reparateur-rice\/\",\"name\":\"Carrossier-i\u00e8re r\u00e9parateur-rice - CFPT Automobile\",\"isPartOf\":{\"@id\":\"https:\/\/edurec.ge.ch\/site\/cfpt-automobile\/#website\"},\"datePublished\":\"2021-12-03T12:57:15+00:00\",\"dateModified\":\"2023-03-10T11:49:21+00:00\",\"breadcrumb\":{\"@id\":\"https:\/\/edurec.ge.ch\/site\/cfpt-automobile\/carrossier-iere-reparateur-rice\/#breadcrumb\"},\"inLanguage\":\"fr-FR\",\"potentialAction\":[{\"@type\":\"ReadAction\",\"target\":[\"https:\/\/edurec.ge.ch\/site\/cfpt-automobile\/carrossier-iere-reparateur-rice\/\"]}]},{\"@type\":\"BreadcrumbList\",\"@id\":\"https:\/\/edurec.ge.ch\/site\/cfpt-automobile\/carrossier-iere-reparateur-rice\/#breadcrumb\",\"itemListElement\":[{\"@type\":\"ListItem\",\"position\":1,\"name\":\"Accueil\",\"item\":\"https:\/\/edurec.ge.ch\/site\/cfpt-automobile\/\"},{\"@type\":\"ListItem\",\"position\":2,\"name\":\"Carrossier-i\u00e8re r\u00e9parateur-rice\"}]},{\"@type\":\"WebSite\",\"@id\":\"https:\/\/edurec.ge.ch\/site\/cfpt-automobile\/#website\",\"url\":\"https:\/\/edurec.ge.ch\/site\/cfpt-automobile\/\",\"name\":\"CFPT Automobile\",\"description\":\"CFPT Automobile\",\"publisher\":{\"@id\":\"https:\/\/edurec.ge.ch\/site\/cfpt-automobile\/#organization\"},\"potentialAction\":[{\"@type\":\"SearchAction\",\"target\":{\"@type\":\"EntryPoint\",\"urlTemplate\":\"https:\/\/edurec.ge.ch\/site\/cfpt-automobile\/?s={search_term_string}\"},\"query-input\":{\"@type\":\"PropertyValueSpecification\",\"valueRequired\":true,\"valueName\":\"search_term_string\"}}],\"inLanguage\":\"fr-FR\"},{\"@type\":\"Organization\",\"@id\":\"https:\/\/edurec.ge.ch\/site\/cfpt-automobile\/#organization\",\"name\":\"CFPT Automobile\",\"url\":\"https:\/\/edurec.ge.ch\/site\/cfpt-automobile\/\",\"logo\":{\"@type\":\"ImageObject\",\"inLanguage\":\"fr-FR\",\"@id\":\"https:\/\/edurec.ge.ch\/site\/cfpt-automobile\/#\/schema\/logo\/image\/\",\"url\":\"https:\/\/edurec.ge.ch\/site\/cfpt-automobile\/wp-content\/uploads\/sites\/117\/2024\/07\/home-page2.svg\",\"contentUrl\":\"https:\/\/edurec.ge.ch\/site\/cfpt-automobile\/wp-content\/uploads\/sites\/117\/2024\/07\/home-page2.svg\",\"caption\":\"CFPT Automobile\"},\"image\":{\"@id\":\"https:\/\/edurec.ge.ch\/site\/cfpt-automobile\/#\/schema\/logo\/image\/\"}}]}<\/script>\n<!-- \/ Yoast SEO plugin. -->","yoast_head_json":{"title":"Carrossier-i\u00e8re r\u00e9parateur-rice - CFPT Automobile","robots":{"index":"index","follow":"follow","max-snippet":"max-snippet:-1","max-image-preview":"max-image-preview:large","max-video-preview":"max-video-preview:-1"},"canonical":"https:\/\/edurec.ge.ch\/site\/cfpt-automobile\/carrossier-iere-reparateur-rice\/","og_locale":"fr_FR","og_type":"article","og_title":"Carrossier-i\u00e8re r\u00e9parateur-rice - CFPT Automobile","og_description":"Description de la profession Tu r\u00e9pares\u00a0les dommages caus\u00e9s par les accidents aux voitures particuli\u00e8res et aux v\u00e9hicules utilitaires, principalement en d\u00e9montant et en assemblant des pi\u00e8ces de carrosserie. Tu\u00a0as\u00a0l&rsquo;\u0153il pour les d\u00e9tails et peux\u00a0r\u00e9parer les bosses et les creux en utilisant diff\u00e9rentes techniques de travail. Informations compl\u00e9mentaires Le d\u00e9montage et le montage jouent un r\u00f4le [&hellip;]","og_url":"https:\/\/edurec.ge.ch\/site\/cfpt-automobile\/carrossier-iere-reparateur-rice\/","og_site_name":"CFPT Automobile","article_modified_time":"2023-03-10T11:49:21+00:00","twitter_card":"summary_large_image","twitter_misc":{"Dur\u00e9e de lecture estim\u00e9e":"1 minute"},"schema":{"@context":"https:\/\/schema.org","@graph":[{"@type":"WebPage","@id":"https:\/\/edurec.ge.ch\/site\/cfpt-automobile\/carrossier-iere-reparateur-rice\/","url":"https:\/\/edurec.ge.ch\/site\/cfpt-automobile\/carrossier-iere-reparateur-rice\/","name":"Carrossier-i\u00e8re r\u00e9parateur-rice - CFPT Automobile","isPartOf":{"@id":"https:\/\/edurec.ge.ch\/site\/cfpt-automobile\/#website"},"datePublished":"2021-12-03T12:57:15+00:00","dateModified":"2023-03-10T11:49:21+00:00","breadcrumb":{"@id":"https:\/\/edurec.ge.ch\/site\/cfpt-automobile\/carrossier-iere-reparateur-rice\/#breadcrumb"},"inLanguage":"fr-FR","potentialAction":[{"@type":"ReadAction","target":["https:\/\/edurec.ge.ch\/site\/cfpt-automobile\/carrossier-iere-reparateur-rice\/"]}]},{"@type":"BreadcrumbList","@id":"https:\/\/edurec.ge.ch\/site\/cfpt-automobile\/carrossier-iere-reparateur-rice\/#breadcrumb","itemListElement":[{"@type":"ListItem","position":1,"name":"Accueil","item":"https:\/\/edurec.ge.ch\/site\/cfpt-automobile\/"},{"@type":"ListItem","position":2,"name":"Carrossier-i\u00e8re r\u00e9parateur-rice"}]},{"@type":"WebSite","@id":"https:\/\/edurec.ge.ch\/site\/cfpt-automobile\/#website","url":"https:\/\/edurec.ge.ch\/site\/cfpt-automobile\/","name":"CFPT Automobile","description":"CFPT Automobile","publisher":{"@id":"https:\/\/edurec.ge.ch\/site\/cfpt-automobile\/#organization"},"potentialAction":[{"@type":"SearchAction","target":{"@type":"EntryPoint","urlTemplate":"https:\/\/edurec.ge.ch\/site\/cfpt-automobile\/?s={search_term_string}"},"query-input":{"@type":"PropertyValueSpecification","valueRequired":true,"valueName":"search_term_string"}}],"inLanguage":"fr-FR"},{"@type":"Organization","@id":"https:\/\/edurec.ge.ch\/site\/cfpt-automobile\/#organization","name":"CFPT Automobile","url":"https:\/\/edurec.ge.ch\/site\/cfpt-automobile\/","logo":{"@type":"ImageObject","inLanguage":"fr-FR","@id":"https:\/\/edurec.ge.ch\/site\/cfpt-automobile\/#\/schema\/logo\/image\/","url":"https:\/\/edurec.ge.ch\/site\/cfpt-automobile\/wp-content\/uploads\/sites\/117\/2024\/07\/home-page2.svg","contentUrl":"https:\/\/edurec.ge.ch\/site\/cfpt-automobile\/wp-content\/uploads\/sites\/117\/2024\/07\/home-page2.svg","caption":"CFPT Automobile"},"image":{"@id":"https:\/\/edurec.ge.ch\/site\/cfpt-automobile\/#\/schema\/logo\/image\/"}}]}},"_links":{"self":[{"href":"https:\/\/edurec.ge.ch\/site\/cfpt-automobile\/wp-json\/wp\/v2\/pages\/1714","targetHints":{"allow":["GET"]}}],"collection":[{"href":"https:\/\/edurec.ge.ch\/site\/cfpt-automobile\/wp-json\/wp\/v2\/pages"}],"about":[{"href":"https:\/\/edurec.ge.ch\/site\/cfpt-automobile\/wp-json\/wp\/v2\/types\/page"}],"author":[{"embeddable":true,"href":"https:\/\/edurec.ge.ch\/site\/cfpt-automobile\/wp-json\/wp\/v2\/users\/2186"}],"replies":[{"embeddable":true,"href":"https:\/\/edurec.ge.ch\/site\/cfpt-automobile\/wp-json\/wp\/v2\/comments?post=1714"}],"version-history":[{"count":3,"href":"https:\/\/edurec.ge.ch\/site\/cfpt-automobile\/wp-json\/wp\/v2\/pages\/1714\/revisions"}],"predecessor-version":[{"id":1960,"href":"https:\/\/edurec.ge.ch\/site\/cfpt-automobile\/wp-json\/wp\/v2\/pages\/1714\/revisions\/1960"}],"wp:attachment":[{"href":"https:\/\/edurec.ge.ch\/site\/cfpt-automobile\/wp-json\/wp\/v2\/media?parent=1714"}],"curies":[{"name":"wp","href":"https:\/\/api.w.org\/{rel}","templated":true}]}}