{"id":1386,"date":"2019-07-03T13:50:46","date_gmt":"2019-07-03T12:50:46","guid":{"rendered":"https:\/\/edurec.ge.ch\/site\/cfpt-automobile\/?page_id=1386"},"modified":"2025-07-11T17:02:02","modified_gmt":"2025-07-11T16:02:02","slug":"rentree-scolaire","status":"publish","type":"page","link":"https:\/\/edurec.ge.ch\/site\/cfpt-automobile\/rentree-scolaire\/","title":{"rendered":"Rentr\u00e9e scolaire 25\/26"},"content":{"rendered":"<div id=\"pl-1386\"  class=\"panel-layout\" ><div id=\"pg-1386-0\"  class=\"panel-grid panel-no-style\" ><div id=\"pgc-1386-0-0\"  class=\"panel-grid-cell panel-grid-cell-mobile-last\" ><div id=\"panel-1386-0-0-0\" class=\"so-panel widget widget_sow-editor panel-first-child panel-last-child\" data-index=\"0\" ><div\n\t\t\t\n\t\t\tclass=\"so-widget-sow-editor so-widget-sow-editor-base\"\n\t\t\t\n\t\t>\n<div class=\"siteorigin-widget-tinymce textwidget\">\n\t<p><strong>Rentr\u00e9e 2025-2026<\/strong><\/p>\n<p>Pour la rentr\u00e9e scolaire 2025-2026 vous devrez vous procurer les manuels sp\u00e9cifiques au m\u00e9tier ainsi que le mat\u00e9riel scolaire destin\u00e9 \u00e0 l\u2019enseignement g\u00e9n\u00e9ral (branches g\u00e9n\u00e9rales pour le CFC ou pour la maturit\u00e9 professionnelle). Une fois que vous aurez s\u00e9lectionn\u00e9 votre \u00e9cole puis votre m\u00e9tier, vous trouverez un document avec :<\/p>\n<p><strong>1.<\/strong> Le code classe vous permettant de commander sur <a href=\"https:\/\/www.google.com\/url?sa=t&amp;rct=j&amp;q=&amp;esrc=s&amp;source=web&amp;cd=&amp;cad=rja&amp;uact=8&amp;ved=2ahUKEwjRnZv1-KvqAhUuQhUIHXOCAEYQFjAAegQIARAC&amp;url=https%3A%2F%2Fwww.cataroproshop.ch%2F&amp;usg=AOvVaw1aQhJWHCQQHx-RiC-dmPy_\"><strong>cataroproshop.ch<\/strong><\/a>\u00a0les manuels scolaires sp\u00e9cifiques \u00e0 votre m\u00e9tier (voir la proc\u00e9dure ci dessous)<\/p>\n<p><strong>2.<\/strong> La listes des fournitures scolaires pour l'enseignement g\u00e9n\u00e9ral<\/p>\n<p>- Si vous suivez la maturit\u00e9 professionnelle, un courrier vous parviendra prochainement<br \/>\n- Si ce n'est pas le cas, vous trouverez la liste du mat\u00e9riel sur le m\u00eame document que votre code classe<\/p>\n<p>Dans les deux cas, vous pourrez vous procurer le mat\u00e9riel dans la librairie de votre choix.<\/p>\n<\/div>\n<\/div><\/div><\/div><div id=\"pgc-1386-0-1\"  class=\"panel-grid-cell panel-grid-cell-empty\" ><\/div><\/div><div id=\"pg-1386-1\"  class=\"panel-grid panel-no-style\" ><div id=\"pgc-1386-1-0\"  class=\"panel-grid-cell\" ><div id=\"panel-1386-1-0-0\" class=\"so-panel widget widget_text panel-first-child panel-last-child\" data-index=\"1\" ><h3 class=\"widget-title\">Convocations, manuels et fournitures<\/h3>\t\t\t<div class=\"textwidget\"><p><a href=\"https:\/\/edurec.ge.ch\/site\/cfpt-automobile\/rentree_automobile\/\" target=\"_blank\" rel=\"noopener\"><strong>Pour les m\u00e9tiers de <\/strong><strong>l&rsquo;automobile<\/strong><\/a><br \/>\n&#8211; M\u00e9catronicien-ne d\u2019automobiles fili\u00e8re plein-temps<br \/>\n&#8211; M\u00e9catronicien-ne d\u2019automobiles fili\u00e8re duale<br \/>\n&#8211; M\u00e9canicien-ne en maintenance d&rsquo;automobiles<br \/>\n&#8211; Assistant-e en maintenance d\u2019automobiles<\/p>\n<p><strong><a href=\"https:\/\/edurec.ge.ch\/site\/cfpt-automobile\/rentree_carrosserie\/\" target=\"_blank\" rel=\"noopener\">Pour les m\u00e9tiers de carrosserie<\/a><br \/>\n<\/strong>&#8211; Carrossier-\u00e8re-t\u00f4lier-\u00e8re<br \/>\n&#8211; Carrossier-\u00e8re peintre<br \/>\n&#8211; Carrossier-\u00e8re r\u00e9parateur-rice<\/p>\n<p><strong><a href=\"https:\/\/edurec.ge.ch\/site\/cfpt-automobile\/rentree_2roues\/\" target=\"_blank\" rel=\"noopener\">Pour les m\u00e9tiers des 2 roues<\/a><br \/>\n<\/strong>&#8211; M\u00e9canicien-ne en motocycles<\/p>\n<p><strong><a href=\"https:\/\/edurec.ge.ch\/site\/cfpt-automobile\/rentree_conducteur\/\" target=\"_blank\" rel=\"noopener\">Pour les m\u00e9tiers de conducteur<\/a><br \/>\n<\/strong>&#8211; Conducteur-trice v\u00e9hicules lourds<\/p>\n<p><strong><a href=\"https:\/\/edurec.ge.ch\/site\/cfpt-automobile\/preparatoire\/\" target=\"_blank\" rel=\"noopener\">Pour les classes pr\u00e9paratoires professionnelles<\/a><br \/>\n<\/strong>&#8211; \u00a0Automobile et Motocycle<\/p>\n<\/div>\n\t\t<\/div><\/div><div id=\"pgc-1386-1-1\"  class=\"panel-grid-cell\" ><div id=\"panel-1386-1-1-0\" class=\"so-panel widget widget_text panel-first-child panel-last-child\" data-index=\"2\" ><h3 class=\"widget-title\">Proc\u00e9dure de commande<\/h3>\t\t\t<div class=\"textwidget\"><div id=\"panel-5702-2-2-0\" class=\"so-panel widget widget_sow-editor panel-first-child\" data-index=\"6\">\n<div>\n<div id=\"panel-5702-2-2-1\" class=\"so-panel widget widget_sow-editor panel-last-child\" data-index=\"7\">\n<div class=\"so-widget-sow-editor so-widget-sow-editor-base\">\n<div class=\"siteorigin-widget-tinymce textwidget\">\n<div class=\"su-list\">\n<p>\u2013\u00a0Aller sur le site <strong>www.cataroproshop.ch<\/strong><br \/>\n\u2013\u00a0S\u2019inscrire<br \/>\n\u2013\u00a0Entrer le code classe dans la barre de recherche<br \/>\n\u2013\u00a0Valider votre panier-commande<br \/>\n\u2013\u00a0Payer (soit par carte de cr\u00e9dit (MasterCard ou Visa), Post Finance Card, ou par PostFinance E-Finance, transfert bancaire).<br \/>\n<strong>Attention :<\/strong>\u00a0Si vous choisissez transfert bancaire, n\u2019oubliez pas d\u2019indiquer votre num\u00e9ro de commande re\u00e7u par e-mail<\/p>\n<\/div>\n<p>La marchandise sera envoy\u00e9e uniquement lors de l\u2019encaissement de la somme totale.<\/p>\n<p>Pour les apprenti-e-s r\u00e9sidant hors du territoire Suisse, il est obligatoire d\u2019indiquer une adresse de livraison en Suisse (par exemple celle de votre employeur).<\/p>\n<p>Vous trouverez toutes les indications n\u00e9cessaires pour proc\u00e9der \u00e0 l\u2019achat en visualisant le tutoriel ou en allant consulter la foire aux questions sur la page du site www.cataroproshop.ch<\/p>\n<p><strong><a href=\"https:\/\/edurec.ge.ch\/site\/cfpt-automobile\/wp-content\/uploads\/sites\/117\/2025\/06\/04_2025_05_07_Procedure-I-cat_pour-convoc_2025.pdf\">T\u00e9l\u00e9charger la proc\u00e9dure compl\u00e8te au format PDF<\/a><\/strong><\/p>\n<div class=\"so-widget-sow-editor so-widget-sow-editor-base\"><img loading=\"lazy\" decoding=\"async\" class=\"alignleft wp-image-8459 size-full\" src=\"https:\/\/edurec.ge.ch\/site\/cfpt\/wp-content\/uploads\/sites\/112\/2020\/07\/logocataroproshop.jpg\" alt=\"\" width=\"258\" height=\"167\" \/><\/div>\n<div>\n<div id=\"panel-5702-2-2-1\" class=\"so-panel widget widget_sow-editor panel-last-child\" data-index=\"7\">\n<div class=\"so-widget-sow-editor so-widget-sow-editor-base\">\n<div class=\"siteorigin-widget-tinymce textwidget\">\n<div class=\"su-list\">\n<p>&nbsp;<\/p>\n<\/div>\n<\/div>\n<\/div>\n<\/div>\n<\/div>\n<\/div>\n<\/div>\n<\/div>\n<\/div>\n<\/div>\n<\/div>\n\t\t<\/div><\/div><\/div><\/div>","protected":false},"excerpt":{"rendered":"<p>Rentr\u00e9e 2025-2026 Pour la rentr\u00e9e scolaire 2025-2026 vous devrez vous procurer les manuels sp\u00e9cifiques au m\u00e9tier ainsi que le mat\u00e9riel scolaire destin\u00e9 \u00e0 l\u2019enseignement g\u00e9n\u00e9ral (branches g\u00e9n\u00e9rales pour le CFC ou pour la maturit\u00e9 professionnelle). Une fois que vous aurez s\u00e9lectionn\u00e9 votre \u00e9cole puis votre m\u00e9tier, vous trouverez un document avec : 1. Le code [&hellip;]<\/p>\n","protected":false},"author":2186,"featured_media":0,"parent":0,"menu_order":0,"comment_status":"closed","ping_status":"closed","template":"","meta":{"footnotes":""},"class_list":["post-1386","page","type-page","status-publish","czr-hentry"],"yoast_head":"<!-- This site is optimized with the Yoast SEO plugin v26.4 - https:\/\/yoast.com\/wordpress\/plugins\/seo\/ -->\n<title>Rentr\u00e9e scolaire 25\/26 - CFPT Automobile<\/title>\n<meta name=\"robots\" content=\"index, follow, max-snippet:-1, max-image-preview:large, max-video-preview:-1\" \/>\n<link rel=\"canonical\" href=\"https:\/\/edurec.ge.ch\/site\/cfpt-automobile\/rentree-scolaire\/\" \/>\n<meta property=\"og:locale\" content=\"fr_FR\" \/>\n<meta property=\"og:type\" content=\"article\" \/>\n<meta property=\"og:title\" content=\"Rentr\u00e9e scolaire 25\/26 - CFPT Automobile\" \/>\n<meta property=\"og:description\" content=\"Rentr\u00e9e 2025-2026 Pour la rentr\u00e9e scolaire 2025-2026 vous devrez vous procurer les manuels sp\u00e9cifiques au m\u00e9tier ainsi que le mat\u00e9riel scolaire destin\u00e9 \u00e0 l\u2019enseignement g\u00e9n\u00e9ral (branches g\u00e9n\u00e9rales pour le CFC ou pour la maturit\u00e9 professionnelle). Une fois que vous aurez s\u00e9lectionn\u00e9 votre \u00e9cole puis votre m\u00e9tier, vous trouverez un document avec : 1. Le code [&hellip;]\" \/>\n<meta property=\"og:url\" content=\"https:\/\/edurec.ge.ch\/site\/cfpt-automobile\/rentree-scolaire\/\" \/>\n<meta property=\"og:site_name\" content=\"CFPT Automobile\" \/>\n<meta property=\"article:modified_time\" content=\"2025-07-11T16:02:02+00:00\" \/>\n<meta property=\"og:image\" content=\"https:\/\/edurec.ge.ch\/site\/cfpt\/wp-content\/uploads\/sites\/112\/2020\/07\/logocataroproshop.jpg\" \/>\n<meta name=\"twitter:card\" content=\"summary_large_image\" \/>\n<meta name=\"twitter:label1\" content=\"Dur\u00e9e de lecture estim\u00e9e\" \/>\n\t<meta name=\"twitter:data1\" content=\"2 minutes\" \/>\n<script type=\"application\/ld+json\" class=\"yoast-schema-graph\">{\"@context\":\"https:\/\/schema.org\",\"@graph\":[{\"@type\":\"WebPage\",\"@id\":\"https:\/\/edurec.ge.ch\/site\/cfpt-automobile\/rentree-scolaire\/\",\"url\":\"https:\/\/edurec.ge.ch\/site\/cfpt-automobile\/rentree-scolaire\/\",\"name\":\"Rentr\u00e9e scolaire 25\/26 - CFPT Automobile\",\"isPartOf\":{\"@id\":\"https:\/\/edurec.ge.ch\/site\/cfpt-automobile\/#website\"},\"primaryImageOfPage\":{\"@id\":\"https:\/\/edurec.ge.ch\/site\/cfpt-automobile\/rentree-scolaire\/#primaryimage\"},\"image\":{\"@id\":\"https:\/\/edurec.ge.ch\/site\/cfpt-automobile\/rentree-scolaire\/#primaryimage\"},\"thumbnailUrl\":\"https:\/\/edurec.ge.ch\/site\/cfpt\/wp-content\/uploads\/sites\/112\/2020\/07\/logocataroproshop.jpg\",\"datePublished\":\"2019-07-03T12:50:46+00:00\",\"dateModified\":\"2025-07-11T16:02:02+00:00\",\"breadcrumb\":{\"@id\":\"https:\/\/edurec.ge.ch\/site\/cfpt-automobile\/rentree-scolaire\/#breadcrumb\"},\"inLanguage\":\"fr-FR\",\"potentialAction\":[{\"@type\":\"ReadAction\",\"target\":[\"https:\/\/edurec.ge.ch\/site\/cfpt-automobile\/rentree-scolaire\/\"]}]},{\"@type\":\"ImageObject\",\"inLanguage\":\"fr-FR\",\"@id\":\"https:\/\/edurec.ge.ch\/site\/cfpt-automobile\/rentree-scolaire\/#primaryimage\",\"url\":\"https:\/\/edurec.ge.ch\/site\/cfpt\/wp-content\/uploads\/sites\/112\/2020\/07\/logocataroproshop.jpg\",\"contentUrl\":\"https:\/\/edurec.ge.ch\/site\/cfpt\/wp-content\/uploads\/sites\/112\/2020\/07\/logocataroproshop.jpg\"},{\"@type\":\"BreadcrumbList\",\"@id\":\"https:\/\/edurec.ge.ch\/site\/cfpt-automobile\/rentree-scolaire\/#breadcrumb\",\"itemListElement\":[{\"@type\":\"ListItem\",\"position\":1,\"name\":\"Accueil\",\"item\":\"https:\/\/edurec.ge.ch\/site\/cfpt-automobile\/\"},{\"@type\":\"ListItem\",\"position\":2,\"name\":\"Rentr\u00e9e scolaire 25\/26\"}]},{\"@type\":\"WebSite\",\"@id\":\"https:\/\/edurec.ge.ch\/site\/cfpt-automobile\/#website\",\"url\":\"https:\/\/edurec.ge.ch\/site\/cfpt-automobile\/\",\"name\":\"CFPT Automobile\",\"description\":\"CFPT Automobile\",\"publisher\":{\"@id\":\"https:\/\/edurec.ge.ch\/site\/cfpt-automobile\/#organization\"},\"potentialAction\":[{\"@type\":\"SearchAction\",\"target\":{\"@type\":\"EntryPoint\",\"urlTemplate\":\"https:\/\/edurec.ge.ch\/site\/cfpt-automobile\/?s={search_term_string}\"},\"query-input\":{\"@type\":\"PropertyValueSpecification\",\"valueRequired\":true,\"valueName\":\"search_term_string\"}}],\"inLanguage\":\"fr-FR\"},{\"@type\":\"Organization\",\"@id\":\"https:\/\/edurec.ge.ch\/site\/cfpt-automobile\/#organization\",\"name\":\"CFPT Automobile\",\"url\":\"https:\/\/edurec.ge.ch\/site\/cfpt-automobile\/\",\"logo\":{\"@type\":\"ImageObject\",\"inLanguage\":\"fr-FR\",\"@id\":\"https:\/\/edurec.ge.ch\/site\/cfpt-automobile\/#\/schema\/logo\/image\/\",\"url\":\"https:\/\/edurec.ge.ch\/site\/cfpt-automobile\/wp-content\/uploads\/sites\/117\/2024\/07\/home-page2.svg\",\"contentUrl\":\"https:\/\/edurec.ge.ch\/site\/cfpt-automobile\/wp-content\/uploads\/sites\/117\/2024\/07\/home-page2.svg\",\"caption\":\"CFPT Automobile\"},\"image\":{\"@id\":\"https:\/\/edurec.ge.ch\/site\/cfpt-automobile\/#\/schema\/logo\/image\/\"}}]}<\/script>\n<!-- \/ Yoast SEO plugin. -->","yoast_head_json":{"title":"Rentr\u00e9e scolaire 25\/26 - CFPT Automobile","robots":{"index":"index","follow":"follow","max-snippet":"max-snippet:-1","max-image-preview":"max-image-preview:large","max-video-preview":"max-video-preview:-1"},"canonical":"https:\/\/edurec.ge.ch\/site\/cfpt-automobile\/rentree-scolaire\/","og_locale":"fr_FR","og_type":"article","og_title":"Rentr\u00e9e scolaire 25\/26 - CFPT Automobile","og_description":"Rentr\u00e9e 2025-2026 Pour la rentr\u00e9e scolaire 2025-2026 vous devrez vous procurer les manuels sp\u00e9cifiques au m\u00e9tier ainsi que le mat\u00e9riel scolaire destin\u00e9 \u00e0 l\u2019enseignement g\u00e9n\u00e9ral (branches g\u00e9n\u00e9rales pour le CFC ou pour la maturit\u00e9 professionnelle). Une fois que vous aurez s\u00e9lectionn\u00e9 votre \u00e9cole puis votre m\u00e9tier, vous trouverez un document avec : 1. Le code [&hellip;]","og_url":"https:\/\/edurec.ge.ch\/site\/cfpt-automobile\/rentree-scolaire\/","og_site_name":"CFPT Automobile","article_modified_time":"2025-07-11T16:02:02+00:00","og_image":[{"url":"https:\/\/edurec.ge.ch\/site\/cfpt\/wp-content\/uploads\/sites\/112\/2020\/07\/logocataroproshop.jpg","type":"","width":"","height":""}],"twitter_card":"summary_large_image","twitter_misc":{"Dur\u00e9e de lecture estim\u00e9e":"2 minutes"},"schema":{"@context":"https:\/\/schema.org","@graph":[{"@type":"WebPage","@id":"https:\/\/edurec.ge.ch\/site\/cfpt-automobile\/rentree-scolaire\/","url":"https:\/\/edurec.ge.ch\/site\/cfpt-automobile\/rentree-scolaire\/","name":"Rentr\u00e9e scolaire 25\/26 - CFPT Automobile","isPartOf":{"@id":"https:\/\/edurec.ge.ch\/site\/cfpt-automobile\/#website"},"primaryImageOfPage":{"@id":"https:\/\/edurec.ge.ch\/site\/cfpt-automobile\/rentree-scolaire\/#primaryimage"},"image":{"@id":"https:\/\/edurec.ge.ch\/site\/cfpt-automobile\/rentree-scolaire\/#primaryimage"},"thumbnailUrl":"https:\/\/edurec.ge.ch\/site\/cfpt\/wp-content\/uploads\/sites\/112\/2020\/07\/logocataroproshop.jpg","datePublished":"2019-07-03T12:50:46+00:00","dateModified":"2025-07-11T16:02:02+00:00","breadcrumb":{"@id":"https:\/\/edurec.ge.ch\/site\/cfpt-automobile\/rentree-scolaire\/#breadcrumb"},"inLanguage":"fr-FR","potentialAction":[{"@type":"ReadAction","target":["https:\/\/edurec.ge.ch\/site\/cfpt-automobile\/rentree-scolaire\/"]}]},{"@type":"ImageObject","inLanguage":"fr-FR","@id":"https:\/\/edurec.ge.ch\/site\/cfpt-automobile\/rentree-scolaire\/#primaryimage","url":"https:\/\/edurec.ge.ch\/site\/cfpt\/wp-content\/uploads\/sites\/112\/2020\/07\/logocataroproshop.jpg","contentUrl":"https:\/\/edurec.ge.ch\/site\/cfpt\/wp-content\/uploads\/sites\/112\/2020\/07\/logocataroproshop.jpg"},{"@type":"BreadcrumbList","@id":"https:\/\/edurec.ge.ch\/site\/cfpt-automobile\/rentree-scolaire\/#breadcrumb","itemListElement":[{"@type":"ListItem","position":1,"name":"Accueil","item":"https:\/\/edurec.ge.ch\/site\/cfpt-automobile\/"},{"@type":"ListItem","position":2,"name":"Rentr\u00e9e scolaire 25\/26"}]},{"@type":"WebSite","@id":"https:\/\/edurec.ge.ch\/site\/cfpt-automobile\/#website","url":"https:\/\/edurec.ge.ch\/site\/cfpt-automobile\/","name":"CFPT Automobile","description":"CFPT Automobile","publisher":{"@id":"https:\/\/edurec.ge.ch\/site\/cfpt-automobile\/#organization"},"potentialAction":[{"@type":"SearchAction","target":{"@type":"EntryPoint","urlTemplate":"https:\/\/edurec.ge.ch\/site\/cfpt-automobile\/?s={search_term_string}"},"query-input":{"@type":"PropertyValueSpecification","valueRequired":true,"valueName":"search_term_string"}}],"inLanguage":"fr-FR"},{"@type":"Organization","@id":"https:\/\/edurec.ge.ch\/site\/cfpt-automobile\/#organization","name":"CFPT Automobile","url":"https:\/\/edurec.ge.ch\/site\/cfpt-automobile\/","logo":{"@type":"ImageObject","inLanguage":"fr-FR","@id":"https:\/\/edurec.ge.ch\/site\/cfpt-automobile\/#\/schema\/logo\/image\/","url":"https:\/\/edurec.ge.ch\/site\/cfpt-automobile\/wp-content\/uploads\/sites\/117\/2024\/07\/home-page2.svg","contentUrl":"https:\/\/edurec.ge.ch\/site\/cfpt-automobile\/wp-content\/uploads\/sites\/117\/2024\/07\/home-page2.svg","caption":"CFPT Automobile"},"image":{"@id":"https:\/\/edurec.ge.ch\/site\/cfpt-automobile\/#\/schema\/logo\/image\/"}}]}},"_links":{"self":[{"href":"https:\/\/edurec.ge.ch\/site\/cfpt-automobile\/wp-json\/wp\/v2\/pages\/1386","targetHints":{"allow":["GET"]}}],"collection":[{"href":"https:\/\/edurec.ge.ch\/site\/cfpt-automobile\/wp-json\/wp\/v2\/pages"}],"about":[{"href":"https:\/\/edurec.ge.ch\/site\/cfpt-automobile\/wp-json\/wp\/v2\/types\/page"}],"author":[{"embeddable":true,"href":"https:\/\/edurec.ge.ch\/site\/cfpt-automobile\/wp-json\/wp\/v2\/users\/2186"}],"replies":[{"embeddable":true,"href":"https:\/\/edurec.ge.ch\/site\/cfpt-automobile\/wp-json\/wp\/v2\/comments?post=1386"}],"version-history":[{"count":70,"href":"https:\/\/edurec.ge.ch\/site\/cfpt-automobile\/wp-json\/wp\/v2\/pages\/1386\/revisions"}],"predecessor-version":[{"id":2582,"href":"https:\/\/edurec.ge.ch\/site\/cfpt-automobile\/wp-json\/wp\/v2\/pages\/1386\/revisions\/2582"}],"wp:attachment":[{"href":"https:\/\/edurec.ge.ch\/site\/cfpt-automobile\/wp-json\/wp\/v2\/media?parent=1386"}],"curies":[{"name":"wp","href":"https:\/\/api.w.org\/{rel}","templated":true}]}}